{"id":66108,"date":"2026-02-24T17:10:38","date_gmt":"2026-02-24T16:10:38","guid":{"rendered":"https:\/\/germaninstitute.com\/de\/?post_type=product&#038;p=66108"},"modified":"2026-03-09T15:00:18","modified_gmt":"2026-03-09T14:00:18","slug":"c1-pruefungsvorbereitungskurs","status":"publish","type":"product","link":"https:\/\/germaninstitute.com\/de\/produkt\/c1-pruefungsvorbereitungskurs\/","title":{"rendered":"C1- Pr\u00fcfungsvorbereitungskurs"},"content":{"rendered":"<h4 data-start=\"490\" data-end=\"519\">\u2705 <strong data-start=\"497\" data-end=\"519\">Was dich erwartet:<\/strong><\/h4>\n<ul data-start=\"521\" data-end=\"863\">\n<li data-start=\"521\" data-end=\"597\">\n<p data-start=\"523\" data-end=\"597\"><strong data-start=\"523\" data-end=\"533\">Dauer pro Modul:<\/strong> 3 Termine \u00e0 2 UE (Module Sprechen und H\u00f6ren), 4 Termine \u00e0 2 UE (Module Schreiben und Lesen)<\/p>\n<\/li>\n<li data-start=\"521\" data-end=\"597\"><strong>Dauer f\u00fcr ein Komplettpaket: <\/strong>14 Termine \u00e0 2 UE (28 UE)<\/li>\n<li data-start=\"598\" data-end=\"667\">\n<p data-start=\"600\" data-end=\"667\"><strong data-start=\"600\" data-end=\"609\">Form:<\/strong> Live-Unterricht UND online mit erfahrenen Lehrkr\u00e4ften<\/p>\n<\/li>\n<li data-start=\"668\" data-end=\"863\">\n<p data-start=\"670\" data-end=\"682\"><strong data-start=\"670\" data-end=\"682\">Inhalte:<\/strong><\/p>\n<ul data-start=\"685\" data-end=\"863\">\n<li data-start=\"685\" data-end=\"730\">\n<p data-start=\"687\" data-end=\"730\">Gemeinsames \u00dcben typischer Pr\u00fcfungsaufgaben<\/p>\n<\/li>\n<li data-start=\"733\" data-end=\"781\">\n<p data-start=\"735\" data-end=\"781\">Strategien und Tipps f\u00fcr deinen Pr\u00fcfungserfolg<\/p>\n<\/li>\n<li data-start=\"784\" data-end=\"816\">\n<p data-start=\"786\" data-end=\"816\">Beispielpr\u00fcfungen und L\u00f6sungen<\/p>\n<\/li>\n<li data-start=\"819\" data-end=\"863\">\n<p data-start=\"821\" data-end=\"863\">Pers\u00f6nliches Feedback zu deinen Leistungen<\/p>\n<\/li>\n<\/ul>\n<\/li>\n<\/ul>\n<h4 data-start=\"870\" data-end=\"901\">\ud83d\udce6 <strong data-start=\"878\" data-end=\"901\">Module zur Auswahl:<\/strong><\/h4>\n<ul data-start=\"903\" data-end=\"1026\">\n<li data-start=\"903\" data-end=\"923\">\n<p data-start=\"905\" data-end=\"923\">Modul Sprechen<\/p>\n<\/li>\n<li data-start=\"924\" data-end=\"945\">\n<p data-start=\"926\" data-end=\"945\">Modul Schreiben<\/p>\n<\/li>\n<li data-start=\"946\" data-end=\"971\">\n<p data-start=\"948\" data-end=\"971\">Modul H\u00f6ren<\/p>\n<\/li>\n<li data-start=\"946\" data-end=\"971\">Modul Lesen<\/li>\n<li data-start=\"972\" data-end=\"1026\">\n<p data-start=\"974\" data-end=\"1026\">Komplettpaket: Sprechen, Schreiben, H\u00f6ren, Lesen<\/p>\n<\/li>\n<\/ul>\n<h4 data-start=\"1033\" data-end=\"1052\">\ud83d\udcb0 <strong data-start=\"1041\" data-end=\"1052\">Preise:<\/strong><\/h4>\n<ul data-start=\"1054\" data-end=\"1177\">\n<li data-start=\"1054\" data-end=\"1079\">\n<p data-start=\"1056\" data-end=\"1079\"><strong data-start=\"1056\" data-end=\"1072\">Einzelmodule:<\/strong> 120\u20ac pro Modul (20\u20ac Rabatt bei Buchung eines Intensiv- oder Abendkurses)<\/p>\n<\/li>\n<li data-start=\"1054\" data-end=\"1079\"><strong>alle Module:<\/strong> 480\u20ac (80\u20ac Rabatt bei Buchung eines Intensiv- oder Abendkurses)<\/li>\n<\/ul>\n<p>&nbsp;<\/p>\n<p>Unterricht <strong>dienstags<\/strong> und <strong>donnerstags<\/strong>, 17:00-18:30 Uhr.<\/p>\n<p>&nbsp;<\/p>\n","protected":false},"excerpt":{"rendered":"<p>\u2705 Was dich erwartet: Dauer pro Modul: 3 Termine \u00e0 2 UE (Module Sprechen und H\u00f6ren), 4 Termine \u00e0 2 UE (Module Schreiben und Lesen)&hellip;<\/p>\n","protected":false},"featured_media":14546,"comment_status":"open","ping_status":"closed","template":"","meta":{"_et_pb_use_builder":"","_et_pb_old_content":"","_et_gb_content_width":""},"product_brand":[],"product_cat":[345],"product_tag":[],"class_list":{"0":"post-66108","1":"product","2":"type-product","3":"status-publish","4":"has-post-thumbnail","6":"product_cat-pruefungsvorbereitung","8":"first","9":"instock","10":"purchasable","11":"product-type-variable"},"jetpack_sharing_enabled":true,"_links":{"self":[{"href":"https:\/\/germaninstitute.com\/de\/wp-json\/wp\/v2\/product\/66108","targetHints":{"allow":["GET"]}}],"collection":[{"href":"https:\/\/germaninstitute.com\/de\/wp-json\/wp\/v2\/product"}],"about":[{"href":"https:\/\/germaninstitute.com\/de\/wp-json\/wp\/v2\/types\/product"}],"replies":[{"embeddable":true,"href":"https:\/\/germaninstitute.com\/de\/wp-json\/wp\/v2\/comments?post=66108"}],"wp:featuredmedia":[{"embeddable":true,"href":"https:\/\/germaninstitute.com\/de\/wp-json\/wp\/v2\/media\/14546"}],"wp:attachment":[{"href":"https:\/\/germaninstitute.com\/de\/wp-json\/wp\/v2\/media?parent=66108"}],"wp:term":[{"taxonomy":"product_brand","embeddable":true,"href":"https:\/\/germaninstitute.com\/de\/wp-json\/wp\/v2\/product_brand?post=66108"},{"taxonomy":"product_cat","embeddable":true,"href":"https:\/\/germaninstitute.com\/de\/wp-json\/wp\/v2\/product_cat?post=66108"},{"taxonomy":"product_tag","embeddable":true,"href":"https:\/\/germaninstitute.com\/de\/wp-json\/wp\/v2\/product_tag?post=66108"}],"curies":[{"name":"wp","href":"https:\/\/api.w.org\/{rel}","templated":true}]}}