{"id":52399,"date":"2025-11-07T11:21:59","date_gmt":"2025-11-07T10:21:59","guid":{"rendered":"https:\/\/germaninstitute.com\/de\/?post_type=product&#038;p=52399"},"modified":"2025-11-10T09:01:44","modified_gmt":"2025-11-10T08:01:44","slug":"zeugnisanerkennung","status":"publish","type":"product","link":"https:\/\/germaninstitute.com\/de\/produkt\/zeugnisanerkennung\/","title":{"rendered":"Zeugnisanerkennung \u2013 Offizielle Anerkennung deiner Qualifikationen"},"content":{"rendered":"<p>[et_pb_section fb_built=&#8220;1&#8243; _builder_version=&#8220;4.16&#8243; custom_padding=&#8220;0px||||false|false&#8220; global_colors_info=&#8220;{}&#8220;][et_pb_row _builder_version=&#8220;4.16&#8243; background_size=&#8220;initial&#8220; background_position=&#8220;top_left&#8220; background_repeat=&#8220;repeat&#8220; width=&#8220;100%&#8220; custom_padding=&#8220;0px||0px||false|false&#8220; global_colors_info=&#8220;{}&#8220;][et_pb_column type=&#8220;4_4&#8243; _builder_version=&#8220;4.16&#8243; custom_padding=&#8220;|||&#8220; global_colors_info=&#8220;{}&#8220; custom_padding__hover=&#8220;|||&#8220;][et_pb_wc_breadcrumb _builder_version=&#8220;4.16&#8243; global_colors_info=&#8220;{}&#8220;][\/et_pb_wc_breadcrumb][et_pb_wc_cart_notice _builder_version=&#8220;4.16&#8243; global_colors_info=&#8220;{}&#8220;][\/et_pb_wc_cart_notice][\/et_pb_column][\/et_pb_row][et_pb_row _builder_version=&#8220;4.16&#8243; background_size=&#8220;initial&#8220; background_position=&#8220;top_left&#8220; background_repeat=&#8220;repeat&#8220; width=&#8220;100%&#8220; custom_padding=&#8220;0px||||false|false&#8220; global_colors_info=&#8220;{}&#8220;][et_pb_column type=&#8220;4_4&#8243; _builder_version=&#8220;4.16&#8243; custom_padding=&#8220;|||&#8220; global_colors_info=&#8220;{}&#8220; custom_padding__hover=&#8220;|||&#8220;][et_pb_wc_title _builder_version=&#8220;4.16&#8243; global_colors_info=&#8220;{}&#8220;][\/et_pb_wc_title][et_pb_image src=&#8220;https:\/\/germaninstitute.com\/de\/wp-content\/uploads\/2025\/10\/images-1.png&#8220; _builder_version=&#8220;4.27.4&#8243; _module_preset=&#8220;default&#8220; global_colors_info=&#8220;{}&#8220;][\/et_pb_image][et_pb_wc_rating _builder_version=&#8220;4.16&#8243; global_colors_info=&#8220;{}&#8220;][\/et_pb_wc_rating][et_pb_wc_price _builder_version=&#8220;4.16&#8243; global_colors_info=&#8220;{}&#8220;][\/et_pb_wc_price][et_pb_wc_description _builder_version=&#8220;4.16&#8243; global_colors_info=&#8220;{}&#8220;][\/et_pb_wc_description][et_pb_wc_add_to_cart _builder_version=&#8220;4.16&#8243; global_colors_info=&#8220;{}&#8220;][\/et_pb_wc_add_to_cart][et_pb_wc_meta _builder_version=&#8220;4.16&#8243; global_colors_info=&#8220;{}&#8220;][\/et_pb_wc_meta][\/et_pb_column][\/et_pb_row][et_pb_row _builder_version=&#8220;4.16&#8243; background_size=&#8220;initial&#8220; background_position=&#8220;top_left&#8220; background_repeat=&#8220;repeat&#8220; width=&#8220;100%&#8220; global_colors_info=&#8220;{}&#8220;][et_pb_column type=&#8220;4_4&#8243; _builder_version=&#8220;4.16&#8243; custom_padding=&#8220;|||&#8220; global_colors_info=&#8220;{}&#8220; custom_padding__hover=&#8220;|||&#8220;][et_pb_wc_tabs _builder_version=&#8220;4.16&#8243; global_colors_info=&#8220;{}&#8220;] [\/et_pb_wc_tabs][et_pb_wc_upsells columns_number=&#8220;3&#8243; _builder_version=&#8220;4.16&#8243; global_colors_info=&#8220;{}&#8220;][\/et_pb_wc_upsells][et_pb_wc_related_products columns_number=&#8220;3&#8243; _builder_version=&#8220;4.16&#8243; global_colors_info=&#8220;{}&#8220;][\/et_pb_wc_related_products][\/et_pb_column][\/et_pb_row][\/et_pb_section][et_pb_section fb_built=&#8220;1&#8243; _builder_version=&#8220;4.27.4&#8243; _module_preset=&#8220;default&#8220; global_colors_info=&#8220;{}&#8220;][et_pb_row _builder_version=&#8220;4.27.4&#8243; _module_preset=&#8220;default&#8220; global_colors_info=&#8220;{}&#8220;][et_pb_column type=&#8220;4_4&#8243; _builder_version=&#8220;4.27.4&#8243; _module_preset=&#8220;default&#8220; global_colors_info=&#8220;{}&#8220;][\/et_pb_column][\/et_pb_row][\/et_pb_section]<\/p>\n","protected":false},"excerpt":{"rendered":"<p>Du hast deinen Schul- oder Studienabschluss im Ausland erworben und m\u00f6chtest dein Diplom in Deutschland nutzen? Dann ist die offizielle Anerkennung deiner ausl\u00e4ndischen Zeugnisse ein wichtiger Schritt, zum Beispiel f\u00fcr deinen Visumantrag, deine Universit\u00e4tsbewerbung oder deine Jobbewerbung.<br \/>\nDu wei\u00dft aber nicht, wo du anfangen sollst? Wir machen den b\u00fcrokratischen Teil f\u00fcr dich einfacher!<\/p>\n<p data-start=\"341\" data-end=\"638\">Wir helfen dir, deine Unterlagen korrekt vorzubereiten und begleiten dich durch den offiziellen Anerkennungsprozess bei der <strong data-start=\"520\" data-end=\"594\">ZAB<\/strong> \u2013 der Zentralstelle f\u00fcr ausl\u00e4ndisches Bildungswesen in Deutschland \u2013 schnell, unkompliziert und zuverl\u00e4ssig.<\/p>\n<p data-start=\"700\" data-end=\"742\"><strong data-start=\"700\" data-end=\"740\">Jetzt kaufen f\u00fcr 310 \u20ac (statt 350 \u20ac)<\/strong><\/p>\n","protected":false},"featured_media":52408,"comment_status":"open","ping_status":"closed","template":"","meta":{"_et_pb_use_builder":"on","_et_pb_old_content":"<p data-pm-slice=\"1 1 []\">Did you complete your school or university degree abroad and want to use your diploma in Germany? Then the official recognition of your foreign certificates is an important step \u2014 for example, for your visa application, university admission, or job application.<\/p>\r\nBut you don\u2019t know where to start? We make the bureaucratic process easier for you!\r\n\r\nWe help you prepare your documents correctly and support you through the official recognition process (Anerkennung) with the <strong>ZAB<\/strong> \u2014 the Central Office for Foreign Education in Germany.\r\n\r\n<strong>Buy now for \u20ac310 (instead of \u20ac350)<\/strong>","_et_gb_content_width":""},"product_brand":[],"product_cat":[346],"product_tag":[],"class_list":{"0":"post-52399","1":"product","2":"type-product","3":"status-publish","4":"has-post-thumbnail","6":"product_cat-angebote","8":"first","9":"instock","10":"sale","11":"virtual","12":"purchasable","13":"product-type-simple"},"jetpack_sharing_enabled":true,"_links":{"self":[{"href":"https:\/\/germaninstitute.com\/de\/wp-json\/wp\/v2\/product\/52399","targetHints":{"allow":["GET"]}}],"collection":[{"href":"https:\/\/germaninstitute.com\/de\/wp-json\/wp\/v2\/product"}],"about":[{"href":"https:\/\/germaninstitute.com\/de\/wp-json\/wp\/v2\/types\/product"}],"replies":[{"embeddable":true,"href":"https:\/\/germaninstitute.com\/de\/wp-json\/wp\/v2\/comments?post=52399"}],"wp:featuredmedia":[{"embeddable":true,"href":"https:\/\/germaninstitute.com\/de\/wp-json\/wp\/v2\/media\/52408"}],"wp:attachment":[{"href":"https:\/\/germaninstitute.com\/de\/wp-json\/wp\/v2\/media?parent=52399"}],"wp:term":[{"taxonomy":"product_brand","embeddable":true,"href":"https:\/\/germaninstitute.com\/de\/wp-json\/wp\/v2\/product_brand?post=52399"},{"taxonomy":"product_cat","embeddable":true,"href":"https:\/\/germaninstitute.com\/de\/wp-json\/wp\/v2\/product_cat?post=52399"},{"taxonomy":"product_tag","embeddable":true,"href":"https:\/\/germaninstitute.com\/de\/wp-json\/wp\/v2\/product_tag?post=52399"}],"curies":[{"name":"wp","href":"https:\/\/api.w.org\/{rel}","templated":true}]}}