{"id":90,"date":"2025-02-04T22:48:30","date_gmt":"2025-02-04T21:48:30","guid":{"rendered":"https:\/\/germaninstitute.com\/de\/impressum\/"},"modified":"2025-07-01T12:30:37","modified_gmt":"2025-07-01T10:30:37","slug":"impressum","status":"publish","type":"page","link":"https:\/\/germaninstitute.com\/de\/impressum\/","title":{"rendered":"Impressum"},"content":{"rendered":"<p>[et_pb_section fb_built=&#8220;1&#8243; admin_label=&#8220;section&#8220; _builder_version=&#8220;4.16&#8243; global_colors_info=&#8220;{}&#8220;][et_pb_row admin_label=&#8220;row&#8220; _builder_version=&#8220;4.16&#8243; background_size=&#8220;initial&#8220; background_position=&#8220;top_left&#8220; background_repeat=&#8220;repeat&#8220; global_colors_info=&#8220;{}&#8220;][et_pb_column type=&#8220;4_4&#8243; _builder_version=&#8220;4.16&#8243; custom_padding=&#8220;|||&#8220; global_colors_info=&#8220;{}&#8220; custom_padding__hover=&#8220;|||&#8220;][et_pb_text admin_label=&#8220;Text&#8220; _builder_version=&#8220;4.27.4&#8243; background_size=&#8220;initial&#8220; background_position=&#8220;top_left&#8220; background_repeat=&#8220;repeat&#8220; hover_enabled=&#8220;0&#8243; global_colors_info=&#8220;{}&#8220; sticky_enabled=&#8220;0&#8243;]<\/p>\n<div class=\"thrv_wrapper thrv_text_element tve_empty_dropzone\"><strong>Impressum<\/strong><\/div>\n<div>\n<p>German Institute &#8211; Margaritis e.K.<\/p>\n<\/div>\n<div class=\"thrv_wrapper thrv_text_element tve_empty_dropzone\">\n<p>Inhaber: Angelos Margaritis<\/p>\n<p><strong>Handelsregister:<\/strong> Amtsgericht Stuttgart HRA 741690<\/p>\n<\/div>\n<div class=\"thrv_wrapper thrv_text_element tve_empty_dropzone\"><strong>Anschrift:<\/strong> T\u00fcbinger Stra\u00dfe 27, 70178 Stuttgart<\/div>\n<div><\/div>\n<div class=\"thrv_wrapper thrv_text_element tve_empty_dropzone\"><strong>Telefonnummer:<\/strong> +49 711 219 509 20<\/div>\n<div class=\"thrv_wrapper thrv_text_element tve_empty_dropzone\"><strong>E-Mailadresse: <\/strong>info@germaninstitute.de<\/div>\n<div class=\"thrv_wrapper thrv_text_element tve_empty_dropzone\"><strong>Steuernummer: <\/strong>95321\/16353<\/div>\n<div class=\"thrv_wrapper thrv_text_element tve_empty_dropzone\">Die Leistungen sind gem\u00e4\u00df \u00a74 Nr.21 a) bb) UStG von der Umsatzsteuer befreit.<\/div>\n<div><\/div>\n<div class=\"thrv_wrapper thrv_text_element tve_empty_dropzone\"><strong>Inhaltlich verantwortlich:<\/strong> Ifigenia Theodoridou, Adresse wie oben. Informationen zur Online-Streitbeilegung: Die EU-Kommission hat eine Internetplattform zur Online-Beilegung von Streitigkeiten (sog. \u201eOS-Plattform\u201c) geschaffen. Die OS-Plattform dient als Anlaufstelle zur au\u00dfergerichtlichen Beilegung von Streitigkeiten betreffend vertragliche Verpflichtungen, die aus Online-Kaufvertr\u00e4gen erwachsen. Die OS-Plattform ist unter dem folgenden Link zu erreichen: <a href=\"http:\/\/ec.europa.eu\/consumers\/odr\" target=\"_blank\" rel=\"noopener\">http:\/\/ec.europa.eu\/consumers\/odr<\/a>.<\/div>\n<p>[\/et_pb_text][\/et_pb_column][\/et_pb_row][\/et_pb_section]<\/p>\n","protected":false},"excerpt":{"rendered":"<p>Impressum German&#8230;<\/p>\n","protected":false},"author":1,"featured_media":0,"parent":0,"menu_order":0,"comment_status":"closed","ping_status":"closed","template":"","meta":{"_et_pb_use_builder":"on","_et_pb_old_content":"<strong>Haftungshinweis: Das nachstehende Muster ist von einem Rechtsanwalt (<a href=\"https:\/\/drschwenke.de\" rel=\"nofollow\">https:\/\/drschwenke.de<\/a>) entsprechend den typischen Anforderungen eines Onlineshops erstellt worden.\u00a0Jedoch sollten Sie das Muster nur\u00a0nach sorgf\u00e4ltiger Pr\u00fcfung und Anpassung auf Ihr konkretes Gesch\u00e4ftsmodell verwenden. Das nachfolgende Muster enth\u00e4lt daher zus\u00e4tzliche Hinweise, die Sie beachten m\u00fcssen und rote Passagen, die Sie besonders pr\u00fcfen und ggf. anpassen m\u00fcssen. Bitte entfernen Sie die Hinweise nach der Bearbeitung. Lassen Sie sich im Zweifel rechtlich beraten. Urheberrecht: Sie d\u00fcrfen das Muster solange innerhalb der Domain\/Website nutzen, solange f\u00fcr diese auch Ihre Marketpress-Lizenz gilt. Weitergabe an Dritte, auch an Kunden (z.B. als Entwickler) ist nicht erlaubt.<\/strong>\n\nDemoShop e.K.,\nInhaber: Max Muster Demostra\u00dfe 1\n12345 Demostadt\n\nGesch\u00e4ftsf\u00fchrung: Max Muster\n[Einzelunternehmer d\u00fcrfen sich nur als Inhaber, nicht als Gesch\u00e4ftsf\u00fchrer bezeichnen. Bei Gesellschaften, z.B. GbR\/OHG\/UG\/GmbH m\u00fcssen die Gesch\u00e4ftsf\u00fchrer, bzw. gesch\u00e4ftsf\u00fchrenden Gesellschafter genannt werden, z.B. bei einer GmbH \"Gesch\u00e4ftsf\u00fchrer: Max Mustermann\" oder bei einer GbR \"Gesellschafter: Max Mustermann, Peter M\u00fcller\"]\n\nTelefonnummer: 0123456789\nFaxnummer:\u00a00123456789 [Hinweis: Die Faxnummer ist optional]\nE-Mailadresse:\u00a0name @ marketpress.com\n\nAndere Kommunikationsmittel: [Hinweis: Bieten Sie neben der Telefonnummer auch Online-Kommunikationsmittel an, die es den Kunden erm\u00f6glichen, ihre Korrespondenz auf einem dauerhaften Datentr\u00e4ger mit Datum und Uhrzeit zu speichern (z.B. Messenger), so sollten diese Kommunikationsmittel nun im Impressum angegeben werden (z.B. durch Angabe des Namens des Messengers und der dort verwendeten Telefonnummer).]\n\nRegistergericht &amp; Registernummer: Amtsgericht Demostadt: HR 12345\n[Diese Angabe ist notwendig, falls Sie im Handels\/Gesellschaftsregister o.\u00e4. registriert sind]\n\nUmsatzsteuer-Identifikationsnummer: DE 189 278 309\n[Diese Angabe ist notwendig, falls Ihnen eine UStId-Nr zugeteilt worden ist.]\n\nInhaltlich verantwortlich: Max Muster, Adresse wie oben.\n[Diese Angabe ist notwendig, falls Sie einen Blog zum Shop f\u00fchren.]\n\nPlattform der Europ\u00e4ischen Kommission zur Online-Streitbeilegung (OS) f\u00fcr Verbraucher: https:\/\/ec.europa.eu\/consumers\/odr\/. Wir sind nicht bereit und nicht verpflichtet an einem Streitbeilegungsverfahren vor einer Verbraucherschlichtungsstelle teilzunehmen.\n\n[Hinweis: Angaben zum Haftungsausschluss, wie der Linkhaftung, sind nicht notwendig]","_et_gb_content_width":"","footnotes":""},"class_list":["post-90","page","type-page","status-publish","hentry"],"jetpack_sharing_enabled":true,"_links":{"self":[{"href":"https:\/\/germaninstitute.com\/de\/wp-json\/wp\/v2\/pages\/90","targetHints":{"allow":["GET"]}}],"collection":[{"href":"https:\/\/germaninstitute.com\/de\/wp-json\/wp\/v2\/pages"}],"about":[{"href":"https:\/\/germaninstitute.com\/de\/wp-json\/wp\/v2\/types\/page"}],"author":[{"embeddable":true,"href":"https:\/\/germaninstitute.com\/de\/wp-json\/wp\/v2\/users\/1"}],"replies":[{"embeddable":true,"href":"https:\/\/germaninstitute.com\/de\/wp-json\/wp\/v2\/comments?post=90"}],"version-history":[{"count":4,"href":"https:\/\/germaninstitute.com\/de\/wp-json\/wp\/v2\/pages\/90\/revisions"}],"predecessor-version":[{"id":14441,"href":"https:\/\/germaninstitute.com\/de\/wp-json\/wp\/v2\/pages\/90\/revisions\/14441"}],"wp:attachment":[{"href":"https:\/\/germaninstitute.com\/de\/wp-json\/wp\/v2\/media?parent=90"}],"curies":[{"name":"wp","href":"https:\/\/api.w.org\/{rel}","templated":true}]}}