{"id":62887,"date":"2025-12-16T09:13:25","date_gmt":"2025-12-16T08:13:25","guid":{"rendered":"https:\/\/germaninstitute.com\/de\/?page_id=62887"},"modified":"2026-01-23T09:18:08","modified_gmt":"2026-01-23T08:18:08","slug":"pruefungskriterien","status":"publish","type":"page","link":"https:\/\/germaninstitute.com\/de\/pruefungskriterien\/","title":{"rendered":"Pr\u00fcfungskriterien"},"content":{"rendered":"<p>[et_pb_section fb_built=&#8220;1&#8243; admin_label=&#8220;Hero&#8220; _builder_version=&#8220;4.27.4&#8243; _module_preset=&#8220;8363d3a1-7f13-4aae-8984-26124f93e21c&#8220; background_color=&#8220;#012243&#8243; height=&#8220;793px&#8220; bottom_divider_style=&#8220;waves2&#8243; bottom_divider_color=&#8220;#FFFFFF&#8220; box_shadow_style=&#8220;preset7&#8243; box_shadow_horizontal=&#8220;0px&#8220; box_shadow_vertical=&#8220;-10vw&#8220; box_shadow_color=&#8220;#FFFFFF&#8220; locked=&#8220;off&#8220; collapsed=&#8220;on&#8220; global_colors_info=&#8220;{%22gcid-36fd78a7-34bc-404d-873c-dafa34efaae5%22:%91%22colorEnd%22%93}&#8220;][et_pb_row _builder_version=&#8220;4.23.1&#8243; _module_preset=&#8220;5138c454-be54-4233-bd3b-f8e6a8747976&#8243; max_width=&#8220;800px&#8220; global_colors_info=&#8220;{}&#8220;][et_pb_column type=&#8220;4_4&#8243; _builder_version=&#8220;4.16&#8243; _module_preset=&#8220;73121f80-a3ef-4484-8763-c3f18e3c56d2&#8243; global_colors_info=&#8220;{}&#8220;][et_pb_heading title=&#8220;Pr\u00fcfung am German Institute Informationen&#8220; _builder_version=&#8220;4.27.4&#8243; _module_preset=&#8220;ddeb8c09-9078-4424-bc15-2efb6572e28e&#8220; title_font=&#8220;&#8211;et_global_heading_font|Cormorant Garamond_weight|||||||&#8220; title_text_align=&#8220;center&#8220; title_text_color=&#8220;#FFFFFF&#8220; title_font_size=&#8220;54px&#8220; title_line_height=&#8220;1.15em&#8220; title_font_size_tablet=&#8220;40px&#8220; title_font_size_phone=&#8220;24px&#8220; title_font_size_last_edited=&#8220;on|phone&#8220; locked=&#8220;off&#8220; global_colors_info=&#8220;{}&#8220;][\/et_pb_heading][et_pb_text quote_border_color=&#8220;#FFFFFF&#8220; _builder_version=&#8220;4.27.4&#8243; _module_preset=&#8220;0504de1e-f5ff-4281-ba60-cbbe4edf98bc&#8220; text_font=&#8220;&#8211;et_global_body_font|Proza Libre_weight|||||||&#8220; text_text_color=&#8220;#FFFFFF&#8220; text_font_size=&#8220;16px&#8220; text_line_height=&#8220;1.75em&#8220; link_font=&#8220;||||on||||&#8220; link_text_color=&#8220;#FFFFFF&#8220; quote_font=&#8220;Cormorant Garamond|Cormorant Garamond_weight|||||||&#8220; quote_text_color=&#8220;#FFFFFF&#8220; header_font=&#8220;Cormorant Garamond|Cormorant Garamond_weight|||||||&#8220; header_text_color=&#8220;#FFFFFF&#8220; header_font_size=&#8220;72px&#8220; header_line_height=&#8220;1.15em&#8220; header_2_font=&#8220;Cormorant Garamond|Cormorant Garamond_weight|||||||&#8220; header_2_text_color=&#8220;#FFFFFF&#8220; header_2_font_size=&#8220;50px&#8220; header_2_line_height=&#8220;1.2em&#8220; header_3_font=&#8220;Cormorant Garamond|Cormorant Garamond_weight|||||||&#8220; header_3_text_color=&#8220;#FFFFFF&#8220; header_3_font_size=&#8220;32px&#8220; header_3_line_height=&#8220;1.3em&#8220; header_4_font=&#8220;Cormorant Garamond|Cormorant Garamond_weight|||||||&#8220; header_4_text_color=&#8220;#FFFFFF&#8220; header_4_font_size=&#8220;24px&#8220; header_4_line_height=&#8220;1.4em&#8220; header_5_font=&#8220;Cormorant Garamond|Cormorant Garamond_weight|||||||&#8220; header_5_text_color=&#8220;#FFFFFF&#8220; header_5_font_size=&#8220;18px&#8220; header_5_line_height=&#8220;1.4em&#8220; header_6_font=&#8220;Cormorant Garamond|Cormorant Garamond_weight|||||||&#8220; header_6_text_color=&#8220;#FFFFFF&#8220; header_6_line_height=&#8220;1.5em&#8220; text_orientation=&#8220;center&#8220; custom_margin=&#8220;||||false|false&#8220; text_font_size_tablet=&#8220;15px&#8220; text_font_size_phone=&#8220;14px&#8220; text_font_size_last_edited=&#8220;on|phone&#8220; header_font_size_tablet=&#8220;40px&#8220; header_font_size_phone=&#8220;24px&#8220; header_font_size_last_edited=&#8220;on|desktop&#8220; header_2_font_size_tablet=&#8220;28px&#8220; header_2_font_size_phone=&#8220;20px&#8220; header_2_font_size_last_edited=&#8220;on|phone&#8220; header_3_font_size_tablet=&#8220;22px&#8220; header_3_font_size_phone=&#8220;17px&#8220; header_3_font_size_last_edited=&#8220;on|phone&#8220; header_4_font_size_tablet=&#8220;18px&#8220; header_4_font_size_phone=&#8220;15px&#8220; header_4_font_size_last_edited=&#8220;on|tablet&#8220; header_5_font_size_tablet=&#8220;15px&#8220; header_5_font_size_phone=&#8220;14px&#8220; header_5_font_size_last_edited=&#8220;on|desktop&#8220; header_6_font_size_tablet=&#8220;13px&#8220; header_6_font_size_phone=&#8220;13px&#8220; header_6_font_size_last_edited=&#8220;on|desktop&#8220; locked=&#8220;off&#8220; global_colors_info=&#8220;{}&#8220;]<\/p>\n<p>Auf dieser Seite findest Du alle wichtigen Informationen zu den Ergebnissen unserer Pr\u00fcfungen.<br data-start=\"272\" data-end=\"275\" \/>Die Bewertung erfolgt transparent, nachvollziehbar und nach einheitlichen Kriterien.<\/p>\n<p>[\/et_pb_text][\/et_pb_column][\/et_pb_row][et_pb_row column_structure=&#8220;1_2,1_2&#8243; _builder_version=&#8220;4.27.4&#8243; _module_preset=&#8220;default&#8220; global_colors_info=&#8220;{}&#8220;][et_pb_column type=&#8220;1_2&#8243; _builder_version=&#8220;4.27.4&#8243; _module_preset=&#8220;default&#8220; global_colors_info=&#8220;{}&#8220;][et_pb_toggle title=&#8220;INTENSIVKURS Pr\u00fcfung (Bestehenskriterien)&#8220; _builder_version=&#8220;4.27.5&#8243; _module_preset=&#8220;default&#8220; title_font=&#8220;&#8211;et_global_heading_font||||||||&#8220; closed_title_font=&#8220;&#8211;et_global_heading_font||||||||&#8220; body_font=&#8220;&#8211;et_global_body_font||||||||&#8220; hover_enabled=&#8220;0&#8243; global_colors_info=&#8220;{}&#8220; sticky_enabled=&#8220;0&#8243;]<\/p>\n<p>Bestehenskriterien Pr\u00fcfung:\u00a0<\/p>\n<ul>\n<li data-start=\"346\" data-end=\"405\">\n<p data-start=\"348\" data-end=\"405\">Lesen: <strong data-start=\"386\" data-end=\"405\">mindestens\u00a0 60 %<\/strong><\/p>\n<\/li>\n<li>H\u00f6ren: <strong data-start=\"386\" data-end=\"405\">mindestens\u00a0 60 %<br \/><\/strong><strong data-start=\"386\" data-end=\"405\"><\/strong><\/li>\n<li>Schreiben (Textproduktion, Wortschatz, Grammatik)<strong data-start=\"386\" data-end=\"405\">: mindestens 60 %<\/strong><\/li>\n<\/ul>\n<p>Bestehenskriterien Kurs:\u00a0<\/p>\n<ul>\n<li data-start=\"346\" data-end=\"405\">\n<p data-start=\"348\" data-end=\"405\"><strong data-start=\"386\" data-end=\"405\"><\/strong>M\u00fcndlicher Ausdruck: <strong data-start=\"429\" data-end=\"448\">mindestens 60 %<\/strong><\/p>\n<\/li>\n<li data-start=\"346\" data-end=\"405\">\n<p data-start=\"348\" data-end=\"405\"><strong data-start=\"462\" data-end=\"481\"><\/strong>Anwesenheit: <strong data-start=\"497\" data-end=\"516\">mindestens 80 % (maximal 4 Fehltage)<\/strong><\/p>\n<\/li>\n<\/ul>\n<p>[\/et_pb_toggle][et_pb_toggle title=&#8220;Wann bekomme ich meine Ergebnisse?&#8220; _builder_version=&#8220;4.27.5&#8243; _module_preset=&#8220;default&#8220; title_font=&#8220;&#8211;et_global_heading_font||||||||&#8220; closed_title_font=&#8220;&#8211;et_global_heading_font||||||||&#8220; body_font=&#8220;&#8211;et_global_body_font||||||||&#8220; hover_enabled=&#8220;0&#8243; global_colors_info=&#8220;{}&#8220; sticky_enabled=&#8220;0&#8243;]<\/p>\n<p>Du erh\u00e4ltst Deine Ergebnisse etwa zwei Wochen nach der Pr\u00fcfung per E-Mail. Bitte \u00fcberpr\u00fcfe auch deinen Spam-Ordner.<\/p>\n<p>[\/et_pb_toggle][et_pb_toggle title=&#8220;Gibt es eine P\u00fcfungseinsicht?&#8220; _builder_version=&#8220;4.27.5&#8243; _module_preset=&#8220;default&#8220; title_font=&#8220;&#8211;et_global_heading_font||||||||&#8220; closed_title_font=&#8220;&#8211;et_global_heading_font||||||||&#8220; body_font=&#8220;&#8211;et_global_body_font||||||||&#8220; hover_enabled=&#8220;0&#8243; global_colors_info=&#8220;{}&#8220; sticky_enabled=&#8220;0&#8243;]<\/p>\n<p>Die Ergebnisse Deiner Pr\u00fcfung erh\u00e4ltst Du per E-Mail.<br data-start=\"165\" data-end=\"168\" \/>Eine pers\u00f6nliche Pr\u00fcfungseinsicht ist <strong>nicht<\/strong> m\u00f6glich.<br data-start=\"227\" data-end=\"230\" \/>Die Bewertung erfolgt nach festen und einheitlichen Kriterien.<\/p>\n<p>[\/et_pb_toggle][\/et_pb_column][et_pb_column type=&#8220;1_2&#8243; _builder_version=&#8220;4.27.4&#8243; _module_preset=&#8220;default&#8220; global_colors_info=&#8220;{}&#8220;][et_pb_toggle title=&#8220;ABENDKURS Pr\u00fcfung (Bestehenskriterien)&#8220; _builder_version=&#8220;4.27.5&#8243; _module_preset=&#8220;default&#8220; title_font=&#8220;&#8211;et_global_heading_font||||||||&#8220; closed_title_font=&#8220;&#8211;et_global_heading_font||||||||&#8220; body_font=&#8220;&#8211;et_global_body_font||||||||&#8220; hover_enabled=&#8220;0&#8243; global_colors_info=&#8220;{}&#8220; sticky_enabled=&#8220;0&#8243;]<\/p>\n<p>Bestehenskriterien<\/p>\n<ul>\n<li data-start=\"346\" data-end=\"405\">\n<p data-start=\"348\" data-end=\"405\">Lesen: <strong data-start=\"386\" data-end=\"405\">mindestens\u00a0 60 %<\/strong><\/p>\n<\/li>\n<li data-start=\"346\" data-end=\"405\">H\u00f6ren: <strong data-start=\"386\" data-end=\"405\">mindestens\u00a0 60 %<\/strong><strong data-start=\"386\" data-end=\"405\"><\/strong><\/li>\n<li data-start=\"346\" data-end=\"405\">\n<p data-start=\"348\" data-end=\"405\"><strong data-start=\"386\" data-end=\"405\"><\/strong>M\u00fcndlicher Ausdruck: <strong data-start=\"429\" data-end=\"448\">mindestens 60 %<\/strong><\/p>\n<\/li>\n<li data-start=\"346\" data-end=\"405\">\n<p data-start=\"348\" data-end=\"405\"><strong data-start=\"429\" data-end=\"448\"><\/strong>Schreiben: <strong data-start=\"462\" data-end=\"481\">mindestens 60 %<\/strong><\/p>\n<\/li>\n<li data-start=\"346\" data-end=\"405\">\n<p data-start=\"348\" data-end=\"405\"><strong data-start=\"462\" data-end=\"481\"><\/strong>Anwesenheit: <strong data-start=\"497\" data-end=\"516\">mindestens 80 % (maximal 4 Fehltage)<\/strong><\/p>\n<\/li>\n<\/ul>\n<p>[\/et_pb_toggle][et_pb_toggle title=&#8220;Wann bekomme ich mein Zertifikat?&#8220; _builder_version=&#8220;4.27.5&#8243; _module_preset=&#8220;default&#8220; title_font=&#8220;&#8211;et_global_heading_font||||||||&#8220; closed_title_font=&#8220;&#8211;et_global_heading_font||||||||&#8220; body_font=&#8220;&#8211;et_global_body_font||||||||&#8220; hover_enabled=&#8220;0&#8243; global_colors_info=&#8220;{}&#8220; sticky_enabled=&#8220;0&#8243;]<\/p>\n<p>Vier Wochen nach der Pr\u00fcfung kannst Du Dein Zertifikat pers\u00f6nlich an der Rezeption abholen.<\/p>\n<p>[\/et_pb_toggle][et_pb_toggle title=&#8220;Kann ich meine Pr\u00fcfung wiederholen?&#8220; _builder_version=&#8220;4.27.5&#8243; _module_preset=&#8220;default&#8220; title_font=&#8220;&#8211;et_global_heading_font||||||||&#8220; closed_title_font=&#8220;&#8211;et_global_heading_font||||||||&#8220; body_font=&#8220;&#8211;et_global_body_font||||||||&#8220; hover_enabled=&#8220;0&#8243; global_colors_info=&#8220;{}&#8220; sticky_enabled=&#8220;0&#8243;]<\/p>\n<p data-start=\"92\" data-end=\"251\">Ja, Du kannst die Pr\u00fcfung wiederholen.<br data-start=\"131\" data-end=\"134\" \/>Die Wiederholungspr\u00fcfung kostet <strong data-start=\"166\" data-end=\"178\">200 Euro<\/strong>.<br data-start=\"179\" data-end=\"182\" \/>Du musst nur den Teil wiederholen, den Du nicht bestanden hast.<\/p>\n<p data-start=\"253\" data-end=\"360\"><strong data-start=\"253\" data-end=\"266\">Beispiel:<\/strong><br data-start=\"266\" data-end=\"269\" \/>Wenn Du den Teil <em data-start=\"287\" data-end=\"294\">Lesen<\/em> nicht bestanden hast, wiederholst Du nur die <strong data-start=\"342\" data-end=\"359\">Lesen-Pr\u00fcfung<\/strong>.<\/p>\n<p data-start=\"253\" data-end=\"360\">Die Anmeldung f\u00fcr eine Wiederholungspr\u00fcfung findet an der Rezeption statt.<\/p>\n<p data-start=\"253\" data-end=\"360\">\n[\/et_pb_toggle][\/et_pb_column][\/et_pb_row][\/et_pb_section]<\/p>\n","protected":false},"excerpt":{"rendered":"<p>Pr\u00fcfung am German&#8230;<\/p>\n","protected":false},"author":3,"featured_media":0,"parent":0,"menu_order":0,"comment_status":"closed","ping_status":"closed","template":"","meta":{"_et_pb_use_builder":"on","_et_pb_old_content":"","_et_gb_content_width":"","footnotes":""},"class_list":["post-62887","page","type-page","status-publish","hentry"],"jetpack_sharing_enabled":true,"_links":{"self":[{"href":"https:\/\/germaninstitute.com\/de\/wp-json\/wp\/v2\/pages\/62887","targetHints":{"allow":["GET"]}}],"collection":[{"href":"https:\/\/germaninstitute.com\/de\/wp-json\/wp\/v2\/pages"}],"about":[{"href":"https:\/\/germaninstitute.com\/de\/wp-json\/wp\/v2\/types\/page"}],"author":[{"embeddable":true,"href":"https:\/\/germaninstitute.com\/de\/wp-json\/wp\/v2\/users\/3"}],"replies":[{"embeddable":true,"href":"https:\/\/germaninstitute.com\/de\/wp-json\/wp\/v2\/comments?post=62887"}],"version-history":[{"count":7,"href":"https:\/\/germaninstitute.com\/de\/wp-json\/wp\/v2\/pages\/62887\/revisions"}],"predecessor-version":[{"id":65607,"href":"https:\/\/germaninstitute.com\/de\/wp-json\/wp\/v2\/pages\/62887\/revisions\/65607"}],"wp:attachment":[{"href":"https:\/\/germaninstitute.com\/de\/wp-json\/wp\/v2\/media?parent=62887"}],"curies":[{"name":"wp","href":"https:\/\/api.w.org\/{rel}","templated":true}]}}