{"id":49503,"date":"2025-09-08T09:35:28","date_gmt":"2025-09-08T07:35:28","guid":{"rendered":"https:\/\/germaninstitute.com\/de\/?page_id=49503"},"modified":"2025-09-08T10:04:18","modified_gmt":"2025-09-08T08:04:18","slug":"pruefungstraining-modulbeschreibung-sprechen","status":"publish","type":"page","link":"https:\/\/germaninstitute.com\/de\/pruefungstraining-modulbeschreibung-sprechen\/","title":{"rendered":"Pr\u00fcfungstraining Modulbeschreibung Sprechen"},"content":{"rendered":"<p>[et_pb_section fb_built=&#8220;1&#8243; theme_builder_area=&#8220;post_content&#8220; _builder_version=&#8220;4.27.4&#8243; _module_preset=&#8220;default&#8220;][et_pb_row _builder_version=&#8220;4.27.4&#8243; _module_preset=&#8220;default&#8220; theme_builder_area=&#8220;post_content&#8220;][et_pb_column _builder_version=&#8220;4.27.4&#8243; _module_preset=&#8220;default&#8220; type=&#8220;4_4&#8243; theme_builder_area=&#8220;post_content&#8220;][et_pb_heading title=&#8220;Modul Sprechen \u2013 Deine m\u00fcndliche Pr\u00fcfung erfolgreich bestehen&#8220; _builder_version=&#8220;4.27.4&#8243; _module_preset=&#8220;default&#8220; theme_builder_area=&#8220;post_content&#8220; title_font=&#8220;&#8211;et_global_heading_font|500|||||||&#8220; title_text_color=&#8220;#204f8a&#8220; hover_enabled=&#8220;0&#8243; sticky_enabled=&#8220;0&#8243; title_level=&#8220;h2&#8243; title_font_size=&#8220;35px&#8220;][\/et_pb_heading][\/et_pb_column][\/et_pb_row][et_pb_row _builder_version=&#8220;4.27.4&#8243; _module_preset=&#8220;default&#8220; theme_builder_area=&#8220;post_content&#8220;][et_pb_column _builder_version=&#8220;4.27.4&#8243; _module_preset=&#8220;default&#8220; type=&#8220;4_4&#8243; theme_builder_area=&#8220;post_content&#8220;][et_pb_text _builder_version=&#8220;4.27.4&#8243; _module_preset=&#8220;default&#8220; theme_builder_area=&#8220;post_content&#8220; text_font=&#8220;&#8211;et_global_body_font||||||||&#8220; hover_enabled=&#8220;0&#8243; sticky_enabled=&#8220;0&#8243;]<\/p>\n<p>In diesem Modul \u00fcbst du die typischen <strong>m\u00fcndlichen Pr\u00fcfungsaufgaben<\/strong> Schritt f\u00fcr Schritt. Zusammen mit einer Lehrkraft trainierst du typische <strong>Pr\u00fcfungssituationen<\/strong>: vom <strong>spontanen Gespr\u00e4ch<\/strong> \u00fcber das <strong>Beschreiben von Materialien<\/strong> bis hin zur <strong>Diskussion<\/strong>. Du lernst, wie du deine Beitr\u00e4ge <strong>klar strukturierst<\/strong>, <strong>Redemittel effektiv<\/strong> einsetzt und <strong>spontan reagierst<\/strong>. Mit gezielten \u00dcbungen und <strong>Feedback<\/strong> st\u00e4rkst du deine <strong>Kommunikationsstrategien<\/strong> und baust <strong>Selbstvertrauen<\/strong> auf. Regelm\u00e4\u00dfiges \u00dcben mit typischen \u00dcbungen hilft dir, deine <strong>Leistung zu optimieren<\/strong> und den <strong>m\u00fcndlichen Pr\u00fcfungsteil erfolgreich<\/strong> zu meistern.<\/p>\n<p>[\/et_pb_text][et_pb_button button_url=&#8220;@ET-DC@eyJkeW5hbWljIjp0cnVlLCJjb250ZW50IjoicG9zdF9saW5rX3VybF9wYWdlIiwic2V0dGluZ3MiOnsicG9zdF9pZCI6IjEyOTMxIn19@&#8220; button_text=&#8220;Jetzt anmelden&#8220; _builder_version=&#8220;4.27.4&#8243; _module_preset=&#8220;1bffc0fc-42a0-49d1-bd9a-ae3ade2d7206&#8243; custom_button=&#8220;on&#8220; button_text_size=&#8220;14px&#8220; button_text_color=&#8220;#FFFFFF&#8220; button_bg_color=&#8220;#012243&#8243; button_border_width=&#8220;0px&#8220; button_border_radius=&#8220;0px&#8220; button_font=&#8220;&#8211;et_global_body_font|700|||||||&#8220; custom_padding=&#8220;12px|24px|12px|24px|true|true&#8220; hover_enabled=&#8220;0&#8243; locked=&#8220;off&#8220; global_colors_info=&#8220;{%22#0077b6%22:%91%22button_bg_color%22%93}&#8220; custom_padding__hover_enabled=&#8220;off|desktop&#8220; custom_padding__hover=&#8220;|28px||20px|true|false&#8220; button_bg_color__hover_enabled=&#8220;on|hover&#8220; button_bg_color__hover=&#8220;#f58c60&#8243; button_bg_enable_color__hover=&#8220;on&#8220; theme_builder_area=&#8220;post_content&#8220; _dynamic_attributes=&#8220;button_url&#8220; sticky_enabled=&#8220;0&#8243;][\/et_pb_button][et_pb_heading title=&#8220;Schritt f\u00fcr Schritt zum Pr\u00fcfungserfolg&#8220; _builder_version=&#8220;4.27.4&#8243; _module_preset=&#8220;default&#8220; theme_builder_area=&#8220;post_content&#8220; title_font=&#8220;&#8211;et_global_heading_font|500|||||||&#8220; title_text_color=&#8220;#204f8a&#8220; hover_enabled=&#8220;0&#8243; sticky_enabled=&#8220;0&#8243; title_level=&#8220;h2&#8243; title_font_size=&#8220;35px&#8220; custom_margin=&#8220;3px||||false|false&#8220; custom_padding=&#8220;32px||||false|false&#8220;][\/et_pb_heading][\/et_pb_column][\/et_pb_row][et_pb_row _builder_version=&#8220;4.27.4&#8243; _module_preset=&#8220;default&#8220; theme_builder_area=&#8220;post_content&#8220;][et_pb_column _builder_version=&#8220;4.27.4&#8243; _module_preset=&#8220;default&#8220; type=&#8220;4_4&#8243; theme_builder_area=&#8220;post_content&#8220;][et_pb_image src=&#8220;https:\/\/germaninstitute.com\/de\/wp-content\/uploads\/2025\/09\/visual-selection.png&#8220; _builder_version=&#8220;4.27.4&#8243; _module_preset=&#8220;default&#8220; theme_builder_area=&#8220;post_content&#8220; title_text=&#8220;- visual selection&#8220; module_alignment=&#8220;center&#8220; max_width=&#8220;57%&#8220; hover_enabled=&#8220;0&#8243; sticky_enabled=&#8220;0&#8243;][\/et_pb_image][\/et_pb_column][\/et_pb_row][\/et_pb_section]<\/p>\n","protected":false},"excerpt":{"rendered":"<p>Modul Sprechen \u2013 Deine&#8230;<\/p>\n","protected":false},"author":3,"featured_media":0,"parent":0,"menu_order":0,"comment_status":"closed","ping_status":"closed","template":"","meta":{"_et_pb_use_builder":"on","_et_pb_old_content":"","_et_gb_content_width":"","footnotes":""},"class_list":["post-49503","page","type-page","status-publish","hentry"],"jetpack_sharing_enabled":true,"_links":{"self":[{"href":"https:\/\/germaninstitute.com\/de\/wp-json\/wp\/v2\/pages\/49503","targetHints":{"allow":["GET"]}}],"collection":[{"href":"https:\/\/germaninstitute.com\/de\/wp-json\/wp\/v2\/pages"}],"about":[{"href":"https:\/\/germaninstitute.com\/de\/wp-json\/wp\/v2\/types\/page"}],"author":[{"embeddable":true,"href":"https:\/\/germaninstitute.com\/de\/wp-json\/wp\/v2\/users\/3"}],"replies":[{"embeddable":true,"href":"https:\/\/germaninstitute.com\/de\/wp-json\/wp\/v2\/comments?post=49503"}],"version-history":[{"count":4,"href":"https:\/\/germaninstitute.com\/de\/wp-json\/wp\/v2\/pages\/49503\/revisions"}],"predecessor-version":[{"id":49524,"href":"https:\/\/germaninstitute.com\/de\/wp-json\/wp\/v2\/pages\/49503\/revisions\/49524"}],"wp:attachment":[{"href":"https:\/\/germaninstitute.com\/de\/wp-json\/wp\/v2\/media?parent=49503"}],"curies":[{"name":"wp","href":"https:\/\/api.w.org\/{rel}","templated":true}]}}