{"id":13466,"date":"2025-05-05T15:18:17","date_gmt":"2025-05-05T13:18:17","guid":{"rendered":"https:\/\/germaninstitute.com\/de\/?page_id=13466"},"modified":"2025-10-31T15:33:37","modified_gmt":"2025-10-31T14:33:37","slug":"businesskurse","status":"publish","type":"page","link":"https:\/\/germaninstitute.com\/de\/businesskurse\/","title":{"rendered":"Businesskurse"},"content":{"rendered":"<p>[et_pb_section fb_built=&#8220;1&#8243; fullwidth=&#8220;on&#8220; _builder_version=&#8220;4.27.4&#8243; _module_preset=&#8220;default&#8220; custom_margin=&#8220;-158px||||false|false&#8220; global_colors_info=&#8220;{}&#8220;][et_pb_fullwidth_code _builder_version=&#8220;4.27.4&#8243; _module_preset=&#8220;default&#8220; global_colors_info=&#8220;{}&#8220;]<!-- [et_pb_line_break_holder] -->[\/et_pb_fullwidth_code][\/et_pb_section][et_pb_section fb_built=&#8220;1&#8243; admin_label=&#8220;Features&#8220; _builder_version=&#8220;4.18.0&#8243; _module_preset=&#8220;default&#8220; locked=&#8220;off&#8220; collapsed=&#8220;on&#8220; global_colors_info=&#8220;{}&#8220;][et_pb_row _builder_version=&#8220;4.27.4&#8243; _module_preset=&#8220;default&#8220; global_colors_info=&#8220;{}&#8220;][et_pb_column type=&#8220;4_4&#8243; _builder_version=&#8220;4.27.4&#8243; _module_preset=&#8220;default&#8220; global_colors_info=&#8220;{}&#8220;][et_pb_heading title=&#8220;Unser Angebot f\u00fcr Sie auf einem Blick&#8220; _builder_version=&#8220;4.27.4&#8243; _module_preset=&#8220;default&#8220; title_level=&#8220;h2&#8243; title_font=&#8220;Rubik||||||||&#8220; title_text_align=&#8220;center&#8220; title_text_color=&#8220;gcid-9bb9bfe2-980a-472b-9544-d767cdb4022e&#8220; title_font_size=&#8220;40px&#8220; hover_enabled=&#8220;0&#8243; global_colors_info=&#8220;{%22gcid-9bb9bfe2-980a-472b-9544-d767cdb4022e%22:%91%22title_text_color%22%93}&#8220; title_line_height=&#8220;1.3em&#8220; sticky_enabled=&#8220;0&#8243;][\/et_pb_heading][\/et_pb_column][\/et_pb_row][et_pb_row column_structure=&#8220;1_3,1_3,1_3&#8243; _builder_version=&#8220;4.18.0&#8243; _module_preset=&#8220;5138c454-be54-4233-bd3b-f8e6a8747976&#8243; global_colors_info=&#8220;{}&#8220;][et_pb_column type=&#8220;1_3&#8243; _builder_version=&#8220;4.16.0&#8243; _module_preset=&#8220;73121f80-a3ef-4484-8763-c3f18e3c56d2&#8243; global_colors_info=&#8220;{}&#8220;][et_pb_blurb title=&#8220;Innovative Ans\u00e4tze&#8220; use_icon=&#8220;on&#8220; font_icon=&#8220;&#xf0a9;||fa||900&#8243; icon_color=&#8220;#03045e&#8220; icon_placement=&#8220;left&#8220; image_icon_width=&#8220;24px&#8220; content_max_width=&#8220;100%&#8220; _builder_version=&#8220;4.27.4&#8243; _module_preset=&#8220;1ea53d41-9439-472c-8d8b-7bddb3bf9444&#8243; header_font=&#8220;&#8211;et_global_body_font|Cormorant Garamond_weight|||||||&#8220; header_text_color=&#8220;#0e0c19&#8243; header_font_size=&#8220;20px&#8220; header_line_height=&#8220;1.5em&#8220; body_font=&#8220;&#8211;et_global_body_font|Proza Libre_weight|||||||&#8220; body_text_color=&#8220;#3c3a47&#8243; body_line_height=&#8220;1.75em&#8220; body_link_text_color=&#8220;#03045e&#8220; animation=&#8220;off&#8220; header_font_size_tablet=&#8220;13px&#8220; header_font_size_phone=&#8220;13px&#8220; header_font_size_last_edited=&#8220;off|desktop&#8220; body_font_size_tablet=&#8220;15px&#8220; body_font_size_phone=&#8220;14px&#8220; body_font_size_last_edited=&#8220;off|desktop&#8220; border_radii_image=&#8220;on|6px|6px|6px|6px&#8220; global_colors_info=&#8220;{}&#8220;][\/et_pb_blurb][et_pb_blurb title=&#8220;Interaktive Lernumgebung&#8220; use_icon=&#8220;on&#8220; font_icon=&#8220;&#xf0a9;||fa||900&#8243; icon_color=&#8220;#03045e&#8220; icon_placement=&#8220;left&#8220; image_icon_width=&#8220;24px&#8220; content_max_width=&#8220;100%&#8220; _builder_version=&#8220;4.27.4&#8243; _module_preset=&#8220;1ea53d41-9439-472c-8d8b-7bddb3bf9444&#8243; header_font=&#8220;&#8211;et_global_body_font|Cormorant Garamond_weight|||||||&#8220; header_text_color=&#8220;#0e0c19&#8243; header_font_size=&#8220;20px&#8220; header_line_height=&#8220;1.5em&#8220; body_font=&#8220;&#8211;et_global_body_font|Proza Libre_weight|||||||&#8220; body_text_color=&#8220;#3c3a47&#8243; body_line_height=&#8220;1.75em&#8220; body_link_text_color=&#8220;#03045e&#8220; animation=&#8220;off&#8220; header_font_size_tablet=&#8220;13px&#8220; header_font_size_phone=&#8220;13px&#8220; header_font_size_last_edited=&#8220;off|desktop&#8220; body_font_size_tablet=&#8220;15px&#8220; body_font_size_phone=&#8220;14px&#8220; body_font_size_last_edited=&#8220;off|desktop&#8220; border_radii_image=&#8220;on|6px|6px|6px|6px&#8220; global_colors_info=&#8220;{}&#8220;][\/et_pb_blurb][et_pb_blurb title=&#8220;Individuelle Betreuung&#8220; use_icon=&#8220;on&#8220; font_icon=&#8220;&#xf0a9;||fa||900&#8243; icon_color=&#8220;#03045e&#8220; icon_placement=&#8220;left&#8220; image_icon_width=&#8220;24px&#8220; content_max_width=&#8220;100%&#8220; _builder_version=&#8220;4.27.4&#8243; _module_preset=&#8220;1ea53d41-9439-472c-8d8b-7bddb3bf9444&#8243; header_font=&#8220;&#8211;et_global_body_font|Cormorant Garamond_weight|||||||&#8220; header_text_color=&#8220;#0e0c19&#8243; header_font_size=&#8220;20px&#8220; header_line_height=&#8220;1.5em&#8220; body_font=&#8220;&#8211;et_global_body_font|Proza Libre_weight|||||||&#8220; body_text_color=&#8220;#3c3a47&#8243; body_line_height=&#8220;1.75em&#8220; body_link_text_color=&#8220;#03045e&#8220; animation=&#8220;off&#8220; header_font_size_tablet=&#8220;13px&#8220; header_font_size_phone=&#8220;13px&#8220; header_font_size_last_edited=&#8220;off|desktop&#8220; body_font_size_tablet=&#8220;15px&#8220; body_font_size_phone=&#8220;14px&#8220; body_font_size_last_edited=&#8220;off|desktop&#8220; border_radii_image=&#8220;on|6px|6px|6px|6px&#8220; global_colors_info=&#8220;{}&#8220;][\/et_pb_blurb][et_pb_blurb title=&#8220;Bedarfsorientierte Inhalte&#8220; use_icon=&#8220;on&#8220; font_icon=&#8220;&#xf0a9;||fa||900&#8243; icon_color=&#8220;#03045e&#8220; icon_placement=&#8220;left&#8220; image_icon_width=&#8220;24px&#8220; content_max_width=&#8220;100%&#8220; _builder_version=&#8220;4.27.4&#8243; _module_preset=&#8220;1ea53d41-9439-472c-8d8b-7bddb3bf9444&#8243; header_font=&#8220;&#8211;et_global_body_font|Cormorant Garamond_weight|||||||&#8220; header_text_color=&#8220;#0e0c19&#8243; header_font_size=&#8220;20px&#8220; header_line_height=&#8220;1.5em&#8220; body_font=&#8220;&#8211;et_global_body_font|Proza Libre_weight|||||||&#8220; body_text_color=&#8220;#3c3a47&#8243; body_line_height=&#8220;1.75em&#8220; body_link_text_color=&#8220;#03045e&#8220; animation=&#8220;off&#8220; header_font_size_tablet=&#8220;13px&#8220; header_font_size_phone=&#8220;13px&#8220; header_font_size_last_edited=&#8220;off|desktop&#8220; body_font_size_tablet=&#8220;15px&#8220; body_font_size_phone=&#8220;14px&#8220; body_font_size_last_edited=&#8220;off|desktop&#8220; border_radii_image=&#8220;on|6px|6px|6px|6px&#8220; global_colors_info=&#8220;{}&#8220;][\/et_pb_blurb][et_pb_blurb title=&#8220;Flexibilit\u00e4t in der Durchf\u00fchrung&#8220; use_icon=&#8220;on&#8220; font_icon=&#8220;&#xf0a9;||fa||900&#8243; icon_color=&#8220;#03045e&#8220; icon_placement=&#8220;left&#8220; image_icon_width=&#8220;24px&#8220; content_max_width=&#8220;100%&#8220; _builder_version=&#8220;4.27.4&#8243; _module_preset=&#8220;1ea53d41-9439-472c-8d8b-7bddb3bf9444&#8243; header_font=&#8220;&#8211;et_global_body_font|Cormorant Garamond_weight|||||||&#8220; header_text_color=&#8220;#0e0c19&#8243; header_font_size=&#8220;20px&#8220; header_line_height=&#8220;1.5em&#8220; body_font=&#8220;&#8211;et_global_body_font|Proza Libre_weight|||||||&#8220; body_text_color=&#8220;#3c3a47&#8243; body_line_height=&#8220;1.75em&#8220; body_link_text_color=&#8220;#03045e&#8220; animation=&#8220;off&#8220; header_font_size_tablet=&#8220;13px&#8220; header_font_size_phone=&#8220;13px&#8220; header_font_size_last_edited=&#8220;off|desktop&#8220; body_font_size_tablet=&#8220;15px&#8220; body_font_size_phone=&#8220;14px&#8220; body_font_size_last_edited=&#8220;off|desktop&#8220; border_radii_image=&#8220;on|6px|6px|6px|6px&#8220; global_colors_info=&#8220;{}&#8220;][\/et_pb_blurb][\/et_pb_column][et_pb_column type=&#8220;1_3&#8243; _builder_version=&#8220;4.16.0&#8243; _module_preset=&#8220;73121f80-a3ef-4484-8763-c3f18e3c56d2&#8243; global_colors_info=&#8220;{}&#8220;][et_pb_blurb title=&#8220;Praxisnahe \u00dcbungen&#8220; use_icon=&#8220;on&#8220; font_icon=&#8220;&#xf0a9;||fa||900&#8243; icon_color=&#8220;#03045e&#8220; icon_placement=&#8220;left&#8220; image_icon_width=&#8220;24px&#8220; content_max_width=&#8220;100%&#8220; _builder_version=&#8220;4.27.4&#8243; _module_preset=&#8220;1ea53d41-9439-472c-8d8b-7bddb3bf9444&#8243; header_font=&#8220;&#8211;et_global_body_font|Cormorant Garamond_weight|||||||&#8220; header_text_color=&#8220;#0e0c19&#8243; header_font_size=&#8220;20px&#8220; header_line_height=&#8220;1.5em&#8220; body_font=&#8220;&#8211;et_global_body_font|Proza Libre_weight|||||||&#8220; body_text_color=&#8220;#3c3a47&#8243; body_line_height=&#8220;1.75em&#8220; body_link_text_color=&#8220;#03045e&#8220; animation=&#8220;off&#8220; header_font_size_tablet=&#8220;13px&#8220; header_font_size_phone=&#8220;13px&#8220; header_font_size_last_edited=&#8220;off|desktop&#8220; body_font_size_tablet=&#8220;15px&#8220; body_font_size_phone=&#8220;14px&#8220; body_font_size_last_edited=&#8220;off|desktop&#8220; border_radii_image=&#8220;on|6px|6px|6px|6px&#8220; global_colors_info=&#8220;{}&#8220;][\/et_pb_blurb][et_pb_blurb title=&#8220;Erfahrene TrainerInnen&#8220; use_icon=&#8220;on&#8220; font_icon=&#8220;&#xf0a9;||fa||900&#8243; icon_color=&#8220;#03045e&#8220; icon_placement=&#8220;left&#8220; image_icon_width=&#8220;24px&#8220; content_max_width=&#8220;100%&#8220; _builder_version=&#8220;4.27.4&#8243; _module_preset=&#8220;1ea53d41-9439-472c-8d8b-7bddb3bf9444&#8243; header_font=&#8220;&#8211;et_global_body_font|Cormorant Garamond_weight|||||||&#8220; header_text_color=&#8220;#0e0c19&#8243; header_font_size=&#8220;20px&#8220; header_line_height=&#8220;1.5em&#8220; body_font=&#8220;&#8211;et_global_body_font|Proza Libre_weight|||||||&#8220; body_text_color=&#8220;#3c3a47&#8243; body_line_height=&#8220;1.75em&#8220; body_link_text_color=&#8220;#03045e&#8220; animation=&#8220;off&#8220; header_font_size_tablet=&#8220;13px&#8220; header_font_size_phone=&#8220;13px&#8220; header_font_size_last_edited=&#8220;off|desktop&#8220; body_font_size_tablet=&#8220;15px&#8220; body_font_size_phone=&#8220;14px&#8220; body_font_size_last_edited=&#8220;off|desktop&#8220; border_radii_image=&#8220;on|6px|6px|6px|6px&#8220; global_colors_info=&#8220;{}&#8220;][\/et_pb_blurb][et_pb_blurb title=&#8220;Kulturelle Sensibilit\u00e4t&#8220; use_icon=&#8220;on&#8220; font_icon=&#8220;&#xf0a9;||fa||900&#8243; icon_color=&#8220;#03045e&#8220; icon_placement=&#8220;left&#8220; image_icon_width=&#8220;24px&#8220; content_max_width=&#8220;100%&#8220; _builder_version=&#8220;4.27.4&#8243; _module_preset=&#8220;1ea53d41-9439-472c-8d8b-7bddb3bf9444&#8243; header_font=&#8220;&#8211;et_global_body_font|Cormorant Garamond_weight|||||||&#8220; header_text_color=&#8220;#0e0c19&#8243; header_font_size=&#8220;20px&#8220; header_line_height=&#8220;1.5em&#8220; body_font=&#8220;&#8211;et_global_body_font|Proza Libre_weight|||||||&#8220; body_text_color=&#8220;#3c3a47&#8243; body_line_height=&#8220;1.75em&#8220; body_link_text_color=&#8220;#03045e&#8220; animation=&#8220;off&#8220; header_font_size_tablet=&#8220;13px&#8220; header_font_size_phone=&#8220;13px&#8220; header_font_size_last_edited=&#8220;off|desktop&#8220; body_font_size_tablet=&#8220;15px&#8220; body_font_size_phone=&#8220;14px&#8220; body_font_size_last_edited=&#8220;off|desktop&#8220; border_radii_image=&#8220;on|6px|6px|6px|6px&#8220; global_colors_info=&#8220;{}&#8220;][\/et_pb_blurb][et_pb_blurb title=&#8220;Effektive Kommunikation&#8220; use_icon=&#8220;on&#8220; font_icon=&#8220;&#xf0a9;||fa||900&#8243; icon_color=&#8220;#03045e&#8220; icon_placement=&#8220;left&#8220; image_icon_width=&#8220;24px&#8220; content_max_width=&#8220;100%&#8220; _builder_version=&#8220;4.27.4&#8243; _module_preset=&#8220;1ea53d41-9439-472c-8d8b-7bddb3bf9444&#8243; header_font=&#8220;&#8211;et_global_body_font|Cormorant Garamond_weight|||||||&#8220; header_text_color=&#8220;#0e0c19&#8243; header_font_size=&#8220;20px&#8220; header_line_height=&#8220;1.5em&#8220; body_font=&#8220;&#8211;et_global_body_font|Proza Libre_weight|||||||&#8220; body_text_color=&#8220;#3c3a47&#8243; body_line_height=&#8220;1.75em&#8220; body_link_text_color=&#8220;#03045e&#8220; animation=&#8220;off&#8220; header_font_size_tablet=&#8220;13px&#8220; header_font_size_phone=&#8220;13px&#8220; header_font_size_last_edited=&#8220;off|desktop&#8220; body_font_size_tablet=&#8220;15px&#8220; body_font_size_phone=&#8220;14px&#8220; body_font_size_last_edited=&#8220;off|desktop&#8220; border_radii_image=&#8220;on|6px|6px|6px|6px&#8220; global_colors_info=&#8220;{}&#8220;][\/et_pb_blurb][et_pb_blurb title=&#8220;Langfristige Ergebnisse&#8220; use_icon=&#8220;on&#8220; font_icon=&#8220;&#xf0a9;||fa||900&#8243; icon_color=&#8220;#03045e&#8220; icon_placement=&#8220;left&#8220; image_icon_width=&#8220;24px&#8220; content_max_width=&#8220;100%&#8220; _builder_version=&#8220;4.27.4&#8243; _module_preset=&#8220;1ea53d41-9439-472c-8d8b-7bddb3bf9444&#8243; header_font=&#8220;&#8211;et_global_body_font|Cormorant Garamond_weight|||||||&#8220; header_text_color=&#8220;#0e0c19&#8243; header_font_size=&#8220;20px&#8220; header_line_height=&#8220;1.5em&#8220; body_font=&#8220;&#8211;et_global_body_font|Proza Libre_weight|||||||&#8220; body_text_color=&#8220;#3c3a47&#8243; body_line_height=&#8220;1.75em&#8220; body_link_text_color=&#8220;#03045e&#8220; animation=&#8220;off&#8220; header_font_size_tablet=&#8220;13px&#8220; header_font_size_phone=&#8220;13px&#8220; header_font_size_last_edited=&#8220;off|desktop&#8220; body_font_size_tablet=&#8220;15px&#8220; body_font_size_phone=&#8220;14px&#8220; body_font_size_last_edited=&#8220;off|desktop&#8220; border_radii_image=&#8220;on|6px|6px|6px|6px&#8220; global_colors_info=&#8220;{}&#8220;][\/et_pb_blurb][\/et_pb_column][et_pb_column type=&#8220;1_3&#8243; _builder_version=&#8220;4.16.0&#8243; _module_preset=&#8220;73121f80-a3ef-4484-8763-c3f18e3c56d2&#8243; global_colors_info=&#8220;{}&#8220;][et_pb_blurb title=&#8220;Kulturelle Sensibilit\u00e4t&#8220; use_icon=&#8220;on&#8220; font_icon=&#8220;&#xf0a9;||fa||900&#8243; icon_color=&#8220;#03045e&#8220; icon_placement=&#8220;left&#8220; image_icon_width=&#8220;24px&#8220; content_max_width=&#8220;100%&#8220; _builder_version=&#8220;4.27.4&#8243; _module_preset=&#8220;1ea53d41-9439-472c-8d8b-7bddb3bf9444&#8243; header_font=&#8220;&#8211;et_global_body_font|Cormorant Garamond_weight|||||||&#8220; header_text_color=&#8220;#0e0c19&#8243; header_font_size=&#8220;20px&#8220; header_line_height=&#8220;1.5em&#8220; body_font=&#8220;&#8211;et_global_body_font|Proza Libre_weight|||||||&#8220; body_text_color=&#8220;#3c3a47&#8243; body_line_height=&#8220;1.75em&#8220; body_link_text_color=&#8220;#03045e&#8220; animation=&#8220;off&#8220; header_font_size_tablet=&#8220;13px&#8220; header_font_size_phone=&#8220;13px&#8220; header_font_size_last_edited=&#8220;off|desktop&#8220; body_font_size_tablet=&#8220;15px&#8220; body_font_size_phone=&#8220;14px&#8220; body_font_size_last_edited=&#8220;off|desktop&#8220; border_radii_image=&#8220;on|6px|6px|6px|6px&#8220; global_colors_info=&#8220;{}&#8220;][\/et_pb_blurb][et_pb_blurb title=&#8220;Unternehmensspezifische L\u00f6sungen&#8220; use_icon=&#8220;on&#8220; font_icon=&#8220;&#xf0a9;||fa||900&#8243; icon_color=&#8220;#03045e&#8220; icon_placement=&#8220;left&#8220; image_icon_width=&#8220;24px&#8220; content_max_width=&#8220;100%&#8220; _builder_version=&#8220;4.27.4&#8243; _module_preset=&#8220;1ea53d41-9439-472c-8d8b-7bddb3bf9444&#8243; header_font=&#8220;&#8211;et_global_body_font|Cormorant Garamond_weight|||||||&#8220; header_text_color=&#8220;#0e0c19&#8243; header_font_size=&#8220;20px&#8220; header_line_height=&#8220;1.5em&#8220; body_font=&#8220;&#8211;et_global_body_font|Proza Libre_weight|||||||&#8220; body_text_color=&#8220;#3c3a47&#8243; body_line_height=&#8220;1.75em&#8220; body_link_text_color=&#8220;#03045e&#8220; animation=&#8220;off&#8220; header_font_size_tablet=&#8220;13px&#8220; header_font_size_phone=&#8220;13px&#8220; header_font_size_last_edited=&#8220;off|desktop&#8220; body_font_size_tablet=&#8220;15px&#8220; body_font_size_phone=&#8220;14px&#8220; body_font_size_last_edited=&#8220;off|desktop&#8220; border_radii_image=&#8220;on|6px|6px|6px|6px&#8220; global_colors_info=&#8220;{}&#8220;][\/et_pb_blurb][et_pb_blurb title=&#8220;Moderne Lernmethoden&#8220; use_icon=&#8220;on&#8220; font_icon=&#8220;&#xf0a9;||fa||900&#8243; icon_color=&#8220;#03045e&#8220; icon_placement=&#8220;left&#8220; image_icon_width=&#8220;24px&#8220; content_max_width=&#8220;100%&#8220; _builder_version=&#8220;4.27.4&#8243; _module_preset=&#8220;1ea53d41-9439-472c-8d8b-7bddb3bf9444&#8243; header_font=&#8220;&#8211;et_global_body_font|Cormorant Garamond_weight|||||||&#8220; header_text_color=&#8220;#0e0c19&#8243; header_font_size=&#8220;20px&#8220; header_line_height=&#8220;1.5em&#8220; body_font=&#8220;&#8211;et_global_body_font|Proza Libre_weight|||||||&#8220; body_text_color=&#8220;#3c3a47&#8243; body_line_height=&#8220;1.75em&#8220; body_link_text_color=&#8220;#03045e&#8220; animation=&#8220;off&#8220; header_font_size_tablet=&#8220;13px&#8220; header_font_size_phone=&#8220;13px&#8220; header_font_size_last_edited=&#8220;off|desktop&#8220; body_font_size_tablet=&#8220;15px&#8220; body_font_size_phone=&#8220;14px&#8220; body_font_size_last_edited=&#8220;off|desktop&#8220; border_radii_image=&#8220;on|6px|6px|6px|6px&#8220; global_colors_info=&#8220;{}&#8220;][\/et_pb_blurb][et_pb_blurb title=&#8220;Zielgerichtete Fortschritte&#8220; use_icon=&#8220;on&#8220; font_icon=&#8220;&#xf0a9;||fa||900&#8243; icon_color=&#8220;#03045e&#8220; icon_placement=&#8220;left&#8220; image_icon_width=&#8220;24px&#8220; content_max_width=&#8220;100%&#8220; _builder_version=&#8220;4.27.4&#8243; _module_preset=&#8220;1ea53d41-9439-472c-8d8b-7bddb3bf9444&#8243; header_font=&#8220;&#8211;et_global_body_font|Cormorant Garamond_weight|||||||&#8220; header_text_color=&#8220;#0e0c19&#8243; header_font_size=&#8220;20px&#8220; header_line_height=&#8220;1.5em&#8220; body_font=&#8220;&#8211;et_global_body_font|Proza Libre_weight|||||||&#8220; body_text_color=&#8220;#3c3a47&#8243; body_line_height=&#8220;1.75em&#8220; body_link_text_color=&#8220;#03045e&#8220; animation=&#8220;off&#8220; header_font_size_tablet=&#8220;13px&#8220; header_font_size_phone=&#8220;13px&#8220; header_font_size_last_edited=&#8220;off|desktop&#8220; body_font_size_tablet=&#8220;15px&#8220; body_font_size_phone=&#8220;14px&#8220; body_font_size_last_edited=&#8220;off|desktop&#8220; border_radii_image=&#8220;on|6px|6px|6px|6px&#8220; global_colors_info=&#8220;{}&#8220;][\/et_pb_blurb][\/et_pb_column][\/et_pb_row][\/et_pb_section][et_pb_section fb_built=&#8220;1&#8243; admin_label=&#8220;Call to Action&#8220; _builder_version=&#8220;4.24.3&#8243; _module_preset=&#8220;default&#8220; background_enable_color=&#8220;off&#8220; use_background_color_gradient=&#8220;on&#8220; background_color_gradient_stops=&#8220;rgba(0,0,0,0.5) 0%|rgba(0,0,0,0.5) 100%&#8220; background_color_gradient_overlays_image=&#8220;on&#8220; background_image=&#8220;https:\/\/images.unsplash.com\/photo-1590650516494-0c8e4a4dd67e?ixid=M3w1ODkyNzF8MHwxfHNlYXJjaHw2fHxidXNpbmVzcyUyMG1lZXRpbmd8ZW58MHwwfHx8MTc0NjM5NDIxMXww&#038;ixlib=rb-4.0.3&#038;fm=webp&#038;fit=crop&#038;crop=entropy&#038;w=1920&#038;h=1080&#038;q=20&#038;dpr=2&#8243; custom_padding=&#8220;5vw||5vw||true|false&#8220; locked=&#8220;off&#8220; collapsed=&#8220;on&#8220; global_colors_info=&#8220;{%22gcid-36fd78a7-34bc-404d-873c-dafa34efaae5%22:%91%22background_color%22%93}&#8220;][et_pb_row _builder_version=&#8220;4.18.0&#8243; _module_preset=&#8220;5138c454-be54-4233-bd3b-f8e6a8747976&#8243; global_colors_info=&#8220;{}&#8220;][et_pb_column type=&#8220;4_4&#8243; _builder_version=&#8220;4.18.0&#8243; _module_preset=&#8220;73121f80-a3ef-4484-8763-c3f18e3c56d2&#8243; global_colors_info=&#8220;{}&#8220;][et_pb_cta title=&#8220;Jetzt Beratung vereinbaren&#8220; button_url=&#8220;@ET-DC@eyJkeW5hbWljIjp0cnVlLCJjb250ZW50IjoicG9zdF9saW5rX3VybF9wYWdlIiwic2V0dGluZ3MiOnsicG9zdF9pZCI6IjEzMzA2In19@&#8220; button_text=&#8220;Kostenlose Beratung&#8220; _builder_version=&#8220;4.27.4&#8243; _dynamic_attributes=&#8220;button_url&#8220; _module_preset=&#8220;4c2ad5d0-871e-414e-a4be-aa9134d4ae8e&#8220; header_font=&#8220;Rubik|Cormorant Garamond_weight|||||||&#8220; header_text_color=&#8220;gcid-9bb9bfe2-980a-472b-9544-d767cdb4022e&#8220; header_font_size=&#8220;30px&#8220; header_line_height=&#8220;1.5em&#8220; body_font=&#8220;&#8211;et_global_body_font||||||||&#8220; body_text_color=&#8220;#3c3a47&#8243; body_font_size=&#8220;16px&#8220; body_line_height=&#8220;1.75em&#8220; background_color=&#8220;#FFFFFF&#8220; custom_button=&#8220;on&#8220; button_text_size=&#8220;14px&#8220; button_text_color=&#8220;#FFFFFF&#8220; button_bg_color=&#8220;#03045e&#8220; button_border_width=&#8220;0px&#8220; button_border_radius=&#8220;0px&#8220; button_font=&#8220;&#8211;et_global_body_font|700|||||||&#8220; button_custom_padding=&#8220;12px|24px|12px|24px|true|true&#8220; background_layout=&#8220;light&#8220; custom_padding=&#8220;60px|60px|60px|60px|true|true&#8220; custom_padding_tablet=&#8220;30px|30px|30px|30px|true|true&#8220; custom_padding_phone=&#8220;20px|20px|20px|20px|true|true&#8220; custom_padding_last_edited=&#8220;on|desktop&#8220; hover_enabled=&#8220;0&#8243; header_font_size_tablet=&#8220;28px&#8220; header_font_size_phone=&#8220;20px&#8220; header_font_size_last_edited=&#8220;on|phone&#8220; body_font_size_tablet=&#8220;16px&#8220; body_font_size_phone=&#8220;14px&#8220; body_font_size_last_edited=&#8220;on|phone&#8220; border_radii=&#8220;on|6px|6px|6px|6px&#8220; box_shadow_style=&#8220;preset3&#8243; box_shadow_vertical=&#8220;24px&#8220; box_shadow_blur=&#8220;72px&#8220; box_shadow_spread=&#8220;-12px&#8220; box_shadow_color=&#8220;rgba(0,0,0,0.12)&#8220; locked=&#8220;off&#8220; global_colors_info=&#8220;{%22gcid-f2943306-fa6c-45f0-b632-5fc00151366a%22:%91%22button_text_color%22%93,%22gcid-36fd78a7-34bc-404d-873c-dafa34efaae5%22:%91%22button_text_color%22,%22color%22,%22background_color%22%93,%22gcid-7cadd8b3-5228-48e4-90c4-212d09232f7b%22:%91%22color%22,%22color%22,%22color%22,%22color%22%93,%22gcid-f113ad93-2527-46d7-862b-fc71181c6b5e%22:%91%22border_color_all%22,%22border_color_all%22%93,%22gcid-9bb9bfe2-980a-472b-9544-d767cdb4022e%22:%91%22header_text_color%22%93}&#8220; text_font_size_tablet=&#8220;16px&#8220; text_font_size_phone=&#8220;14px&#8220; text_font_size_last_edited=&#8220;on|phone&#8220; sticky_enabled=&#8220;0&#8243;]<\/p>\n<p>Erfahren Sie, wie unsere Business-Deutsch-Kurse Ihr Unternehmen voranbringen k\u00f6nnen. Kontaktieren Sie uns f\u00fcr eine unverbindliche Beratung und entdecken Sie die Vorteile eines effektiven Sprachtrainings f\u00fcr Ihre Teams.<\/p>\n<p>[\/et_pb_cta][\/et_pb_column][\/et_pb_row][\/et_pb_section]<\/p>\n","protected":false},"excerpt":{"rendered":"<p>Unser Angebot f\u00fcr Sie&#8230;<\/p>\n","protected":false},"author":3,"featured_media":0,"parent":0,"menu_order":0,"comment_status":"closed","ping_status":"closed","template":"","meta":{"_et_pb_use_builder":"on","_et_pb_old_content":"","_et_gb_content_width":"","footnotes":""},"class_list":["post-13466","page","type-page","status-publish","hentry"],"jetpack_sharing_enabled":true,"_links":{"self":[{"href":"https:\/\/germaninstitute.com\/de\/wp-json\/wp\/v2\/pages\/13466","targetHints":{"allow":["GET"]}}],"collection":[{"href":"https:\/\/germaninstitute.com\/de\/wp-json\/wp\/v2\/pages"}],"about":[{"href":"https:\/\/germaninstitute.com\/de\/wp-json\/wp\/v2\/types\/page"}],"author":[{"embeddable":true,"href":"https:\/\/germaninstitute.com\/de\/wp-json\/wp\/v2\/users\/3"}],"replies":[{"embeddable":true,"href":"https:\/\/germaninstitute.com\/de\/wp-json\/wp\/v2\/comments?post=13466"}],"version-history":[{"count":13,"href":"https:\/\/germaninstitute.com\/de\/wp-json\/wp\/v2\/pages\/13466\/revisions"}],"predecessor-version":[{"id":51818,"href":"https:\/\/germaninstitute.com\/de\/wp-json\/wp\/v2\/pages\/13466\/revisions\/51818"}],"wp:attachment":[{"href":"https:\/\/germaninstitute.com\/de\/wp-json\/wp\/v2\/media?parent=13466"}],"curies":[{"name":"wp","href":"https:\/\/api.w.org\/{rel}","templated":true}]}}