{"id":13306,"date":"2025-02-17T13:44:40","date_gmt":"2025-02-17T12:44:40","guid":{"rendered":"https:\/\/germaninstitute.com\/de\/?page_id=13306"},"modified":"2026-04-15T12:07:55","modified_gmt":"2026-04-15T10:07:55","slug":"kontakt-typeform","status":"publish","type":"page","link":"https:\/\/germaninstitute.com\/de\/kontakt-typeform\/","title":{"rendered":"Beratungstermin buchen online"},"content":{"rendered":"<p>[et_pb_section fb_built=&#8220;1&#8243; fullwidth=&#8220;on&#8220; _builder_version=&#8220;4.27.4&#8243; _module_preset=&#8220;default&#8220; background_color=&#8220;rgba(1,34,67,0.55)&#8220; width=&#8220;100%&#8220; max_width=&#8220;100%&#8220; bottom_divider_height=&#8220;31px&#8220; global_colors_info=&#8220;{}&#8220;][et_pb_fullwidth_header title=&#8220;Beratung &#038; Kontakt &#8220; button_one_text=&#8220;Individuellen Beratungstermin buchen&#8220; button_one_url=&#8220;#typeform&#8220; header_image_url=&#8220;https:\/\/germaninstitute.com\/de\/wp-content\/uploads\/2025\/06\/DSCF1880-scaled.jpg&#8220; _builder_version=&#8220;4.27.4&#8243; _module_preset=&#8220;default&#8220; title_font=&#8220;&#8211;et_global_heading_font||||||||&#8220; title_font_size=&#8220;40px&#8220; background_color=&#8220;#012243&#8243; global_colors_info=&#8220;{}&#8220;]<\/p>\n<p><strong data-start=\"542\" data-end=\"588\">Du hast Fragen zum Deutschkurs oder Visum?<\/strong><br \/><span>Unsere ExpertInnen helfen dir pers\u00f6nlich. Kontaktier uns <strong>telefonisch<\/strong>, <strong>per Mail<\/strong> oder komme <strong>pers\u00f6nlich<\/strong> bei uns vorbei.<\/span><\/p>\n<p>[\/et_pb_fullwidth_header][\/et_pb_section][et_pb_section fb_built=&#8220;1&#8243; _builder_version=&#8220;4.27.5&#8243; _module_preset=&#8220;default&#8220; min_height=&#8220;155.7px&#8220; custom_padding=&#8220;54px|0px|0px|0px|false|false&#8220; global_colors_info=&#8220;{}&#8220;][et_pb_row _builder_version=&#8220;4.27.5&#8243; _module_preset=&#8220;default&#8220; min_height=&#8220;104.7px&#8220; custom_margin=&#8220;-50px|auto||auto||&#8220; global_colors_info=&#8220;{}&#8220;][et_pb_column type=&#8220;4_4&#8243; _builder_version=&#8220;4.27.5&#8243; _module_preset=&#8220;default&#8220; global_colors_info=&#8220;{}&#8220;][et_pb_code _builder_version=&#8220;4.27.5&#8243; _module_preset=&#8220;default&#8220; global_colors_info=&#8220;{}&#8220;]<\/p>\n<div style=\"text-align:center; margin:20px 0;\"><!-- [et_pb_line_break_holder] -->  <a href=\"https:\/\/wa.me\/4915238821528?text=Hallo%20ich%20interessiere%20mich%20f\u00fcr%20einen%20Deutschkurs%20am%20German%20Institute.\" !-- -- target=\"_blank\" rel=\"noopener\">     target=&#8220;_blank&#8220;<!-- [et_pb_line_break_holder] -->     style=&#8220;background-color:#ffffff;<!-- [et_pb_line_break_holder] -->            color:#25D366;<!-- [et_pb_line_break_holder] -->            padding:14px 28px;<!-- [et_pb_line_break_holder] -->            text-decoration:none;<!-- [et_pb_line_break_holder] -->            border-radius:30px;<!-- [et_pb_line_break_holder] -->            font-weight:600;<!-- [et_pb_line_break_holder] -->            font-size:25px;<!-- [et_pb_line_break_holder] -->            display:inline-block;<!-- [et_pb_line_break_holder] -->            border:2px solid #25D366;<!-- [et_pb_line_break_holder] -->            transition:0.3s;&#8220;><!-- [et_pb_line_break_holder] -->    \ud83d\udcac Hier kannst du uns ganz einfach per WhatsApp kontaktieren.<!-- [et_pb_line_break_holder] -->  <\/a><!-- [et_pb_line_break_holder] --><\/div>\n<p>[\/et_pb_code][\/et_pb_column][\/et_pb_row][\/et_pb_section][et_pb_section fb_built=&#8220;1&#8243; fullwidth=&#8220;on&#8220; _builder_version=&#8220;4.27.4&#8243; _module_preset=&#8220;default&#8220; global_colors_info=&#8220;{}&#8220;][et_pb_fullwidth_code _builder_version=&#8220;4.27.5&#8243; _module_preset=&#8220;default&#8220; global_colors_info=&#8220;{}&#8220;]<!-- Google Calendar Appointment Scheduling begin --><!-- [et_pb_line_break_holder] --><iframe loading=\"lazy\" src=\"https:\/\/calendar.google.com\/calendar\/appointments\/schedules\/AcZssZ3BTK-auEbC75efkifJmu-bMmQHtclvJkjzv7oJz1FeGVgMs9Wtz_h0MEiWLW2rgPQzzegpsjUP?gv=true\" style=\"border: 0\" width=\"100%\" height=\"600\" frameborder=\"0\"><\/iframe><!-- [et_pb_line_break_holder] --><!-- end Google Calendar Appointment Scheduling -->[\/et_pb_fullwidth_code][et_pb_fullwidth_code _builder_version=&#8220;4.27.5&#8243; _module_preset=&#8220;default&#8220; global_colors_info=&#8220;{}&#8220;]<!-- Google Calendar Appointment Scheduling begin --><!-- [et_pb_line_break_holder] --><iframe loading=\"lazy\" src=\"https:\/\/calendar.google.com\/calendar\/appointments\/schedules\/AcZssZ2ft0V4yazz7R0vVOZDMn3gBbHeAKD1K02WzYEFYMUtqiO6XZG77fL7VIlT6qJrR3wU1EDw1Zwr?gv=true\" style=\"border: 0\" width=\"100%\" height=\"600\" frameborder=\"0\"><\/iframe><!-- [et_pb_line_break_holder] --><!-- end Google Calendar Appointment Scheduling -->[\/et_pb_fullwidth_code][\/et_pb_section][et_pb_section fb_built=&#8220;1&#8243; admin_label=&#8220;List&#8220; _builder_version=&#8220;4.25.1&#8243; _module_preset=&#8220;default&#8220; collapsed=&#8220;on&#8220; global_colors_info=&#8220;{}&#8220;][et_pb_row _builder_version=&#8220;4.25.1&#8243; _module_preset=&#8220;default&#8220; global_colors_info=&#8220;{}&#8220;][et_pb_column type=&#8220;4_4&#8243; _builder_version=&#8220;4.25.1&#8243; _module_preset=&#8220;default&#8220; global_colors_info=&#8220;{}&#8220;][et_pb_heading title=&#8220;Schon neugierig? Entdecke hier unsere Kursangebote&#8220; _builder_version=&#8220;4.27.4&#8243; _module_preset=&#8220;c33f07d9-41e0-421a-8799-5799df695cce&#8220; title_level=&#8220;h2&#8243; title_font=&#8220;&#8211;et_global_heading_font|Cormorant Garamond_weight|||||||&#8220; title_text_align=&#8220;center&#8220; title_text_color=&#8220;#204f8a&#8220; title_font_size=&#8220;40px&#8220; title_line_height=&#8220;1.2em&#8220; custom_margin=&#8220;||10px||false|false&#8220; title_font_size_tablet=&#8220;28px&#8220; title_font_size_phone=&#8220;20px&#8220; title_font_size_last_edited=&#8220;on|phone&#8220; global_colors_info=&#8220;{}&#8220;][\/et_pb_heading][et_pb_text _builder_version=&#8220;4.27.4&#8243; _module_preset=&#8220;default&#8220; text_font=&#8220;&#8211;et_global_body_font||||||||&#8220; text_orientation=&#8220;center&#8220; global_colors_info=&#8220;{}&#8220;]<\/p>\n<p><span>M\u00f6chtest du gleich loslegen? W\u00e4hle einen unserer Kurse \u2013 <strong>von Intensiv- \u00fcber Abendkurse bis hin zu Fach\u00adsprachtraining.<\/strong><\/span><\/p>\n<p>[\/et_pb_text][\/et_pb_column][\/et_pb_row][et_pb_row column_structure=&#8220;1_2,1_2&#8243; _builder_version=&#8220;4.25.1&#8243; _module_preset=&#8220;default&#8220; global_colors_info=&#8220;{}&#8220;][et_pb_column type=&#8220;1_2&#8243; _builder_version=&#8220;4.25.1&#8243; _module_preset=&#8220;default&#8220; global_colors_info=&#8220;{}&#8220;][et_pb_blurb title=&#8220;Intensivkurse und Abendkurse&#8220; use_icon=&#8220;on&#8220; font_icon=&#8220;&#xf058;||fa||900&#8243; icon_color=&#8220;#03045e&#8220; icon_placement=&#8220;left&#8220; image_icon_width=&#8220;40px&#8220; content_max_width=&#8220;100%&#8220; _builder_version=&#8220;4.27.4&#8243; _dynamic_attributes=&#8220;link_option_url&#8220; _module_preset=&#8220;65059203-12d3-44f6-8371-3f5cf61a0475&#8243; header_level=&#8220;h3&#8243; header_font=&#8220;&#8211;et_global_heading_font|Cormorant Garamond_weight|||||||&#8220; header_text_color=&#8220;#0e0c19&#8243; header_font_size=&#8220;18px&#8220; header_line_height=&#8220;1.4em&#8220; body_font=&#8220;&#8211;et_global_body_font|Proza Libre_weight|||||||&#8220; body_text_color=&#8220;#3c3a47&#8243; body_font_size=&#8220;16px&#8220; body_line_height=&#8220;1.75em&#8220; body_link_text_color=&#8220;#03045e&#8220; background_color=&#8220;#FFFFFF&#8220; animation=&#8220;off&#8220; link_option_url=&#8220;@ET-DC@eyJkeW5hbWljIjp0cnVlLCJjb250ZW50IjoicG9zdF9saW5rX3VybF9wYWdlIiwic2V0dGluZ3MiOnsicG9zdF9pZCI6IjEyOTY1In19@&#8220; header_font_size_tablet=&#8220;15px&#8220; header_font_size_phone=&#8220;14px&#8220; header_font_size_last_edited=&#8220;on|phone&#8220; body_font_size_tablet=&#8220;15px&#8220; body_font_size_phone=&#8220;14px&#8220; body_font_size_last_edited=&#8220;on|desktop&#8220; border_radii_image=&#8220;on|6px|6px|6px|6px&#8220; global_colors_info=&#8220;{}&#8220; background__hover_enabled=&#8220;on|hover&#8220; background_color__hover=&#8220;rgba(32,79,138,0.14)&#8220; background_enable_color__hover=&#8220;on&#8220;]<\/p>\n<p><span>Unsere Intensiv- und Abendkurse passen f\u00fcr Berufst\u00e4tige, Studierende und Auszubildende. In kleinen Gruppen \u00fcbst du gleich alles, was du im Alltag, Studium oder Job brauchst.<\/span><\/p>\n<p>[\/et_pb_blurb][et_pb_blurb title=&#8220;Pr\u00fcfungstraining&#8220; use_icon=&#8220;on&#8220; font_icon=&#8220;&#xf058;||fa||900&#8243; icon_color=&#8220;#03045e&#8220; icon_placement=&#8220;left&#8220; image_icon_width=&#8220;40px&#8220; content_max_width=&#8220;100%&#8220; _builder_version=&#8220;4.27.4&#8243; _dynamic_attributes=&#8220;link_option_url&#8220; _module_preset=&#8220;65059203-12d3-44f6-8371-3f5cf61a0475&#8243; header_level=&#8220;h3&#8243; header_font=&#8220;&#8211;et_global_heading_font|Cormorant Garamond_weight|||||||&#8220; header_text_color=&#8220;#0e0c19&#8243; header_font_size=&#8220;18px&#8220; header_line_height=&#8220;1.4em&#8220; body_font=&#8220;&#8211;et_global_body_font|Proza Libre_weight|||||||&#8220; body_text_color=&#8220;#3c3a47&#8243; body_font_size=&#8220;16px&#8220; body_line_height=&#8220;1.75em&#8220; body_link_text_color=&#8220;#03045e&#8220; animation=&#8220;off&#8220; link_option_url=&#8220;@ET-DC@eyJkeW5hbWljIjp0cnVlLCJjb250ZW50IjoicG9zdF9saW5rX3VybF9wYWdlIiwic2V0dGluZ3MiOnsicG9zdF9pZCI6IjE0MjY1In19@&#8220; header_font_size_tablet=&#8220;15px&#8220; header_font_size_phone=&#8220;14px&#8220; header_font_size_last_edited=&#8220;on|phone&#8220; body_font_size_tablet=&#8220;15px&#8220; body_font_size_phone=&#8220;14px&#8220; body_font_size_last_edited=&#8220;on|desktop&#8220; border_radii_image=&#8220;on|6px|6px|6px|6px&#8220; global_colors_info=&#8220;{}&#8220; background__hover_enabled=&#8220;on|hover&#8220; background_color__hover=&#8220;rgba(32,79,138,0.14)&#8220; background_enable_color__hover=&#8220;on&#8220;]<\/p>\n<p><span>Wir bereiten dich auf alle Deutschpr\u00fcfungen vor: telc, Goethe, Medizin- und Pflegepr\u00fcfung. Mit realen Pr\u00fcfungsaufgaben und pers\u00f6nlicher Simulation.<\/span><\/p>\n<p>[\/et_pb_blurb][et_pb_blurb title=&#8220;Aussprachetraining&#8220; use_icon=&#8220;on&#8220; font_icon=&#8220;&#xf058;||fa||900&#8243; icon_color=&#8220;#03045e&#8220; icon_placement=&#8220;left&#8220; image_icon_width=&#8220;40px&#8220; content_max_width=&#8220;100%&#8220; _builder_version=&#8220;4.27.4&#8243; _dynamic_attributes=&#8220;link_option_url&#8220; _module_preset=&#8220;65059203-12d3-44f6-8371-3f5cf61a0475&#8243; header_level=&#8220;h3&#8243; header_font=&#8220;&#8211;et_global_heading_font|Cormorant Garamond_weight|||||||&#8220; header_text_color=&#8220;#0e0c19&#8243; header_font_size=&#8220;18px&#8220; header_line_height=&#8220;1.4em&#8220; body_font=&#8220;&#8211;et_global_body_font|Proza Libre_weight|||||||&#8220; body_text_color=&#8220;#3c3a47&#8243; body_font_size=&#8220;16px&#8220; body_line_height=&#8220;1.75em&#8220; body_link_text_color=&#8220;#03045e&#8220; animation=&#8220;off&#8220; link_option_url=&#8220;@ET-DC@eyJkeW5hbWljIjp0cnVlLCJjb250ZW50IjoicG9zdF9saW5rX3VybF9wYWdlIiwic2V0dGluZ3MiOnsicG9zdF9pZCI6IjE0MDU1In19@&#8220; header_font_size_tablet=&#8220;15px&#8220; header_font_size_phone=&#8220;14px&#8220; header_font_size_last_edited=&#8220;on|phone&#8220; body_font_size_tablet=&#8220;15px&#8220; body_font_size_phone=&#8220;14px&#8220; body_font_size_last_edited=&#8220;on|desktop&#8220; border_radii_image=&#8220;on|6px|6px|6px|6px&#8220; global_colors_info=&#8220;{}&#8220; background__hover_enabled=&#8220;on|hover&#8220; background_color__hover=&#8220;rgba(32,79,138,0.14)&#8220; background_enable_color__hover=&#8220;on&#8220;]<\/p>\n<p><span>Trainiere gezielt deine deutsche Aussprache. Mit Phonetik-\u00dcbungen und Feedback sprichst du klarer im Beruf und im Alltag.<\/span><\/p>\n<p>[\/et_pb_blurb][et_pb_blurb title=&#8220;Kurse f\u00fcr Pflegefachkr\u00e4fte&#8220; use_icon=&#8220;on&#8220; font_icon=&#8220;&#xf058;||fa||900&#8243; icon_color=&#8220;#03045e&#8220; icon_placement=&#8220;left&#8220; image_icon_width=&#8220;40px&#8220; content_max_width=&#8220;100%&#8220; _builder_version=&#8220;4.27.4&#8243; _dynamic_attributes=&#8220;link_option_url&#8220; _module_preset=&#8220;65059203-12d3-44f6-8371-3f5cf61a0475&#8243; header_level=&#8220;h3&#8243; header_font=&#8220;&#8211;et_global_heading_font|Cormorant Garamond_weight|||||||&#8220; header_text_color=&#8220;#0e0c19&#8243; header_font_size=&#8220;18px&#8220; header_line_height=&#8220;1.4em&#8220; body_font=&#8220;&#8211;et_global_body_font|Proza Libre_weight|||||||&#8220; body_text_color=&#8220;#3c3a47&#8243; body_font_size=&#8220;16px&#8220; body_line_height=&#8220;1.75em&#8220; body_link_text_color=&#8220;#03045e&#8220; animation=&#8220;off&#8220; link_option_url=&#8220;@ET-DC@eyJkeW5hbWljIjp0cnVlLCJjb250ZW50IjoicG9zdF9saW5rX3VybF9wYWdlIiwic2V0dGluZ3MiOnsicG9zdF9pZCI6IjE0MTE1In19@&#8220; header_font_size_tablet=&#8220;15px&#8220; header_font_size_phone=&#8220;14px&#8220; header_font_size_last_edited=&#8220;on|phone&#8220; body_font_size_tablet=&#8220;15px&#8220; body_font_size_phone=&#8220;14px&#8220; body_font_size_last_edited=&#8220;on|desktop&#8220; border_radii_image=&#8220;on|6px|6px|6px|6px&#8220; global_colors_info=&#8220;{}&#8220; background__hover_enabled=&#8220;on|hover&#8220; background_color__hover=&#8220;rgba(32,79,138,0.14)&#8220; background_enable_color__hover=&#8220;on&#8220;]<\/p>\n<p><span>Dieser Kurs schult Fachvokabular, Patientengespr\u00e4che und Dokumentation. Praxisnah und mit Pr\u00fcfungsvorbereitung f\u00fcr deinen Pflegealltag.<\/span><\/p>\n<p>[\/et_pb_blurb][\/et_pb_column][et_pb_column type=&#8220;1_2&#8243; _builder_version=&#8220;4.25.1&#8243; _module_preset=&#8220;default&#8220; global_colors_info=&#8220;{}&#8220;][et_pb_blurb title=&#8220;Kostenlose Extrakurse&#8220; use_icon=&#8220;on&#8220; font_icon=&#8220;&#xf058;||fa||900&#8243; icon_color=&#8220;#03045e&#8220; icon_placement=&#8220;left&#8220; image_icon_width=&#8220;40px&#8220; content_max_width=&#8220;100%&#8220; _builder_version=&#8220;4.27.4&#8243; _dynamic_attributes=&#8220;link_option_url&#8220; _module_preset=&#8220;65059203-12d3-44f6-8371-3f5cf61a0475&#8243; header_level=&#8220;h3&#8243; header_font=&#8220;&#8211;et_global_heading_font|Cormorant Garamond_weight|||||||&#8220; header_text_color=&#8220;#0e0c19&#8243; header_font_size=&#8220;18px&#8220; header_line_height=&#8220;1.4em&#8220; body_font=&#8220;&#8211;et_global_body_font|Proza Libre_weight|||||||&#8220; body_text_color=&#8220;#3c3a47&#8243; body_font_size=&#8220;16px&#8220; body_line_height=&#8220;1.75em&#8220; body_link_text_color=&#8220;#03045e&#8220; background_color=&#8220;#FFFFFF&#8220; animation=&#8220;off&#8220; link_option_url=&#8220;@ET-DC@eyJkeW5hbWljIjp0cnVlLCJjb250ZW50IjoicG9zdF9saW5rX3VybF9wYWdlIiwic2V0dGluZ3MiOnsicG9zdF9pZCI6IjEyNzc3In19@&#8220; header_font_size_tablet=&#8220;15px&#8220; header_font_size_phone=&#8220;14px&#8220; header_font_size_last_edited=&#8220;on|phone&#8220; body_font_size_tablet=&#8220;15px&#8220; body_font_size_phone=&#8220;14px&#8220; body_font_size_last_edited=&#8220;on|desktop&#8220; border_radii_image=&#8220;on|6px|6px|6px|6px&#8220; global_colors_info=&#8220;{}&#8220; background__hover_enabled=&#8220;on|hover&#8220; background_color__hover=&#8220;rgba(32,79,138,0.14)&#8220; background_enable_color__hover=&#8220;on&#8220;]<\/p>\n<p><span>Jede Woche gratis: Grammatik, Konversation, Sprachcaf\u00e9 und Exkursionen. Sprich mehr \u2013 und lerne in der Gruppe ohne Zusatzkosten.<\/span><\/p>\n<p>[\/et_pb_blurb][et_pb_blurb title=&#8220;All inclusive Paket f\u00fcr unsere Sch\u00fclerInnen&#8220; use_icon=&#8220;on&#8220; font_icon=&#8220;&#xf058;||fa||900&#8243; icon_color=&#8220;#03045e&#8220; icon_placement=&#8220;left&#8220; image_icon_width=&#8220;40px&#8220; content_max_width=&#8220;100%&#8220; _builder_version=&#8220;4.27.5&#8243; _dynamic_attributes=&#8220;link_option_url&#8220; _module_preset=&#8220;65059203-12d3-44f6-8371-3f5cf61a0475&#8243; header_font=&#8220;&#8211;et_global_heading_font|Cormorant Garamond_weight|||||||&#8220; header_text_color=&#8220;#0e0c19&#8243; header_font_size=&#8220;18px&#8220; header_line_height=&#8220;1.4em&#8220; body_font=&#8220;&#8211;et_global_body_font|Proza Libre_weight|||||||&#8220; body_text_color=&#8220;#3c3a47&#8243; body_font_size=&#8220;16px&#8220; body_line_height=&#8220;1.75em&#8220; body_link_text_color=&#8220;#03045e&#8220; animation=&#8220;off&#8220; link_option_url=&#8220;@ET-DC@eyJkeW5hbWljIjp0cnVlLCJjb250ZW50IjoicG9zdF9saW5rX3VybF9wYWdlIiwic2V0dGluZ3MiOnsicG9zdF9pZCI6IjEyOTEyIn19@&#8220; header_font_size_tablet=&#8220;15px&#8220; header_font_size_phone=&#8220;14px&#8220; header_font_size_last_edited=&#8220;on|phone&#8220; body_font_size_tablet=&#8220;15px&#8220; body_font_size_phone=&#8220;14px&#8220; body_font_size_last_edited=&#8220;on|desktop&#8220; border_radii_image=&#8220;on|6px|6px|6px|6px&#8220; global_colors_info=&#8220;{}&#8220; background__hover_enabled=&#8220;on|hover&#8220; background_color__hover=&#8220;rgba(32,79,138,0.14)&#8220; background_enable_color__hover=&#8220;on&#8220;]<\/p>\n<p><span>Alles aus einer Hand: Einstufungstest, Onlinebuch, pers\u00f6nliche Beratung und Beh\u00f6rden\u00adhilfe. So startest du stressfrei in dein Deutsch\u00adtraining.<\/span><\/p>\n<p>[\/et_pb_blurb][et_pb_blurb title=&#8220;Businesskurse&#8220; use_icon=&#8220;on&#8220; font_icon=&#8220;&#xf058;||fa||900&#8243; icon_color=&#8220;#03045e&#8220; icon_placement=&#8220;left&#8220; image_icon_width=&#8220;40px&#8220; content_max_width=&#8220;100%&#8220; _builder_version=&#8220;4.27.4&#8243; _dynamic_attributes=&#8220;link_option_url&#8220; _module_preset=&#8220;65059203-12d3-44f6-8371-3f5cf61a0475&#8243; header_level=&#8220;h3&#8243; header_font=&#8220;&#8211;et_global_heading_font|Cormorant Garamond_weight|||||||&#8220; header_text_color=&#8220;#0e0c19&#8243; header_font_size=&#8220;18px&#8220; header_line_height=&#8220;1.4em&#8220; body_font=&#8220;&#8211;et_global_body_font|Proza Libre_weight|||||||&#8220; body_text_color=&#8220;#3c3a47&#8243; body_font_size=&#8220;16px&#8220; body_line_height=&#8220;1.75em&#8220; body_link_text_color=&#8220;#03045e&#8220; animation=&#8220;off&#8220; link_option_url=&#8220;@ET-DC@eyJkeW5hbWljIjp0cnVlLCJjb250ZW50IjoicG9zdF9saW5rX3VybF9wYWdlIiwic2V0dGluZ3MiOnsicG9zdF9pZCI6IjEzNDY2In19@&#8220; header_font_size_tablet=&#8220;15px&#8220; header_font_size_phone=&#8220;14px&#8220; header_font_size_last_edited=&#8220;on|phone&#8220; body_font_size_tablet=&#8220;15px&#8220; body_font_size_phone=&#8220;14px&#8220; body_font_size_last_edited=&#8220;on|desktop&#8220; border_radii_image=&#8220;on|6px|6px|6px|6px&#8220; global_colors_info=&#8220;{}&#8220; background__hover_enabled=&#8220;on|hover&#8220; background_color__hover=&#8220;rgba(32,79,138,0.14)&#8220; background_enable_color__hover=&#8220;on&#8220;]<\/p>\n<p><span>Sprachtrainings f\u00fcr jeden Arbeits\u00adbereich: Gesundheits\u00adwesen, IT, Tourismus u.v.m. Wir passen die Inhalte genau an deine Branche an.<\/span><\/p>\n<p>[\/et_pb_blurb][et_pb_blurb title=&#8220;Kurse f\u00fcr \u00c4rzte und \u00c4rztinnen&#8220; use_icon=&#8220;on&#8220; font_icon=&#8220;&#xf058;||fa||900&#8243; icon_color=&#8220;#03045e&#8220; icon_placement=&#8220;left&#8220; image_icon_width=&#8220;40px&#8220; content_max_width=&#8220;100%&#8220; _builder_version=&#8220;4.27.4&#8243; _dynamic_attributes=&#8220;link_option_url&#8220; _module_preset=&#8220;65059203-12d3-44f6-8371-3f5cf61a0475&#8243; header_level=&#8220;h3&#8243; header_font=&#8220;&#8211;et_global_heading_font|Cormorant Garamond_weight|||||||&#8220; header_text_color=&#8220;#0e0c19&#8243; header_font_size=&#8220;18px&#8220; header_line_height=&#8220;1.4em&#8220; body_font=&#8220;&#8211;et_global_body_font|Proza Libre_weight|||||||&#8220; body_text_color=&#8220;#3c3a47&#8243; body_font_size=&#8220;16px&#8220; body_line_height=&#8220;1.75em&#8220; body_link_text_color=&#8220;#03045e&#8220; background_color=&#8220;#FFFFFF&#8220; animation=&#8220;off&#8220; link_option_url=&#8220;@ET-DC@eyJkeW5hbWljIjp0cnVlLCJjb250ZW50IjoicG9zdF9saW5rX3VybF9wYWdlIiwic2V0dGluZ3MiOnsicG9zdF9pZCI6IjE0MzExIn19@&#8220; header_font_size_tablet=&#8220;15px&#8220; header_font_size_phone=&#8220;14px&#8220; header_font_size_last_edited=&#8220;on|phone&#8220; body_font_size_tablet=&#8220;15px&#8220; body_font_size_phone=&#8220;14px&#8220; body_font_size_last_edited=&#8220;on|desktop&#8220; border_radii_image=&#8220;on|6px|6px|6px|6px&#8220; global_colors_info=&#8220;{}&#8220; background__hover_enabled=&#8220;on|hover&#8220; background_color__hover=&#8220;rgba(32,79,138,0.14)&#8220; background_enable_color__hover=&#8220;on&#8220;]<\/p>\n<p><span>Bereite dich auf Fach\u00adsprachpr\u00fcfungen und den Klinik\u00adalltag vor. \u00dcbe Anamnese, Arztbriefe und medizinische Fach\u00adbegriffe in Rollenspielen.<\/span><\/p>\n<p>[\/et_pb_blurb][\/et_pb_column][\/et_pb_row][\/et_pb_section][et_pb_section fb_built=&#8220;1&#8243; fullwidth=&#8220;on&#8220; module_id=&#8220;typeform&#8220; _builder_version=&#8220;4.27.4&#8243; _module_preset=&#8220;default&#8220; global_colors_info=&#8220;{}&#8220;][et_pb_fullwidth_code _builder_version=&#8220;4.27.4&#8243; _module_preset=&#8220;default&#8220; global_colors_info=&#8220;{}&#8220;]<!-- [et_pb_line_break_holder] -->[\/et_pb_fullwidth_code][\/et_pb_section]<\/p>\n","protected":false},"excerpt":{"rendered":"<p>Beratung &#038; Kontakt Du&#8230;<\/p>\n","protected":false},"author":3,"featured_media":0,"parent":0,"menu_order":0,"comment_status":"closed","ping_status":"closed","template":"","meta":{"_et_pb_use_builder":"on","_et_pb_old_content":"<!-- wp:html -->\n<div data-tf-live=\"01JT03VCAJ0SZJKMCB840X32SP\"><\/div><script src=\"\/\/embed.typeform.com\/next\/embed.js\"><\/script>\n<!-- \/wp:html -->","_et_gb_content_width":"","footnotes":""},"class_list":["post-13306","page","type-page","status-publish","hentry"],"jetpack_sharing_enabled":true,"_links":{"self":[{"href":"https:\/\/germaninstitute.com\/de\/wp-json\/wp\/v2\/pages\/13306","targetHints":{"allow":["GET"]}}],"collection":[{"href":"https:\/\/germaninstitute.com\/de\/wp-json\/wp\/v2\/pages"}],"about":[{"href":"https:\/\/germaninstitute.com\/de\/wp-json\/wp\/v2\/types\/page"}],"author":[{"embeddable":true,"href":"https:\/\/germaninstitute.com\/de\/wp-json\/wp\/v2\/users\/3"}],"replies":[{"embeddable":true,"href":"https:\/\/germaninstitute.com\/de\/wp-json\/wp\/v2\/comments?post=13306"}],"version-history":[{"count":30,"href":"https:\/\/germaninstitute.com\/de\/wp-json\/wp\/v2\/pages\/13306\/revisions"}],"predecessor-version":[{"id":67380,"href":"https:\/\/germaninstitute.com\/de\/wp-json\/wp\/v2\/pages\/13306\/revisions\/67380"}],"wp:attachment":[{"href":"https:\/\/germaninstitute.com\/de\/wp-json\/wp\/v2\/media?parent=13306"}],"curies":[{"name":"wp","href":"https:\/\/api.w.org\/{rel}","templated":true}]}}