{"id":12900,"date":"2025-02-10T11:03:40","date_gmt":"2025-02-10T10:03:40","guid":{"rendered":"https:\/\/germaninstitute.com\/de\/?page_id=12900"},"modified":"2026-01-15T15:24:16","modified_gmt":"2026-01-15T14:24:16","slug":"a1-pruefung","status":"publish","type":"page","link":"https:\/\/germaninstitute.com\/de\/a1-pruefung\/","title":{"rendered":"A1 Pr\u00fcfung"},"content":{"rendered":"<p>[et_pb_section fb_built=&#8220;1&#8243; _builder_version=&#8220;4.16&#8243; _module_preset=&#8220;default&#8220; custom_margin=&#8220;0px||||false|false&#8220; custom_padding=&#8220;0px||||false|false&#8220; global_colors_info=&#8220;{}&#8220;][et_pb_row _builder_version=&#8220;4.27.4&#8243; _module_preset=&#8220;default&#8220; custom_margin=&#8220;|||35px|false|false&#8220; custom_padding=&#8220;38px||0px||false|false&#8220; global_colors_info=&#8220;{}&#8220;][et_pb_column type=&#8220;4_4&#8243; _builder_version=&#8220;4.16&#8243; _module_preset=&#8220;default&#8220; custom_padding=&#8220;|||&#8220; global_colors_info=&#8220;%91%93&#8243;][et_pb_heading title=&#8220;A1 Pr\u00fcfung&#8220; _builder_version=&#8220;4.27.4&#8243; _module_preset=&#8220;default&#8220; title_level=&#8220;h2&#8243; title_font=&#8220;Rubik||||||||&#8220; title_text_color=&#8220;#204f8a&#8220; title_font_size=&#8220;50px&#8220; title_line_height=&#8220;1.1em&#8220; custom_margin=&#8220;|||14px|false|false&#8220; custom_margin_tablet=&#8220;|||-35px|false|false&#8220; custom_margin_phone=&#8220;|||-20px|false|false&#8220; custom_margin_last_edited=&#8220;on|phone&#8220; custom_padding_tablet=&#8220;&#8220; custom_padding_phone=&#8220;&#8220; custom_padding_last_edited=&#8220;on|phone&#8220; title_font_size_tablet=&#8220;50px&#8220; title_font_size_phone=&#8220;35px&#8220; title_font_size_last_edited=&#8220;on|phone&#8220; locked=&#8220;off&#8220; global_colors_info=&#8220;{}&#8220;][\/et_pb_heading][\/et_pb_column][\/et_pb_row][et_pb_row column_structure=&#8220;1_2,1_2&#8243; _builder_version=&#8220;4.21.0&#8243; _module_preset=&#8220;default&#8220; global_colors_info=&#8220;{}&#8220;][et_pb_column type=&#8220;1_2&#8243; _builder_version=&#8220;4.21.0&#8243; _module_preset=&#8220;default&#8220; custom_padding=&#8220;|||&#8220; global_colors_info=&#8220;%91%93&#8243;][et_pb_text _builder_version=&#8220;4.27.5&#8243; _module_preset=&#8220;default&#8220; global_colors_info=&#8220;{}&#8220;]<\/p>\n<p>In einem A1 Deutschkurs bei German Institute bereitest du dich optimal auf den A1 Test vor. Du kannst deinen Kurs in der Schule oder online machen. Unsere Kurse sind kommunikativ und richten sich vorwiegend an Akademiker.<\/p>\n<p>Du bist Sch\u00fcler bei German Institute und m\u00f6chtest die A1 Pr\u00fcfung bei uns ablegen? Bist du Sch\u00fcler in einem Intensivkurs? Dann wirst du deine Pr\u00fcfung kostenlos ablegen und ein offizielles A1 Zertifikat erhalten.<\/p>\n<p>Bist du Sch\u00fcler in einem Abendkurs? Dann kannst du mit einem geringen Aufpreis eine Pr\u00fcfung ablegen und ein offizielles A1 Zertifikat erhalten. M\u00f6chtest du einen Pr\u00fcfungstermin buchen? Wende dich an unsere Rezeption oder <a href=\"https:\/\/germaninstitute.com\/de\/kontakt\/\">kontaktiere<\/a> uns per E-Mail.<\/p>\n<p>[\/et_pb_text][et_pb_button button_url=&#8220;https:\/\/germaninstitute.com\/de\/deutschkurs-a1\/#buchen&#8220; button_text=&#8220;Buchen&#8220; button_alignment=&#8220;center&#8220; _builder_version=&#8220;4.27.5&#8243; custom_button=&#8220;on&#8220; button_text_color=&#8220;#FFFFFF&#8220; button_bg_color=&#8220;#012243&#8243; button_font=&#8220;&#8211;et_global_body_font||||||||&#8220; custom_margin=&#8220;40px||0px|-400px|false|false&#8220; custom_margin_tablet=&#8220;|||0px|false|false&#8220; custom_margin_phone=&#8220;|||0px|false|false&#8220; custom_margin_last_edited=&#8220;on|phone&#8220; button_letter_spacing_hover=&#8220;1px&#8220; locked=&#8220;off&#8220; global_colors_info=&#8220;{}&#8220; button_text_size__hover_enabled=&#8220;off&#8220; button_one_text_size__hover_enabled=&#8220;off&#8220; button_two_text_size__hover_enabled=&#8220;off&#8220; button_text_color__hover_enabled=&#8220;off&#8220; button_one_text_color__hover_enabled=&#8220;off&#8220; button_two_text_color__hover_enabled=&#8220;off&#8220; button_border_width__hover_enabled=&#8220;off&#8220; button_one_border_width__hover_enabled=&#8220;off&#8220; button_two_border_width__hover_enabled=&#8220;off&#8220; button_border_color__hover_enabled=&#8220;off&#8220; button_one_border_color__hover_enabled=&#8220;off&#8220; button_two_border_color__hover_enabled=&#8220;off&#8220; button_border_radius__hover_enabled=&#8220;off&#8220; button_one_border_radius__hover_enabled=&#8220;off&#8220; button_two_border_radius__hover_enabled=&#8220;off&#8220; button_letter_spacing__hover_enabled=&#8220;on&#8220; button_letter_spacing__hover=&#8220;1px&#8220; button_one_letter_spacing__hover_enabled=&#8220;off&#8220; button_two_letter_spacing__hover_enabled=&#8220;off&#8220; button_bg_color__hover_enabled=&#8220;off&#8220; button_one_bg_color__hover_enabled=&#8220;off&#8220; button_two_bg_color__hover_enabled=&#8220;off&#8220;][\/et_pb_button][\/et_pb_column][et_pb_column type=&#8220;1_2&#8243; _builder_version=&#8220;4.21.0&#8243; _module_preset=&#8220;default&#8220; custom_padding=&#8220;|||&#8220; global_colors_info=&#8220;%91%93&#8243;][et_pb_image src=&#8220;https:\/\/germaninstitute.com\/de\/wp-content\/uploads\/2025\/02\/71233269_938922956480677_700296801319649280_o.jpg&#8220; title_text=&#8220;71233269_938922956480677_700296801319649280_o&#8220; _builder_version=&#8220;4.21.0&#8243; _module_preset=&#8220;default&#8220; border_radii=&#8220;on|20px|20px|20px|20px&#8220; global_colors_info=&#8220;{}&#8220;][\/et_pb_image][\/et_pb_column][\/et_pb_row][et_pb_row _builder_version=&#8220;4.16&#8243; _module_preset=&#8220;default&#8220; global_colors_info=&#8220;{}&#8220;][et_pb_column type=&#8220;4_4&#8243; _builder_version=&#8220;4.16&#8243; _module_preset=&#8220;default&#8220; custom_padding=&#8220;|||&#8220; global_colors_info=&#8220;%91%93&#8243;][et_pb_divider color=&#8220;gcid-9bb9bfe2-980a-472b-9544-d767cdb4022e&#8220; _builder_version=&#8220;4.27.4&#8243; _module_preset=&#8220;default&#8220; global_colors_info=&#8220;{%22gcid-9bb9bfe2-980a-472b-9544-d767cdb4022e%22:%91%22color%22%93}&#8220;][\/et_pb_divider][et_pb_text _builder_version=&#8220;4.27.4&#8243; _module_preset=&#8220;default&#8220; header_2_font=&#8220;Rubik||||||||&#8220; header_2_text_color=&#8220;gcid-9bb9bfe2-980a-472b-9544-d767cdb4022e&#8220; header_2_font_size=&#8220;30px&#8220; custom_padding=&#8220;3px|||||&#8220; global_colors_info=&#8220;{%22gcid-9bb9bfe2-980a-472b-9544-d767cdb4022e%22:%91%22header_2_text_color%22%93}&#8220;]<\/p>\n<h2 style=\"margin-bottom: 5px; text-align: center;\">Kostenloses Material zur Vorbereitung auf die A1 Pr\u00fcfung<\/h2>\n<p>[\/et_pb_text][\/et_pb_column][\/et_pb_row][et_pb_row column_structure=&#8220;1_4,3_4&#8243; _builder_version=&#8220;4.16&#8243; _module_preset=&#8220;default&#8220; locked=&#8220;off&#8220; global_colors_info=&#8220;{}&#8220;][et_pb_column type=&#8220;1_4&#8243; _builder_version=&#8220;4.16&#8243; _module_preset=&#8220;default&#8220; custom_padding=&#8220;|||&#8220; global_colors_info=&#8220;%91%93&#8243;][et_pb_image src=&#8220;https:\/\/germaninstitute.com\/de\/wp-content\/uploads\/2025\/02\/A1.jpg&#8220; title_text=&#8220;A1.jpg&#8220; url=&#8220;https:\/\/germaninstitute.com\/de\/courses\/a1-pruefungsvorbereitung\/&#8220; url_new_window=&#8220;on&#8220; _builder_version=&#8220;4.27.5&#8243; _module_preset=&#8220;default&#8220; global_colors_info=&#8220;{}&#8220;][\/et_pb_image][\/et_pb_column][et_pb_column type=&#8220;3_4&#8243; _builder_version=&#8220;4.16&#8243; _module_preset=&#8220;default&#8220; custom_padding=&#8220;|||&#8220; global_colors_info=&#8220;%91%93&#8243;][et_pb_text _builder_version=&#8220;4.27.5&#8243; _module_preset=&#8220;default&#8220; text_font=&#8220;&#8211;et_global_body_font||||||||&#8220; global_colors_info=&#8220;{}&#8220;]<\/p>\n<p><a href=\"https:\/\/germaninstitute.com\/de\/courses\/a1-pruefungsvorbereitung\/\" target=\"_blank\" rel=\"noopener\"><strong>A1 Pr\u00fcfungsvorbereitung bei German Institute (kostenlos)<\/strong><\/a><\/p>\n<p>Auf unserer Website findest du eine kostenlose Pr\u00fcfungsvorbereitung f\u00fcr die A1 Pr\u00fcfung.<\/p>\n<p>[\/et_pb_text][\/et_pb_column][\/et_pb_row][et_pb_row column_structure=&#8220;1_4,3_4&#8243; _builder_version=&#8220;4.16&#8243; _module_preset=&#8220;default&#8220; global_colors_info=&#8220;{}&#8220;][et_pb_column type=&#8220;1_4&#8243; _builder_version=&#8220;4.16&#8243; _module_preset=&#8220;default&#8220; custom_padding=&#8220;|||&#8220; global_colors_info=&#8220;%91%93&#8243;][et_pb_image src=&#8220;https:\/\/germaninstitute.com\/de\/wp-content\/uploads\/2025\/02\/logo.svg&#8220; title_text=&#8220;logo&#8220; url=&#8220;https:\/\/www.telc.net\/pruefungsteilnehmende\/sprachpruefungen\/pruefungen\/detail\/telc-deutsch-a1.html#t=2&#8243; _builder_version=&#8220;4.16&#8243; _module_preset=&#8220;default&#8220; global_colors_info=&#8220;{}&#8220;][\/et_pb_image][\/et_pb_column][et_pb_column type=&#8220;3_4&#8243; _builder_version=&#8220;4.16&#8243; _module_preset=&#8220;default&#8220; custom_padding=&#8220;|||&#8220; global_colors_info=&#8220;%91%93&#8243;][et_pb_text _builder_version=&#8220;4.27.5&#8243; _module_preset=&#8220;default&#8220; text_font=&#8220;&#8211;et_global_body_font||||||||&#8220; global_colors_info=&#8220;{}&#8220;]<\/p>\n<p><a href=\"https:\/\/www.telc.net\/pruefungsteilnehmende\/sprachpruefungen\/pruefungen\/detail\/telc-deutsch-a1.html#t=2\" target=\"_blank\" rel=\"noopener\"><strong>Modellsatz TELC A1 Pr\u00fcfung\u00a0(kostenlos)<\/a><\/strong><\/p>\n<p>Auf der TELC Internetseite findest du kostenlose Modells\u00e4tze f\u00fcr die\u00a0A1 Pr\u00fcfung.<\/p>\n<p>[\/et_pb_text][\/et_pb_column][\/et_pb_row][et_pb_row column_structure=&#8220;1_4,3_4&#8243; _builder_version=&#8220;4.16&#8243; _module_preset=&#8220;default&#8220; global_colors_info=&#8220;{}&#8220;][et_pb_column type=&#8220;1_4&#8243; _builder_version=&#8220;4.16&#8243; _module_preset=&#8220;default&#8220; custom_padding=&#8220;|||&#8220; global_colors_info=&#8220;%91%93&#8243;][et_pb_image src=&#8220;https:\/\/germaninstitute.com\/de\/wp-content\/uploads\/2025\/02\/Logo_GoetheInstitut_2011.svg&#8220; title_text=&#8220;Logo_GoetheInstitut_2011&#8243; url=&#8220;https:\/\/www.goethe.de\/pro\/relaunch\/prf\/materialien\/A1_sd1\/sd_1_modellsatz.pdf&#8220; _builder_version=&#8220;4.27.5&#8243; _module_preset=&#8220;default&#8220; hover_enabled=&#8220;0&#8243; global_colors_info=&#8220;{}&#8220; sticky_enabled=&#8220;0&#8243;][\/et_pb_image][\/et_pb_column][et_pb_column type=&#8220;3_4&#8243; _builder_version=&#8220;4.16&#8243; _module_preset=&#8220;default&#8220; custom_padding=&#8220;|||&#8220; global_colors_info=&#8220;%91%93&#8243;][et_pb_text _builder_version=&#8220;4.27.5&#8243; _module_preset=&#8220;default&#8220; text_font=&#8220;&#8211;et_global_body_font||||||||&#8220; hover_enabled=&#8220;0&#8243; global_colors_info=&#8220;{}&#8220; sticky_enabled=&#8220;0&#8243;]<\/p>\n<p><a href=\"https:\/\/www.goethe.de\/pro\/relaunch\/prf\/materialien\/A1_sd1\/sd_1_modellsatz.pdf\" target=\"_blank\" rel=\"noopener\"><strong>Modellsatz Goethe-Zertifikat A1 (kostenlos)<\/strong><\/a><\/p>\n<p>Auf der Internetseite des Goethe Instituts findest du kostenlose Modells\u00e4tze f\u00fcr die A1 Pr\u00fcfung.<\/p>\n<p>[\/et_pb_text][\/et_pb_column][\/et_pb_row][et_pb_row column_structure=&#8220;1_4,3_4&#8243; _builder_version=&#8220;4.16&#8243; _module_preset=&#8220;default&#8220; global_colors_info=&#8220;{}&#8220;][et_pb_column type=&#8220;1_4&#8243; _builder_version=&#8220;4.16&#8243; _module_preset=&#8220;default&#8220; custom_padding=&#8220;|||&#8220; global_colors_info=&#8220;%91%93&#8243;][et_pb_image src=&#8220;https:\/\/germaninstitute.com\/de\/wp-content\/uploads\/2025\/02\/Logo_OSD_Signet.png&#8220; title_text=&#8220;Logo_OSD_Signet&#8220; url=&#8220;https:\/\/www.osd.at\/die-pruefungen\/osd-prufungen\/oesd-zertifikat-a1\/&#8220; _builder_version=&#8220;4.16&#8243; _module_preset=&#8220;default&#8220; global_colors_info=&#8220;{}&#8220;][\/et_pb_image][\/et_pb_column][et_pb_column type=&#8220;3_4&#8243; _builder_version=&#8220;4.16&#8243; _module_preset=&#8220;default&#8220; custom_padding=&#8220;|||&#8220; global_colors_info=&#8220;%91%93&#8243;][et_pb_text _builder_version=&#8220;4.27.5&#8243; _module_preset=&#8220;default&#8220; text_font=&#8220;&#8211;et_global_body_font||||||||&#8220; global_colors_info=&#8220;{}&#8220;]<\/p>\n<p><a href=\"https:\/\/www.osd.at\/die-pruefungen\/osd-prufungen\/oesd-zertifikat-a1\/\" target=\"_blank\" rel=\"noopener\"><strong>Modellsatz \u00d6SD\u00a0(kostenlos)<\/a><\/strong><\/p>\n<p>Auf der Internetseite des \u00d6SD findest du kostenlose Modells\u00e4tze.<\/p>\n<p>[\/et_pb_text][\/et_pb_column][\/et_pb_row][et_pb_row _builder_version=&#8220;4.16&#8243; _module_preset=&#8220;default&#8220; global_colors_info=&#8220;{}&#8220;][et_pb_column type=&#8220;4_4&#8243; _builder_version=&#8220;4.16&#8243; _module_preset=&#8220;default&#8220; custom_padding=&#8220;|||&#8220; global_colors_info=&#8220;%91%93&#8243;][et_pb_divider color=&#8220;gcid-9bb9bfe2-980a-472b-9544-d767cdb4022e&#8220; _builder_version=&#8220;4.27.4&#8243; _module_preset=&#8220;default&#8220; global_colors_info=&#8220;{%22gcid-9bb9bfe2-980a-472b-9544-d767cdb4022e%22:%91%22color%22%93}&#8220;][\/et_pb_divider][et_pb_text _builder_version=&#8220;4.27.4&#8243; _module_preset=&#8220;default&#8220; header_2_font=&#8220;Rubik||||||||&#8220; header_2_text_color=&#8220;gcid-9bb9bfe2-980a-472b-9544-d767cdb4022e&#8220; header_2_font_size=&#8220;30px&#8220; custom_padding=&#8220;3px|||||&#8220; global_colors_info=&#8220;{%22gcid-9bb9bfe2-980a-472b-9544-d767cdb4022e%22:%91%22header_2_text_color%22%93}&#8220;]<\/p>\n<h2 style=\"margin-bottom: 5px; text-align: center;\">Informationen\u00a0zum A1 Zertifikat<\/h2>\n<p>[\/et_pb_text][\/et_pb_column][\/et_pb_row][et_pb_row column_structure=&#8220;1_4,1_4,1_4,1_4&#8243; _builder_version=&#8220;4.16&#8243; _module_preset=&#8220;default&#8220; global_colors_info=&#8220;{}&#8220;][et_pb_column type=&#8220;1_4&#8243; _builder_version=&#8220;4.16&#8243; _module_preset=&#8220;default&#8220; custom_padding=&#8220;|||&#8220; global_colors_info=&#8220;%91%93&#8243;][et_pb_image src=&#8220;https:\/\/germaninstitute.com\/de\/wp-content\/uploads\/2025\/02\/lesen-scaled-1.jpg&#8220; alt=&#8220;Deutsch lernen A1 &#8211; Deutschkurs mit Nadja&#8220; title_text=&#8220;lesen&#8220; _builder_version=&#8220;4.16&#8243; _module_preset=&#8220;default&#8220; border_radii=&#8220;on|20px|20px|20px|20px&#8220; global_colors_info=&#8220;{}&#8220;][\/et_pb_image][et_pb_text _builder_version=&#8220;4.27.4&#8243; _module_preset=&#8220;default&#8220; text_font=&#8220;&#8211;et_global_body_font||||||||&#8220; text_text_color=&#8220;gcid-9bb9bfe2-980a-472b-9544-d767cdb4022e&#8220; global_colors_info=&#8220;{%22gcid-9bb9bfe2-980a-472b-9544-d767cdb4022e%22:%91%22text_text_color%22%93}&#8220;]<\/p>\n<p style=\"text-align: center;\"><strong>LESEN (25 Minuten)<\/strong><\/p>\n<p>[\/et_pb_text][et_pb_text _builder_version=&#8220;4.27.4&#8243; _module_preset=&#8220;default&#8220; text_font=&#8220;&#8211;et_global_body_font||||||||&#8220; global_colors_info=&#8220;{}&#8220;]<\/p>\n<p><strong>Teil 1<\/strong><br \/>Lesen Sie zwei Texte und die Aufgaben. Kreuzen Sie an: Richtig oder falsch.<\/p>\n<p><strong>Teil 2<br \/><\/strong>Lesen Sie die Texte und die Aufgaben. Kreuzen Sie an: a oder b.<\/p>\n<p><strong>Teil 3<\/strong><br \/>Lesen Sie die Texte und die Aufgaben. Kreuzen Sie an: Richtig oder falsch.<\/p>\n<p>&nbsp;<\/p>\n<p>[\/et_pb_text][\/et_pb_column][et_pb_column type=&#8220;1_4&#8243; _builder_version=&#8220;4.16&#8243; _module_preset=&#8220;default&#8220; custom_padding=&#8220;|||&#8220; global_colors_info=&#8220;%91%93&#8243;][et_pb_image src=&#8220;https:\/\/germaninstitute.com\/de\/wp-content\/uploads\/2025\/02\/hoeren-scaled-1.jpg&#8220; alt=&#8220;Deutsch lernen A1 &#8211; Deutschkurs mit Nadja&#8220; title_text=&#8220;h\u00f6ren&#8220; _builder_version=&#8220;4.16&#8243; _module_preset=&#8220;default&#8220; border_radii=&#8220;on|20px|20px|20px|20px&#8220; global_colors_info=&#8220;{}&#8220;][\/et_pb_image][et_pb_text _builder_version=&#8220;4.27.4&#8243; _module_preset=&#8220;default&#8220; text_font=&#8220;&#8211;et_global_body_font||||||||&#8220; text_text_color=&#8220;gcid-9bb9bfe2-980a-472b-9544-d767cdb4022e&#8220; global_colors_info=&#8220;{%22gcid-9bb9bfe2-980a-472b-9544-d767cdb4022e%22:%91%22text_text_color%22%93}&#8220;]<\/p>\n<p style=\"text-align: center;\"><strong>H\u00d6REN (20 Minuten)<\/strong><\/p>\n<p>[\/et_pb_text][et_pb_text _builder_version=&#8220;4.16&#8243; _module_preset=&#8220;default&#8220; global_colors_info=&#8220;{}&#8220;]<\/p>\n<p><strong>Teil 1<br \/><\/strong>Kreuzen Sie an: a, b, c<br \/>Sie h\u00f6ren jeden Text <span style=\"text-decoration: underline;\">zweimal<\/span>.<\/p>\n<p><strong>Teil 2<br \/><\/strong>Kreuzen Sie an: Richtig oder Falsch. Sie h\u00f6ren jeden Text <span style=\"text-decoration: underline;\">einmal<\/span>.<\/p>\n<p><strong>Teil 3<\/strong><br \/>Kreuzen Sie an: a, b, c<br \/>Sie h\u00f6ren jeden Text <span style=\"text-decoration: underline;\">zweimal<\/span>. \u00a0<\/p>\n<p>&nbsp;<\/p>\n<p>[\/et_pb_text][\/et_pb_column][et_pb_column type=&#8220;1_4&#8243; _builder_version=&#8220;4.16&#8243; _module_preset=&#8220;default&#8220; custom_padding=&#8220;|||&#8220; global_colors_info=&#8220;%91%93&#8243;][et_pb_image src=&#8220;https:\/\/germaninstitute.com\/de\/wp-content\/uploads\/2025\/02\/schreiben-scaled-1.jpg&#8220; alt=&#8220;Schreiben&#8220; title_text=&#8220;Schreiben&#8220; _builder_version=&#8220;4.16&#8243; _module_preset=&#8220;default&#8220; border_radii=&#8220;on|20px|20px|20px|20px&#8220; global_colors_info=&#8220;{}&#8220;][\/et_pb_image][et_pb_text _builder_version=&#8220;4.27.4&#8243; _module_preset=&#8220;default&#8220; text_font=&#8220;&#8211;et_global_body_font||||||||&#8220; text_text_color=&#8220;gcid-9bb9bfe2-980a-472b-9544-d767cdb4022e&#8220; global_colors_info=&#8220;{%22gcid-9bb9bfe2-980a-472b-9544-d767cdb4022e%22:%91%22text_text_color%22%93}&#8220;]<\/p>\n<p style=\"text-align: center;\"><strong>SCHREIBEN (20 Minuten)<\/strong><\/p>\n<p>[\/et_pb_text][et_pb_text _builder_version=&#8220;4.16&#8243; _module_preset=&#8220;default&#8220; global_colors_info=&#8220;{}&#8220;]<\/p>\n<p><strong>Teil 1<\/strong><br \/> Sie f\u00fcllen ein Formular aus.<\/p>\n<p><strong>Teil 2<\/strong><br \/> Sie schreiben einen kurzen pers\u00f6nlichen Text zu einer Alltagssituation. (E-Mail \/ Brief)<\/p>\n<p>[\/et_pb_text][\/et_pb_column][et_pb_column type=&#8220;1_4&#8243; _builder_version=&#8220;4.16&#8243; _module_preset=&#8220;default&#8220; custom_padding=&#8220;|||&#8220; global_colors_info=&#8220;%91%93&#8243;][et_pb_image src=&#8220;https:\/\/germaninstitute.com\/de\/wp-content\/uploads\/2025\/02\/sprechen-scaled-1.jpg&#8220; alt=&#8220;Sprechen&#8220; title_text=&#8220;Sprechen&#8220; _builder_version=&#8220;4.16&#8243; _module_preset=&#8220;default&#8220; border_radii=&#8220;on|20px|20px|20px|20px&#8220; global_colors_info=&#8220;{}&#8220;][\/et_pb_image][et_pb_text _builder_version=&#8220;4.27.4&#8243; _module_preset=&#8220;default&#8220; text_font=&#8220;&#8211;et_global_body_font||||||||&#8220; text_text_color=&#8220;gcid-9bb9bfe2-980a-472b-9544-d767cdb4022e&#8220; global_colors_info=&#8220;{%22gcid-9bb9bfe2-980a-472b-9544-d767cdb4022e%22:%91%22text_text_color%22%93}&#8220;]<\/p>\n<p style=\"text-align: center;\"><strong>SPRECHEN (15 Minuten)<\/strong><\/p>\n<p>[\/et_pb_text][et_pb_text _builder_version=&#8220;4.16&#8243; _module_preset=&#8220;default&#8220; global_colors_info=&#8220;{}&#8220;]<\/p>\n<p><strong>Teil 1<br \/><\/strong>Sie stellen sich vor: Name, Alter, Land, Wohnort, Sprachen, Beruf, Hobby<\/p>\n<p><strong>Teil 2<br \/><\/strong>Sie bitten um Informationen und geben Informationen.<\/p>\n<p><strong>Teil 3<\/strong><br \/>Sie formulieren Bitten und reagieren darauf.<\/p>\n<p>[\/et_pb_text][\/et_pb_column][\/et_pb_row][\/et_pb_section]<\/p>\n","protected":false},"excerpt":{"rendered":"<p>A1 Pr\u00fcfung In einem A1&#8230;<\/p>\n","protected":false},"author":3,"featured_media":0,"parent":0,"menu_order":0,"comment_status":"closed","ping_status":"closed","template":"","meta":{"_et_pb_use_builder":"on","_et_pb_old_content":"","_et_gb_content_width":"","footnotes":""},"class_list":["post-12900","page","type-page","status-publish","hentry"],"jetpack_sharing_enabled":true,"_links":{"self":[{"href":"https:\/\/germaninstitute.com\/de\/wp-json\/wp\/v2\/pages\/12900","targetHints":{"allow":["GET"]}}],"collection":[{"href":"https:\/\/germaninstitute.com\/de\/wp-json\/wp\/v2\/pages"}],"about":[{"href":"https:\/\/germaninstitute.com\/de\/wp-json\/wp\/v2\/types\/page"}],"author":[{"embeddable":true,"href":"https:\/\/germaninstitute.com\/de\/wp-json\/wp\/v2\/users\/3"}],"replies":[{"embeddable":true,"href":"https:\/\/germaninstitute.com\/de\/wp-json\/wp\/v2\/comments?post=12900"}],"version-history":[{"count":21,"href":"https:\/\/germaninstitute.com\/de\/wp-json\/wp\/v2\/pages\/12900\/revisions"}],"predecessor-version":[{"id":64527,"href":"https:\/\/germaninstitute.com\/de\/wp-json\/wp\/v2\/pages\/12900\/revisions\/64527"}],"wp:attachment":[{"href":"https:\/\/germaninstitute.com\/de\/wp-json\/wp\/v2\/media?parent=12900"}],"curies":[{"name":"wp","href":"https:\/\/api.w.org\/{rel}","templated":true}]}}