{"id":12899,"date":"2025-02-10T11:02:51","date_gmt":"2025-02-10T10:02:51","guid":{"rendered":"https:\/\/germaninstitute.com\/de\/?page_id=12899"},"modified":"2026-01-14T17:41:28","modified_gmt":"2026-01-14T16:41:28","slug":"a1-wortschatz","status":"publish","type":"page","link":"https:\/\/germaninstitute.com\/de\/a1-wortschatz\/","title":{"rendered":"A1 Wortschatz"},"content":{"rendered":"<p>[et_pb_section fb_built=&#8220;1&#8243; _builder_version=&#8220;4.27.4&#8243; _module_preset=&#8220;default&#8220; custom_margin=&#8220;0px||||false|false&#8220; custom_margin_tablet=&#8220;0px||||false|false&#8220; custom_margin_phone=&#8220;0px|-1px||-1px|false|false&#8220; custom_margin_last_edited=&#8220;on|phone&#8220; custom_padding=&#8220;0px||||false|false&#8220; global_colors_info=&#8220;{}&#8220;][et_pb_row _builder_version=&#8220;4.27.4&#8243; _module_preset=&#8220;default&#8220; custom_margin=&#8220;|||35px|false|false&#8220; custom_padding=&#8220;38px||0px||false|false&#8220; global_colors_info=&#8220;{}&#8220;][et_pb_column type=&#8220;4_4&#8243; _builder_version=&#8220;4.16&#8243; _module_preset=&#8220;default&#8220; custom_padding=&#8220;|||&#8220; global_colors_info=&#8220;%91%93&#8243;][et_pb_heading title=&#8220;A1 Wortschatz&#8220; _builder_version=&#8220;4.27.4&#8243; _module_preset=&#8220;default&#8220; title_level=&#8220;h2&#8243; title_font=&#8220;Rubik||||||||&#8220; title_text_color=&#8220;#204f8a&#8220; title_font_size=&#8220;50px&#8220; title_line_height=&#8220;1.1em&#8220; custom_margin=&#8220;|||14px|false|false&#8220; custom_margin_tablet=&#8220;|||-35px|false|false&#8220; custom_margin_phone=&#8220;|||-20px|false|false&#8220; custom_margin_last_edited=&#8220;on|phone&#8220; custom_padding_tablet=&#8220;&#8220; custom_padding_phone=&#8220;&#8220; custom_padding_last_edited=&#8220;on|phone&#8220; title_font_size_tablet=&#8220;50px&#8220; title_font_size_phone=&#8220;35px&#8220; title_font_size_last_edited=&#8220;on|phone&#8220; locked=&#8220;off&#8220; global_colors_info=&#8220;{}&#8220;][\/et_pb_heading][\/et_pb_column][\/et_pb_row][et_pb_row column_structure=&#8220;1_2,1_2&#8243; _builder_version=&#8220;4.21.0&#8243; _module_preset=&#8220;default&#8220; global_colors_info=&#8220;{}&#8220;][et_pb_column type=&#8220;1_2&#8243; _builder_version=&#8220;4.21.0&#8243; _module_preset=&#8220;default&#8220; custom_padding=&#8220;|||&#8220; global_colors_info=&#8220;%91%93&#8243;][et_pb_text _builder_version=&#8220;4.27.4&#8243; _module_preset=&#8220;default&#8220; text_font=&#8220;&#8211;et_global_body_font||||||||&#8220; global_colors_info=&#8220;{}&#8220;]<\/p>\n<p>Du lernst schon im A1 Deutschkurs auf Deutsch zu kommunizieren. Zun\u00e4chst sprichst du noch in einfachen S\u00e4tzen. Zum Beispiel lernst du in deinem A1 Deutschkurs andere zu begr\u00fc\u00dfen und zu verabschieden. Du lernst nach ihrem Befinden zu fragen und dich vorzustellen. Au\u00dferdem lernst du \u00fcber deinen Beruf und Privates zu sprechen. Aber auch Familie und Freunde sind wichtige Themen in deinem A1 Deutschkurs. Deshalb lernst du dich mit ihnen zu verabreden und auszutauschen. Au\u00dferdem sprichst du \u00fcber deine Interessen und Hobbys, Reisen und Feste. Du lernst auch einfache Telefonate zu f\u00fchren, um Hilfe zu bitten und W\u00fcnsche zu \u00e4u\u00dfern. Deshalb kannst du dich dann in Deutschland besser orientieren. Wir bereiten dich auf wichtige Situationen im Alltag vor. Zum Beispiel einen Besuch beim Arzt, einen Einkauf\u2026<\/p>\n<p>In einem A1 Deutschkurs bei German Institute lernst du Wortschatz mit System. Du kannst deinen Kurs in der Schule im Zentrum von Stuttgart oder online machen. Unsere Kurse sind kommunikativ und richten sich vorwiegend an Akademiker.<\/p>\n<p>[\/et_pb_text][et_pb_button button_url=&#8220;https:\/\/germaninstitute.com\/de\/deutschkurs-a1\/#buchen&#8220; button_text=&#8220;Buchen&#8220; button_alignment=&#8220;center&#8220; _builder_version=&#8220;4.27.4&#8243; custom_button=&#8220;on&#8220; button_text_color=&#8220;#FFFFFF&#8220; button_bg_color=&#8220;#012243&#8243; button_font=&#8220;&#8211;et_global_body_font||||||||&#8220; custom_margin=&#8220;40px||0px|-400px|false|false&#8220; custom_margin_tablet=&#8220;|||0px|false|false&#8220; custom_margin_phone=&#8220;|||0px|false|false&#8220; custom_margin_last_edited=&#8220;on|phone&#8220; button_letter_spacing_hover=&#8220;1px&#8220; locked=&#8220;off&#8220; global_colors_info=&#8220;{}&#8220; button_text_size__hover_enabled=&#8220;off&#8220; button_one_text_size__hover_enabled=&#8220;off&#8220; button_two_text_size__hover_enabled=&#8220;off&#8220; button_text_color__hover_enabled=&#8220;off&#8220; button_one_text_color__hover_enabled=&#8220;off&#8220; button_two_text_color__hover_enabled=&#8220;off&#8220; button_border_width__hover_enabled=&#8220;off&#8220; button_one_border_width__hover_enabled=&#8220;off&#8220; button_two_border_width__hover_enabled=&#8220;off&#8220; button_border_color__hover_enabled=&#8220;off&#8220; button_one_border_color__hover_enabled=&#8220;off&#8220; button_two_border_color__hover_enabled=&#8220;off&#8220; button_border_radius__hover_enabled=&#8220;off&#8220; button_one_border_radius__hover_enabled=&#8220;off&#8220; button_two_border_radius__hover_enabled=&#8220;off&#8220; button_letter_spacing__hover_enabled=&#8220;on&#8220; button_letter_spacing__hover=&#8220;1px&#8220; button_one_letter_spacing__hover_enabled=&#8220;off&#8220; button_two_letter_spacing__hover_enabled=&#8220;off&#8220; button_bg_color__hover_enabled=&#8220;off&#8220; button_one_bg_color__hover_enabled=&#8220;off&#8220; button_two_bg_color__hover_enabled=&#8220;off&#8220;][\/et_pb_button][\/et_pb_column][et_pb_column type=&#8220;1_2&#8243; _builder_version=&#8220;4.21.0&#8243; _module_preset=&#8220;default&#8220; custom_padding=&#8220;|||&#8220; global_colors_info=&#8220;%91%93&#8243;][et_pb_image src=&#8220;https:\/\/germaninstitute.com\/de\/wp-content\/uploads\/2025\/02\/shutterstock_1443616958.jpg&#8220; title_text=&#8220;shutterstock_1443616958&#8243; _builder_version=&#8220;4.21.0&#8243; _module_preset=&#8220;default&#8220; border_radii=&#8220;on|20px|20px|20px|20px&#8220; global_colors_info=&#8220;{}&#8220;][\/et_pb_image][\/et_pb_column][\/et_pb_row][et_pb_row _builder_version=&#8220;4.21.0&#8243; _module_preset=&#8220;default&#8220; global_colors_info=&#8220;{}&#8220;][et_pb_column type=&#8220;4_4&#8243; _builder_version=&#8220;4.21.0&#8243; _module_preset=&#8220;default&#8220; custom_padding=&#8220;|||&#8220; global_colors_info=&#8220;%91%93&#8243;][et_pb_divider color=&#8220;gcid-9bb9bfe2-980a-472b-9544-d767cdb4022e&#8220; _builder_version=&#8220;4.27.4&#8243; _module_preset=&#8220;default&#8220; global_colors_info=&#8220;{%22gcid-9bb9bfe2-980a-472b-9544-d767cdb4022e%22:%91%22color%22%93}&#8220;][\/et_pb_divider][\/et_pb_column][\/et_pb_row][et_pb_row column_structure=&#8220;1_2,1_2&#8243; _builder_version=&#8220;4.16&#8243; _module_preset=&#8220;default&#8220; global_colors_info=&#8220;{}&#8220;][et_pb_column type=&#8220;1_2&#8243; _builder_version=&#8220;4.16&#8243; _module_preset=&#8220;default&#8220; custom_padding=&#8220;|||&#8220; global_colors_info=&#8220;%91%93&#8243;][et_pb_text _builder_version=&#8220;4.27.4&#8243; _module_preset=&#8220;default&#8220; header_2_font=&#8220;Rubik||||||||&#8220; header_2_text_color=&#8220;gcid-9bb9bfe2-980a-472b-9544-d767cdb4022e&#8220; header_2_font_size=&#8220;30px&#8220; global_colors_info=&#8220;{%22gcid-9bb9bfe2-980a-472b-9544-d767cdb4022e%22:%91%22header_2_text_color%22%93}&#8220;]<\/p>\n<h2>A1 Wortschatz (A1.1)<\/h2>\n<p>[\/et_pb_text][et_pb_text _builder_version=&#8220;4.16&#8243; _module_preset=&#8220;default&#8220; global_colors_info=&#8220;{}&#8220;]<\/p>\n<ul>\n<li><a href=\"https:\/\/kahoot.it\/challenge\/?quiz-id=0ca5a23d-3c04-4912-9ad9-d1414ca8224e&amp;single-player=true\" target=\"_blank\" rel=\"noopener\">Personalien<\/a><\/li>\n<li><a href=\"https:\/\/kahoot.it\/challenge\/?quiz-id=393872df-d77d-4f52-adff-04dce88e0f2a&amp;single-player=true\" target=\"_blank\" rel=\"noopener\">Berufe<\/a><\/li>\n<li>Familie<\/li>\n<li>Sprachen<\/li>\n<li><a href=\"https:\/\/kahoot.it\/challenge\/?quiz-id=49fab8c1-10e5-4dd1-9f2d-9c8e6f1f3edf&amp;single-player=true\" target=\"_blank\" rel=\"noopener\">Verkauf<\/a><\/li>\n<li><a href=\"https:\/\/kahoot.it\/challenge\/?quiz-id=9544fd96-14ed-4e29-9e81-a144e8cefc59&amp;single-player=true\" target=\"_blank\" rel=\"noopener\">M\u00f6bel<\/a><\/li>\n<li><a href=\"https:\/\/kahoot.it\/challenge\/?quiz-id=90adaf9e-145e-4674-af55-214043a98870&amp;single-player=true\" target=\"_blank\" rel=\"noopener\">Adjektive<\/a><\/li>\n<li><a href=\"https:\/\/kahoot.it\/challenge\/?quiz-id=a965ba2c-4757-483b-a4f7-20455bcbbd47&amp;single-player=true\" target=\"_blank\" rel=\"noopener\">Zahlen<\/a><\/li>\n<li>Materialien<\/li>\n<li>Gegenst\u00e4nde<\/li>\n<li>Im B\u00fcro<\/li>\n<li>Freizeit und Hobbys<\/li>\n<li>In der Stadt<\/li>\n<li>Lebensmittel<\/li>\n<li>Verkehr und Reisen<\/li>\n<li>Mein Tag<\/li>\n<li>Jahreszeiten<\/li>\n<\/ul>\n<p>[\/et_pb_text][\/et_pb_column][et_pb_column type=&#8220;1_2&#8243; _builder_version=&#8220;4.16&#8243; _module_preset=&#8220;default&#8220; custom_padding=&#8220;|||&#8220; global_colors_info=&#8220;%91%93&#8243;][et_pb_text _builder_version=&#8220;4.27.4&#8243; _module_preset=&#8220;default&#8220; header_2_font=&#8220;Rubik||||||||&#8220; header_2_text_color=&#8220;gcid-9bb9bfe2-980a-472b-9544-d767cdb4022e&#8220; header_2_font_size=&#8220;30px&#8220; global_colors_info=&#8220;{%22gcid-9bb9bfe2-980a-472b-9544-d767cdb4022e%22:%91%22header_2_text_color%22%93}&#8220;]<\/p>\n<h2>A1 Wortschatz (A1.2)<\/h2>\n<p>[\/et_pb_text][et_pb_text _builder_version=&#8220;4.16&#8243; _module_preset=&#8220;default&#8220; global_colors_info=&#8220;{}&#8220;]<\/p>\n<ul>\n<li>In der Stadt<\/li>\n<li><a href=\"https:\/\/kahoot.it\/challenge\/?quiz-id=4d3b5b90-aefa-4add-b4dd-240b045e0d4f&amp;single-player=true\" target=\"_blank\" rel=\"noopener\">Haus\/Wohnung<\/a><\/li>\n<li>Im Hotel<\/li>\n<li>Ausbildung<\/li>\n<li>Gesundheit und Krankheit<\/li>\n<li>K\u00f6rper<\/li>\n<li>Aussehen<\/li>\n<li>Charakter<\/li>\n<li><a href=\"https:\/\/kahoot.it\/challenge\/?quiz-id=4d3b5b90-aefa-4add-b4dd-240b045e0d4f&amp;single-player=true\" target=\"_blank\" rel=\"noopener\">Im Haushalt<\/a><\/li>\n<li>Im Stra\u00dfenverkehr<\/li>\n<li><a href=\"https:\/\/kahoot.it\/challenge\/?quiz-id=8482da3c-888d-44ee-9362-ff9d7a36b5c1&amp;single-player=true\" target=\"_blank\" rel=\"noopener\">Kleidung<\/a><\/li>\n<li>Wetter<\/li>\n<li>Feste und Feiern<\/li>\n<\/ul>\n<p>[\/et_pb_text][\/et_pb_column][\/et_pb_row][et_pb_row _builder_version=&#8220;4.16&#8243; _module_preset=&#8220;default&#8220; global_colors_info=&#8220;{}&#8220;][et_pb_column type=&#8220;4_4&#8243; _builder_version=&#8220;4.16&#8243; _module_preset=&#8220;default&#8220; custom_padding=&#8220;|||&#8220; global_colors_info=&#8220;%91%93&#8243;][et_pb_divider color=&#8220;gcid-9bb9bfe2-980a-472b-9544-d767cdb4022e&#8220; _builder_version=&#8220;4.27.4&#8243; _module_preset=&#8220;default&#8220; global_colors_info=&#8220;{%22gcid-9bb9bfe2-980a-472b-9544-d767cdb4022e%22:%91%22color%22%93}&#8220;][\/et_pb_divider][\/et_pb_column][\/et_pb_row][et_pb_row _builder_version=&#8220;4.27.4&#8243; _module_preset=&#8220;default&#8220; global_colors_info=&#8220;{}&#8220;][et_pb_column type=&#8220;4_4&#8243; _builder_version=&#8220;4.21.0&#8243; _module_preset=&#8220;default&#8220; custom_padding=&#8220;|||&#8220; global_colors_info=&#8220;%91%93&#8243;][et_pb_text _builder_version=&#8220;4.27.4&#8243; _module_preset=&#8220;default&#8220; text_font=&#8220;&#8211;et_global_body_font||||||||&#8220; header_2_font=&#8220;Rubik||||||||&#8220; header_2_text_color=&#8220;gcid-9bb9bfe2-980a-472b-9544-d767cdb4022e&#8220; header_2_font_size=&#8220;35px&#8220; locked=&#8220;off&#8220; global_colors_info=&#8220;{%22gcid-9bb9bfe2-980a-472b-9544-d767cdb4022e%22:%91%22header_2_text_color%22%93}&#8220;]<\/p>\n<h2 style=\"margin-bottom: 16px;\">A1 Grammatik<\/h2>\n<p>Du m\u00f6chtest Grammatik \u00fcben? German Institute bietet dir einige kostenlose \u00dcbungen dazu an.<\/p>\n<p>[\/et_pb_text][et_pb_button button_url=&#8220;@ET-DC@eyJkeW5hbWljIjp0cnVlLCJjb250ZW50IjoicG9zdF9saW5rX3VybF9wYWdlIiwic2V0dGluZ3MiOnsicG9zdF9pZCI6IjEyOTAxIn19@&#8220; button_text=&#8220;\u00dcbungen&#8220; button_alignment=&#8220;center&#8220; _builder_version=&#8220;4.27.4&#8243; _dynamic_attributes=&#8220;button_url&#8220; custom_button=&#8220;on&#8220; button_text_color=&#8220;#FFFFFF&#8220; button_bg_color=&#8220;#012243&#8243; button_font=&#8220;&#8211;et_global_body_font||||||||&#8220; custom_margin=&#8220;35px||0px|-953px|false|false&#8220; custom_margin_tablet=&#8220;|||0px|false|false&#8220; custom_margin_phone=&#8220;|||0px|false|false&#8220; custom_margin_last_edited=&#8220;on|tablet&#8220; button_letter_spacing_hover=&#8220;1px&#8220; locked=&#8220;off&#8220; global_colors_info=&#8220;{}&#8220; button_text_size__hover_enabled=&#8220;off&#8220; button_one_text_size__hover_enabled=&#8220;off&#8220; button_two_text_size__hover_enabled=&#8220;off&#8220; button_text_color__hover_enabled=&#8220;off&#8220; button_one_text_color__hover_enabled=&#8220;off&#8220; button_two_text_color__hover_enabled=&#8220;off&#8220; button_border_width__hover_enabled=&#8220;off&#8220; button_one_border_width__hover_enabled=&#8220;off&#8220; button_two_border_width__hover_enabled=&#8220;off&#8220; button_border_color__hover_enabled=&#8220;off&#8220; button_one_border_color__hover_enabled=&#8220;off&#8220; button_two_border_color__hover_enabled=&#8220;off&#8220; button_border_radius__hover_enabled=&#8220;off&#8220; button_one_border_radius__hover_enabled=&#8220;off&#8220; button_two_border_radius__hover_enabled=&#8220;off&#8220; button_letter_spacing__hover_enabled=&#8220;on&#8220; button_letter_spacing__hover=&#8220;1px&#8220; button_one_letter_spacing__hover_enabled=&#8220;off&#8220; button_two_letter_spacing__hover_enabled=&#8220;off&#8220; button_bg_color__hover_enabled=&#8220;off&#8220; button_one_bg_color__hover_enabled=&#8220;off&#8220; button_two_bg_color__hover_enabled=&#8220;off&#8220;][\/et_pb_button][\/et_pb_column][\/et_pb_row][\/et_pb_section]<\/p>\n","protected":false},"excerpt":{"rendered":"<p>A1 Wortschatz Du lernst&#8230;<\/p>\n","protected":false},"author":3,"featured_media":0,"parent":0,"menu_order":0,"comment_status":"closed","ping_status":"closed","template":"","meta":{"_et_pb_use_builder":"on","_et_pb_old_content":"","_et_gb_content_width":"","footnotes":""},"class_list":["post-12899","page","type-page","status-publish","hentry"],"jetpack_sharing_enabled":true,"_links":{"self":[{"href":"https:\/\/germaninstitute.com\/de\/wp-json\/wp\/v2\/pages\/12899","targetHints":{"allow":["GET"]}}],"collection":[{"href":"https:\/\/germaninstitute.com\/de\/wp-json\/wp\/v2\/pages"}],"about":[{"href":"https:\/\/germaninstitute.com\/de\/wp-json\/wp\/v2\/types\/page"}],"author":[{"embeddable":true,"href":"https:\/\/germaninstitute.com\/de\/wp-json\/wp\/v2\/users\/3"}],"replies":[{"embeddable":true,"href":"https:\/\/germaninstitute.com\/de\/wp-json\/wp\/v2\/comments?post=12899"}],"version-history":[{"count":14,"href":"https:\/\/germaninstitute.com\/de\/wp-json\/wp\/v2\/pages\/12899\/revisions"}],"predecessor-version":[{"id":64450,"href":"https:\/\/germaninstitute.com\/de\/wp-json\/wp\/v2\/pages\/12899\/revisions\/64450"}],"wp:attachment":[{"href":"https:\/\/germaninstitute.com\/de\/wp-json\/wp\/v2\/media?parent=12899"}],"curies":[{"name":"wp","href":"https:\/\/api.w.org\/{rel}","templated":true}]}}