{"id":12879,"date":"2025-02-10T11:01:35","date_gmt":"2025-02-10T10:01:35","guid":{"rendered":"https:\/\/germaninstitute.com\/de\/?page_id=12879"},"modified":"2026-01-22T08:35:47","modified_gmt":"2026-01-22T07:35:47","slug":"a2-wortschatz","status":"publish","type":"page","link":"https:\/\/germaninstitute.com\/de\/a2-wortschatz\/","title":{"rendered":"A2 Wortschatz &#8211; effektiv &#038; praxisnah lernen"},"content":{"rendered":"<p>[et_pb_section fb_built=&#8220;1&#8243; _builder_version=&#8220;4.16&#8243; _module_preset=&#8220;default&#8220; custom_margin=&#8220;0px||||false|false&#8220; custom_padding=&#8220;0px||||false|false&#8220; global_colors_info=&#8220;{}&#8220;][et_pb_row _builder_version=&#8220;4.27.4&#8243; _module_preset=&#8220;default&#8220; custom_margin=&#8220;|||35px|false|false&#8220; custom_padding=&#8220;38px||0px||false|false&#8220; global_colors_info=&#8220;{}&#8220;][et_pb_column type=&#8220;4_4&#8243; _builder_version=&#8220;4.16&#8243; _module_preset=&#8220;default&#8220; custom_padding=&#8220;|||&#8220; global_colors_info=&#8220;%91%93&#8243;][et_pb_heading title=&#8220;A2 Wortschatz&#8220; _builder_version=&#8220;4.27.4&#8243; _module_preset=&#8220;default&#8220; title_level=&#8220;h2&#8243; title_font=&#8220;Rubik||||||||&#8220; title_text_color=&#8220;#204f8a&#8220; title_font_size=&#8220;50px&#8220; title_line_height=&#8220;1.1em&#8220; custom_margin=&#8220;|||14px|false|false&#8220; custom_margin_tablet=&#8220;|||-35px|false|false&#8220; custom_margin_phone=&#8220;|||-20px|false|false&#8220; custom_margin_last_edited=&#8220;on|phone&#8220; custom_padding_tablet=&#8220;&#8220; custom_padding_phone=&#8220;&#8220; custom_padding_last_edited=&#8220;on|phone&#8220; title_font_size_tablet=&#8220;50px&#8220; title_font_size_phone=&#8220;35px&#8220; title_font_size_last_edited=&#8220;on|phone&#8220; locked=&#8220;off&#8220; global_colors_info=&#8220;{}&#8220;][\/et_pb_heading][\/et_pb_column][\/et_pb_row][et_pb_row column_structure=&#8220;1_2,1_2&#8243; _builder_version=&#8220;4.21.0&#8243; _module_preset=&#8220;default&#8220; global_colors_info=&#8220;{}&#8220;][et_pb_column type=&#8220;1_2&#8243; _builder_version=&#8220;4.21.0&#8243; _module_preset=&#8220;default&#8220; custom_padding=&#8220;|||&#8220; global_colors_info=&#8220;%91%93&#8243;][et_pb_text _builder_version=&#8220;4.27.4&#8243; _module_preset=&#8220;default&#8220; text_font=&#8220;&#8211;et_global_body_font||||||||&#8220; locked=&#8220;off&#8220; global_colors_info=&#8220;{}&#8220;]<\/p>\n<p style=\"font-weight: 400;\">In deinem A2 Deutschkurs lernst du allt\u00e4gliche Situationen erfolgreich auf Deutsch zu meistern. Du lernst die Dinge um dich herum zu benennen: Wie hei\u00dfen die Lebensmittel im Supermarkt? Wie hei\u00dfen die Gebrauchsgegenst\u00e4nde, die du t\u00e4glich benutzt? Neben deinem Berufsalltag lernst du auch mit kommunikativen Situationen in deiner Freizeit umzugehen. Du lernst im Restaurant zu bestellen, Formulare auszuf\u00fcllen, dich auf Reisen zurechtzufinden und zur Post zu gehen. Mit deinen Freunden kannst du jetzt \u00fcber Themen wie Familie, Aktivit\u00e4ten, Sport, Veranstaltungen aber auch das Wetter sprechen. Wenn du krank sein solltest oder einen Unfall hast, kannst du in einfachem Deutsch deine Situation schildern.<\/p>\n<p>&nbsp;<\/p>\n<p>[\/et_pb_text][et_pb_button button_url=&#8220;https:\/\/germaninstitute.com\/de\/a2-deutschkurs\/#buchen&#8220; button_text=&#8220;Buchen&#8220; button_alignment=&#8220;center&#8220; _builder_version=&#8220;4.27.5&#8243; custom_button=&#8220;on&#8220; button_text_color=&#8220;#FFFFFF&#8220; button_bg_color=&#8220;#012243&#8243; button_font=&#8220;&#8211;et_global_body_font||||||||&#8220; custom_margin=&#8220;-28px||0px|-400px|false|false&#8220; custom_margin_tablet=&#8220;|||0px|false|false&#8220; custom_margin_phone=&#8220;|||0px|false|false&#8220; custom_margin_last_edited=&#8220;on|phone&#8220; hover_enabled=&#8220;0&#8243; button_letter_spacing_hover=&#8220;1px&#8220; locked=&#8220;off&#8220; global_colors_info=&#8220;{}&#8220; button_text_size__hover_enabled=&#8220;off&#8220; button_one_text_size__hover_enabled=&#8220;off&#8220; button_two_text_size__hover_enabled=&#8220;off&#8220; button_text_color__hover_enabled=&#8220;off&#8220; button_one_text_color__hover_enabled=&#8220;off&#8220; button_two_text_color__hover_enabled=&#8220;off&#8220; button_border_width__hover_enabled=&#8220;off&#8220; button_one_border_width__hover_enabled=&#8220;off&#8220; button_two_border_width__hover_enabled=&#8220;off&#8220; button_border_color__hover_enabled=&#8220;off&#8220; button_one_border_color__hover_enabled=&#8220;off&#8220; button_two_border_color__hover_enabled=&#8220;off&#8220; button_border_radius__hover_enabled=&#8220;off&#8220; button_one_border_radius__hover_enabled=&#8220;off&#8220; button_two_border_radius__hover_enabled=&#8220;off&#8220; button_letter_spacing__hover_enabled=&#8220;on&#8220; button_letter_spacing__hover=&#8220;1px&#8220; button_one_letter_spacing__hover_enabled=&#8220;off&#8220; button_two_letter_spacing__hover_enabled=&#8220;off&#8220; button_bg_color__hover_enabled=&#8220;off&#8220; button_one_bg_color__hover_enabled=&#8220;off&#8220; button_two_bg_color__hover_enabled=&#8220;off&#8220; sticky_enabled=&#8220;0&#8243;][\/et_pb_button][\/et_pb_column][et_pb_column type=&#8220;1_2&#8243; _builder_version=&#8220;4.21.0&#8243; _module_preset=&#8220;default&#8220; custom_padding=&#8220;|||&#8220; global_colors_info=&#8220;%91%93&#8243;][et_pb_image src=&#8220;https:\/\/germaninstitute.com\/de\/wp-content\/uploads\/2025\/02\/Trainee-1-e1660591780782.jpg&#8220; title_text=&#8220;Trainee&#8220; _builder_version=&#8220;4.21.0&#8243; _module_preset=&#8220;default&#8220; border_radii=&#8220;on|20px|20px|20px|20px&#8220; global_colors_info=&#8220;{}&#8220;][\/et_pb_image][\/et_pb_column][\/et_pb_row][et_pb_row _builder_version=&#8220;4.21.0&#8243; _module_preset=&#8220;default&#8220; global_colors_info=&#8220;{}&#8220;][et_pb_column type=&#8220;4_4&#8243; _builder_version=&#8220;4.21.0&#8243; _module_preset=&#8220;default&#8220; custom_padding=&#8220;|||&#8220; global_colors_info=&#8220;%91%93&#8243;][et_pb_divider color=&#8220;gcid-9bb9bfe2-980a-472b-9544-d767cdb4022e&#8220; _builder_version=&#8220;4.27.4&#8243; _module_preset=&#8220;default&#8220; global_colors_info=&#8220;{%22gcid-9bb9bfe2-980a-472b-9544-d767cdb4022e%22:%91%22color%22%93}&#8220;][\/et_pb_divider][\/et_pb_column][\/et_pb_row][et_pb_row column_structure=&#8220;1_2,1_2&#8243; _builder_version=&#8220;4.16&#8243; _module_preset=&#8220;default&#8220; global_colors_info=&#8220;{}&#8220;][et_pb_column type=&#8220;1_2&#8243; _builder_version=&#8220;4.16&#8243; _module_preset=&#8220;default&#8220; custom_padding=&#8220;|||&#8220; global_colors_info=&#8220;%91%93&#8243;][et_pb_text _builder_version=&#8220;4.27.4&#8243; _module_preset=&#8220;default&#8220; header_2_font=&#8220;Rubik||||||||&#8220; header_2_text_color=&#8220;gcid-9bb9bfe2-980a-472b-9544-d767cdb4022e&#8220; header_2_font_size=&#8220;30px&#8220; locked=&#8220;off&#8220; global_colors_info=&#8220;{%22gcid-9bb9bfe2-980a-472b-9544-d767cdb4022e%22:%91%22header_2_text_color%22%93}&#8220;]<\/p>\n<h2>A2 Wortschatz (A2.1)<\/h2>\n<p>[\/et_pb_text][et_pb_text _builder_version=&#8220;4.16&#8243; _module_preset=&#8220;default&#8220; global_colors_info=&#8220;{}&#8220;]<\/p>\n<ul>\n<li>Familie<\/li>\n<li>Aktivit\u00e4ten<\/li>\n<li><a href=\"https:\/\/kahoot.it\/challenge\/?quiz-id=37bfe6a0-be03-47b9-b066-f88cc82ad72e&amp;single-player=true\" target=\"_blank\" rel=\"noopener\">Einrichtung + Umzug<\/a><\/li>\n<li><a href=\"https:\/\/kahoot.it\/challenge\/?quiz-id=0cde1859-4451-4582-8955-f2d15f847722&amp;single-player=true\" target=\"_blank\" rel=\"noopener\">Natur + Landschaften<\/a><\/li>\n<li><a href=\"https:\/\/kahoot.it\/challenge\/?quiz-id=3e84dec4-f06e-42b5-a0dc-449cf7450e60&amp;single-player=true\" target=\"_blank\" rel=\"noopener\">Verpackung<\/a><\/li>\n<li><a href=\"https:\/\/kahoot.it\/challenge\/?quiz-id=88e72128-6f5e-49bf-ad3e-cd6c7ee4ee19&amp;single-player=true\" target=\"_blank\" rel=\"noopener\">Tourismus<\/a><\/li>\n<li>Veranstaltungen<\/li>\n<li>Sportarten<\/li>\n<li>Krankheit<\/li>\n<li><a href=\"https:\/\/kahoot.it\/challenge\/?quiz-id=a45ae827-34a0-4c12-bc7c-b445bab43088&amp;single-player=true\" target=\"_blank\" rel=\"noopener\">Unfall<\/a><\/li>\n<li>Arbeitsleben<\/li>\n<li>Im Restaurant<\/li>\n<li>Gebrauchsgegenst\u00e4nde<\/li>\n<li><a href=\"https:\/\/kahoot.it\/challenge\/?quiz-id=bfd89078-50c2-4b5e-b491-67aa0f7e90b4&amp;single-player=true\" target=\"_blank\" rel=\"noopener\">Lebensmittel<\/a><\/li>\n<\/ul>\n<p>[\/et_pb_text][\/et_pb_column][et_pb_column type=&#8220;1_2&#8243; _builder_version=&#8220;4.16&#8243; _module_preset=&#8220;default&#8220; custom_padding=&#8220;|||&#8220; global_colors_info=&#8220;%91%93&#8243;][et_pb_text _builder_version=&#8220;4.27.4&#8243; _module_preset=&#8220;default&#8220; header_2_font=&#8220;Rubik||||||||&#8220; header_2_text_color=&#8220;gcid-9bb9bfe2-980a-472b-9544-d767cdb4022e&#8220; header_2_font_size=&#8220;30px&#8220; global_colors_info=&#8220;{%22gcid-9bb9bfe2-980a-472b-9544-d767cdb4022e%22:%91%22header_2_text_color%22%93}&#8220;]<\/p>\n<h2>A2 Wortschatz (A2.2)<\/h2>\n<p>[\/et_pb_text][et_pb_text _builder_version=&#8220;4.16&#8243; _module_preset=&#8220;default&#8220; global_colors_info=&#8220;{}&#8220;]<\/p>\n<ul>\n<li>Lerntipps<\/li>\n<li>Post<\/li>\n<li><a href=\"https:\/\/kahoot.it\/challenge\/?quiz-id=39f08168-315f-4ef6-9114-4ff01a862ef2&amp;single-player=true\" target=\"_blank\" rel=\"noopener\">Medien<\/a><\/li>\n<li>Im Hotel<\/li>\n<li>Reise + Verkehr<\/li>\n<li>Wetter<\/li>\n<li>Veranstaltungen<\/li>\n<li>Presse + B\u00fccher<\/li>\n<li><a href=\"https:\/\/kahoot.it\/challenge\/?quiz-id=46acc348-67be-4702-b2ee-274cfd0768e8&amp;single-player=true\" target=\"_blank\" rel=\"noopener\">Dokumente<\/a><\/li>\n<li>Internet und\u00a0Online-Anmeldungen<\/li>\n<li>Schule + Ausbildung<\/li>\n<li>Mobilit\u00e4t<\/li>\n<\/ul>\n<p>[\/et_pb_text][\/et_pb_column][\/et_pb_row][et_pb_row _builder_version=&#8220;4.21.0&#8243; _module_preset=&#8220;default&#8220; global_colors_info=&#8220;{}&#8220;][et_pb_column type=&#8220;4_4&#8243; _builder_version=&#8220;4.21.0&#8243; _module_preset=&#8220;default&#8220; custom_padding=&#8220;|||&#8220; global_colors_info=&#8220;%91%93&#8243;][et_pb_divider color=&#8220;gcid-9bb9bfe2-980a-472b-9544-d767cdb4022e&#8220; _builder_version=&#8220;4.27.4&#8243; _module_preset=&#8220;default&#8220; global_colors_info=&#8220;{%22gcid-9bb9bfe2-980a-472b-9544-d767cdb4022e%22:%91%22color%22%93}&#8220;][\/et_pb_divider][\/et_pb_column][\/et_pb_row][et_pb_row _builder_version=&#8220;4.27.4&#8243; _module_preset=&#8220;default&#8220; locked=&#8220;off&#8220; global_colors_info=&#8220;{}&#8220;][et_pb_column type=&#8220;4_4&#8243; _builder_version=&#8220;4.21.0&#8243; _module_preset=&#8220;default&#8220; custom_padding=&#8220;|||&#8220; global_colors_info=&#8220;%91%93&#8243;][et_pb_text _builder_version=&#8220;4.27.4&#8243; _module_preset=&#8220;default&#8220; text_font=&#8220;&#8211;et_global_body_font||||||||&#8220; header_2_font=&#8220;Rubik||||||||&#8220; header_2_text_color=&#8220;gcid-9bb9bfe2-980a-472b-9544-d767cdb4022e&#8220; header_2_font_size=&#8220;35px&#8220; locked=&#8220;off&#8220; global_colors_info=&#8220;{%22gcid-9bb9bfe2-980a-472b-9544-d767cdb4022e%22:%91%22header_2_text_color%22%93}&#8220;]<\/p>\n<h2 style=\"margin-bottom: 16px;\">A2 Grammatik<\/h2>\n<p>Du m\u00f6chtest nicht nur A2 Wortschatz sondern auch Grammatik \u00fcben? German Institute bietet dir einige kostenlose \u00dcbungen dazu an.<\/p>\n<p>[\/et_pb_text][et_pb_button button_url=&#8220;@ET-DC@eyJkeW5hbWljIjp0cnVlLCJjb250ZW50IjoicG9zdF9saW5rX3VybF9wYWdlIiwic2V0dGluZ3MiOnsicG9zdF9pZCI6IjEyODgxIn19@&#8220; button_text=&#8220;\u00dcbungen&#8220; button_alignment=&#8220;center&#8220; _builder_version=&#8220;4.27.5&#8243; custom_button=&#8220;on&#8220; button_text_color=&#8220;#FFFFFF&#8220; button_bg_color=&#8220;#012243&#8243; button_font=&#8220;&#8211;et_global_body_font||||||||&#8220; custom_margin=&#8220;35px||0px|-953px|false|false&#8220; custom_margin_tablet=&#8220;|||0px|false|false&#8220; custom_margin_phone=&#8220;|||0px|false|false&#8220; custom_margin_last_edited=&#8220;on|tablet&#8220; hover_enabled=&#8220;0&#8243; button_letter_spacing_hover=&#8220;1px&#8220; locked=&#8220;off&#8220; global_colors_info=&#8220;{}&#8220; button_text_size__hover_enabled=&#8220;off&#8220; button_one_text_size__hover_enabled=&#8220;off&#8220; button_two_text_size__hover_enabled=&#8220;off&#8220; button_text_color__hover_enabled=&#8220;off&#8220; button_one_text_color__hover_enabled=&#8220;off&#8220; button_two_text_color__hover_enabled=&#8220;off&#8220; button_border_width__hover_enabled=&#8220;off&#8220; button_one_border_width__hover_enabled=&#8220;off&#8220; button_two_border_width__hover_enabled=&#8220;off&#8220; button_border_color__hover_enabled=&#8220;off&#8220; button_one_border_color__hover_enabled=&#8220;off&#8220; button_two_border_color__hover_enabled=&#8220;off&#8220; button_border_radius__hover_enabled=&#8220;off&#8220; button_one_border_radius__hover_enabled=&#8220;off&#8220; button_two_border_radius__hover_enabled=&#8220;off&#8220; button_letter_spacing__hover_enabled=&#8220;on&#8220; button_letter_spacing__hover=&#8220;1px&#8220; button_one_letter_spacing__hover_enabled=&#8220;off&#8220; button_two_letter_spacing__hover_enabled=&#8220;off&#8220; button_bg_color__hover_enabled=&#8220;off&#8220; button_one_bg_color__hover_enabled=&#8220;off&#8220; button_two_bg_color__hover_enabled=&#8220;off&#8220; _dynamic_attributes=&#8220;button_url&#8220; sticky_enabled=&#8220;0&#8243;][\/et_pb_button][\/et_pb_column][\/et_pb_row][\/et_pb_section]<\/p>\n","protected":false},"excerpt":{"rendered":"<p>A2 Wortschatz In deinem&#8230;<\/p>\n","protected":false},"author":3,"featured_media":0,"parent":0,"menu_order":0,"comment_status":"closed","ping_status":"closed","template":"","meta":{"_et_pb_use_builder":"on","_et_pb_old_content":"","_et_gb_content_width":"","footnotes":""},"class_list":["post-12879","page","type-page","status-publish","hentry"],"jetpack_sharing_enabled":true,"_links":{"self":[{"href":"https:\/\/germaninstitute.com\/de\/wp-json\/wp\/v2\/pages\/12879","targetHints":{"allow":["GET"]}}],"collection":[{"href":"https:\/\/germaninstitute.com\/de\/wp-json\/wp\/v2\/pages"}],"about":[{"href":"https:\/\/germaninstitute.com\/de\/wp-json\/wp\/v2\/types\/page"}],"author":[{"embeddable":true,"href":"https:\/\/germaninstitute.com\/de\/wp-json\/wp\/v2\/users\/3"}],"replies":[{"embeddable":true,"href":"https:\/\/germaninstitute.com\/de\/wp-json\/wp\/v2\/comments?post=12879"}],"version-history":[{"count":11,"href":"https:\/\/germaninstitute.com\/de\/wp-json\/wp\/v2\/pages\/12879\/revisions"}],"predecessor-version":[{"id":64904,"href":"https:\/\/germaninstitute.com\/de\/wp-json\/wp\/v2\/pages\/12879\/revisions\/64904"}],"wp:attachment":[{"href":"https:\/\/germaninstitute.com\/de\/wp-json\/wp\/v2\/media?parent=12879"}],"curies":[{"name":"wp","href":"https:\/\/api.w.org\/{rel}","templated":true}]}}