{"id":12703,"date":"2025-02-07T14:57:03","date_gmt":"2025-02-07T13:57:03","guid":{"rendered":"https:\/\/germaninstitute.com\/de\/?page_id=12703"},"modified":"2026-02-10T15:31:23","modified_gmt":"2026-02-10T14:31:23","slug":"werkstudent-in","status":"publish","type":"page","link":"https:\/\/germaninstitute.com\/de\/werkstudent-in\/","title":{"rendered":"Werkstudent\/in"},"content":{"rendered":"<p>[et_pb_section fb_built=&#8220;1&#8243; admin_label=&#8220;Header&#8220; _builder_version=&#8220;4.16&#8243; _module_preset=&#8220;default&#8220; custom_padding=&#8220;1px||1px|||&#8220; locked=&#8220;off&#8220; global_colors_info=&#8220;{}&#8220;][et_pb_row _builder_version=&#8220;4.16&#8243; _module_preset=&#8220;default&#8220; global_colors_info=&#8220;{}&#8220;][et_pb_column type=&#8220;4_4&#8243; _builder_version=&#8220;4.16&#8243; _module_preset=&#8220;default&#8220; custom_padding=&#8220;|||&#8220; global_colors_info=&#8220;%91%93&#8243;][et_pb_image src=&#8220;https:\/\/germaninstitute.com\/de\/wp-content\/uploads\/2025\/02\/Anzeige-Werkstudent-4-scaled-1.jpg&#8220; title_text=&#8220;Anzeige Werkstudent-4&#8243; _builder_version=&#8220;4.21.0&#8243; _module_preset=&#8220;default&#8220; border_radii=&#8220;on|30px|30px|30px|30px&#8220; global_colors_info=&#8220;{}&#8220;][\/et_pb_image][\/et_pb_column][\/et_pb_row][\/et_pb_section][et_pb_section fb_built=&#8220;1&#8243; admin_label=&#8220;Services&#8220; _builder_version=&#8220;4.16&#8243; _module_preset=&#8220;default&#8220; global_colors_info=&#8220;{}&#8220;][et_pb_row column_structure=&#8220;3_5,2_5&#8243; _builder_version=&#8220;4.21.0&#8243; _module_preset=&#8220;default&#8220; global_colors_info=&#8220;{}&#8220;][et_pb_column type=&#8220;3_5&#8243; _builder_version=&#8220;4.16&#8243; _module_preset=&#8220;default&#8220; custom_padding=&#8220;|||&#8220; global_colors_info=&#8220;%91%93&#8243;][et_pb_accordion open_toggle_background_color=&#8220;RGBA(255,255,255,0)&#8220; closed_toggle_background_color=&#8220;RGBA(255,255,255,0)&#8220; toggle_icon=&#8220;&#x22;||divi||400&#8243; icon_color=&#8220;#ddb87c&#8220; use_icon_font_size=&#8220;on&#8220; icon_font_size=&#8220;32px&#8220; _builder_version=&#8220;4.21.0&#8243; _module_preset=&#8220;default&#8220; toggle_text_color=&#8220;#000000&#8243; toggle_font=&#8220;Jost|700|||||||&#8220; toggle_line_height=&#8220;1.3em&#8220; toggle_font_size_tablet=&#8220;&#8220; toggle_font_size_phone=&#8220;14px&#8220; toggle_font_size_last_edited=&#8220;on|tablet&#8220; border_radii=&#8220;on|30px|30px|30px|30px&#8220; border_width_all=&#8220;2px&#8220; border_color_all=&#8220;#c9d4da&#8220; global_colors_info=&#8220;{}&#8220;][et_pb_accordion_item title=&#8220;Wir bieten dir&#8220; open=&#8220;on&#8220; _builder_version=&#8220;4.21.0&#8243; _module_preset=&#8220;default&#8220; global_colors_info=&#8220;{}&#8220;]<\/p>\n<ul>\n<li><span class=\"WdYUQQ text-decoration-none text-strikethrough-none\">Stundenlohn: 15 &#8211; 20 Euro<\/span><\/li>\n<li><span class=\"WdYUQQ text-decoration-none text-strikethrough-none\">einen Platz in einem motivierten Team in einem innovativen und schnell wachsenden Unternehmen<\/span><span class=\"WdYUQQ text-decoration-none text-strikethrough-none white-space-prewrap\"><\/span><\/li>\n<li><span class=\"WdYUQQ text-decoration-none text-strikethrough-none\">Aufstiegsm\u00f6glichkeit zum Junior Manager<\/span><\/li>\n<li><span class=\"WdYUQQ text-decoration-none text-strikethrough-none\">viel Platz f\u00fcr deine Kreativit\u00e4t<\/span><\/li>\n<li><span class=\"WdYUQQ text-decoration-none text-strikethrough-none\">die M\u00f6glichkeit innovative Kundenbetreuungssysteme kennenzulernen und mitzugestalten<\/span><\/li>\n<li><span class=\"WdYUQQ text-decoration-none text-strikethrough-none\">viele Chancen dich im Bereich \u201eCRM-Management\u201c, Projektmanagement, CMS und SEO weiterzubilden<\/span><\/li>\n<\/ul>\n<p>[\/et_pb_accordion_item][et_pb_accordion_item title=&#8220;Deine Mission&#8220; _builder_version=&#8220;4.21.0&#8243; _module_preset=&#8220;default&#8220; global_colors_info=&#8220;{}&#8220; open=&#8220;off&#8220;]<\/p>\n<p><span class=\"WdYUQQ text-decoration-none text-strikethrough-none\">Du bist eine Schl\u00fcsselfigur in den ersten Kapiteln der Erfolgsgeschichte hunderter junger Menschen, die bei uns die deutsche Sprache lernen. Du holst den Kunden da ab wo er steht &#8211; am Telefon, im Chat, per E-Mail und vor Ort. Dein Aufgabenspektrum reicht auch in die Bereiche Marketing, Administration und Finanzen hinein.<\/span><\/p>\n<p>[\/et_pb_accordion_item][et_pb_accordion_item title=&#8220;Dein Profil&#8220; _builder_version=&#8220;4.21.0&#8243; _module_preset=&#8220;default&#8220; global_colors_info=&#8220;{}&#8220; open=&#8220;off&#8220;]<\/p>\n<ul>\n<li><span class=\"WdYUQQ text-decoration-none text-strikethrough-none\">kontaktfreudig, freundlich, technikaffin<\/span><\/li>\n<li><span class=\"WdYUQQ text-decoration-none text-strikethrough-none\">interkulturelle Kompetenz<\/span><\/li>\n<li><span class=\"WdYUQQ text-decoration-none text-strikethrough-none\">gute Kenntnisse der englischen Sprache<\/span><\/li>\n<li><span class=\"WdYUQQ text-decoration-none text-strikethrough-none\">Deutschkenntnisse auf muttersprachlichem Niveau<\/span><\/li>\n<li><span class=\"WdYUQQ text-decoration-none text-strikethrough-none\">eingeschriebener Studierender<\/span><\/li>\n<li><span class=\"WdYUQQ text-decoration-none text-strikethrough-none\">hohes Ma\u00df an Eigeninitiative, Innovationsf\u00e4higkeit<\/span><\/li>\n<li><span class=\"WdYUQQ text-decoration-none text-strikethrough-none\">Entscheidungsfreude<\/span><\/li>\n<li><span class=\"WdYUQQ text-decoration-none text-strikethrough-none\">starkes Einf\u00fchlungsverm\u00f6gen<\/span><\/li>\n<li><span class=\"WdYUQQ text-decoration-none text-strikethrough-none\">Du bist genauso begeistert von der interkulturellen Vielfalt unserer Kunden und liebst es, ein L\u00e4cheln auf ihre Gesichter zu zaubern.<\/span><\/li>\n<\/ul>\n<p>[\/et_pb_accordion_item][et_pb_accordion_item title=&#8220;M\u00f6gliche Arbeitsbereiche&#8220; _builder_version=&#8220;4.21.0&#8243; _module_preset=&#8220;default&#8220; global_colors_info=&#8220;{}&#8220; open=&#8220;off&#8220;]<\/p>\n<ul>\n<li>Office Management<\/li>\n<li>Marketing<\/li>\n<li>Beratung<\/li>\n<li>Exkursionsbegleitung<\/li>\n<li>Pr\u00fcfungsaufsicht<\/li>\n<li>Projektmitarbeit<\/li>\n<li>Finanzen<\/li>\n<li>Lernplattform<\/li>\n<\/ul>\n<p>[\/et_pb_accordion_item][\/et_pb_accordion][\/et_pb_column][et_pb_column type=&#8220;2_5&#8243; _builder_version=&#8220;4.21.0&#8243; _module_preset=&#8220;default&#8220; background_color=&#8220;#fed562&#8243; custom_padding=&#8220;40px|30px|40px|30px|true|true&#8220; custom_padding_tablet=&#8220;40px|30px|40px|30px|true|true&#8220; custom_padding_phone=&#8220;|20px||20px|true|true&#8220; custom_padding_last_edited=&#8220;on|phone&#8220; border_radii=&#8220;on|30px|30px|30px|30px&#8220; global_colors_info=&#8220;%91%93&#8243;][et_pb_code _builder_version=&#8220;4.21.0&#8243; _module_preset=&#8220;default&#8220; global_colors_info=&#8220;{}&#8220;]<\/p>\n<div style=\"position: relative; width: 100%; height: 0; padding-top: 140.9524%;<!-- [et_pb_line_break_holder] --> padding-bottom: 0; box-shadow: 0 2px 8px 0 rgba(63,69,81,0.16); margin-top: 1.6em; margin-bottom: 0.9em; overflow: hidden;<!-- [et_pb_line_break_holder] --> border-radius: 8px; will-change: transform;&#8220;><!-- [et_pb_line_break_holder] -->  <iframe loading=\"lazy\" style=\"position: absolute; width: 100%; height: 100%; top: 0; left: 0; border: none; padding: 0;margin: 0;\"<!-- [et_pb_line_break_holder] -->    src=&#8220;https:\/\/www.canva.com\/design\/DAFpFuR-Pwk\/view?embed&#8220; allowfullscreen=&#8220;allowfullscreen&#8220; allow=&#8220;fullscreen&#8220;><!-- [et_pb_line_break_holder] -->  <\/iframe><!-- [et_pb_line_break_holder] --><\/div>\n<p><!-- [et_pb_line_break_holder] --><a href=\"https:\/\/www.canva.com\/design\/DAFpFuR-Pwk\/view?utm_content=DAFpFuR-Pwk&#038;utm_campaign=designshare&#038;utm_medium=embeds&#038;utm_source=link\" target=\"_blank\" rel=\"noopener\"><\/a>[\/et_pb_code][et_pb_divider color=&#8220;#FFFFFF&#8220; _builder_version=&#8220;4.21.0&#8243; _module_preset=&#8220;default&#8220; global_colors_info=&#8220;{}&#8220;][\/et_pb_divider][et_pb_image src=&#8220;https:\/\/germaninstitute.com\/de\/wp-content\/uploads\/2025\/02\/IMG_6881-1-e1690583648112.jpg&#8220; title_text=&#8220;IMG_6881&#8243; _builder_version=&#8220;4.21.0&#8243; _module_preset=&#8220;default&#8220; width=&#8220;130px&#8220; module_alignment=&#8220;center&#8220; border_radii=&#8220;on|100px|100px|100px|100px&#8220; border_width_all=&#8220;8px&#8220; border_color_all=&#8220;#FFFFFF&#8220; global_colors_info=&#8220;{}&#8220;][\/et_pb_image][et_pb_text _builder_version=&#8220;4.16&#8243; _module_preset=&#8220;0c6bc8be-1265-496d-a8dc-bc5e9a9a9edf&#8220; header_font=&#8220;||||||||&#8220; header_3_font=&#8220;Jost|700|||||||&#8220; header_3_text_color=&#8220;#000000&#8243; header_3_font_size=&#8220;30px&#8220; header_3_line_height=&#8220;1.2em&#8220; header_4_text_align=&#8220;center&#8220; text_orientation=&#8220;center&#8220; custom_margin=&#8220;||0px||false|false&#8220; header_3_font_size_tablet=&#8220;20px&#8220; header_3_font_size_phone=&#8220;16px&#8220; header_3_font_size_last_edited=&#8220;on|phone&#8220; locked=&#8220;off&#8220; global_colors_info=&#8220;{}&#8220;]<\/p>\n<h3>Ansprechpartner<\/h3>\n<p>[\/et_pb_text][et_pb_text _builder_version=&#8220;4.21.0&#8243; _module_preset=&#8220;22d0da71-6393-430b-a0cd-b77dd565e85c&#8220; text_text_color=&#8220;#000000&#8243; text_font_size=&#8220;16px&#8220; text_line_height=&#8220;1.8em&#8220; text_orientation=&#8220;center&#8220; text_font_size_tablet=&#8220;15px&#8220; text_font_size_phone=&#8220;14px&#8220; text_font_size_last_edited=&#8220;on|phone&#8220; header_font_size_tablet=&#8220;55px&#8220; header_font_size_last_edited=&#8220;off|desktop&#8220; locked=&#8220;off&#8220; global_colors_info=&#8220;{}&#8220;]<\/p>\n<p class=\"_04xlpA direction-ltr align-start para-style-body\">\n<p class=\"_04xlpA direction-ltr align-start para-style-body\">Ifigenia Theodoridou<span class=\"WdYUQQ text-decoration-none text-strikethrough-none\"><\/span><\/p>\n<p class=\"_04xlpA direction-ltr align-start para-style-body\"><span class=\"WdYUQQ text-decoration-none text-strikethrough-none\">Tel.: +49 711 219 50920<\/span><\/p>\n<p class=\"_04xlpA direction-ltr align-start para-style-body\">hr@germaninstitute.de<\/p>\n<p>[\/et_pb_text][\/et_pb_column][\/et_pb_row][\/et_pb_section][et_pb_section fb_built=&#8220;1&#8243; custom_padding_last_edited=&#8220;on|phone&#8220; admin_label=&#8220;Footer&#8220; _builder_version=&#8220;4.21.0&#8243; _module_preset=&#8220;default&#8220; background_color=&#8220;#000000&#8243; use_background_color_gradient=&#8220;on&#8220; background_color_gradient_direction=&#8220;200deg&#8220; background_color_gradient_stops=&#8220;rgba(255,255,255,0) 0%|rgba(0,0,0,0.32) 100%&#8220; background_color_gradient_overlays_image=&#8220;on&#8220; background_color_gradient_start=&#8220;rgba(255,255,255,0)&#8220; background_color_gradient_end=&#8220;rgba(0,0,0,0.32)&#8220; background_image=&#8220;https:\/\/germaninstitute.com\/de\/wp-content\/uploads\/2025\/02\/shutterstock_522554425.jpg&#8220; z_index=&#8220;374&#8243; custom_padding=&#8220;80px||||false|false&#8220; custom_padding_tablet=&#8220;50px||50px||true|false&#8220; custom_padding_phone=&#8220;30px||30px||true|false&#8220; border_radii=&#8220;off|||20px|20px&#8220; saved_tabs=&#8220;all&#8220; locked=&#8220;off&#8220; global_colors_info=&#8220;{}&#8220;][et_pb_row column_structure=&#8220;1_2,1_2&#8243; _builder_version=&#8220;4.21.0&#8243; _module_preset=&#8220;default&#8220; custom_padding=&#8220;0px||||false|false&#8220; global_colors_info=&#8220;{}&#8220;][et_pb_column type=&#8220;1_2&#8243; _builder_version=&#8220;4.21.0&#8243; _module_preset=&#8220;default&#8220; background_color=&#8220;#FFFFFF&#8220; z_index=&#8220;500&#8243; custom_padding=&#8220;40px|40px|40px|40px|true|true&#8220; custom_padding_tablet=&#8220;30px|30px|30px|30px|true|true&#8220; custom_padding_phone=&#8220;20px|20px|20px|20px|true|true&#8220; custom_padding_last_edited=&#8220;on|phone&#8220; border_radii=&#8220;on|30px|30px|30px|30px&#8220; border_radii_tablet=&#8220;off|0px|0px|30px|30px&#8220; border_radii_phone=&#8220;off|0px|0px|30px|30px&#8220; border_radii_last_edited=&#8220;off|tablet&#8220; box_shadow_style=&#8220;preset2&#8243; box_shadow_horizontal=&#8220;0px&#8220; box_shadow_vertical=&#8220;40px&#8220; box_shadow_blur=&#8220;40px&#8220; box_shadow_color=&#8220;rgba(20,18,40,0.05)&#8220; global_colors_info=&#8220;%91%93&#8243;][et_pb_code _builder_version=&#8220;4.21.0&#8243; _module_preset=&#8220;default&#8220; global_colors_info=&#8220;{}&#8220;]<iframe loading=\"lazy\" src=\"https:\/\/www.videoask.com\/f9ya8nopy\" allow=\"camera *; microphone *; autoplay *; encrypted-media *; fullscreen *; display-capture *;\" width=\"100%\" height=\"600px\" style=\"border: none; border-radius: 24px\"><\/iframe>[\/et_pb_code][\/et_pb_column][et_pb_column type=&#8220;1_2&#8243; _builder_version=&#8220;4.21.0&#8243; _module_preset=&#8220;default&#8220; background_color=&#8220;#fed562&#8243; transform_scale_tablet=&#8220;&#8220; transform_scale_phone=&#8220;&#8220; transform_scale_last_edited=&#8220;on|tablet&#8220; transform_translate=&#8220;0px|-80px&#8220; transform_translate_tablet=&#8220;0px|0px&#8220; transform_translate_phone=&#8220;&#8220; transform_translate_last_edited=&#8220;on|tablet&#8220; transform_translate_linked=&#8220;off&#8220; transform_rotate_tablet=&#8220;&#8220; transform_rotate_phone=&#8220;&#8220; transform_rotate_last_edited=&#8220;on|tablet&#8220; transform_skew_tablet=&#8220;&#8220; transform_skew_phone=&#8220;&#8220; transform_skew_last_edited=&#8220;on|tablet&#8220; transform_origin_tablet=&#8220;&#8220; transform_origin_phone=&#8220;&#8220; transform_origin_last_edited=&#8220;on|tablet&#8220; transform_styles_last_edited=&#8220;on|tablet&#8220; z_index=&#8220;500&#8243; custom_padding=&#8220;40px|40px|40px|40px|true|true&#8220; custom_padding_tablet=&#8220;30px|30px|30px|30px|true|true&#8220; custom_padding_phone=&#8220;20px|20px|20px|20px|true|true&#8220; custom_padding_last_edited=&#8220;on|phone&#8220; transform_styles_tablet=&#8220;&#8220; transform_styles_phone=&#8220;&#8220; border_radii=&#8220;off|||30px|30px&#8220; border_radii_tablet=&#8220;off|30px|30px|30px|30px&#8220; border_radii_phone=&#8220;off|30px|30px|30px|30px&#8220; border_radii_last_edited=&#8220;on|phone&#8220; global_colors_info=&#8220;%91%93&#8243;][et_pb_text _builder_version=&#8220;4.21.0&#8243; _module_preset=&#8220;0c6bc8be-1265-496d-a8dc-bc5e9a9a9edf&#8220; text_text_color=&#8220;#000000&#8243; header_font=&#8220;||||||||&#8220; header_text_color=&#8220;#000000&#8243; header_3_font=&#8220;Jost|700|||||||&#8220; header_3_text_color=&#8220;#FFFFFF&#8220; header_3_font_size=&#8220;40px&#8220; header_3_line_height=&#8220;1.2em&#8220; header_3_font_size_tablet=&#8220;20px&#8220; header_3_font_size_phone=&#8220;16px&#8220; header_3_font_size_last_edited=&#8220;on|phone&#8220; global_colors_info=&#8220;{}&#8220;]<\/p>\n<h3><span style=\"color: #000000;\">Bewerbung<\/span><\/h3>\n<p>[\/et_pb_text][et_pb_text _builder_version=&#8220;4.21.0&#8243; _module_preset=&#8220;22d0da71-6393-430b-a0cd-b77dd565e85c&#8220; text_text_color=&#8220;#000000&#8243; text_font_size=&#8220;16px&#8220; text_line_height=&#8220;1.8em&#8220; text_font_size_tablet=&#8220;15px&#8220; text_font_size_phone=&#8220;14px&#8220; text_font_size_last_edited=&#8220;on|phone&#8220; header_font_size_tablet=&#8220;55px&#8220; header_font_size_last_edited=&#8220;off|desktop&#8220; global_colors_info=&#8220;{}&#8220;]<\/p>\n<p><span>German Institute bietet dir die M\u00f6glichkeit dein Talent zu entfalten. Gemeinsam k\u00f6nnen wir \u00fcber uns selbst hinauswachsen und eine innovative Lernwelt schaffen.<\/span><\/p>\n<p>[\/et_pb_text][et_pb_text _builder_version=&#8220;4.21.0&#8243; _module_preset=&#8220;6f94a78a-34ba-48b9-9cfd-4ae76e78336e&#8220; text_font=&#8220;Jost|700|||||||&#8220; text_text_color=&#8220;#000000&#8243; text_font_size=&#8220;27px&#8220; header_4_text_color=&#8220;#C9D4DA&#8220; header_4_line_height=&#8220;1.5em&#8220; text_font_size_tablet=&#8220;16px&#8220; text_font_size_phone=&#8220;14px&#8220; text_font_size_last_edited=&#8220;on|phone&#8220; header_font_size_tablet=&#8220;55px&#8220; header_font_size_last_edited=&#8220;off|desktop&#8220; header_4_font_size_tablet=&#8220;&#8220; header_4_font_size_phone=&#8220;15px&#8220; header_4_font_size_last_edited=&#8220;on|tablet&#8220; locked=&#8220;off&#8220; global_colors_info=&#8220;{}&#8220; text_line_height__hover_enabled=&#8220;off|desktop&#8220;]<\/p>\n<p>hr@germaninstitute.de<\/p>\n<p>[\/et_pb_text][\/et_pb_column][\/et_pb_row][et_pb_row column_structure=&#8220;1_4,1_4,1_4,1_4&#8243; _builder_version=&#8220;4.16&#8243; _module_preset=&#8220;default&#8220; global_colors_info=&#8220;{}&#8220;][et_pb_column type=&#8220;1_4&#8243; _builder_version=&#8220;4.16&#8243; _module_preset=&#8220;default&#8220; custom_padding=&#8220;|||&#8220; global_colors_info=&#8220;%91%93&#8243;][et_pb_text _builder_version=&#8220;4.21.0&#8243; _module_preset=&#8220;38128ce4-78a8-4c45-b3ff-f4fb37f074f0&#8243; header_font=&#8220;||||||||&#8220; header_4_font=&#8220;Jost|700|||||||&#8220; header_4_text_color=&#8220;#FFFFFF&#8220; header_4_line_height=&#8220;1.3em&#8220; custom_margin=&#8220;||10px||false|false&#8220; header_4_font_size_tablet=&#8220;16px&#8220; header_4_font_size_phone=&#8220;14px&#8220; header_4_font_size_last_edited=&#8220;on|tablet&#8220; locked=&#8220;off&#8220; global_colors_info=&#8220;{}&#8220;]<\/p>\n<h4>Telefon<\/h4>\n<p>[\/et_pb_text][et_pb_text _builder_version=&#8220;4.27.5&#8243; _module_preset=&#8220;22d0da71-6393-430b-a0cd-b77dd565e85c&#8220; text_text_color=&#8220;#C9D4DA&#8220; text_font_size=&#8220;16px&#8220; text_line_height=&#8220;1.8em&#8220; hover_enabled=&#8220;0&#8243; text_font_size_tablet=&#8220;15px&#8220; text_font_size_phone=&#8220;14px&#8220; text_font_size_last_edited=&#8220;on|phone&#8220; header_font_size_tablet=&#8220;55px&#8220; header_font_size_last_edited=&#8220;off|desktop&#8220; locked=&#8220;off&#8220; global_colors_info=&#8220;{}&#8220; sticky_enabled=&#8220;0&#8243;]<\/p>\n<p>(0711) 219 509 20<\/p>\n<p>[\/et_pb_text][\/et_pb_column][et_pb_column type=&#8220;1_4&#8243; _builder_version=&#8220;4.16&#8243; _module_preset=&#8220;default&#8220; custom_padding=&#8220;|||&#8220; global_colors_info=&#8220;%91%93&#8243;][et_pb_text _builder_version=&#8220;4.21.0&#8243; _module_preset=&#8220;38128ce4-78a8-4c45-b3ff-f4fb37f074f0&#8243; header_font=&#8220;||||||||&#8220; header_4_font=&#8220;Jost|700|||||||&#8220; header_4_text_color=&#8220;#FFFFFF&#8220; header_4_line_height=&#8220;1.3em&#8220; custom_margin=&#8220;||10px||false|false&#8220; header_4_font_size_tablet=&#8220;16px&#8220; header_4_font_size_phone=&#8220;14px&#8220; header_4_font_size_last_edited=&#8220;on|tablet&#8220; locked=&#8220;off&#8220; global_colors_info=&#8220;{}&#8220;]<\/p>\n<h4>Adresse<\/h4>\n<p>[\/et_pb_text][et_pb_text _builder_version=&#8220;4.21.0&#8243; _module_preset=&#8220;22d0da71-6393-430b-a0cd-b77dd565e85c&#8220; text_text_color=&#8220;#C9D4DA&#8220; text_font_size=&#8220;16px&#8220; text_line_height=&#8220;1.8em&#8220; text_font_size_tablet=&#8220;15px&#8220; text_font_size_phone=&#8220;14px&#8220; text_font_size_last_edited=&#8220;on|phone&#8220; header_font_size_tablet=&#8220;55px&#8220; header_font_size_last_edited=&#8220;off|desktop&#8220; locked=&#8220;off&#8220; global_colors_info=&#8220;{}&#8220;]<\/p>\n<p>T\u00fcbinger Stra\u00dfe 27,<br \/>70178 Stuttgart<\/p>\n<p>[\/et_pb_text][\/et_pb_column][et_pb_column type=&#8220;1_4&#8243; _builder_version=&#8220;4.16&#8243; _module_preset=&#8220;default&#8220; custom_padding=&#8220;|||&#8220; global_colors_info=&#8220;%91%93&#8243;][et_pb_text _builder_version=&#8220;4.21.0&#8243; _module_preset=&#8220;38128ce4-78a8-4c45-b3ff-f4fb37f074f0&#8243; header_font=&#8220;||||||||&#8220; header_4_font=&#8220;Jost|700|||||||&#8220; header_4_text_color=&#8220;#FFFFFF&#8220; header_4_line_height=&#8220;1.3em&#8220; custom_margin=&#8220;||10px||false|false&#8220; header_4_font_size_tablet=&#8220;16px&#8220; header_4_font_size_phone=&#8220;14px&#8220; header_4_font_size_last_edited=&#8220;on|tablet&#8220; locked=&#8220;off&#8220; global_colors_info=&#8220;{}&#8220;]<\/p>\n<h4>E-Mail<\/h4>\n<p>[\/et_pb_text][et_pb_text _builder_version=&#8220;4.21.0&#8243; _module_preset=&#8220;22d0da71-6393-430b-a0cd-b77dd565e85c&#8220; text_text_color=&#8220;#C9D4DA&#8220; text_font_size=&#8220;16px&#8220; text_line_height=&#8220;1.8em&#8220; link_text_color=&#8220;#C9D4DA&#8220; link_font_size=&#8220;16px&#8220; text_font_size_tablet=&#8220;15px&#8220; text_font_size_phone=&#8220;14px&#8220; text_font_size_last_edited=&#8220;on|phone&#8220; link_font_size_tablet=&#8220;15px&#8220; link_font_size_phone=&#8220;14px&#8220; link_font_size_last_edited=&#8220;on|desktop&#8220; header_font_size_tablet=&#8220;55px&#8220; header_font_size_last_edited=&#8220;off|desktop&#8220; locked=&#8220;off&#8220; global_colors_info=&#8220;{}&#8220;]<\/p>\n<p>info@germaninstitute.de<\/p>\n<p>[\/et_pb_text][\/et_pb_column][et_pb_column type=&#8220;1_4&#8243; _builder_version=&#8220;4.16&#8243; _module_preset=&#8220;default&#8220; custom_padding=&#8220;|||&#8220; global_colors_info=&#8220;%91%93&#8243;][\/et_pb_column][\/et_pb_row][\/et_pb_section]<\/p>\n","protected":false},"excerpt":{"rendered":"<p>Wir bieten dir&#8230;<\/p>\n","protected":false},"author":3,"featured_media":0,"parent":0,"menu_order":0,"comment_status":"closed","ping_status":"closed","template":"","meta":{"_et_pb_use_builder":"on","_et_pb_old_content":"","_et_gb_content_width":"","footnotes":""},"class_list":["post-12703","page","type-page","status-publish","hentry"],"jetpack_sharing_enabled":true,"_links":{"self":[{"href":"https:\/\/germaninstitute.com\/de\/wp-json\/wp\/v2\/pages\/12703","targetHints":{"allow":["GET"]}}],"collection":[{"href":"https:\/\/germaninstitute.com\/de\/wp-json\/wp\/v2\/pages"}],"about":[{"href":"https:\/\/germaninstitute.com\/de\/wp-json\/wp\/v2\/types\/page"}],"author":[{"embeddable":true,"href":"https:\/\/germaninstitute.com\/de\/wp-json\/wp\/v2\/users\/3"}],"replies":[{"embeddable":true,"href":"https:\/\/germaninstitute.com\/de\/wp-json\/wp\/v2\/comments?post=12703"}],"version-history":[{"count":7,"href":"https:\/\/germaninstitute.com\/de\/wp-json\/wp\/v2\/pages\/12703\/revisions"}],"predecessor-version":[{"id":65824,"href":"https:\/\/germaninstitute.com\/de\/wp-json\/wp\/v2\/pages\/12703\/revisions\/65824"}],"wp:attachment":[{"href":"https:\/\/germaninstitute.com\/de\/wp-json\/wp\/v2\/media?parent=12703"}],"curies":[{"name":"wp","href":"https:\/\/api.w.org\/{rel}","templated":true}]}}