{"id":66132,"date":"2026-02-24T17:10:38","date_gmt":"2026-02-24T16:10:38","guid":{"rendered":"https:\/\/germaninstitute.com\/de\/?post_type=product&#038;p=66132"},"modified":"2026-02-26T21:19:01","modified_gmt":"2026-02-26T20:19:01","slug":"b2-sinava-hazirlik-kursu-kopie","status":"publish","type":"product","link":"https:\/\/germaninstitute.com\/de\/tr\/produkt\/b2-sinava-hazirlik-kursu-kopie\/","title":{"rendered":"B2- S\u0131nava Haz\u0131rl\u0131k Kursu (Kopie)"},"content":{"rendered":"<p>\u2705\u00a0 <strong>Sizi neler bekliyor<\/strong>:<\/p>\n<ul>\n<li><strong>Mod\u00fcl s\u00fcresi<\/strong>: 3 randevu, her biri 2 ders saati (toplam 6 ders saati)<\/li>\n<li><strong>Komple paket s\u00fcresi<\/strong>: 9 randevu, her biri 2 ders saati (18 ders saati)<\/li>\n<li><strong>Bi\u00e7im<\/strong>: Canl\u0131 dersler VE deneyimli \u00f6\u011fretmenlerle \u00e7evrimi\u00e7i dersler<\/li>\n<li><strong>\u0130\u00e7erik<\/strong>:\n<ul>\n<li>Tipik s\u0131nav sorular\u0131n\u0131 birlikte \u00e7\u00f6zme<\/li>\n<li>S\u0131navda ba\u015far\u0131l\u0131 olmak i\u00e7in stratejiler ve ipu\u00e7lar\u0131<\/li>\n<li>\u00d6rnek s\u0131navlar ve \u00e7\u00f6z\u00fcmleri<\/li>\n<li>Performans\u0131n\u0131zla ilgili ki\u015fisel geri bildirim<\/li>\n<\/ul>\n<\/li>\n<\/ul>\n<p>\ud83d\udce6\u00a0 <strong>Se\u00e7ilebilecek mod\u00fcller<\/strong>:<\/p>\n<ul>\n<li>Konu\u015fma mod\u00fcl\u00fc<\/li>\n<li>Yazma mod\u00fcl\u00fc<\/li>\n<li>Dinleme ve okuma mod\u00fcl\u00fc<\/li>\n<li>Komple paket: Konu\u015fma, Yazma, Dinleme, Okuma<\/li>\n<li>Komple paket Plus: Konu\u015fma, Yazma, Dinleme, Okuma + German Institute s\u0131nav\u0131na kat\u0131l\u0131m<\/li>\n<\/ul>\n<p>\ud83d\udcb0 <strong>Fiyatlar<\/strong>:<\/p>\n<ul>\n<li><strong>Tek tek mod\u00fcller<\/strong>: Mod\u00fcl ba\u015f\u0131na 70 \u20ac<\/li>\n<li><strong>Komple paket (3 mod\u00fcl\u00fcn t\u00fcm\u00fc)<\/strong>: sadece 200 \u20ac<br \/>\n(10 \u20ac tasarruf edersiniz)<\/li>\n<li><strong>Komple paket Plus (3 mod\u00fcl\u00fcn t\u00fcm\u00fc + s\u0131nav)<\/strong>: sadece 300 \u20ac<br \/>\n(110 \u20ac tasarruf edersiniz)<\/li>\n<\/ul>\n<p>Dersler <strong>pazartesi<\/strong> ve <strong>\u00e7ar\u015famba<\/strong> g\u00fcnleri, 17:00-18:30 saatleri aras\u0131nda.<\/p>\n<p>S\u0131nav\u0131n\u0131z i\u00e7in randevu almak \u00fczere l\u00fctfen bizimle ileti\u015fime ge\u00e7in.<\/p>\n","protected":false},"excerpt":{"rendered":"<p>\u2705\u00a0 Sizi neler bekliyor: Mod\u00fcl s\u00fcresi: 3 randevu, her biri 2 ders saati (toplam 6 ders saati) Komple paket s\u00fcresi: 9 randevu, her biri 2&hellip;<\/p>\n","protected":false},"featured_media":18637,"comment_status":"open","ping_status":"closed","template":"","meta":{"_et_pb_use_builder":"","_et_pb_old_content":"","_et_gb_content_width":""},"product_brand":[],"product_cat":[549],"product_tag":[],"class_list":{"0":"post-66132","1":"product","2":"type-product","3":"status-publish","4":"has-post-thumbnail","6":"product_cat-sinava-hazirlik-kurslari-2","8":"first","9":"instock","10":"purchasable","11":"product-type-variable"},"jetpack_sharing_enabled":true,"_links":{"self":[{"href":"https:\/\/germaninstitute.com\/de\/tr\/wp-json\/wp\/v2\/product\/66132","targetHints":{"allow":["GET"]}}],"collection":[{"href":"https:\/\/germaninstitute.com\/de\/tr\/wp-json\/wp\/v2\/product"}],"about":[{"href":"https:\/\/germaninstitute.com\/de\/tr\/wp-json\/wp\/v2\/types\/product"}],"replies":[{"embeddable":true,"href":"https:\/\/germaninstitute.com\/de\/tr\/wp-json\/wp\/v2\/comments?post=66132"}],"wp:featuredmedia":[{"embeddable":true,"href":"https:\/\/germaninstitute.com\/de\/tr\/wp-json\/wp\/v2\/media\/18637"}],"wp:attachment":[{"href":"https:\/\/germaninstitute.com\/de\/tr\/wp-json\/wp\/v2\/media?parent=66132"}],"wp:term":[{"taxonomy":"product_brand","embeddable":true,"href":"https:\/\/germaninstitute.com\/de\/tr\/wp-json\/wp\/v2\/product_brand?post=66132"},{"taxonomy":"product_cat","embeddable":true,"href":"https:\/\/germaninstitute.com\/de\/tr\/wp-json\/wp\/v2\/product_cat?post=66132"},{"taxonomy":"product_tag","embeddable":true,"href":"https:\/\/germaninstitute.com\/de\/tr\/wp-json\/wp\/v2\/product_tag?post=66132"}],"curies":[{"name":"wp","href":"https:\/\/api.w.org\/{rel}","templated":true}]}}