{"id":64806,"date":"2025-11-07T11:21:59","date_gmt":"2025-11-07T10:21:59","guid":{"rendered":"https:\/\/germaninstitute.com\/de\/produkt\/sertifika-tanima-niteliklerinin-resmi-olarak-taninmasi\/"},"modified":"2026-01-21T10:13:44","modified_gmt":"2026-01-21T09:13:44","slug":"sertifika-tanima-niteliklerinin-resmi-olarak-taninmasi","status":"publish","type":"product","link":"https:\/\/germaninstitute.com\/de\/tr\/produkt\/sertifika-tanima-niteliklerinin-resmi-olarak-taninmasi\/","title":{"rendered":"Sertifika tan\u0131ma \u2013 Niteliklerinin resmi olarak tan\u0131nmas\u0131"},"content":{"rendered":"<p>[et_pb_section fb_built=&#8221;1&#8243; _builder_version=&#8221;4.16&#8243; custom_padding=&#8221;0px||||false|false&#8221; global_colors_info=&#8221;{}&#8221;][et_pb_row _builder_version=&#8221;4.16&#8243; background_size=&#8221;initial&#8221; background_position=&#8221;top_left&#8221; background_repeat=&#8221;repeat&#8221; width=&#8221;100%&#8221; custom_padding=&#8221;0px||0px||false|false&#8221; global_colors_info=&#8221;{}&#8221;][et_pb_column type=&#8221;4_4&#8243; _builder_version=&#8221;4.16&#8243; custom_padding=&#8221;|||&#8221; global_colors_info=&#8221;{}&#8221; custom_padding__hover=&#8221;|||&#8221;][et_pb_wc_breadcrumb _builder_version=&#8221;4.16&#8243; global_colors_info=&#8221;{}&#8221;][\/et_pb_wc_breadcrumb][et_pb_wc_cart_notice _builder_version=&#8221;4.16&#8243; global_colors_info=&#8221;{}&#8221;][\/et_pb_wc_cart_notice][\/et_pb_column][\/et_pb_row][et_pb_row _builder_version=&#8221;4.16&#8243; background_size=&#8221;initial&#8221; background_position=&#8221;top_left&#8221; background_repeat=&#8221;repeat&#8221; width=&#8221;100%&#8221; custom_padding=&#8221;0px||||false|false&#8221; global_colors_info=&#8221;{}&#8221;][et_pb_column type=&#8221;4_4&#8243; _builder_version=&#8221;4.16&#8243; custom_padding=&#8221;|||&#8221; global_colors_info=&#8221;{}&#8221; custom_padding__hover=&#8221;|||&#8221;][et_pb_wc_title _builder_version=&#8221;4.16&#8243; global_colors_info=&#8221;{}&#8221;][\/et_pb_wc_title][et_pb_image src=&#8221;https:\/\/germaninstitute.com\/de\/wp-content\/uploads\/2025\/10\/images-1.png&#8221; _builder_version=&#8221;4.27.4&#8243; _module_preset=&#8221;default&#8221; global_colors_info=&#8221;{}&#8221;][\/et_pb_image][et_pb_wc_rating _builder_version=&#8221;4.16&#8243; global_colors_info=&#8221;{}&#8221;][\/et_pb_wc_rating][et_pb_wc_price _builder_version=&#8221;4.16&#8243; global_colors_info=&#8221;{}&#8221;][\/et_pb_wc_price][et_pb_wc_description _builder_version=&#8221;4.16&#8243; global_colors_info=&#8221;{}&#8221;][\/et_pb_wc_description][et_pb_wc_add_to_cart _builder_version=&#8221;4.16&#8243; global_colors_info=&#8221;{}&#8221;][\/et_pb_wc_add_to_cart][et_pb_wc_meta _builder_version=&#8221;4.16&#8243; global_colors_info=&#8221;{}&#8221;][\/et_pb_wc_meta][\/et_pb_column][\/et_pb_row][et_pb_row _builder_version=&#8221;4.16&#8243; background_size=&#8221;initial&#8221; background_position=&#8221;top_left&#8221; background_repeat=&#8221;repeat&#8221; width=&#8221;100%&#8221; global_colors_info=&#8221;{}&#8221;][et_pb_column type=&#8221;4_4&#8243; _builder_version=&#8221;4.16&#8243; custom_padding=&#8221;|||&#8221; global_colors_info=&#8221;{}&#8221; custom_padding__hover=&#8221;|||&#8221;][et_pb_wc_tabs _builder_version=&#8221;4.16&#8243; global_colors_info=&#8221;{}&#8221;] [\/et_pb_wc_tabs][et_pb_wc_upsells columns_number=&#8221;3&#8243; _builder_version=&#8221;4.16&#8243; global_colors_info=&#8221;{}&#8221;][\/et_pb_wc_upsells][et_pb_wc_related_products columns_number=&#8221;3&#8243; _builder_version=&#8221;4.16&#8243; global_colors_info=&#8221;{}&#8221;][\/et_pb_wc_related_products][\/et_pb_column][\/et_pb_row][\/et_pb_section][et_pb_section fb_built=&#8221;1&#8243; _builder_version=&#8221;4.27.4&#8243; _module_preset=&#8221;default&#8221; global_colors_info=&#8221;{}&#8221;][et_pb_row _builder_version=&#8221;4.27.4&#8243; _module_preset=&#8221;default&#8221; global_colors_info=&#8221;{}&#8221;][et_pb_column type=&#8221;4_4&#8243; _builder_version=&#8221;4.27.4&#8243; _module_preset=&#8221;default&#8221; global_colors_info=&#8221;{}&#8221;][\/et_pb_column][\/et_pb_row][\/et_pb_section]<\/p>\n","protected":false},"excerpt":{"rendered":"<p>Okul veya \u00fcniversite diploman\u0131z\u0131 yurtd\u0131\u015f\u0131nda alm\u0131\u015f ve bu diploman\u0131z\u0131 Almanya&#8217;da kullanmak m\u0131 istiyorsunuz? O halde, yurtd\u0131\u015f\u0131nda ald\u0131\u011f\u0131n\u0131z diploman\u0131z\u0131n resmi olarak tan\u0131nmas\u0131, \u00f6rne\u011fin vize ba\u015fvurusu, \u00fcniversite ba\u015fvurusu veya i\u015f ba\u015fvurusu i\u00e7in \u00f6nemli bir ad\u0131md\u0131r.<br \/>Ancak nereden ba\u015flayaca\u011f\u0131n\u0131z\u0131 bilmiyor musunuz? B\u00fcrokratik i\u015flemleri sizin i\u00e7in kolayla\u015ft\u0131r\u0131yoruz!<\/p>\n<p>Belgelerini do\u011fru bir \u015fekilde haz\u0131rlamana yard\u0131mc\u0131 olur ve <strong>ZAB<\/strong> (Almanya&#8217;daki Yabanc\u0131 E\u011fitim Kurumlar\u0131 Merkezi) nezdinde resmi tan\u0131ma s\u00fcrecinde sana h\u0131zl\u0131, kolay ve g\u00fcvenilir bir \u015fekilde e\u015flik ederiz.<\/p>\n<p><strong>\u015eimdi 310 \u20ac (350 \u20ac yerine) kar\u015f\u0131l\u0131\u011f\u0131nda sat\u0131n al<\/strong><\/p>\n","protected":false},"featured_media":52423,"comment_status":"open","ping_status":"closed","template":"","meta":{"_et_pb_use_builder":"on","_et_pb_old_content":"","_et_gb_content_width":""},"product_brand":[],"product_cat":[548],"product_tag":[],"class_list":{"0":"post-64806","1":"product","2":"type-product","3":"status-publish","4":"has-post-thumbnail","6":"product_cat-teklifler","8":"first","9":"instock","10":"sale","11":"virtual","12":"purchasable","13":"product-type-simple"},"jetpack_sharing_enabled":true,"_links":{"self":[{"href":"https:\/\/germaninstitute.com\/de\/tr\/wp-json\/wp\/v2\/product\/64806","targetHints":{"allow":["GET"]}}],"collection":[{"href":"https:\/\/germaninstitute.com\/de\/tr\/wp-json\/wp\/v2\/product"}],"about":[{"href":"https:\/\/germaninstitute.com\/de\/tr\/wp-json\/wp\/v2\/types\/product"}],"replies":[{"embeddable":true,"href":"https:\/\/germaninstitute.com\/de\/tr\/wp-json\/wp\/v2\/comments?post=64806"}],"wp:featuredmedia":[{"embeddable":true,"href":"https:\/\/germaninstitute.com\/de\/tr\/wp-json\/wp\/v2\/media\/52423"}],"wp:attachment":[{"href":"https:\/\/germaninstitute.com\/de\/tr\/wp-json\/wp\/v2\/media?parent=64806"}],"wp:term":[{"taxonomy":"product_brand","embeddable":true,"href":"https:\/\/germaninstitute.com\/de\/tr\/wp-json\/wp\/v2\/product_brand?post=64806"},{"taxonomy":"product_cat","embeddable":true,"href":"https:\/\/germaninstitute.com\/de\/tr\/wp-json\/wp\/v2\/product_cat?post=64806"},{"taxonomy":"product_tag","embeddable":true,"href":"https:\/\/germaninstitute.com\/de\/tr\/wp-json\/wp\/v2\/product_tag?post=64806"}],"curies":[{"name":"wp","href":"https:\/\/api.w.org\/{rel}","templated":true}]}}