{"id":64783,"date":"2025-09-09T12:38:28","date_gmt":"2025-09-09T10:38:28","guid":{"rendered":"https:\/\/germaninstitute.com\/de\/produkt\/c2-kuecuek-grup-2\/"},"modified":"2026-01-21T09:24:13","modified_gmt":"2026-01-21T08:24:13","slug":"c2-kuecuek-grup-2","status":"publish","type":"product","link":"https:\/\/germaninstitute.com\/de\/tr\/produkt\/c2-kuecuek-grup-2\/","title":{"rendered":"C2 K\u00fc\u00e7\u00fck grup"},"content":{"rendered":"<p><strong>Almanca C2 kursumuz<\/strong> (GER) t\u00fcm y\u0131l boyunca \u00e7evrimi\u00e7i veya y\u00fcz y\u00fcze olarak sunulmaktad\u0131r. Uygulamal\u0131 dil e\u011fitimi oldu\u011fu i\u00e7in, i\u00e7eri\u011fi ka\u00e7\u0131rmadan istedi\u011finiz zaman kursa ba\u015flayabilirsiniz. Kurs, akademik yazma, stilistik olarak farkl\u0131 konu\u015fma, deyimsel ifade, karma\u015f\u0131k metin anlama ve en \u00fcst d\u00fczeyde tart\u0131\u015fma ve arg\u00fcmanlama becerilerini geli\u015ftirir.<\/p>\n<p>Ne kadar s\u00fcre \u00f6\u011frenmek istedi\u011finize esnek bir \u015fekilde karar verirsiniz: 1 ay, 3 ay, 6 ay veya bir y\u0131l. Dersler haftada bir kez ak\u015famlar\u0131 yap\u0131l\u0131r \u2013 e\u011fitim ve i\u015f hayat\u0131 i\u00e7in idealdir. K\u00fc\u00e7\u00fck grup format\u0131, nitelikli \u00f6\u011fretmenlerimizden bireysel geri bildirim alman\u0131z\u0131 garanti eder.<\/p>\n<p>C2 Almanca s\u0131nav\u0131, Almanca C2 sertifikas\u0131, \u00fcniversite, kariyeriniz veya ki\u015fisel ilgi alanlar\u0131n\u0131z i\u00e7in: Bu kursla neredeyse ana dil seviyesinde dil g\u00fcvenli\u011fi elde edebilirsiniz.<\/p>\n<p>Bir y\u0131ll\u0131k C2 kursu a\u015fa\u011f\u0131daki konular\u0131 kapsamaktad\u0131r:<\/p>\n<ul>\n<li><strong>\u0130leti\u015fim teorisi ve prati\u011fi<\/strong>: Bu mod\u00fclde kat\u0131l\u0131mc\u0131lar, zorlu konu\u015fma stratejileri, retorik ara\u00e7lar ve k\u00fclt\u00fcrleraras\u0131 ileti\u015fimin inceliklerini uygularlar. Ama\u00e7, tart\u0131\u015fmalarda, m\u00fcnazaralarda ve sunumlarda en y\u00fcksek dil seviyesinde kendinden emin bir \u015fekilde davranmakt\u0131r.<\/li>\n<li><strong>Medya<\/strong>: Burada ele\u015ftirel medya analizleri, klasik ve dijital medyada dil kullan\u0131m\u0131 ve sosyal a\u011flar\u0131n rol\u00fc ele al\u0131n\u0131r. \u00d6\u011frenciler, farkl\u0131 ve d\u00fc\u015f\u00fcn\u00fclm\u00fc\u015f bir tutum sergilemeyi \u00f6\u011frenir ve bu sayede C2 d\u00fczeyinde ifade ve analiz becerilerini hedefli bir \u015fekilde geli\u015ftirir.<\/li>\n<li><strong>\u0130\u015f hayat\u0131nda ileti\u015fim<\/strong>: Bu mod\u00fcl, mesleki ba\u011flamda dili ele al\u0131r: M\u00fczakere, sunum, zorlu metinler yazma ve toplant\u0131 y\u00f6netme. Bu mod\u00fclde, hem dilsel kesinlik hem de ileti\u015fimsel duyarl\u0131l\u0131k en \u00fcst d\u00fczeyde \u00e7al\u0131\u015f\u0131l\u0131r.<\/li>\n<li><strong>Siyaset ve toplum<\/strong>: G\u00fcncel toplumsal ve siyasi konulara ili\u015fkin tart\u0131\u015fma ve arg\u00fcman stratejileri ile Almanya&#8217;n\u0131n siyasi sistemi hakk\u0131nda bilgi edinme odak noktas\u0131d\u0131r. Kat\u0131l\u0131mc\u0131lar, karma\u015f\u0131k ba\u011flamlar\u0131 dilsel olarak farkl\u0131la\u015ft\u0131rarak analiz etmeyi ve ikna edici bir \u015fekilde sunmay\u0131 \u00f6\u011frenirler.<\/li>\n<li><strong>Ekonomi<\/strong>: Burada ekonomik metinler, finans dili ve ekonomik s\u00f6ylemler ele al\u0131n\u0131r. \u00d6\u011frenciler, teknik dili farkl\u0131la\u015ft\u0131rarak kullanmay\u0131 \u00f6\u011frenir ve karma\u015f\u0131k ekonomik konular\u0131 kesin ve ikna edici bir \u015fekilde ifade etmeyi pratik ederler.<\/li>\n<li><strong>Turizm ve \u00e7evre<\/strong>: Bu mod\u00fcl, k\u00fclt\u00fcrleraras\u0131 \u00f6\u011frenmeyi dil e\u011fitimiyle birle\u015ftirir. Seyahat raporlar\u0131, turizm konseptleri ve \u00fclke k\u00fclt\u00fcr\u00fcne ili\u015fkin metinlerin analizi yoluyla kat\u0131l\u0131mc\u0131lar, yaz\u0131l\u0131 ve s\u00f6zl\u00fc ifade becerilerini en \u00fcst d\u00fczeyde geli\u015ftirirler.<\/li>\n<li><strong>Bilim ve teknoloji<\/strong>: Bu mod\u00fcl\u00fcn odak noktas\u0131, bilimsel metinlerin ve teknik yeniliklerin dilidir. Kat\u0131l\u0131mc\u0131lar, karma\u015f\u0131k i\u00e7erikleri yap\u0131land\u0131r\u0131lm\u0131\u015f bir \u015fekilde \u00f6zetlemeyi, ele\u015ftirel bir \u015fekilde de\u011ferlendirmeyi ve \u00fcst d\u00fczey bir dil kullanarak sunmay\u0131 \u00f6\u011frenirler.<\/li>\n<li><strong>Tarih ve k\u00fclt\u00fcr<\/strong>: Bu mod\u00fcl\u00fcn odak noktas\u0131, tarihi olaylar ve k\u00fclt\u00fcrel geli\u015fmelerdir. \u00d6\u011frenciler, karma\u015f\u0131k tarihi s\u00f6ylemleri dilsel olarak farkl\u0131la\u015fm\u0131\u015f bir \u015fekilde anlamay\u0131 ve kendi g\u00f6r\u00fc\u015flerini ikna edici bir \u015fekilde savunmay\u0131 \u00f6\u011frenirler.<\/li>\n<li><strong>Edebiyat ve k\u00fclt\u00fcr<\/strong>: Edebi metinler ve k\u00fclt\u00fcrel s\u00f6ylemler \u00fczerinde \u00e7al\u0131\u015farak, kat\u0131l\u0131mc\u0131lar yorumlama ve dilbilimsel analiz becerilerini derinle\u015ftirirler. Yarat\u0131c\u0131 ve ele\u015ftirel yazma becerileri en \u00fcst d\u00fczeyde geli\u015ftirilir.<\/li>\n<li><strong>Felsefe<\/strong>: Bu mod\u00fcl, soyut d\u00fc\u015f\u00fcnce s\u00fcre\u00e7lerine ve felsefi metinlere adanm\u0131\u015ft\u0131r. Kat\u0131l\u0131mc\u0131lar, kesin arg\u00fcmanlar olu\u015fturma, mant\u0131kl\u0131 dil kullan\u0131m\u0131 ve karma\u015f\u0131k fikirleri \u00fcst d\u00fczey Almanca ile ifade etme becerilerini geli\u015ftirirler.<\/li>\n<li><strong>Sa\u011fl\u0131k ve psikoloji<\/strong>: Sa\u011fl\u0131k konular\u0131 ve psikolojik sorularla ilgili dilbilgisi a\u00e7\u0131s\u0131ndan zorlu metinler i\u015flenir. \u00d6\u011frenciler, karma\u015f\u0131k ili\u015fkileri anla\u015f\u0131l\u0131r ve ayr\u0131nt\u0131l\u0131 bir \u015fekilde sunmay\u0131 ve hassas bir \u015fekilde tart\u0131\u015fmay\u0131 \u00f6\u011frenirler.<\/li>\n<li><strong>Din<\/strong>: Bu mod\u00fclde dini s\u00f6ylemler, metinler ve toplumsal tart\u0131\u015fmalar ele al\u0131n\u0131r. Kat\u0131l\u0131mc\u0131lar, bu hassas konu alan\u0131nda dilbilgisi a\u00e7\u0131s\u0131ndan kesin, d\u00fc\u015f\u00fcn\u00fclm\u00fc\u015f ve en \u00fcst d\u00fczeyde arg\u00fcmanlar geli\u015ftirme becerilerini geli\u015ftirirler.<\/li>\n<\/ul>\n<p>Bu mod\u00fcllerin her biri ayr\u0131 ayr\u0131 da rezerve edilebilir.<\/p>\n<p>Yeni mod\u00fcller her zaman ay\u0131n ortas\u0131nda ba\u015flar.<\/p>\n<p>Ders saati: \u00c7ar\u015famba g\u00fcnleri, 18:45-21:15<\/p>\n","protected":false},"excerpt":{"rendered":"<p>Almanca C2 kursumuz (GER) t\u00fcm y\u0131l boyunca \u00e7evrimi\u00e7i veya y\u00fcz y\u00fcze olarak sunulmaktad\u0131r. Uygulamal\u0131 dil e\u011fitimi oldu\u011fu i\u00e7in, i\u00e7eri\u011fi ka\u00e7\u0131rmadan istedi\u011finiz zaman kursa ba\u015flayabilirsiniz. Kurs,&hellip;<\/p>\n","protected":false},"featured_media":49468,"comment_status":"open","ping_status":"closed","template":"","meta":{"_et_pb_use_builder":"","_et_pb_old_content":"","_et_gb_content_width":""},"product_brand":[],"product_cat":[230],"product_tag":[],"class_list":{"0":"post-64783","1":"product","2":"type-product","3":"status-publish","4":"has-post-thumbnail","6":"product_cat-kuecuek-grup","8":"first","9":"instock","10":"purchasable","11":"product-type-variable"},"jetpack_sharing_enabled":true,"_links":{"self":[{"href":"https:\/\/germaninstitute.com\/de\/tr\/wp-json\/wp\/v2\/product\/64783","targetHints":{"allow":["GET"]}}],"collection":[{"href":"https:\/\/germaninstitute.com\/de\/tr\/wp-json\/wp\/v2\/product"}],"about":[{"href":"https:\/\/germaninstitute.com\/de\/tr\/wp-json\/wp\/v2\/types\/product"}],"replies":[{"embeddable":true,"href":"https:\/\/germaninstitute.com\/de\/tr\/wp-json\/wp\/v2\/comments?post=64783"}],"wp:featuredmedia":[{"embeddable":true,"href":"https:\/\/germaninstitute.com\/de\/tr\/wp-json\/wp\/v2\/media\/49468"}],"wp:attachment":[{"href":"https:\/\/germaninstitute.com\/de\/tr\/wp-json\/wp\/v2\/media?parent=64783"}],"wp:term":[{"taxonomy":"product_brand","embeddable":true,"href":"https:\/\/germaninstitute.com\/de\/tr\/wp-json\/wp\/v2\/product_brand?post=64783"},{"taxonomy":"product_cat","embeddable":true,"href":"https:\/\/germaninstitute.com\/de\/tr\/wp-json\/wp\/v2\/product_cat?post=64783"},{"taxonomy":"product_tag","embeddable":true,"href":"https:\/\/germaninstitute.com\/de\/tr\/wp-json\/wp\/v2\/product_tag?post=64783"}],"curies":[{"name":"wp","href":"https:\/\/api.w.org\/{rel}","templated":true}]}}