{"id":45468,"date":"2025-07-15T13:11:19","date_gmt":"2025-07-15T11:11:19","guid":{"rendered":"https:\/\/germaninstitute.com\/de\/produkt\/kuecuek-grup-oezel-ders-yuez-yueze-stuttgart\/"},"modified":"2026-01-21T10:53:52","modified_gmt":"2026-01-21T09:53:52","slug":"kuecuek-grup-oezel-ders-yuez-yueze-stuttgart","status":"publish","type":"product","link":"https:\/\/germaninstitute.com\/de\/tr\/produkt\/kuecuek-grup-oezel-ders-yuez-yueze-stuttgart\/","title":{"rendered":"K\u00fc\u00e7\u00fck grup \u00f6zel ders (y\u00fcz y\u00fcze, Stuttgart)"},"content":{"rendered":"<ul>\n<li>K\u00fc\u00e7\u00fck grupta \u00f6zel ders (2 ki\u015fiden itibaren)<\/li>\n<li>Ki\u015fi ba\u015f\u0131 ders \u00fccreti 45\u20ac<\/li>\n<\/ul>\n<p>&nbsp;<\/p>\n","protected":false},"excerpt":{"rendered":"<p>K\u00fc\u00e7\u00fck grupta \u00f6zel ders (2 ki\u015fiden itibaren) Ki\u015fi ba\u015f\u0131 ders \u00fccreti 45\u20ac &nbsp;<\/p>\n","protected":false},"featured_media":16257,"comment_status":"closed","ping_status":"closed","template":"","meta":{"_et_pb_use_builder":"off","_et_pb_old_content":"","_et_gb_content_width":""},"product_brand":[],"product_cat":[204],"product_tag":[],"class_list":{"0":"post-45468","1":"product","2":"type-product","3":"status-publish","4":"has-post-thumbnail","6":"product_cat-bireysel-oegretim","8":"first","9":"instock","10":"virtual","11":"purchasable","12":"product-type-simple"},"jetpack_sharing_enabled":true,"_links":{"self":[{"href":"https:\/\/germaninstitute.com\/de\/tr\/wp-json\/wp\/v2\/product\/45468","targetHints":{"allow":["GET"]}}],"collection":[{"href":"https:\/\/germaninstitute.com\/de\/tr\/wp-json\/wp\/v2\/product"}],"about":[{"href":"https:\/\/germaninstitute.com\/de\/tr\/wp-json\/wp\/v2\/types\/product"}],"replies":[{"embeddable":true,"href":"https:\/\/germaninstitute.com\/de\/tr\/wp-json\/wp\/v2\/comments?post=45468"}],"wp:featuredmedia":[{"embeddable":true,"href":"https:\/\/germaninstitute.com\/de\/tr\/wp-json\/wp\/v2\/media\/16257"}],"wp:attachment":[{"href":"https:\/\/germaninstitute.com\/de\/tr\/wp-json\/wp\/v2\/media?parent=45468"}],"wp:term":[{"taxonomy":"product_brand","embeddable":true,"href":"https:\/\/germaninstitute.com\/de\/tr\/wp-json\/wp\/v2\/product_brand?post=45468"},{"taxonomy":"product_cat","embeddable":true,"href":"https:\/\/germaninstitute.com\/de\/tr\/wp-json\/wp\/v2\/product_cat?post=45468"},{"taxonomy":"product_tag","embeddable":true,"href":"https:\/\/germaninstitute.com\/de\/tr\/wp-json\/wp\/v2\/product_tag?post=45468"}],"curies":[{"name":"wp","href":"https:\/\/api.w.org\/{rel}","templated":true}]}}