{"id":39525,"date":"2025-02-17T09:02:32","date_gmt":"2025-02-17T08:02:32","guid":{"rendered":"https:\/\/germaninstitute.com\/de\/produkt\/a2-aksam\/"},"modified":"2026-01-20T17:38:01","modified_gmt":"2026-01-20T16:38:01","slug":"a2-aksam","status":"publish","type":"product","link":"https:\/\/germaninstitute.com\/de\/tr\/produkt\/a2-aksam\/","title":{"rendered":"A2 AK\u015eAM"},"content":{"rendered":"<p style=\"font-weight: 400;\"><strong>A2 AK\u015eAM<\/strong><\/p>\n<p style=\"font-weight: 400;\">Her bir seviye i\u00e7in (A2.1 veya A2.2) 45 dakikal\u0131k 45 ders birimi (ekstra kurslar dahil)<\/p>\n<p style=\"font-weight: 400;\"><strong>Her \u015fey dahil paket:<\/strong><\/p>\n<p style=\"font-weight: 400;\">+ \u00e7evrimi\u00e7i gramer kurslar\u0131<\/p>\n<p style=\"font-weight: 400;\">+ \u00e7evrimi\u00e7i \u00f6zel kurslar, \u00f6rn. telaffuz e\u011fitimi, konu\u015fma kursu, s\u0131nav haz\u0131rl\u0131\u011f\u0131 vb. + \u00e7evrimi\u00e7i platform<\/p>\n<p style=\"font-weight: 400;\">+ <strong>Dijital kitaplar<\/strong><\/p>\n<p style=\"font-weight: 400;\">+ Ek materyal<\/p>\n<p style=\"font-weight: 400;\">+ Geziler<\/p>\n","protected":false},"excerpt":{"rendered":"<p>A2 AK\u015eAM Her bir seviye i\u00e7in (A2.1 veya A2.2) 45 dakikal\u0131k 45 ders birimi (ekstra kurslar dahil) Her \u015fey dahil paket: + \u00e7evrimi\u00e7i gramer kurslar\u0131&hellip;<\/p>\n","protected":false},"featured_media":16187,"comment_status":"closed","ping_status":"closed","template":"","meta":{"_et_pb_use_builder":"","_et_pb_old_content":"","_et_gb_content_width":""},"product_brand":[],"product_cat":[183,193],"product_tag":[],"class_list":{"0":"post-39525","1":"product","2":"type-product","3":"status-publish","4":"has-post-thumbnail","6":"product_cat-a2-kursu","7":"product_cat-aksam-kursu","9":"first","10":"instock","11":"purchasable","12":"product-type-variable"},"jetpack_sharing_enabled":true,"_links":{"self":[{"href":"https:\/\/germaninstitute.com\/de\/tr\/wp-json\/wp\/v2\/product\/39525","targetHints":{"allow":["GET"]}}],"collection":[{"href":"https:\/\/germaninstitute.com\/de\/tr\/wp-json\/wp\/v2\/product"}],"about":[{"href":"https:\/\/germaninstitute.com\/de\/tr\/wp-json\/wp\/v2\/types\/product"}],"replies":[{"embeddable":true,"href":"https:\/\/germaninstitute.com\/de\/tr\/wp-json\/wp\/v2\/comments?post=39525"}],"wp:featuredmedia":[{"embeddable":true,"href":"https:\/\/germaninstitute.com\/de\/tr\/wp-json\/wp\/v2\/media\/16187"}],"wp:attachment":[{"href":"https:\/\/germaninstitute.com\/de\/tr\/wp-json\/wp\/v2\/media?parent=39525"}],"wp:term":[{"taxonomy":"product_brand","embeddable":true,"href":"https:\/\/germaninstitute.com\/de\/tr\/wp-json\/wp\/v2\/product_brand?post=39525"},{"taxonomy":"product_cat","embeddable":true,"href":"https:\/\/germaninstitute.com\/de\/tr\/wp-json\/wp\/v2\/product_cat?post=39525"},{"taxonomy":"product_tag","embeddable":true,"href":"https:\/\/germaninstitute.com\/de\/tr\/wp-json\/wp\/v2\/product_tag?post=39525"}],"curies":[{"name":"wp","href":"https:\/\/api.w.org\/{rel}","templated":true}]}}