{"id":27581,"date":"2025-02-17T09:02:32","date_gmt":"2025-02-17T08:02:32","guid":{"rendered":"https:\/\/germaninstitute.com\/de\/produkt\/b2-aksam\/"},"modified":"2026-01-21T08:47:14","modified_gmt":"2026-01-21T07:47:14","slug":"b2-aksam","status":"publish","type":"product","link":"https:\/\/germaninstitute.com\/de\/tr\/produkt\/b2-aksam\/","title":{"rendered":"B2 AK\u015eAM"},"content":{"rendered":"<p><strong>B2 AK\u015eAM<\/strong><\/p>\n<p>Her seviye i\u00e7in 45 ders saati (B2.1 veya B2.2) (ekstra kurslar dahil)<\/p>\n<p><strong>Her \u015fey dahil paket:<\/strong><\/p>\n<p>+ Gramer kurslar\u0131<\/p>\n<p>+ \u00d6zel kurslar, \u00f6rne\u011fin telaffuz e\u011fitimi, konu\u015fma kursu, s\u0131nav haz\u0131rl\u0131\u011f\u0131 vb. + \u00c7evrimi\u00e7i platform<\/p>\n<p><strong>+ Dijital kitaplar<\/strong><\/p>\n<p>+ Ek materyaller<\/p>\n<p>+ Geziler<\/p>\n<p>\ud83d\udca1 <strong>B2.1 ve B2.2 aras\u0131nda zorluk derecesi veya zorunlu s\u0131ra a\u00e7\u0131s\u0131ndan bir fark yoktur.<\/strong> B1 seviyesinden itibaren mod\u00fcller (B1.1 \/ B1.2, B2.1 \/ B2.2, C1.1 \/ C1.2) do\u011frusal olarak birbirini takip etmez, bu nedenle herhangi bir s\u0131rayla al\u0131nabilir. Bu, B2.1 ve B2.2&#8217;nin her ikisinin de uygun ba\u015flang\u0131\u00e7 noktalar\u0131 oldu\u011fu anlam\u0131na gelir. Ders program\u0131na ba\u011fl\u0131 olarak, ikisinden biriyle ba\u015flamak tamamen uygundur.<\/p>\n","protected":false},"excerpt":{"rendered":"<p>B2 AK\u015eAM Her seviye i\u00e7in 45 ders saati (B2.1 veya B2.2) (ekstra kurslar dahil) Her \u015fey dahil paket: + Gramer kurslar\u0131 + \u00d6zel kurslar, \u00f6rne\u011fin&hellip;<\/p>\n","protected":false},"featured_media":16207,"comment_status":"closed","ping_status":"closed","template":"","meta":{"_et_pb_use_builder":"","_et_pb_old_content":"","_et_gb_content_width":""},"product_brand":[],"product_cat":[193,173],"product_tag":[],"class_list":{"0":"post-27581","1":"product","2":"type-product","3":"status-publish","4":"has-post-thumbnail","6":"product_cat-aksam-kursu","7":"product_cat-b2-kursu","9":"first","10":"instock","11":"purchasable","12":"product-type-variable"},"jetpack_sharing_enabled":true,"_links":{"self":[{"href":"https:\/\/germaninstitute.com\/de\/tr\/wp-json\/wp\/v2\/product\/27581","targetHints":{"allow":["GET"]}}],"collection":[{"href":"https:\/\/germaninstitute.com\/de\/tr\/wp-json\/wp\/v2\/product"}],"about":[{"href":"https:\/\/germaninstitute.com\/de\/tr\/wp-json\/wp\/v2\/types\/product"}],"replies":[{"embeddable":true,"href":"https:\/\/germaninstitute.com\/de\/tr\/wp-json\/wp\/v2\/comments?post=27581"}],"wp:featuredmedia":[{"embeddable":true,"href":"https:\/\/germaninstitute.com\/de\/tr\/wp-json\/wp\/v2\/media\/16207"}],"wp:attachment":[{"href":"https:\/\/germaninstitute.com\/de\/tr\/wp-json\/wp\/v2\/media?parent=27581"}],"wp:term":[{"taxonomy":"product_brand","embeddable":true,"href":"https:\/\/germaninstitute.com\/de\/tr\/wp-json\/wp\/v2\/product_brand?post=27581"},{"taxonomy":"product_cat","embeddable":true,"href":"https:\/\/germaninstitute.com\/de\/tr\/wp-json\/wp\/v2\/product_cat?post=27581"},{"taxonomy":"product_tag","embeddable":true,"href":"https:\/\/germaninstitute.com\/de\/tr\/wp-json\/wp\/v2\/product_tag?post=27581"}],"curies":[{"name":"wp","href":"https:\/\/api.w.org\/{rel}","templated":true}]}}