{"id":18805,"date":"2025-07-22T13:20:39","date_gmt":"2025-07-22T11:20:39","guid":{"rendered":"https:\/\/germaninstitute.com\/de\/produkt\/telaffuz-kursu-moduel-1-giris-analiz-ve-teshis\/"},"modified":"2026-01-21T10:49:33","modified_gmt":"2026-01-21T09:49:33","slug":"telaffuz-kursu-moduel-1-giris-analiz-ve-teshis","status":"publish","type":"product","link":"https:\/\/germaninstitute.com\/de\/tr\/produkt\/telaffuz-kursu-moduel-1-giris-analiz-ve-teshis\/","title":{"rendered":"Telaffuz Kursu Mod\u00fcl 1 &#8211; Giri\u015f, Analiz ve Seviye Belirleme"},"content":{"rendered":"","protected":false},"excerpt":{"rendered":"<p>\u0130lk mod\u00fclde (2 ders saati) bizimle birlikte bireysel dil analizinde ifade g\u00fcc\u00fcn\u00fc ke\u015ffet ve bireysel mod\u00fcller i\u00e7in kay\u0131t yapt\u0131rarak \u00f6zel ihtiya\u00e7lar\u0131na y\u00f6nelik yard\u0131m al.<\/p>\n","protected":false},"featured_media":18017,"comment_status":"open","ping_status":"closed","template":"","meta":{"_et_pb_use_builder":"","_et_pb_old_content":"","_et_gb_content_width":""},"product_brand":[],"product_cat":[214],"product_tag":[],"class_list":{"0":"post-18805","1":"product","2":"type-product","3":"status-publish","4":"has-post-thumbnail","6":"product_cat-telaffuz-kursu","8":"first","9":"instock","10":"purchasable","11":"product-type-simple"},"jetpack_sharing_enabled":true,"_links":{"self":[{"href":"https:\/\/germaninstitute.com\/de\/tr\/wp-json\/wp\/v2\/product\/18805","targetHints":{"allow":["GET"]}}],"collection":[{"href":"https:\/\/germaninstitute.com\/de\/tr\/wp-json\/wp\/v2\/product"}],"about":[{"href":"https:\/\/germaninstitute.com\/de\/tr\/wp-json\/wp\/v2\/types\/product"}],"replies":[{"embeddable":true,"href":"https:\/\/germaninstitute.com\/de\/tr\/wp-json\/wp\/v2\/comments?post=18805"}],"wp:featuredmedia":[{"embeddable":true,"href":"https:\/\/germaninstitute.com\/de\/tr\/wp-json\/wp\/v2\/media\/18017"}],"wp:attachment":[{"href":"https:\/\/germaninstitute.com\/de\/tr\/wp-json\/wp\/v2\/media?parent=18805"}],"wp:term":[{"taxonomy":"product_brand","embeddable":true,"href":"https:\/\/germaninstitute.com\/de\/tr\/wp-json\/wp\/v2\/product_brand?post=18805"},{"taxonomy":"product_cat","embeddable":true,"href":"https:\/\/germaninstitute.com\/de\/tr\/wp-json\/wp\/v2\/product_cat?post=18805"},{"taxonomy":"product_tag","embeddable":true,"href":"https:\/\/germaninstitute.com\/de\/tr\/wp-json\/wp\/v2\/product_tag?post=18805"}],"curies":[{"name":"wp","href":"https:\/\/api.w.org\/{rel}","templated":true}]}}