{"id":18732,"date":"2025-07-15T13:06:16","date_gmt":"2025-07-15T11:06:16","guid":{"rendered":"https:\/\/germaninstitute.com\/de\/produkt\/bireysel-oegretim-cevrimici\/"},"modified":"2026-01-21T10:56:26","modified_gmt":"2026-01-21T09:56:26","slug":"bireysel-oegretim-cevrimici","status":"publish","type":"product","link":"https:\/\/germaninstitute.com\/de\/tr\/produkt\/bireysel-oegretim-cevrimici\/","title":{"rendered":"Bireysel \u00f6\u011fretim (\u00e7evrimi\u00e7i)"},"content":{"rendered":"<ul>\n<li>\u00d6zel bireysel \u00f6\u011fretim<\/li>\n<li>Platform: Zoom<\/li>\n<li>60\u20ac\/ders<\/li>\n<\/ul>\n<p>&nbsp;<\/p>\n","protected":false},"excerpt":{"rendered":"<p>\u00d6zel bireysel \u00f6\u011fretim Platform: Zoom 60\u20ac\/ders &nbsp;<\/p>\n","protected":false},"featured_media":16247,"comment_status":"closed","ping_status":"closed","template":"","meta":{"_et_pb_use_builder":"off","_et_pb_old_content":"","_et_gb_content_width":""},"product_brand":[],"product_cat":[204],"product_tag":[],"class_list":{"0":"post-18732","1":"product","2":"type-product","3":"status-publish","4":"has-post-thumbnail","6":"product_cat-bireysel-oegretim","8":"first","9":"instock","10":"virtual","11":"purchasable","12":"product-type-simple"},"jetpack_sharing_enabled":true,"_links":{"self":[{"href":"https:\/\/germaninstitute.com\/de\/tr\/wp-json\/wp\/v2\/product\/18732","targetHints":{"allow":["GET"]}}],"collection":[{"href":"https:\/\/germaninstitute.com\/de\/tr\/wp-json\/wp\/v2\/product"}],"about":[{"href":"https:\/\/germaninstitute.com\/de\/tr\/wp-json\/wp\/v2\/types\/product"}],"replies":[{"embeddable":true,"href":"https:\/\/germaninstitute.com\/de\/tr\/wp-json\/wp\/v2\/comments?post=18732"}],"wp:featuredmedia":[{"embeddable":true,"href":"https:\/\/germaninstitute.com\/de\/tr\/wp-json\/wp\/v2\/media\/16247"}],"wp:attachment":[{"href":"https:\/\/germaninstitute.com\/de\/tr\/wp-json\/wp\/v2\/media?parent=18732"}],"wp:term":[{"taxonomy":"product_brand","embeddable":true,"href":"https:\/\/germaninstitute.com\/de\/tr\/wp-json\/wp\/v2\/product_brand?post=18732"},{"taxonomy":"product_cat","embeddable":true,"href":"https:\/\/germaninstitute.com\/de\/tr\/wp-json\/wp\/v2\/product_cat?post=18732"},{"taxonomy":"product_tag","embeddable":true,"href":"https:\/\/germaninstitute.com\/de\/tr\/wp-json\/wp\/v2\/product_tag?post=18732"}],"curies":[{"name":"wp","href":"https:\/\/api.w.org\/{rel}","templated":true}]}}