{"id":18719,"date":"2025-02-17T09:02:32","date_gmt":"2025-02-17T08:02:32","guid":{"rendered":"https:\/\/germaninstitute.com\/de\/produkt\/a1-yogun\/"},"modified":"2026-01-20T17:02:53","modified_gmt":"2026-01-20T16:02:53","slug":"a1-yogun","status":"publish","type":"product","link":"https:\/\/germaninstitute.com\/de\/tr\/produkt\/a1-yogun\/","title":{"rendered":"A1 YO\u011eUN"},"content":{"rendered":"<p><strong>A1 YO\u011eUN<\/strong><\/p>\n<p style=\"font-weight: 400;\">Her alt seviye (A1.1 veya A1.2) i\u00e7in 45 dakikal\u0131k 80 ders birimi (ekstra kurslar dahil)<\/p>\n<p style=\"font-weight: 400;\"><strong>Her \u015fey dahil paket:<\/strong><\/p>\n<p style=\"font-weight: 400;\">+ \u00e7evrimi\u00e7i dilbilgisi kurslar\u0131<\/p>\n<p style=\"font-weight: 400;\">+ \u00e7evrimi\u00e7i \u00f6zel kurslar, \u00f6rn. telaffuz e\u011fitimi, konu\u015fma kursu, s\u0131nav haz\u0131rl\u0131\u011f\u0131 vb. + \u00e7evrimi\u00e7i platform<\/p>\n<p style=\"font-weight: 400;\">+ <strong>Dijital kitaplar<\/strong><\/p>\n<p style=\"font-weight: 400;\">+ Ek materyal<\/p>\n<p style=\"font-weight: 400;\">+ Geziler<\/p>\n","protected":false},"excerpt":{"rendered":"<p>A1 YO\u011eUN Her alt seviye (A1.1 veya A1.2) i\u00e7in 45 dakikal\u0131k 80 ders birimi (ekstra kurslar dahil) Her \u015fey dahil paket: + \u00e7evrimi\u00e7i dilbilgisi kurslar\u0131&hellip;<\/p>\n","protected":false},"featured_media":16177,"comment_status":"closed","ping_status":"closed","template":"","meta":{"_et_pb_use_builder":"off","_et_pb_old_content":"<p style=\"font-weight: 400\">Her alt seviye (A1.1 veya A1.2) i\u00e7in 45 dakikal\u0131k 80 ders birimi (ekstra kurslar dahil)<\/p><p style=\"font-weight: 400\"><strong>Her \u015fey dahil paket:<\/strong><\/p><p style=\"font-weight: 400\">+ \u00e7evrimi\u00e7i dilbilgisi kurslar\u0131<\/p><p style=\"font-weight: 400\">+ \u00e7evrimi\u00e7i \u00f6zel kurslar, \u00f6rn. telaffuz e\u011fitimi, konu\u015fma kursu, s\u0131nav haz\u0131rl\u0131\u011f\u0131 vb. + \u00e7evrimi\u00e7i platform<\/p><p style=\"font-weight: 400\">+ <strong>Dijital kitaplar<\/strong><\/p><p style=\"font-weight: 400\">+ Ek materyal<\/p><p style=\"font-weight: 400\">+ Geziler<\/p>","_et_gb_content_width":""},"product_brand":[],"product_cat":[184],"product_tag":[],"class_list":{"0":"post-18719","1":"product","2":"type-product","3":"status-publish","4":"has-post-thumbnail","6":"product_cat-a1-kursu","8":"first","9":"instock","10":"purchasable","11":"product-type-variable"},"jetpack_sharing_enabled":true,"_links":{"self":[{"href":"https:\/\/germaninstitute.com\/de\/tr\/wp-json\/wp\/v2\/product\/18719","targetHints":{"allow":["GET"]}}],"collection":[{"href":"https:\/\/germaninstitute.com\/de\/tr\/wp-json\/wp\/v2\/product"}],"about":[{"href":"https:\/\/germaninstitute.com\/de\/tr\/wp-json\/wp\/v2\/types\/product"}],"replies":[{"embeddable":true,"href":"https:\/\/germaninstitute.com\/de\/tr\/wp-json\/wp\/v2\/comments?post=18719"}],"wp:featuredmedia":[{"embeddable":true,"href":"https:\/\/germaninstitute.com\/de\/tr\/wp-json\/wp\/v2\/media\/16177"}],"wp:attachment":[{"href":"https:\/\/germaninstitute.com\/de\/tr\/wp-json\/wp\/v2\/media?parent=18719"}],"wp:term":[{"taxonomy":"product_brand","embeddable":true,"href":"https:\/\/germaninstitute.com\/de\/tr\/wp-json\/wp\/v2\/product_brand?post=18719"},{"taxonomy":"product_cat","embeddable":true,"href":"https:\/\/germaninstitute.com\/de\/tr\/wp-json\/wp\/v2\/product_cat?post=18719"},{"taxonomy":"product_tag","embeddable":true,"href":"https:\/\/germaninstitute.com\/de\/tr\/wp-json\/wp\/v2\/product_tag?post=18719"}],"curies":[{"name":"wp","href":"https:\/\/api.w.org\/{rel}","templated":true}]}}