{"id":65707,"date":"2025-09-08T10:19:25","date_gmt":"2025-09-08T08:19:25","guid":{"rendered":"https:\/\/germaninstitute.com\/de\/sinav-egitimi-moduel-aciklamasi-yazma\/"},"modified":"2026-01-23T13:04:36","modified_gmt":"2026-01-23T12:04:36","slug":"sinav-egitimi-moduel-aciklamasi-yazma","status":"publish","type":"page","link":"https:\/\/germaninstitute.com\/de\/tr\/sinav-egitimi-moduel-aciklamasi-yazma\/","title":{"rendered":"S\u0131nav e\u011fitimi Mod\u00fcl a\u00e7\u0131klamas\u0131 Yazma"},"content":{"rendered":"<p>[et_pb_section fb_built=&#8221;1&#8243; _builder_version=&#8221;4.27.4&#8243; _module_preset=&#8221;default&#8221; global_colors_info=&#8221;{}&#8221; theme_builder_area=&#8221;post_content&#8221;][et_pb_row _builder_version=&#8221;4.27.4&#8243; _module_preset=&#8221;default&#8221; global_colors_info=&#8221;{}&#8221; theme_builder_area=&#8221;post_content&#8221;][et_pb_column type=&#8221;4_4&#8243; _builder_version=&#8221;4.27.4&#8243; _module_preset=&#8221;default&#8221; global_colors_info=&#8221;{}&#8221; theme_builder_area=&#8221;post_content&#8221;][et_pb_heading title=&#8221;Modul Schreiben \u2013 Deine schriftliche Pr\u00fcfung meistern&#8221; _builder_version=&#8221;4.27.4&#8243; _module_preset=&#8221;default&#8221; title_level=&#8221;h2&#8243; title_font=&#8221;&#8211;et_global_heading_font|500|||||||&#8221; title_text_color=&#8221;#204f8a&#8221; title_font_size=&#8221;35px&#8221; hover_enabled=&#8221;0&#8243; global_colors_info=&#8221;{}&#8221; theme_builder_area=&#8221;post_content&#8221; sticky_enabled=&#8221;0&#8243;][\/et_pb_heading][\/et_pb_column][\/et_pb_row][et_pb_row _builder_version=&#8221;4.27.4&#8243; _module_preset=&#8221;default&#8221; hover_enabled=&#8221;0&#8243; global_colors_info=&#8221;{}&#8221; theme_builder_area=&#8221;post_content&#8221; sticky_enabled=&#8221;0&#8243;][et_pb_column type=&#8221;4_4&#8243; _builder_version=&#8221;4.27.4&#8243; _module_preset=&#8221;default&#8221; global_colors_info=&#8221;{}&#8221; theme_builder_area=&#8221;post_content&#8221;][et_pb_text _builder_version=&#8221;4.27.4&#8243; _module_preset=&#8221;default&#8221; text_font=&#8221;&#8211;et_global_body_font||||||||&#8221; hover_enabled=&#8221;0&#8243; global_colors_info=&#8221;{}&#8221; theme_builder_area=&#8221;post_content&#8221; sticky_enabled=&#8221;0&#8243;]<\/p>\n<p>Im Modul Schreiben bereitest du dich intensiv auf den <strong>schriftlichen Ausdruck<\/strong> vor. Du erf\u00e4hrst, wie du deine Texte <strong>klar strukturierst<\/strong>, <strong>\u00fcberzeugend argumentierst<\/strong> und sprachlich auf Deinem Niveau <strong>formulierst<\/strong>. Gemeinsam mit deiner Lehrkraft bearbeitest du Modelltest Schreiben-Aufgaben, die <strong>individuell korrigiert und besprochen<\/strong> werden. Au\u00dferdem \u00fcbst du <strong>Argumentationstraining<\/strong>, damit du deine Ideen <strong>pr\u00e4zise<\/strong> und <strong>\u00fcberzeugend<\/strong> darlegen kannst. Durch gezielte <strong>Strategien<\/strong> lernst du, wie du im Pr\u00fcfungsteil Schreiben die Anforderungen sicher erf\u00fcllst.<\/p>\n<p>\n[\/et_pb_text][et_pb_button button_url=&#8221;@ET-DC@eyJkeW5hbWljIjp0cnVlLCJjb250ZW50IjoicG9zdF9saW5rX3VybF9wYWdlIiwic2V0dGluZ3MiOnsicG9zdF9pZCI6IjEyOTMxIn19@&#8221; button_text=&#8221;Jetzt anmelden&#8221; _builder_version=&#8221;4.27.4&#8243; _dynamic_attributes=&#8221;button_url&#8221; _module_preset=&#8221;1bffc0fc-42a0-49d1-bd9a-ae3ade2d7206&#8243; custom_button=&#8221;on&#8221; button_text_size=&#8221;14px&#8221; button_text_color=&#8221;#FFFFFF&#8221; button_bg_color=&#8221;#012243&#8243; button_border_width=&#8221;0px&#8221; button_border_radius=&#8221;0px&#8221; button_font=&#8221;&#8211;et_global_body_font|700|||||||&#8221; custom_padding=&#8221;12px|24px|12px|24px|true|true&#8221; locked=&#8221;off&#8221; global_colors_info=&#8221;{%22#0077b6%22:%91%22button_bg_color%22%93}&#8221; custom_padding__hover_enabled=&#8221;off|desktop&#8221; custom_padding__hover=&#8221;|28px||20px|true|false&#8221; button_bg_color__hover_enabled=&#8221;on|hover&#8221; button_bg_color__hover=&#8221;#f58c60&#8243; button_bg_enable_color__hover=&#8221;on&#8221; theme_builder_area=&#8221;post_content&#8221;][\/et_pb_button][et_pb_heading title=&#8221;Schritt f\u00fcr Schritt zum Pr\u00fcfungserfolg&#8221; _builder_version=&#8221;4.27.4&#8243; _module_preset=&#8221;default&#8221; title_level=&#8221;h2&#8243; title_font=&#8221;&#8211;et_global_heading_font|500|||||||&#8221; title_text_color=&#8221;#204f8a&#8221; title_font_size=&#8221;35px&#8221; custom_margin=&#8221;3px||||false|false&#8221; custom_padding=&#8221;32px||||false|false&#8221; global_colors_info=&#8221;{}&#8221; theme_builder_area=&#8221;post_content&#8221;][\/et_pb_heading][\/et_pb_column][\/et_pb_row][et_pb_row _builder_version=&#8221;4.27.4&#8243; _module_preset=&#8221;default&#8221; global_colors_info=&#8221;{}&#8221; theme_builder_area=&#8221;post_content&#8221;][et_pb_column type=&#8221;4_4&#8243; _builder_version=&#8221;4.27.4&#8243; _module_preset=&#8221;default&#8221; global_colors_info=&#8221;{}&#8221; theme_builder_area=&#8221;post_content&#8221;][et_pb_image src=&#8221;https:\/\/germaninstitute.com\/de\/wp-content\/uploads\/2025\/09\/visual-selection-2.png&#8221; _builder_version=&#8221;4.27.4&#8243; _module_preset=&#8221;default&#8221; theme_builder_area=&#8221;post_content&#8221; title_text=&#8221;Modul Schreiben&#8221; height=&#8221;683px&#8221; module_alignment=&#8221;center&#8221; align=&#8221;center&#8221; custom_margin=&#8221;-90px||||false|false&#8221; hover_enabled=&#8221;0&#8243; sticky_enabled=&#8221;0&#8243;][\/et_pb_image][\/et_pb_column][\/et_pb_row][\/et_pb_section]<\/p>\n","protected":false},"excerpt":{"rendered":"<p>Modul Schreiben \u2013 Deine&#8230;<\/p>\n","protected":false},"author":3,"featured_media":0,"parent":0,"menu_order":0,"comment_status":"closed","ping_status":"closed","template":"","meta":{"_et_pb_use_builder":"on","_et_pb_old_content":"","_et_gb_content_width":"","footnotes":""},"class_list":["post-65707","page","type-page","status-publish","hentry"],"jetpack_sharing_enabled":true,"_links":{"self":[{"href":"https:\/\/germaninstitute.com\/de\/tr\/wp-json\/wp\/v2\/pages\/65707","targetHints":{"allow":["GET"]}}],"collection":[{"href":"https:\/\/germaninstitute.com\/de\/tr\/wp-json\/wp\/v2\/pages"}],"about":[{"href":"https:\/\/germaninstitute.com\/de\/tr\/wp-json\/wp\/v2\/types\/page"}],"author":[{"embeddable":true,"href":"https:\/\/germaninstitute.com\/de\/tr\/wp-json\/wp\/v2\/users\/3"}],"replies":[{"embeddable":true,"href":"https:\/\/germaninstitute.com\/de\/tr\/wp-json\/wp\/v2\/comments?post=65707"}],"version-history":[{"count":2,"href":"https:\/\/germaninstitute.com\/de\/tr\/wp-json\/wp\/v2\/pages\/65707\/revisions"}],"predecessor-version":[{"id":65709,"href":"https:\/\/germaninstitute.com\/de\/tr\/wp-json\/wp\/v2\/pages\/65707\/revisions\/65709"}],"wp:attachment":[{"href":"https:\/\/germaninstitute.com\/de\/tr\/wp-json\/wp\/v2\/media?parent=65707"}],"curies":[{"name":"wp","href":"https:\/\/api.w.org\/{rel}","templated":true}]}}