{"id":65703,"date":"2025-09-08T09:35:28","date_gmt":"2025-09-08T07:35:28","guid":{"rendered":"https:\/\/germaninstitute.com\/de\/sinav-egitimi-moduel-aciklamasi-konusma\/"},"modified":"2026-01-23T13:02:13","modified_gmt":"2026-01-23T12:02:13","slug":"sinav-egitimi-moduel-aciklamasi-konusma","status":"publish","type":"page","link":"https:\/\/germaninstitute.com\/de\/tr\/sinav-egitimi-moduel-aciklamasi-konusma\/","title":{"rendered":"S\u0131nav e\u011fitimi Mod\u00fcl a\u00e7\u0131klamas\u0131 Konu\u015fma"},"content":{"rendered":"<p>[et_pb_section fb_built=&#8221;1&#8243; theme_builder_area=&#8221;post_content&#8221; _builder_version=&#8221;4.27.4&#8243; _module_preset=&#8221;default&#8221;][et_pb_row _builder_version=&#8221;4.27.4&#8243; _module_preset=&#8221;default&#8221; theme_builder_area=&#8221;post_content&#8221;][et_pb_column _builder_version=&#8221;4.27.4&#8243; _module_preset=&#8221;default&#8221; type=&#8221;4_4&#8243; theme_builder_area=&#8221;post_content&#8221;][et_pb_heading title=&#8221;Modul Sprechen \u2013 Deine m\u00fcndliche Pr\u00fcfung erfolgreich bestehen&#8221; _builder_version=&#8221;4.27.4&#8243; _module_preset=&#8221;default&#8221; theme_builder_area=&#8221;post_content&#8221; title_font=&#8221;&#8211;et_global_heading_font|500|||||||&#8221; title_text_color=&#8221;#204f8a&#8221; hover_enabled=&#8221;0&#8243; sticky_enabled=&#8221;0&#8243; title_level=&#8221;h2&#8243; title_font_size=&#8221;35px&#8221;][\/et_pb_heading][\/et_pb_column][\/et_pb_row][et_pb_row _builder_version=&#8221;4.27.4&#8243; _module_preset=&#8221;default&#8221; theme_builder_area=&#8221;post_content&#8221;][et_pb_column _builder_version=&#8221;4.27.4&#8243; _module_preset=&#8221;default&#8221; type=&#8221;4_4&#8243; theme_builder_area=&#8221;post_content&#8221;][et_pb_text _builder_version=&#8221;4.27.4&#8243; _module_preset=&#8221;default&#8221; theme_builder_area=&#8221;post_content&#8221; text_font=&#8221;&#8211;et_global_body_font||||||||&#8221; hover_enabled=&#8221;0&#8243; sticky_enabled=&#8221;0&#8243;]<\/p>\n<p>In diesem Modul \u00fcbst du die typischen <strong>m\u00fcndlichen Pr\u00fcfungsaufgaben<\/strong> Schritt f\u00fcr Schritt. Zusammen mit einer Lehrkraft trainierst du typische <strong>Pr\u00fcfungssituationen<\/strong>: vom <strong>spontanen Gespr\u00e4ch<\/strong> \u00fcber das <strong>Beschreiben von Materialien<\/strong> bis hin zur <strong>Diskussion<\/strong>. Du lernst, wie du deine Beitr\u00e4ge <strong>klar strukturierst<\/strong>, <strong>Redemittel effektiv<\/strong> einsetzt und <strong>spontan reagierst<\/strong>. Mit gezielten \u00dcbungen und <strong>Feedback<\/strong> st\u00e4rkst du deine <strong>Kommunikationsstrategien<\/strong> und baust <strong>Selbstvertrauen<\/strong> auf. Regelm\u00e4\u00dfiges \u00dcben mit typischen \u00dcbungen hilft dir, deine <strong>Leistung zu optimieren<\/strong> und den <strong>m\u00fcndlichen Pr\u00fcfungsteil erfolgreich<\/strong> zu meistern.<\/p>\n<p>\n[\/et_pb_text][et_pb_button button_url=&#8221;@ET-DC@eyJkeW5hbWljIjp0cnVlLCJjb250ZW50IjoicG9zdF9saW5rX3VybF9wYWdlIiwic2V0dGluZ3MiOnsicG9zdF9pZCI6IjEyOTMxIn19@&#8221; button_text=&#8221;Jetzt anmelden&#8221; _builder_version=&#8221;4.27.4&#8243; _module_preset=&#8221;1bffc0fc-42a0-49d1-bd9a-ae3ade2d7206&#8243; custom_button=&#8221;on&#8221; button_text_size=&#8221;14px&#8221; button_text_color=&#8221;#FFFFFF&#8221; button_bg_color=&#8221;#012243&#8243; button_border_width=&#8221;0px&#8221; button_border_radius=&#8221;0px&#8221; button_font=&#8221;&#8211;et_global_body_font|700|||||||&#8221; custom_padding=&#8221;12px|24px|12px|24px|true|true&#8221; hover_enabled=&#8221;0&#8243; locked=&#8221;off&#8221; global_colors_info=&#8221;{%22#0077b6%22:%91%22button_bg_color%22%93}&#8221; custom_padding__hover_enabled=&#8221;off|desktop&#8221; custom_padding__hover=&#8221;|28px||20px|true|false&#8221; button_bg_color__hover_enabled=&#8221;on|hover&#8221; button_bg_color__hover=&#8221;#f58c60&#8243; button_bg_enable_color__hover=&#8221;on&#8221; theme_builder_area=&#8221;post_content&#8221; _dynamic_attributes=&#8221;button_url&#8221; sticky_enabled=&#8221;0&#8243;][\/et_pb_button][et_pb_heading title=&#8221;Schritt f\u00fcr Schritt zum Pr\u00fcfungserfolg&#8221; _builder_version=&#8221;4.27.4&#8243; _module_preset=&#8221;default&#8221; theme_builder_area=&#8221;post_content&#8221; title_font=&#8221;&#8211;et_global_heading_font|500|||||||&#8221; title_text_color=&#8221;#204f8a&#8221; hover_enabled=&#8221;0&#8243; sticky_enabled=&#8221;0&#8243; title_level=&#8221;h2&#8243; title_font_size=&#8221;35px&#8221; custom_margin=&#8221;3px||||false|false&#8221; custom_padding=&#8221;32px||||false|false&#8221;][\/et_pb_heading][\/et_pb_column][\/et_pb_row][et_pb_row _builder_version=&#8221;4.27.4&#8243; _module_preset=&#8221;default&#8221; theme_builder_area=&#8221;post_content&#8221;][et_pb_column _builder_version=&#8221;4.27.4&#8243; _module_preset=&#8221;default&#8221; type=&#8221;4_4&#8243; theme_builder_area=&#8221;post_content&#8221;][et_pb_image src=&#8221;https:\/\/germaninstitute.com\/de\/wp-content\/uploads\/2025\/09\/visual-selection.png&#8221; _builder_version=&#8221;4.27.4&#8243; _module_preset=&#8221;default&#8221; theme_builder_area=&#8221;post_content&#8221; title_text=&#8221;- visual selection&#8221; module_alignment=&#8221;center&#8221; max_width=&#8221;57%&#8221; hover_enabled=&#8221;0&#8243; sticky_enabled=&#8221;0&#8243;][\/et_pb_image][\/et_pb_column][\/et_pb_row][\/et_pb_section]<\/p>\n","protected":false},"excerpt":{"rendered":"<p>Modul Sprechen \u2013 Deine&#8230;<\/p>\n","protected":false},"author":3,"featured_media":0,"parent":0,"menu_order":0,"comment_status":"closed","ping_status":"closed","template":"","meta":{"_et_pb_use_builder":"on","_et_pb_old_content":"","_et_gb_content_width":"","footnotes":""},"class_list":["post-65703","page","type-page","status-publish","hentry"],"jetpack_sharing_enabled":true,"_links":{"self":[{"href":"https:\/\/germaninstitute.com\/de\/tr\/wp-json\/wp\/v2\/pages\/65703","targetHints":{"allow":["GET"]}}],"collection":[{"href":"https:\/\/germaninstitute.com\/de\/tr\/wp-json\/wp\/v2\/pages"}],"about":[{"href":"https:\/\/germaninstitute.com\/de\/tr\/wp-json\/wp\/v2\/types\/page"}],"author":[{"embeddable":true,"href":"https:\/\/germaninstitute.com\/de\/tr\/wp-json\/wp\/v2\/users\/3"}],"replies":[{"embeddable":true,"href":"https:\/\/germaninstitute.com\/de\/tr\/wp-json\/wp\/v2\/comments?post=65703"}],"version-history":[{"count":2,"href":"https:\/\/germaninstitute.com\/de\/tr\/wp-json\/wp\/v2\/pages\/65703\/revisions"}],"predecessor-version":[{"id":65705,"href":"https:\/\/germaninstitute.com\/de\/tr\/wp-json\/wp\/v2\/pages\/65703\/revisions\/65705"}],"wp:attachment":[{"href":"https:\/\/germaninstitute.com\/de\/tr\/wp-json\/wp\/v2\/media?parent=65703"}],"curies":[{"name":"wp","href":"https:\/\/api.w.org\/{rel}","templated":true}]}}