{"id":65030,"date":"2026-01-15T08:40:17","date_gmt":"2026-01-15T07:40:17","guid":{"rendered":"https:\/\/germaninstitute.com\/de\/dil-kursu-vizesi-paketleri\/"},"modified":"2026-02-16T16:44:18","modified_gmt":"2026-02-16T15:44:18","slug":"dil-kursu-vizesi-paketleri","status":"publish","type":"page","link":"https:\/\/germaninstitute.com\/de\/tr\/dil-kursu-vizesi-paketleri\/","title":{"rendered":"Dil kursu vizesi paketleri"},"content":{"rendered":"<p>[et_pb_section fb_built=&#8221;1&#8243; _builder_version=&#8221;4.27.5&#8243; _module_preset=&#8221;default&#8221; global_colors_info=&#8221;{}&#8221;][et_pb_row column_structure=&#8221;1_2,1_2&#8243; _builder_version=&#8221;4.27.5&#8243; _module_preset=&#8221;default&#8221; global_colors_info=&#8221;{}&#8221;][et_pb_column type=&#8221;1_2&#8243; _builder_version=&#8221;4.27.5&#8243; _module_preset=&#8221;default&#8221; global_colors_info=&#8221;{}&#8221;][et_pb_heading title=&#8221;Sprachkursvisum-Pakete &#8221; _builder_version=&#8221;4.27.5&#8243; _module_preset=&#8221;default&#8221; title_level=&#8221;h2&#8243; title_font=&#8221;Rubik||||||||&#8221; title_text_color=&#8221;#204f8a&#8221; title_font_size=&#8221;50px&#8221; title_line_height=&#8221;1.1em&#8221; title_font_tablet=&#8221;Rubik||||||||&#8221; title_font_phone=&#8221;Rubik||||||||&#8221; title_font_last_edited=&#8221;on|phone&#8221; title_font_size_tablet=&#8221;50px&#8221; title_font_size_phone=&#8221;40px&#8221; title_font_size_last_edited=&#8221;on|desktop&#8221; locked=&#8221;off&#8221; global_colors_info=&#8221;{}&#8221;][\/et_pb_heading][et_pb_text _builder_version=&#8221;4.27.5&#8243; _module_preset=&#8221;69fd3909-3ea9-4c46-a55d-0a8c7dcdaad9&#8243; text_font=&#8221;&#8211;et_global_body_font||||||||&#8221; header_font=&#8221;&#8211;et_global_heading_font||||||||&#8221; header_2_font=&#8221;&#8211;et_global_heading_font||||||||&#8221; header_3_font=&#8221;Rubik||||||||&#8221; header_3_text_color=&#8221;gcid-9bb9bfe2-980a-472b-9544-d767cdb4022e&#8221; header_3_font_size=&#8221;30px&#8221; header_4_font=&#8221;Rubik||||||||&#8221; header_4_text_color=&#8221;gcid-9bb9bfe2-980a-472b-9544-d767cdb4022e&#8221; custom_margin=&#8221;-3px||||false|false&#8221; header_3_font_tablet=&#8221;Rubik||||||||&#8221; header_3_font_phone=&#8221;Rubik||||||||&#8221; header_3_font_last_edited=&#8221;on|phone&#8221; locked=&#8221;off&#8221; global_colors_info=&#8221;{%22gcid-9bb9bfe2-980a-472b-9544-d767cdb4022e%22:%91%22header_4_text_color%22,%22header_3_text_color%22%93}&#8221;]<\/p>\n<h3 style=\"margin-bottom: 15px;\">Deutsch lernen &amp; Visum sichern<\/h3>\n<\/p>\n<p>Unsere Sprachkursvisum-Pakete verbinden hochwertige Deutschkurse mit professioneller Visa-Unterst\u00fctzung. W\u00e4hle zwischen den Paketen <strong>Bronze<\/strong>, <strong>Silber<\/strong> oder <strong>Gold<\/strong> und profitiere von einer klaren Struktur, pers\u00f6nlicher Beratung und einer sicheren Vorbereitung f\u00fcr Deinen Aufenthalt in Deutschland.<\/p>\n<p>[\/et_pb_text][et_pb_text _builder_version=&#8221;4.27.5&#8243; _module_preset=&#8221;69fd3909-3ea9-4c46-a55d-0a8c7dcdaad9&#8243; text_font=&#8221;&#8211;et_global_body_font||||||||&#8221; text_text_color=&#8221;#000000&#8243; header_font=&#8221;&#8211;et_global_heading_font||||||||&#8221; header_2_font=&#8221;&#8211;et_global_heading_font||||||||&#8221; header_3_font=&#8221;&#8211;et_global_heading_font||||||||&#8221; header_4_font=&#8221;&#8211;et_global_heading_font||||||||&#8221; header_4_font_size=&#8221;20px&#8221; background_color=&#8221;rgba(182,201,241,0.57)&#8221; min_height=&#8221;210.8px&#8221; custom_margin=&#8221;58px|||0px|false|false&#8221; custom_margin_tablet=&#8221;58px|||0px|false|false&#8221; custom_margin_phone=&#8221;21px|||0px|false|false&#8221; custom_margin_last_edited=&#8221;on|phone&#8221; custom_padding=&#8221;10px|0px|0px|20px|false|false&#8221; border_radii=&#8221;on|5px|5px|5px|5px&#8221; locked=&#8221;off&#8221; global_colors_info=&#8221;{}&#8221; background__hover_enabled=&#8221;off|hover&#8221; background_color__hover=&#8221;rgba(235,133,114,0.39)&#8221; background_enable_color__hover=&#8221;on&#8221;]<\/p>\n<p><strong>Was Du bekommst<\/strong><\/p>\n<\/p>\n<ul data-start=\"440\" data-end=\"658\">\n<li data-start=\"440\" data-end=\"515\">\n<p data-start=\"442\" data-end=\"515\"><strong data-start=\"442\" data-end=\"464\">Deutschkurse mit Struktur<\/strong><br data-start=\"464\" data-end=\"467\" \/>Lerne Deutsch systematisch, angepasst an Deine Ziele und Aufenthaltsdauer.<\/p>\n<\/li>\n<li data-start=\"516\" data-end=\"588\">\n<p data-start=\"518\" data-end=\"588\"><strong>Professioneller Visa-Support<\/strong><br data-start=\"541\" data-end=\"544\" \/>Erhalte klare Anleitungen und pers\u00f6nliche Unterst\u00fctzung f\u00fcr Dein Sprachkursvisum.<\/p>\n<\/li>\n<li data-start=\"589\" data-end=\"658\">\n<p data-start=\"591\" data-end=\"658\"><strong data-start=\"591\" data-end=\"609\">Planungssicherheit<\/strong><br data-start=\"609\" data-end=\"612\" \/>W\u00e4hle ein Paket mit festem Umfang, transparentem Preis und klaren Leistungen.<\/p>\n<\/li>\n<li data-start=\"589\" data-end=\"658\">\n<p data-start=\"591\" data-end=\"658\"><strong data-start=\"591\" data-end=\"609\">Flexible Vorbereitung<\/strong><br data-start=\"609\" data-end=\"612\" \/>Nutze Pr\u00e4senz- und Onlinekurse, um Dich optimal auf deinen Aufenthalt in Deutschland vorzubereiten.<\/p>\n<\/li>\n<\/ul>\n<p>[\/et_pb_text][\/et_pb_column][et_pb_column type=&#8221;1_2&#8243; _builder_version=&#8221;4.27.5&#8243; _module_preset=&#8221;default&#8221; global_colors_info=&#8221;{}&#8221;][et_pb_image src=&#8221;https:\/\/germaninstitute.com\/de\/wp-content\/uploads\/2025\/06\/career-coach-5.jpg&#8221; title_text=&#8221;career-coach-5&#8243; _builder_version=&#8221;4.27.5&#8243; _module_preset=&#8221;default&#8221; global_colors_info=&#8221;{}&#8221;][\/et_pb_image][et_pb_button button_url=&#8221;#pakete&#8221; button_text=&#8221;Entdecke unsere Pakete&#8221; button_alignment=&#8221;center&#8221; _builder_version=&#8221;4.27.5&#8243; _module_preset=&#8221;default&#8221; custom_button=&#8221;on&#8221; button_text_color=&#8221;#FFFFFF&#8221; button_bg_color=&#8221;#012243&#8243; button_font=&#8221;&#8211;et_global_body_font||||||||&#8221; custom_margin=&#8221;145px||||false|false&#8221; custom_margin_tablet=&#8221;94px||-66px||false|false&#8221; custom_margin_phone=&#8221;94px||-66px||false|false&#8221; custom_margin_last_edited=&#8221;on|tablet&#8221; locked=&#8221;off&#8221; global_colors_info=&#8221;{}&#8221;][\/et_pb_button][\/et_pb_column][\/et_pb_row][\/et_pb_section][et_pb_section fb_built=&#8221;1&#8243; admin_label=&#8221;Services&#8221; module_id=&#8221;pakete&#8221; _builder_version=&#8221;4.27.5&#8243; _module_preset=&#8221;default&#8221; locked=&#8221;off&#8221; collapsed=&#8221;on&#8221; global_colors_info=&#8221;{}&#8221;][et_pb_row _builder_version=&#8221;4.27.4&#8243; _module_preset=&#8221;default&#8221; global_colors_info=&#8221;{}&#8221;][et_pb_column type=&#8221;4_4&#8243; _builder_version=&#8221;4.27.4&#8243; _module_preset=&#8221;default&#8221; global_colors_info=&#8221;{}&#8221;][et_pb_heading title=&#8221;W\u00e4hle das Paket, das zu Deinen Zielen passt&#8221; _builder_version=&#8221;4.27.5&#8243; _module_preset=&#8221;default&#8221; title_level=&#8221;h2&#8243; title_font=&#8221;Rubik||||||||&#8221; title_text_align=&#8221;center&#8221; title_text_color=&#8221;#204f8a&#8221; title_font_size=&#8221;42px&#8221; title_line_height=&#8221;1.1em&#8221; custom_margin=&#8221;-20px||10px||false|false&#8221; title_font_tablet=&#8221;Rubik||||||||&#8221; title_font_phone=&#8221;Rubik||||||||&#8221; title_font_last_edited=&#8221;on|phone&#8221; global_colors_info=&#8221;{}&#8221;][\/et_pb_heading][\/et_pb_column][\/et_pb_row][et_pb_row column_structure=&#8221;1_3,1_3,1_3&#8243; use_custom_gutter=&#8221;on&#8221; gutter_width=&#8221;2&#8243; _builder_version=&#8221;4.27.5&#8243; _module_preset=&#8221;default&#8221; global_colors_info=&#8221;{}&#8221;][et_pb_column type=&#8221;1_3&#8243; _builder_version=&#8221;4.27.5&#8243; _module_preset=&#8221;default&#8221; background_color=&#8221;#d4af37&#8243; custom_padding=&#8221;40px|40px|40px|40px|true|true&#8221; custom_padding_tablet=&#8221;30px|30px|30px|30px|true|true&#8221; custom_padding_phone=&#8221;20px|20px|20px|20px|true|true&#8221; custom_padding_last_edited=&#8221;on|phone&#8221; border_radii=&#8221;on|10px|10px|10px|10px&#8221; global_colors_info=&#8221;{}&#8221; background__hover_enabled=&#8221;on|hover&#8221; background_color__hover=&#8221;#e6c878&#8243; background_enable_color__hover=&#8221;on&#8221;][et_pb_text _builder_version=&#8221;4.27.5&#8243; _module_preset=&#8221;c6a1cb97-e8ca-45a9-8c9b-efa129a8eb4b&#8221; header_2_font=&#8221;&#8211;et_global_heading_font||||||||&#8221; header_2_text_color=&#8221;#000000&#8243; header_3_font=&#8221;Rubik||||||||&#8221; header_3_text_color=&#8221;#000000&#8243; header_3_font_size=&#8221;25px&#8221; header_3_line_height=&#8221;1.2em&#8221; header_4_font=&#8221;Rubik|500|||||||&#8221; header_4_line_height=&#8221;1.2em&#8221; text_orientation=&#8221;center&#8221; custom_margin=&#8221;0px||0px||false|false&#8221; custom_padding=&#8221;10px||||false|false&#8221; global_colors_info=&#8221;{}&#8221;]<\/p>\n<h3><span><img decoding=\"async\" draggable=\"false\" role=\"img\" class=\"emoji\" alt=\"\ud83e\udd47\" src=\"https:\/\/s.w.org\/images\/core\/emoji\/14.0.0\/svg\/1f947.svg\" \/> Gold-Paket \u2013 das Rundum-Sorglos-Paket<\/span><\/h3>\n<p>[\/et_pb_text][et_pb_text _builder_version=&#8221;4.27.5&#8243; _module_preset=&#8221;default&#8221; text_font=&#8221;&#8211;et_global_body_font||||||||&#8221; text_text_color=&#8221;#000000&#8243; header_4_font=&#8221;Rubik||||||||&#8221; header_4_text_align=&#8221;center&#8221; header_4_line_height=&#8221;1.2em&#8221; header_5_font=&#8221;Rubik||||||||&#8221; header_5_text_align=&#8221;center&#8221; custom_margin=&#8221;10px||||false|false&#8221; global_colors_info=&#8221;{}&#8221;]<\/p>\n<h4 style=\"margin-bottom: 10px;\">12 Monate Deutschkurs + 2 Monate Online Deutschkurs + Visa-Support<\/h4>\n<\/p>\n<h5 style=\"margin-bottom: 10px;\">5.700 \u20ac<\/h5>\n<\/p>\n<p data-start=\"76\" data-end=\"215\">Das Gold-Paket ist das umfassendste Rundum-Sorglos-Angebot f\u00fcr einen langfristigen Aufenthalt in Deutschland. Es eignet sich ideal f\u00fcr alle, die Deutsch intensiv lernen und dabei mehrere Kursstufen absolvieren m\u00f6chten. Du profitierst von maximaler Planungssicherheit sowie pers\u00f6nlichem, professionellem Visa-Support w\u00e4hrend des gesamten Prozesses.<\/p>\n<\/p>\n<ul data-start=\"216\" data-end=\"351\">\n<li data-start=\"216\" data-end=\"252\">\n<p data-start=\"218\" data-end=\"252\">2 Monate <strong>t\u00e4glicher Deutschkurs<\/strong> online<\/p>\n<\/li>\n<li data-start=\"253\" data-end=\"291\">\n<p data-start=\"255\" data-end=\"291\">4 intensive <strong>Beratungen<\/strong><\/p>\n<\/li>\n<li data-start=\"292\" data-end=\"351\">\n<p data-start=\"294\" data-end=\"351\"><strong>Visa letter<\/strong> + Umfassende Pr\u00fcfung und Optimierung deiner Unterlagen<\/p>\n<\/li>\n<li data-start=\"292\" data-end=\"351\">Individuelles <strong>Coaching<\/strong> f\u00fcr einen souver\u00e4nen Auftritt beim Termin bei der Botschaft<\/li>\n<li data-start=\"292\" data-end=\"351\">Teilnahme an erg\u00e4nzenden <strong>Grammatikkursen<\/strong><\/li>\n<li data-start=\"292\" data-end=\"351\">Nachforderungs-Service: <strong>Analyse<\/strong> der Nachforderung<\/li>\n<\/ul>\n<p>[\/et_pb_text][et_pb_button button_url=&#8221;https:\/\/calendar.app.google\/zRf241a9BgSKSuxg7&#8243; button_text=&#8221;\u015eimdi dan\u0131\u015fmanl\u0131k randevusu al&#8221; button_alignment=&#8221;center&#8221; _builder_version=&#8221;4.27.5&#8243; _module_preset=&#8221;default&#8221; custom_button=&#8221;on&#8221; button_text_color=&#8221;#FFFFFF&#8221; button_bg_color=&#8221;#012243&#8243; button_border_width=&#8221;0px&#8221; button_font=&#8221;&#8211;et_global_body_font||||||||&#8221; hover_enabled=&#8221;0&#8243; locked=&#8221;off&#8221; global_colors_info=&#8221;{}&#8221; sticky_enabled=&#8221;0&#8243;][\/et_pb_button][\/et_pb_column][et_pb_column type=&#8221;1_3&#8243; _builder_version=&#8221;4.27.5&#8243; _module_preset=&#8221;default&#8221; background_color=&#8221;#c0c0c0&#8243; custom_padding=&#8221;40px|40px|40px|40px|true|true&#8221; custom_padding_tablet=&#8221;30px|30px|30px|30px|true|true&#8221; custom_padding_phone=&#8221;20px|20px|20px|20px|true|true&#8221; custom_padding_last_edited=&#8221;on|phone&#8221; border_radii=&#8221;on|10px|10px|10px|10px&#8221; global_colors_info=&#8221;{}&#8221; background__hover_enabled=&#8221;on|hover&#8221; background_color__hover=&#8221;#dcdcdc&#8221; background_enable_color__hover=&#8221;on&#8221;][et_pb_text _builder_version=&#8221;4.27.5&#8243; _module_preset=&#8221;31b5cbb4-ac9b-40e9-8bed-9b0ca300d26f&#8221; header_font=&#8221;&#8211;et_global_heading_font||||||||&#8221; header_text_color=&#8221;#000000&#8243; header_2_font=&#8221;&#8211;et_global_heading_font|500|||||||&#8221; header_2_font_size=&#8221;26px&#8221; header_3_font=&#8221;Rubik||||||||&#8221; header_3_text_color=&#8221;#000000&#8243; header_3_font_size=&#8221;25px&#8221; header_3_line_height=&#8221;1.2em&#8221; header_4_font=&#8221;Rubik|500|||||||&#8221; header_4_text_color=&#8221;#000000&#8243; header_4_font_size=&#8221;24px&#8221; header_4_line_height=&#8221;1.2em&#8221; text_orientation=&#8221;center&#8221; custom_margin=&#8221;||0px||false|false&#8221; custom_padding=&#8221;10px||||false|false&#8221; global_colors_info=&#8221;{}&#8221;]<\/p>\n<h3><span style=\"font-size: medium;\"><img decoding=\"async\" draggable=\"false\" role=\"img\" class=\"emoji\" alt=\"\ud83e\udd48\" src=\"https:\/\/s.w.org\/images\/core\/emoji\/14.0.0\/svg\/1f948.svg\" \/><\/span> Silber-Paket \u2013 die ausgewogene L\u00f6sung<\/h3>\n<p>[\/et_pb_text][et_pb_text _builder_version=&#8221;4.27.5&#8243; _module_preset=&#8221;default&#8221; text_font=&#8221;&#8211;et_global_body_font||||||||&#8221; text_text_color=&#8221;#000000&#8243; header_4_font=&#8221;Rubik||||||||&#8221; header_4_text_align=&#8221;center&#8221; header_4_line_height=&#8221;1.2em&#8221; header_5_font=&#8221;Rubik||||||||&#8221; header_5_text_align=&#8221;center&#8221; custom_margin=&#8221;10px||||false|false&#8221; locked=&#8221;off&#8221; global_colors_info=&#8221;{}&#8221;]<\/p>\n<h4 style=\"margin-bottom: 10px;\">6 Monate Deutschkurs + 2 Monate Online Deutschkurs + Visa-Support<\/h4>\n<\/p>\n<h5 style=\"margin-bottom: 10px;\">3.000 \u20ac<\/h5>\n<\/p>\n<p data-start=\"76\" data-end=\"215\">Das Silber-Paket bietet eine ausgewogene Kombination aus Pr\u00e4senz- und Online-Deutschkursen und ist ideal f\u00fcr nachhaltiges Lernen mit zus\u00e4tzlicher Flexibilit\u00e4t und professionellem Visums-Support.<\/p>\n<\/p>\n<ul data-start=\"216\" data-end=\"351\">\n<li data-start=\"216\" data-end=\"252\">\n<p data-start=\"218\" data-end=\"252\">2 Monate <strong>t\u00e4glicher Deutschkurs<\/strong> online im Wert von 900 Euro vor der Anreise<\/p>\n<\/li>\n<li data-start=\"253\" data-end=\"291\">\n<p data-start=\"255\" data-end=\"291\">2 intensive <strong>Beratungen<\/strong><\/p>\n<\/li>\n<li data-start=\"292\" data-end=\"351\">\n<p data-start=\"294\" data-end=\"351\"><strong>Visa letter<\/strong> + Umfassende Pr\u00fcfung und Optimierung Deiner Unterlagen<\/p>\n<\/li>\n<li data-start=\"292\" data-end=\"351\">Individuelles <strong>Coaching<\/strong> f\u00fcr einen souver\u00e4nen Auftritt beim Termin bei der Botschaft<\/li>\n<li data-start=\"292\" data-end=\"351\">Teilnahme an erg\u00e4nzenden <strong>Grammatikkursen<\/strong><\/li>\n<\/ul>\n<p>[\/et_pb_text][et_pb_button button_url=&#8221;https:\/\/calendar.app.google\/zRf241a9BgSKSuxg7&#8243; button_text=&#8221;\u015eimdi dan\u0131\u015fmanl\u0131k randevusu al&#8221; button_alignment=&#8221;center&#8221; _builder_version=&#8221;4.27.5&#8243; _module_preset=&#8221;default&#8221; custom_button=&#8221;on&#8221; button_text_color=&#8221;#FFFFFF&#8221; button_bg_color=&#8221;#012243&#8243; button_border_width=&#8221;0px&#8221; button_font=&#8221;&#8211;et_global_body_font||||||||&#8221; hover_enabled=&#8221;0&#8243; locked=&#8221;off&#8221; global_colors_info=&#8221;{}&#8221; sticky_enabled=&#8221;0&#8243;][\/et_pb_button][\/et_pb_column][et_pb_column type=&#8221;1_3&#8243; _builder_version=&#8221;4.27.5&#8243; _module_preset=&#8221;default&#8221; background_color=&#8221;#cd7f32&#8243; custom_padding=&#8221;40px|40px|40px|40px|true|true&#8221; custom_padding_tablet=&#8221;30px|30px|30px|30px|true|true&#8221; custom_padding_phone=&#8221;20px|20px|20px|20px|true|true&#8221; custom_padding_last_edited=&#8221;on|phone&#8221; border_radii=&#8221;on|10px|10px|10px|10px&#8221; global_colors_info=&#8221;{}&#8221; background__hover_enabled=&#8221;on|hover&#8221; background_color__hover=&#8221;#dca05f&#8221; background_enable_color__hover=&#8221;on&#8221;][et_pb_text _builder_version=&#8221;4.27.5&#8243; _module_preset=&#8221;31b5cbb4-ac9b-40e9-8bed-9b0ca300d26f&#8221; header_font=&#8221;&#8211;et_global_heading_font||||||||&#8221; header_text_color=&#8221;#000000&#8243; header_2_font=&#8221;&#8211;et_global_heading_font|500|||||||&#8221; header_2_font_size=&#8221;26px&#8221; header_3_font=&#8221;Rubik||||||||&#8221; header_3_text_color=&#8221;#000000&#8243; header_3_font_size=&#8221;25px&#8221; header_3_line_height=&#8221;1.2em&#8221; header_4_font=&#8221;Rubik|500|||||||&#8221; header_4_text_color=&#8221;#000000&#8243; header_4_font_size=&#8221;24px&#8221; header_4_line_height=&#8221;1.2em&#8221; text_orientation=&#8221;center&#8221; custom_margin=&#8221;||0px||false|false&#8221; custom_padding=&#8221;10px||||false|false&#8221; locked=&#8221;off&#8221; global_colors_info=&#8221;{}&#8221;]<\/p>\n<h3>\ud83e\udd49 Bronze Paket \u2013 Der kompakte Einstieg<\/h3>\n<p>[\/et_pb_text][et_pb_text _builder_version=&#8221;4.27.5&#8243; _module_preset=&#8221;default&#8221; text_font=&#8221;&#8211;et_global_body_font||||||||&#8221; text_text_color=&#8221;#000000&#8243; header_4_font=&#8221;Rubik||||||||&#8221; header_4_text_align=&#8221;center&#8221; header_4_line_height=&#8221;1.2em&#8221; header_5_font=&#8221;Rubik||||||||&#8221; header_5_text_align=&#8221;center&#8221; custom_margin=&#8221;10px||||false|false&#8221; locked=&#8221;off&#8221; global_colors_info=&#8221;{}&#8221;]<\/p>\n<h4 style=\"margin-bottom: 10px;\">3 Monate Deutschkurs + Visa-Support<\/h4>\n<\/p>\n<h5 style=\"margin-bottom: 10px;\">1.650 \u20ac<\/h5>\n<\/p>\n<p data-start=\"76\" data-end=\"215\">Das Bronze-Paket ist der kompakte Einstieg ins Deutschlernen in Deutschland und richtet sich an alle, die f\u00fcr einen k\u00fcrzeren Zeitraum starten und dennoch auf zuverl\u00e4ssigen Visums-Support setzen m\u00f6chten.<\/p>\n<\/p>\n<ul data-start=\"216\" data-end=\"351\">\n<li data-start=\"216\" data-end=\"252\">\n<p data-start=\"218\" data-end=\"252\">2 intensive <strong>Beratungen<\/strong><\/p>\n<\/li>\n<li data-start=\"253\" data-end=\"291\">\n<p data-start=\"255\" data-end=\"291\"><strong>Visa letter<\/strong> + Umfassende Pr\u00fcfung und Optimierung Deiner Unterlagen<\/p>\n<\/li>\n<li data-start=\"253\" data-end=\"291\">Individuelles <strong>Coaching<\/strong> f\u00fcr einen souver\u00e4nen Auftritt beim Termin bei der Botschaft<\/li>\n<li data-start=\"253\" data-end=\"291\">Teilnahme an erg\u00e4nzenden <strong>Grammatikkursen<\/strong><\/li>\n<\/ul>\n<p>[\/et_pb_text][et_pb_button button_url=&#8221;https:\/\/calendar.app.google\/zRf241a9BgSKSuxg7&#8243; button_text=&#8221;\u015eimdi dan\u0131\u015fmanl\u0131k randevusu al&#8221; button_alignment=&#8221;center&#8221; _builder_version=&#8221;4.27.5&#8243; _module_preset=&#8221;default&#8221; custom_button=&#8221;on&#8221; button_text_color=&#8221;#FFFFFF&#8221; button_bg_color=&#8221;#012243&#8243; button_border_width=&#8221;0px&#8221; button_font=&#8221;&#8211;et_global_body_font||||||||&#8221; hover_enabled=&#8221;0&#8243; locked=&#8221;off&#8221; global_colors_info=&#8221;{}&#8221; sticky_enabled=&#8221;0&#8243;][\/et_pb_button][\/et_pb_column][\/et_pb_row][\/et_pb_section][et_pb_section fb_built=&#8221;1&#8243; admin_label=&#8221;Features&#8221; _builder_version=&#8221;4.22.0&#8243; _module_preset=&#8221;default&#8221; locked=&#8221;off&#8221; collapsed=&#8221;on&#8221; global_colors_info=&#8221;{}&#8221;][et_pb_row module_id=&#8221;Module&#8221; _builder_version=&#8221;4.27.5&#8243; _module_preset=&#8221;default&#8221; custom_margin=&#8221;-50px||||false|false&#8221; global_colors_info=&#8221;{}&#8221;][et_pb_column type=&#8221;4_4&#8243; _builder_version=&#8221;4.22.0&#8243; _module_preset=&#8221;default&#8221; global_colors_info=&#8221;{}&#8221;][et_pb_image src=&#8221;https:\/\/germaninstitute.com\/de\/wp-content\/uploads\/2026\/01\/Fuer-wen-sind-die-Pakete-geeignet-1-scaled.png&#8221; alt=&#8221;Dil kursu vizesi paketleri&#8221; title_text=&#8221;Fu\u0308r wen sind die Pakete geeignet&#8221; align=&#8221;center&#8221; _builder_version=&#8221;4.27.5&#8243; _module_preset=&#8221;default&#8221; width=&#8221;100%&#8221; custom_margin=&#8221;-46px||-16px||false|false&#8221; custom_margin_tablet=&#8221;-46px||-16px||false|false&#8221; custom_margin_phone=&#8221;-97px||-50px||false|false&#8221; custom_margin_last_edited=&#8221;on|phone&#8221; border_width_all=&#8221;1px&#8221; global_colors_info=&#8221;{}&#8221;][\/et_pb_image][\/et_pb_column][\/et_pb_row][\/et_pb_section][et_pb_section fb_built=&#8221;1&#8243; admin_label=&#8221;Call to Action&#8221; _builder_version=&#8221;4.27.4&#8243; _module_preset=&#8221;default&#8221; background_enable_color=&#8221;off&#8221; use_background_color_gradient=&#8221;on&#8221; background_color_gradient_stops=&#8221;rgba(0,0,0,0.5) 0%|rgba(0,0,0,0.5) 100%&#8221; background_color_gradient_overlays_image=&#8221;on&#8221; background_image=&#8221;https:\/\/germaninstitute.com\/de\/wp-content\/uploads\/2025\/06\/DSCF1880-scaled.jpg&#8221; custom_padding=&#8221;5vw||5vw||true|false&#8221; locked=&#8221;off&#8221; collapsed=&#8221;on&#8221; global_colors_info=&#8221;{%22gcid-36fd78a7-34bc-404d-873c-dafa34efaae5%22:%91%22background_color%22%93}&#8221;][et_pb_row _builder_version=&#8221;4.18.0&#8243; _module_preset=&#8221;5138c454-be54-4233-bd3b-f8e6a8747976&#8243; global_colors_info=&#8221;{}&#8221;][et_pb_column type=&#8221;4_4&#8243; _builder_version=&#8221;4.18.0&#8243; _module_preset=&#8221;73121f80-a3ef-4484-8763-c3f18e3c56d2&#8243; global_colors_info=&#8221;{}&#8221;][et_pb_cta title=&#8221;Lass Dich jetzt ganz unverbindlich und kostenlos beraten!&#8221; button_url=&#8221;https:\/\/calendar.app.google\/zRf241a9BgSKSuxg7&#8243; button_text=&#8221;\u00dccretsiz dan\u0131\u015fmanl\u0131k&#8221; _builder_version=&#8221;4.27.5&#8243; _module_preset=&#8221;4c2ad5d0-871e-414e-a4be-aa9134d4ae8e&#8221; header_font=&#8221;Rubik|Cormorant Garamond_weight|||||||&#8221; header_text_color=&#8221;gcid-9bb9bfe2-980a-472b-9544-d767cdb4022e&#8221; header_font_size=&#8221;30px&#8221; header_line_height=&#8221;1.5em&#8221; body_font=&#8221;&#8211;et_global_body_font||||||||&#8221; body_text_color=&#8221;#3c3a47&#8243; body_font_size=&#8221;16px&#8221; body_line_height=&#8221;1.75em&#8221; background_color=&#8221;#FFFFFF&#8221; custom_button=&#8221;on&#8221; button_text_size=&#8221;14px&#8221; button_text_color=&#8221;#FFFFFF&#8221; button_bg_color=&#8221;#03045e&#8221; button_border_width=&#8221;0px&#8221; button_border_radius=&#8221;0px&#8221; button_font=&#8221;&#8211;et_global_body_font|700|||||||&#8221; button_custom_padding=&#8221;12px|24px|12px|24px|true|true&#8221; background_layout=&#8221;light&#8221; custom_padding=&#8221;60px|60px|60px|60px|true|true&#8221; custom_padding_tablet=&#8221;30px|30px|30px|30px|true|true&#8221; custom_padding_phone=&#8221;20px|20px|20px|20px|true|true&#8221; custom_padding_last_edited=&#8221;on|desktop&#8221; hover_enabled=&#8221;0&#8243; header_font_size_tablet=&#8221;28px&#8221; header_font_size_phone=&#8221;20px&#8221; header_font_size_last_edited=&#8221;on|phone&#8221; body_font_size_tablet=&#8221;16px&#8221; body_font_size_phone=&#8221;14px&#8221; body_font_size_last_edited=&#8221;on|phone&#8221; border_radii=&#8221;on|6px|6px|6px|6px&#8221; box_shadow_style=&#8221;preset3&#8243; box_shadow_vertical=&#8221;24px&#8221; box_shadow_blur=&#8221;72px&#8221; box_shadow_spread=&#8221;-12px&#8221; box_shadow_color=&#8221;rgba(0,0,0,0.12)&#8221; locked=&#8221;off&#8221; global_colors_info=&#8221;{%22gcid-f2943306-fa6c-45f0-b632-5fc00151366a%22:%91%22button_text_color%22%93,%22gcid-36fd78a7-34bc-404d-873c-dafa34efaae5%22:%91%22button_text_color%22,%22color%22,%22background_color%22%93,%22gcid-7cadd8b3-5228-48e4-90c4-212d09232f7b%22:%91%22color%22,%22color%22,%22color%22,%22color%22%93,%22gcid-f113ad93-2527-46d7-862b-fc71181c6b5e%22:%91%22border_color_all%22,%22border_color_all%22%93,%22gcid-9bb9bfe2-980a-472b-9544-d767cdb4022e%22:%91%22header_text_color%22%93}&#8221; text_font_size_tablet=&#8221;16px&#8221; text_font_size_phone=&#8221;14px&#8221; text_font_size_last_edited=&#8221;on|phone&#8221; sticky_enabled=&#8221;0&#8243;][\/et_pb_cta][\/et_pb_column][\/et_pb_row][\/et_pb_section]<\/p>\n","protected":false},"excerpt":{"rendered":"<p>Sprachkursvisum-Pakete&#8230;<\/p>\n","protected":false},"author":28,"featured_media":0,"parent":0,"menu_order":0,"comment_status":"closed","ping_status":"closed","template":"","meta":{"_et_pb_use_builder":"on","_et_pb_old_content":"","_et_gb_content_width":"","footnotes":""},"class_list":["post-65030","page","type-page","status-publish","hentry"],"jetpack_sharing_enabled":true,"_links":{"self":[{"href":"https:\/\/germaninstitute.com\/de\/tr\/wp-json\/wp\/v2\/pages\/65030","targetHints":{"allow":["GET"]}}],"collection":[{"href":"https:\/\/germaninstitute.com\/de\/tr\/wp-json\/wp\/v2\/pages"}],"about":[{"href":"https:\/\/germaninstitute.com\/de\/tr\/wp-json\/wp\/v2\/types\/page"}],"author":[{"embeddable":true,"href":"https:\/\/germaninstitute.com\/de\/tr\/wp-json\/wp\/v2\/users\/28"}],"replies":[{"embeddable":true,"href":"https:\/\/germaninstitute.com\/de\/tr\/wp-json\/wp\/v2\/comments?post=65030"}],"version-history":[{"count":4,"href":"https:\/\/germaninstitute.com\/de\/tr\/wp-json\/wp\/v2\/pages\/65030\/revisions"}],"predecessor-version":[{"id":65901,"href":"https:\/\/germaninstitute.com\/de\/tr\/wp-json\/wp\/v2\/pages\/65030\/revisions\/65901"}],"wp:attachment":[{"href":"https:\/\/germaninstitute.com\/de\/tr\/wp-json\/wp\/v2\/media?parent=65030"}],"curies":[{"name":"wp","href":"https:\/\/api.w.org\/{rel}","templated":true}]}}