{"id":45153,"date":"2025-02-04T22:48:30","date_gmt":"2025-02-04T21:48:30","guid":{"rendered":"https:\/\/germaninstitute.com\/de\/oedeme-yoentemleri\/"},"modified":"2025-09-10T15:32:33","modified_gmt":"2025-09-10T13:32:33","slug":"oedeme-yoentemleri","status":"publish","type":"page","link":"https:\/\/germaninstitute.com\/de\/tr\/oedeme-yoentemleri\/","title":{"rendered":"\u00d6deme Y\u00f6ntemleri"},"content":{"rendered":"<p><strong>Sorumluluk Reddi: A\u015fa\u011f\u0131daki \u015fablon, bir avukat (<a href=\"https:\/\/drschwenke.de\" rel=\"nofollow noopener\" target=\"_blank\">https:\/\/drschwenke.de<\/a>) taraf\u0131ndan tipik bir \u00e7evrimi\u00e7i ma\u011fazan\u0131n gereksinimlerine g\u00f6re olu\u015fturulmu\u015ftur. Ancak, bu \u015fablonu yaln\u0131zca dikkatli bir inceleme ve i\u015f modelinize uyarlama sonras\u0131nda kullanmal\u0131s\u0131n\u0131z. Bu nedenle, a\u015fa\u011f\u0131daki \u015fablon dikkat etmeniz gereken ek bilgiler ve \u00f6zellikle kontrol etmeniz ve gerekirse uyarlaman\u0131z gereken k\u0131rm\u0131z\u0131 b\u00f6l\u00fcmler i\u00e7ermektedir. L\u00fctfen d\u00fczenleme sonras\u0131 notlar\u0131 kald\u0131r\u0131n. \u015e\u00fcphe durumunda yasal dan\u0131\u015fmanl\u0131k al\u0131n. Telif hakk\u0131: \u015eablonu, Marketpress lisans\u0131n\u0131z\u0131n ge\u00e7erli oldu\u011fu s\u00fcrece domain\/web sitesi i\u00e7inde kullanabilirsiniz. \u00dc\u00e7\u00fcnc\u00fc \u015fah\u0131slara, m\u00fc\u015fteriler dahil (\u00f6rn. geli\u015ftirici olarak) aktar\u0131lmas\u0131 yasakt\u0131r.      <\/strong><\/p>\n<p><strong>\u00d6deme T\u00fcrleri<\/strong><\/p>\n<p>Size a\u015fa\u011f\u0131daki \u00f6deme y\u00f6ntemlerini sunuyoruz. Sizin i\u00e7in en uygun \u00f6deme y\u00f6ntemini se\u00e7meniz yeterli. Kargo \u00fccretleri k\u0131smen se\u00e7ilen \u00f6deme y\u00f6ntemine ba\u011fl\u0131d\u0131r. \u0130lgili tekliflerde belirtilen fiyatlar nihai fiyatlard\u0131r. KDV gibi olas\u0131 vergiler dahil t\u00fcm fiyat bile\u015fenlerini i\u00e7erirler. Yaln\u0131zca s\u0131n\u0131r \u00f6tesi teslimat durumunda, ek vergiler (\u00f6rn. AB i\u00e7i sat\u0131n alma durumunda) ve\/veya har\u00e7lar (\u00f6rn. g\u00fcmr\u00fck vergileri) taraf\u0131n\u0131zdan \u00f6denebilir, ancak bunlar sat\u0131c\u0131ya de\u011fil, ilgili g\u00fcmr\u00fck veya vergi makamlar\u0131na \u00f6denir. Teslimat ve kargo \u00fccretleri sat\u0131n alma fiyat\u0131na dahil de\u011fildir, \u201cKargo \u00dccretleri\u201d sayfas\u0131ndan eri\u015filebilir, sipari\u015f i\u015flemi s\u0131ras\u0131nda ayr\u0131ca g\u00f6sterilir ve taraf\u0131n\u0131zdan ek olarak kar\u015f\u0131lanmal\u0131d\u0131r.      <\/p>\n<p><em>Kap\u0131da \u00d6deme<\/em><\/p>\n<p>L\u00fctfen fatura tutar\u0131n\u0131 haz\u0131r bulundurun; kurye teslimat s\u0131ras\u0131nda nakit olarak tahsilat yapacakt\u0131r (\u00e7ek kabul edilmez). Kap\u0131da \u00f6deme durumunda, do\u011frudan kargo g\u00f6revlisine \u00f6denecek ek [6,50 EUR kap\u0131da \u00f6deme \u00fccreti] uygulan\u0131r. <\/p>\n<p><em>Otomatik \u00d6deme<\/em><\/p>\n<p>Sipari\u015finizin fatura tutar\u0131n\u0131, sipari\u015f verildikten sonra kay\u0131tl\u0131 banka hesab\u0131n\u0131zdan \u00e7ekece\u011fiz. [Art\u0131 2 Euro \u00fccret] <\/p>\n<p><em>Fatura ile \u00f6deme<\/em><br \/>\nSipari\u015f verin ve ard\u0131ndan \u00f6deme yap\u0131n. [Art\u0131 2 Euro \u00fccret] <\/p>\n<p><em>Kredi Kart\u0131<\/em><\/p>\n<p>Kredi kart\u0131n\u0131zla kolayca \u00f6deme yap\u0131n.<\/p>\n<p><em>PayPal<\/em><\/p>\n<p>PayPal hesab\u0131n\u0131zla daha h\u0131zl\u0131 ve g\u00fcvenli \u00f6deme yap\u0131n.<\/p>\n<p><em>Pe\u015fin \u00d6deme<\/em><\/p>\n<p>Almanya i\u00e7inde \u00fccretsiz kargo (Express kargo hari\u00e7)<\/p>\n<p>L\u00fctfen sipari\u015finizin toplam tutar\u0131n\u0131 hesab\u0131m\u0131za havale edin:<\/p>\n<p>Hesap sahibi: Demoshop GmbH &amp; Co.KG<br \/>\nHesap numaras\u0131: 10000000<br \/>\nBanka kodu: 222 22 222<br \/>\nBanka: Bank Demostadt<br \/>\nSWIFT: DELE944834<br \/>\nIBAN: DE12345678910111213<\/p>\n<p><em>Nakit \u00d6deme<\/em><\/p>\n<p>Online sipari\u015f verin ve sipari\u015finizi ma\u011fazam\u0131zdan kolayca al\u0131n:<\/p>\n<p>Demoshop, Demostra\u00dfe 13<br \/>\n12345 Musterstadt, Almanya<br \/>\nPzt &#8211; Cum 8:30 &#8211; 13:00, 14:30 &#8211; 18:00<br \/>\nCmt 9:00 &#8211; 13:00<\/p>\n","protected":false},"excerpt":{"rendered":"<p>Sorumluluk Reddi: A\u015fa\u011f\u0131daki \u015fablon, bir avukat (https:\/\/drschwenke.de) taraf\u0131ndan tipik bir \u00e7evrimi\u00e7i ma\u011fazan\u0131n gereksinimlerine g\u00f6re olu\u015fturulmu\u015ftur. Ancak, bu \u015fablonu yaln\u0131zca dikkatli bir inceleme ve i\u015f modelinize&hellip;<\/p>\n","protected":false},"author":1,"featured_media":0,"parent":0,"menu_order":0,"comment_status":"closed","ping_status":"closed","template":"","meta":{"_et_pb_use_builder":"","_et_pb_old_content":"","_et_gb_content_width":"","footnotes":""},"class_list":["post-45153","page","type-page","status-publish","hentry"],"jetpack_sharing_enabled":true,"_links":{"self":[{"href":"https:\/\/germaninstitute.com\/de\/tr\/wp-json\/wp\/v2\/pages\/45153","targetHints":{"allow":["GET"]}}],"collection":[{"href":"https:\/\/germaninstitute.com\/de\/tr\/wp-json\/wp\/v2\/pages"}],"about":[{"href":"https:\/\/germaninstitute.com\/de\/tr\/wp-json\/wp\/v2\/types\/page"}],"author":[{"embeddable":true,"href":"https:\/\/germaninstitute.com\/de\/tr\/wp-json\/wp\/v2\/users\/1"}],"replies":[{"embeddable":true,"href":"https:\/\/germaninstitute.com\/de\/tr\/wp-json\/wp\/v2\/comments?post=45153"}],"version-history":[{"count":2,"href":"https:\/\/germaninstitute.com\/de\/tr\/wp-json\/wp\/v2\/pages\/45153\/revisions"}],"predecessor-version":[{"id":49653,"href":"https:\/\/germaninstitute.com\/de\/tr\/wp-json\/wp\/v2\/pages\/45153\/revisions\/49653"}],"wp:attachment":[{"href":"https:\/\/germaninstitute.com\/de\/tr\/wp-json\/wp\/v2\/media?parent=45153"}],"curies":[{"name":"wp","href":"https:\/\/api.w.org\/{rel}","templated":true}]}}