{"id":44511,"date":"2025-02-10T10:53:02","date_gmt":"2025-02-10T09:53:02","guid":{"rendered":"https:\/\/germaninstitute.com\/de\/kelime-hazinesi-b1\/"},"modified":"2026-01-22T13:14:25","modified_gmt":"2026-01-22T12:14:25","slug":"kelime-hazinesi-b1","status":"publish","type":"page","link":"https:\/\/germaninstitute.com\/de\/tr\/kelime-hazinesi-b1\/","title":{"rendered":"Kelime Hazinesi B1"},"content":{"rendered":"<p>[et_pb_section fb_built=&#8221;1&#8243; _builder_version=&#8221;4.16&#8243; _module_preset=&#8221;default&#8221; custom_margin=&#8221;0px||||false|false&#8221; custom_padding=&#8221;0px||||false|false&#8221; global_colors_info=&#8221;{}&#8221; locked=&#8221;off&#8221;][et_pb_row _builder_version=&#8221;4.27.4&#8243; _module_preset=&#8221;default&#8221; custom_margin=&#8221;|||35px|false|false&#8221; custom_padding=&#8221;38px||0px||false|false&#8221; locked=&#8221;off&#8221; global_colors_info=&#8221;{}&#8221;][et_pb_column type=&#8221;4_4&#8243; _builder_version=&#8221;4.16&#8243; _module_preset=&#8221;default&#8221; custom_padding=&#8221;|||&#8221; global_colors_info=&#8221;%91%93&#8243;][et_pb_heading title=&#8221;B1 Kelime Hazinesi&#8221; _builder_version=&#8221;4.27.5&#8243; _module_preset=&#8221;default&#8221; title_level=&#8221;h2&#8243; title_font=&#8221;Rubik||||||||&#8221; title_text_color=&#8221;#204f8a&#8221; title_font_size=&#8221;50px&#8221; title_line_height=&#8221;1.1em&#8221; custom_margin=&#8221;|||14px|false|false&#8221; custom_margin_tablet=&#8221;|||-35px|false|false&#8221; custom_margin_phone=&#8221;|||-20px|false|false&#8221; custom_margin_last_edited=&#8221;on|phone&#8221; custom_padding_tablet=&#8221;&#8221; custom_padding_phone=&#8221;&#8221; custom_padding_last_edited=&#8221;on|phone&#8221; hover_enabled=&#8221;0&#8243; title_font_size_tablet=&#8221;50px&#8221; title_font_size_phone=&#8221;35px&#8221; title_font_size_last_edited=&#8221;on|phone&#8221; locked=&#8221;off&#8221; global_colors_info=&#8221;{}&#8221; sticky_enabled=&#8221;0&#8243;][\/et_pb_heading][\/et_pb_column][\/et_pb_row][et_pb_row column_structure=&#8221;1_2,1_2&#8243; _builder_version=&#8221;4.21.0&#8243; _module_preset=&#8221;default&#8221; global_colors_info=&#8221;{}&#8221;][et_pb_column type=&#8221;1_2&#8243; _builder_version=&#8221;4.21.0&#8243; _module_preset=&#8221;default&#8221; custom_padding=&#8221;|||&#8221; global_colors_info=&#8221;%91%93&#8243;][et_pb_text _builder_version=&#8221;4.27.4&#8243; _module_preset=&#8221;default&#8221; text_font=&#8221;&#8211;et_global_body_font||||||||&#8221; global_colors_info=&#8221;{}&#8221;]<\/p>\n<p style=\"font-weight: 400;\">Im B1 Deutschkurs wirst du unter anderem auf Situationen im Arbeitsalltag vorbereitet. Du kannst Gespr\u00e4che am Telefon gut meistern, E-Mails und Gesch\u00e4ftsbriefe verfassen. Du schreibst deine erste Bewerbung auf Deutsch und zwar mit Allem, was dazugeh\u00f6rt: Anschreiben, Lebenslauf und Anlagen. Auch ein Vorstellungsgespr\u00e4ch k\u00f6nntest du in einfachem Deutsch meistern.<\/p>\n<p style=\"font-weight: 400;\">Im B1 Deutschkurs lernst du dich auch \u00fcber diverse Themengebiete auszutauschen. Hierzu z\u00e4hlen zum Beispiel Kunst, Politik, Geschichte und Umwelt. Au\u00dferdem lernst du deine Meinung zu \u00e4u\u00dfern, Anderen zuzustimmen und ihnen zu widersprechen: Was ist wichtig in einer Freundschaft? Wer ist dein Vorbild? Was bedeutet Gl\u00fcck f\u00fcr dich? Was h\u00e4ltst du vom Digitalen Lernen? Wie findest du Partnerb\u00f6rsen? Du kannst dich zu diesen und vielen weiteren Fragen \u00e4u\u00dfern. Auch \u00fcber abstraktere Themen wie deine Charaktereigenschaften, St\u00e4rken und Schw\u00e4chen, deine Gesundheit, deine Ern\u00e4hrung und deine Lebenstr\u00e4ume lernst du zu sprechen.<\/p>\n<p>&nbsp;<\/p>\n<p>[\/et_pb_text][et_pb_button button_url=&#8221;https:\/\/germaninstitute.com\/de\/tr\/almanca-kursu-b1\/#buchen&#8221; button_text=&#8221;Buchen&#8221; button_alignment=&#8221;center&#8221; _builder_version=&#8221;4.27.5&#8243; custom_button=&#8221;on&#8221; button_text_color=&#8221;#FFFFFF&#8221; button_bg_color=&#8221;#012243&#8243; button_font=&#8221;&#8211;et_global_body_font||||||||&#8221; custom_margin=&#8221;-28px||0px|-400px|false|false&#8221; custom_margin_tablet=&#8221;|||0px|false|false&#8221; custom_margin_phone=&#8221;|||0px|false|false&#8221; custom_margin_last_edited=&#8221;on|phone&#8221; hover_enabled=&#8221;0&#8243; button_letter_spacing_hover=&#8221;1px&#8221; locked=&#8221;off&#8221; global_colors_info=&#8221;{}&#8221; button_text_size__hover_enabled=&#8221;off&#8221; button_one_text_size__hover_enabled=&#8221;off&#8221; button_two_text_size__hover_enabled=&#8221;off&#8221; button_text_color__hover_enabled=&#8221;off&#8221; button_one_text_color__hover_enabled=&#8221;off&#8221; button_two_text_color__hover_enabled=&#8221;off&#8221; button_border_width__hover_enabled=&#8221;off&#8221; button_one_border_width__hover_enabled=&#8221;off&#8221; button_two_border_width__hover_enabled=&#8221;off&#8221; button_border_color__hover_enabled=&#8221;off&#8221; button_one_border_color__hover_enabled=&#8221;off&#8221; button_two_border_color__hover_enabled=&#8221;off&#8221; button_border_radius__hover_enabled=&#8221;off&#8221; button_one_border_radius__hover_enabled=&#8221;off&#8221; button_two_border_radius__hover_enabled=&#8221;off&#8221; button_letter_spacing__hover_enabled=&#8221;on&#8221; button_letter_spacing__hover=&#8221;1px&#8221; button_one_letter_spacing__hover_enabled=&#8221;off&#8221; button_two_letter_spacing__hover_enabled=&#8221;off&#8221; button_bg_color__hover_enabled=&#8221;off&#8221; button_one_bg_color__hover_enabled=&#8221;off&#8221; button_two_bg_color__hover_enabled=&#8221;off&#8221; sticky_enabled=&#8221;0&#8243;][\/et_pb_button][\/et_pb_column][et_pb_column type=&#8221;1_2&#8243; _builder_version=&#8221;4.21.0&#8243; _module_preset=&#8221;default&#8221; custom_padding=&#8221;|||&#8221; global_colors_info=&#8221;%91%93&#8243;][et_pb_image src=&#8221;https:\/\/germaninstitute.com\/de\/wp-content\/uploads\/2025\/02\/A2-Wortschatz-scaled-1.jpg&#8221; alt=&#8221;A2 Wortschatz&#8221; title_text=&#8221;A2 Wortschatz&#8221; _builder_version=&#8221;4.21.0&#8243; _module_preset=&#8221;default&#8221; border_radii=&#8221;on|20px|20px|20px|20px&#8221; global_colors_info=&#8221;{}&#8221;][\/et_pb_image][\/et_pb_column][\/et_pb_row][et_pb_row _builder_version=&#8221;4.21.0&#8243; _module_preset=&#8221;default&#8221; global_colors_info=&#8221;{}&#8221;][et_pb_column type=&#8221;4_4&#8243; _builder_version=&#8221;4.21.0&#8243; _module_preset=&#8221;default&#8221; custom_padding=&#8221;|||&#8221; global_colors_info=&#8221;%91%93&#8243;][et_pb_divider color=&#8221;gcid-9bb9bfe2-980a-472b-9544-d767cdb4022e&#8221; _builder_version=&#8221;4.27.4&#8243; _module_preset=&#8221;default&#8221; global_colors_info=&#8221;{%22gcid-9bb9bfe2-980a-472b-9544-d767cdb4022e%22:%91%22color%22%93}&#8221;][\/et_pb_divider][\/et_pb_column][\/et_pb_row][et_pb_row column_structure=&#8221;1_2,1_2&#8243; _builder_version=&#8221;4.16&#8243; _module_preset=&#8221;default&#8221; global_colors_info=&#8221;{}&#8221;][et_pb_column type=&#8221;1_2&#8243; _builder_version=&#8221;4.16&#8243; _module_preset=&#8221;default&#8221; custom_padding=&#8221;|||&#8221; global_colors_info=&#8221;%91%93&#8243;][et_pb_text _builder_version=&#8221;4.27.5&#8243; _module_preset=&#8221;default&#8221; header_2_font=&#8221;Rubik||||||||&#8221; header_2_text_color=&#8221;gcid-9bb9bfe2-980a-472b-9544-d767cdb4022e&#8221; header_2_font_size=&#8221;30px&#8221; hover_enabled=&#8221;0&#8243; header_2_font_tablet=&#8221;Rubik||||||||&#8221; header_2_font_phone=&#8221;Rubik||||||||&#8221; header_2_font_last_edited=&#8221;on|phone&#8221; header_2_font_size_tablet=&#8221;30px&#8221; header_2_font_size_phone=&#8221;23px&#8221; header_2_font_size_last_edited=&#8221;on|phone&#8221; locked=&#8221;off&#8221; global_colors_info=&#8221;{%22gcid-9bb9bfe2-980a-472b-9544-d767cdb4022e%22:%91%22header_2_text_color%22%93}&#8221; sticky_enabled=&#8221;0&#8243;]<\/p>\n<h2>B1 S\u00f6z Da\u011farc\u0131\u011f\u0131 (B1.1)<\/h2>\n<p>[\/et_pb_text][et_pb_text _builder_version=&#8221;4.16&#8243; _module_preset=&#8221;default&#8221; global_colors_info=&#8221;{}&#8221;]<\/p>\n<ul>\n<li><a href=\"https:\/\/kahoot.it\/challenge\/?quiz-id=f63ab9f6-e263-4903-ae54-e55b4179b357&amp;single-player=true\" target=\"_blank\" rel=\"noopener noreferrer\">Charaktereigenschaften<\/a><\/li>\n<li><a href=\"https:\/\/kahoot.it\/challenge\/?quiz-id=55b5031e-ccf2-4c15-b1b6-f03fc5f84c33&amp;single-player=true\" target=\"_blank\" rel=\"noopener\">Beruf + Arbeit<\/a><\/li>\n<li>Wohnen<\/li>\n<li><a href=\"https:\/\/kahoot.it\/challenge\/?quiz-id=56f98f4f-9d1d-45b4-9ff5-659f8e3f6da2&amp;single-player=true\" target=\"_blank\" rel=\"noopener\">Im B\u00fcro<\/a><\/li>\n<li>Kundenservice \/ Am Telefon \/ Briefe<\/li>\n<li>Medien + Technik<\/li>\n<li><a href=\"https:\/\/kahoot.it\/challenge\/?quiz-id=fd8d64ec-f1ae-44bb-af89-186fd63b4a59&amp;single-player=true\" target=\"_blank\" rel=\"noopener\">Essenseinladung<\/a><\/li>\n<li>Tiere + Beratung<\/li>\n<li><a href=\"https:\/\/kahoot.it\/challenge\/?quiz-id=734a5a47-0c4a-4c0a-9482-f441d2040a90&amp;single-player=true\" target=\"_blank\" rel=\"noopener\">St\u00e4rken + Schw\u00e4chen<\/a><\/li>\n<li>Gesundheit, Ern\u00e4hrung<\/li>\n<li>Sport<\/li>\n<li>Pannen im Alltag<\/li>\n<li>Gl\u00fccksmomente im Alltag<\/li>\n<li>Veranstaltungen in Betrieben<\/li>\n<\/ul>\n<p>[\/et_pb_text][\/et_pb_column][et_pb_column type=&#8221;1_2&#8243; _builder_version=&#8221;4.16&#8243; _module_preset=&#8221;default&#8221; custom_padding=&#8221;|||&#8221; global_colors_info=&#8221;%91%93&#8243;][et_pb_text _builder_version=&#8221;4.27.5&#8243; _module_preset=&#8221;default&#8221; header_2_font=&#8221;Rubik||||||||&#8221; header_2_text_color=&#8221;gcid-9bb9bfe2-980a-472b-9544-d767cdb4022e&#8221; header_2_font_size=&#8221;30px&#8221; hover_enabled=&#8221;0&#8243; header_2_font_size_tablet=&#8221;30px&#8221; header_2_font_size_phone=&#8221;23px&#8221; header_2_font_size_last_edited=&#8221;on|phone&#8221; locked=&#8221;off&#8221; global_colors_info=&#8221;{%22gcid-9bb9bfe2-980a-472b-9544-d767cdb4022e%22:%91%22header_2_text_color%22%93}&#8221; sticky_enabled=&#8221;0&#8243;]<\/p>\n<h2>B1 S\u00f6z Da\u011farc\u0131\u011f\u0131 (B1.2)<\/h2>\n<p>[\/et_pb_text][et_pb_text _builder_version=&#8221;4.16&#8243; _module_preset=&#8221;default&#8221; global_colors_info=&#8221;{}&#8221;]<\/p>\n<ul>\n<li>W\u00f6rter mit mehreren Bedeutungen<\/li>\n<li><a href=\"https:\/\/kahoot.it\/challenge\/?quiz-id=851e7ded-36dc-4bb7-baf9-6b698f5b91c6&amp;single-player=true\" target=\"_blank\" rel=\"noopener\">Kursangebote + Weiterbildung<\/a><\/li>\n<li><a href=\"https:\/\/kahoot.it\/challenge\/?quiz-id=1028bd4e-6b47-4eef-bee5-af328c29182e&amp;single-player=true\" target=\"_blank\" rel=\"noopener\">Bewerbung + Beruf<\/a><\/li>\n<li>Erinnerungen + Beziehungen<\/li>\n<li><a href=\"https:\/\/kahoot.it\/challenge\/?quiz-id=2df32a01-fbb9-4cde-afd8-45d8c9776654&amp;single-player=true\" target=\"_blank\" rel=\"noopener\">Kunst + Malerei 1<\/a><\/li>\n<li><a href=\"https:\/\/kahoot.it\/challenge\/?quiz-id=2df32a01-fbb9-4cde-afd8-45d8c9776654&amp;single-player=true\" target=\"_blank\" rel=\"noopener\">Kunst + Malerei 2<\/a><\/li>\n<li>Biografisches<\/li>\n<li><a href=\"https:\/\/kahoot.it\/challenge\/?quiz-id=83be2f50-00d0-4f4f-8d08-6432f5a9353f&amp;single-player=true\" target=\"_blank\" rel=\"noopener\">Politik + Gesellschaft 1<\/a><\/li>\n<li><a href=\"https:\/\/kahoot.it\/challenge\/?quiz-id=b67e21d3-6d25-41c5-a725-2920d96e3a91&amp;single-player=true\" target=\"_blank\" rel=\"noopener\">Politik + Gesellschaft 2<\/a><\/li>\n<li>Landschaft + Tourismus<\/li>\n<li>In den Bergen<\/li>\n<li>Regeln<\/li>\n<li>Konzerte + Veranstaltungen<\/li>\n<li>In der Stadt<\/li>\n<li>Geschichte<\/li>\n<li><a href=\"https:\/\/kahoot.it\/challenge\/?quiz-id=1def8154-786a-4fee-981f-c6ac099e7756&amp;single-player=true\" target=\"_blank\" rel=\"noopener\">Klima + Umwelt<\/a><\/li>\n<li>Zukunftsvisionen<\/li>\n<\/ul>\n<p>[\/et_pb_text][\/et_pb_column][\/et_pb_row][et_pb_row _builder_version=&#8221;4.21.0&#8243; _module_preset=&#8221;default&#8221; locked=&#8221;off&#8221; global_colors_info=&#8221;{}&#8221;][et_pb_column type=&#8221;4_4&#8243; _builder_version=&#8221;4.21.0&#8243; _module_preset=&#8221;default&#8221; custom_padding=&#8221;|||&#8221; global_colors_info=&#8221;%91%93&#8243;][et_pb_divider color=&#8221;gcid-9bb9bfe2-980a-472b-9544-d767cdb4022e&#8221; _builder_version=&#8221;4.27.4&#8243; _module_preset=&#8221;default&#8221; global_colors_info=&#8221;{%22gcid-9bb9bfe2-980a-472b-9544-d767cdb4022e%22:%91%22color%22%93}&#8221;][\/et_pb_divider][\/et_pb_column][\/et_pb_row][et_pb_row column_structure=&#8221;1_2,1_2&#8243; _builder_version=&#8221;4.16&#8243; _module_preset=&#8221;default&#8221; global_colors_info=&#8221;{}&#8221;][et_pb_column type=&#8221;1_2&#8243; _builder_version=&#8221;4.16&#8243; _module_preset=&#8221;default&#8221; custom_padding=&#8221;|||&#8221; global_colors_info=&#8221;%91%93&#8243;][et_pb_text _builder_version=&#8221;4.27.5&#8243; _module_preset=&#8221;default&#8221; header_2_font=&#8221;Rubik||||||||&#8221; header_2_text_color=&#8221;gcid-9bb9bfe2-980a-472b-9544-d767cdb4022e&#8221; header_2_font_size=&#8221;30px&#8221; hover_enabled=&#8221;0&#8243; header_2_font_size_tablet=&#8221;30px&#8221; header_2_font_size_phone=&#8221;23px&#8221; header_2_font_size_last_edited=&#8221;on|phone&#8221; locked=&#8221;off&#8221; global_colors_info=&#8221;{%22gcid-9bb9bfe2-980a-472b-9544-d767cdb4022e%22:%91%22header_2_text_color%22%93}&#8221; sticky_enabled=&#8221;0&#8243;]<\/p>\n<h2>B1+ S\u00f6z Da\u011farc\u0131\u011f\u0131 (B1+ B\u00f6l\u00fcm 1)<\/h2>\n<p>[\/et_pb_text][et_pb_text _builder_version=&#8221;4.16&#8243; _module_preset=&#8221;default&#8221; global_colors_info=&#8221;{}&#8221;]<\/p>\n<ul>\n<li>Lebenstr\u00e4ume<\/li>\n<li>Freundschaft<\/li>\n<li>Vorbilder<\/li>\n<li>Gl\u00fcck<\/li>\n<li>Wohnen<\/li>\n<li>Obdachlosigkeit<\/li>\n<li>Essgewohnheiten<\/li>\n<li>Gesundheit<\/li>\n<li>Stress<\/li>\n<li><a href=\"https:\/\/kahoot.it\/challenge\/?quiz-id=bb74f5de-cba7-4324-aca5-24cbb5ca87f9&amp;single-player=true\" target=\"_blank\" rel=\"noopener\">Freizeit<\/a><\/li>\n<li>\n<div class=\"sidebar__Title-sc-2fposs-2 fEDjiT\" data-functional-selector=\"kahoot-detail__title\"><a href=\"https:\/\/kahoot.it\/challenge\/?quiz-id=5cb5526d-56ed-4e31-942a-cc96e15c2f07&amp;single-player=true\" target=\"_blank\" rel=\"noopener\">Nomen-Verb-Verbindungen (Freizeit)<\/a><\/div>\n<\/li>\n<li>Brettspiele<\/li>\n<li>Abenteuer<\/li>\n<li>Stadtf\u00fchrung<\/li>\n<li>Bildung<\/li>\n<li>Digitales Lernen<\/li>\n<\/ul>\n<p>[\/et_pb_text][\/et_pb_column][et_pb_column type=&#8221;1_2&#8243; _builder_version=&#8221;4.16&#8243; _module_preset=&#8221;default&#8221; custom_padding=&#8221;|||&#8221; global_colors_info=&#8221;%91%93&#8243;][et_pb_text _builder_version=&#8221;4.27.5&#8243; _module_preset=&#8221;default&#8221; header_2_font=&#8221;Rubik||||||||&#8221; header_2_text_color=&#8221;gcid-9bb9bfe2-980a-472b-9544-d767cdb4022e&#8221; header_2_font_size=&#8221;30px&#8221; hover_enabled=&#8221;0&#8243; header_2_font_size_tablet=&#8221;30px&#8221; header_2_font_size_phone=&#8221;23px&#8221; header_2_font_size_last_edited=&#8221;on|phone&#8221; locked=&#8221;off&#8221; global_colors_info=&#8221;{%22gcid-9bb9bfe2-980a-472b-9544-d767cdb4022e%22:%91%22header_2_text_color%22%93}&#8221; sticky_enabled=&#8221;0&#8243;]<\/p>\n<h2>B1+ S\u00f6z Da\u011farc\u0131\u011f\u0131 (B1+ B\u00f6l\u00fcm 2)<\/h2>\n<p>[\/et_pb_text][et_pb_text _builder_version=&#8221;4.16&#8243; _module_preset=&#8221;default&#8221; global_colors_info=&#8221;{}&#8221;]<\/p>\n<ul>\n<li><a href=\"https:\/\/kahoot.it\/challenge\/?quiz-id=55b5031e-ccf2-4c15-b1b6-f03fc5f84c33&amp;single-player=true\" target=\"_blank\" rel=\"noopener\">Beruf<\/a><\/li>\n<li>Selbstst\u00e4ndigkeit<\/li>\n<li>Bewerbung<\/li>\n<li>Lebensformen<\/li>\n<li>Liebe<\/li>\n<li>Partnerb\u00f6rsen<\/li>\n<li>Produktbeschreibung<\/li>\n<li>Konsum<\/li>\n<li>Reklamation<\/li>\n<li>Werbung<\/li>\n<li>Reisen<\/li>\n<li>Umweltprobleme<\/li>\n<li>Tierschutz<\/li>\n<\/ul>\n<p>[\/et_pb_text][\/et_pb_column][\/et_pb_row][et_pb_row _builder_version=&#8221;4.21.0&#8243; _module_preset=&#8221;default&#8221; global_colors_info=&#8221;{}&#8221;][et_pb_column type=&#8221;4_4&#8243; _builder_version=&#8221;4.21.0&#8243; _module_preset=&#8221;default&#8221; custom_padding=&#8221;|||&#8221; global_colors_info=&#8221;%91%93&#8243;][et_pb_divider color=&#8221;gcid-9bb9bfe2-980a-472b-9544-d767cdb4022e&#8221; _builder_version=&#8221;4.27.4&#8243; _module_preset=&#8221;default&#8221; global_colors_info=&#8221;{%22gcid-9bb9bfe2-980a-472b-9544-d767cdb4022e%22:%91%22color%22%93}&#8221;][\/et_pb_divider][\/et_pb_column][\/et_pb_row][et_pb_row _builder_version=&#8221;4.27.4&#8243; _module_preset=&#8221;default&#8221; locked=&#8221;off&#8221; global_colors_info=&#8221;{}&#8221;][et_pb_column type=&#8221;4_4&#8243; _builder_version=&#8221;4.21.0&#8243; _module_preset=&#8221;default&#8221; custom_padding=&#8221;|||&#8221; global_colors_info=&#8221;%91%93&#8243;][et_pb_text _builder_version=&#8221;4.27.5&#8243; _module_preset=&#8221;default&#8221; text_font=&#8221;&#8211;et_global_body_font||||||||&#8221; header_2_font=&#8221;Rubik||||||||&#8221; header_2_text_color=&#8221;gcid-9bb9bfe2-980a-472b-9544-d767cdb4022e&#8221; header_2_font_size=&#8221;35px&#8221; hover_enabled=&#8221;0&#8243; locked=&#8221;off&#8221; global_colors_info=&#8221;{%22gcid-9bb9bfe2-980a-472b-9544-d767cdb4022e%22:%91%22header_2_text_color%22%93}&#8221; sticky_enabled=&#8221;0&#8243;]<\/p>\n<h2 style=\"margin-bottom: 16px;\">B1 Dilbilgisi<\/h2>\n<p>Dilbilgisi al\u0131\u015ft\u0131rmas\u0131 yapmak m\u0131 istiyorsun? Alman Enstit\u00fcs\u00fc sana bunun i\u00e7in \u00fccretsiz baz\u0131 al\u0131\u015ft\u0131rmalar sunuyor.<\/p>\n<p>[\/et_pb_text][et_pb_button button_url=&#8221;@ET-DC@eyJkeW5hbWljIjp0cnVlLCJjb250ZW50IjoicG9zdF9saW5rX3VybF9wYWdlIiwic2V0dGluZ3MiOnsicG9zdF9pZCI6IjEyODU5In19@&#8221; button_text=&#8221;\u00dcbungen&#8221; button_alignment=&#8221;center&#8221; _builder_version=&#8221;4.27.5&#8243; _dynamic_attributes=&#8221;button_url&#8221; custom_button=&#8221;on&#8221; button_text_color=&#8221;#FFFFFF&#8221; button_bg_color=&#8221;#012243&#8243; button_font=&#8221;&#8211;et_global_body_font||||||||&#8221; custom_margin=&#8221;35px||0px|-953px|false|false&#8221; custom_margin_tablet=&#8221;|||0px|false|false&#8221; custom_margin_phone=&#8221;|||0px|false|false&#8221; custom_margin_last_edited=&#8221;on|tablet&#8221; button_letter_spacing_hover=&#8221;1px&#8221; locked=&#8221;off&#8221; global_colors_info=&#8221;{}&#8221; button_text_size__hover_enabled=&#8221;off&#8221; button_one_text_size__hover_enabled=&#8221;off&#8221; button_two_text_size__hover_enabled=&#8221;off&#8221; button_text_color__hover_enabled=&#8221;off&#8221; button_one_text_color__hover_enabled=&#8221;off&#8221; button_two_text_color__hover_enabled=&#8221;off&#8221; button_border_width__hover_enabled=&#8221;off&#8221; button_one_border_width__hover_enabled=&#8221;off&#8221; button_two_border_width__hover_enabled=&#8221;off&#8221; button_border_color__hover_enabled=&#8221;off&#8221; button_one_border_color__hover_enabled=&#8221;off&#8221; button_two_border_color__hover_enabled=&#8221;off&#8221; button_border_radius__hover_enabled=&#8221;off&#8221; button_one_border_radius__hover_enabled=&#8221;off&#8221; button_two_border_radius__hover_enabled=&#8221;off&#8221; button_letter_spacing__hover_enabled=&#8221;on&#8221; button_letter_spacing__hover=&#8221;1px&#8221; button_one_letter_spacing__hover_enabled=&#8221;off&#8221; button_two_letter_spacing__hover_enabled=&#8221;off&#8221; button_bg_color__hover_enabled=&#8221;off&#8221; button_one_bg_color__hover_enabled=&#8221;off&#8221; button_two_bg_color__hover_enabled=&#8221;off&#8221;][\/et_pb_button][\/et_pb_column][\/et_pb_row][\/et_pb_section]<\/p>\n","protected":false},"excerpt":{"rendered":"<p>B1 Kelime Hazinesi Im&#8230;<\/p>\n","protected":false},"author":3,"featured_media":0,"parent":0,"menu_order":0,"comment_status":"closed","ping_status":"closed","template":"","meta":{"_et_pb_use_builder":"on","_et_pb_old_content":"","_et_gb_content_width":"","footnotes":""},"class_list":["post-44511","page","type-page","status-publish","hentry"],"jetpack_sharing_enabled":true,"_links":{"self":[{"href":"https:\/\/germaninstitute.com\/de\/tr\/wp-json\/wp\/v2\/pages\/44511","targetHints":{"allow":["GET"]}}],"collection":[{"href":"https:\/\/germaninstitute.com\/de\/tr\/wp-json\/wp\/v2\/pages"}],"about":[{"href":"https:\/\/germaninstitute.com\/de\/tr\/wp-json\/wp\/v2\/types\/page"}],"author":[{"embeddable":true,"href":"https:\/\/germaninstitute.com\/de\/tr\/wp-json\/wp\/v2\/users\/3"}],"replies":[{"embeddable":true,"href":"https:\/\/germaninstitute.com\/de\/tr\/wp-json\/wp\/v2\/comments?post=44511"}],"version-history":[{"count":14,"href":"https:\/\/germaninstitute.com\/de\/tr\/wp-json\/wp\/v2\/pages\/44511\/revisions"}],"predecessor-version":[{"id":64980,"href":"https:\/\/germaninstitute.com\/de\/tr\/wp-json\/wp\/v2\/pages\/44511\/revisions\/64980"}],"wp:attachment":[{"href":"https:\/\/germaninstitute.com\/de\/tr\/wp-json\/wp\/v2\/media?parent=44511"}],"curies":[{"name":"wp","href":"https:\/\/api.w.org\/{rel}","templated":true}]}}