{"id":44244,"date":"2025-02-10T10:33:51","date_gmt":"2025-02-10T09:33:51","guid":{"rendered":"https:\/\/germaninstitute.com\/de\/almanca-kursu-c2\/"},"modified":"2026-01-22T16:37:44","modified_gmt":"2026-01-22T15:37:44","slug":"almanca-kursu-c2","status":"publish","type":"page","link":"https:\/\/germaninstitute.com\/de\/tr\/almanca-kursu-c2\/","title":{"rendered":"Almanca Kursu C2"},"content":{"rendered":"<p>[et_pb_section fb_built=&#8221;1&#8243; _builder_version=&#8221;4.16&#8243; _module_preset=&#8221;default&#8221; custom_margin=&#8221;0px||||false|false&#8221; custom_padding=&#8221;0px||||false|false&#8221; global_colors_info=&#8221;{}&#8221;][et_pb_row _builder_version=&#8221;4.27.4&#8243; _module_preset=&#8221;default&#8221; custom_margin=&#8221;|||35px|false|false&#8221; custom_padding=&#8221;38px||0px||false|false&#8221; locked=&#8221;off&#8221; global_colors_info=&#8221;{}&#8221;][et_pb_column type=&#8221;4_4&#8243; _builder_version=&#8221;4.16&#8243; _module_preset=&#8221;default&#8221; custom_padding=&#8221;|||&#8221; global_colors_info=&#8221;%91%93&#8243;][et_pb_heading title=&#8221;C2 Deutschkurse&#8221; _builder_version=&#8221;4.27.4&#8243; _module_preset=&#8221;default&#8221; title_level=&#8221;h2&#8243; title_font=&#8221;Rubik||||||||&#8221; title_text_color=&#8221;#204f8a&#8221; title_font_size=&#8221;50px&#8221; title_line_height=&#8221;1.1em&#8221; custom_margin=&#8221;|||14px|false|false&#8221; custom_margin_tablet=&#8221;|||-35px|false|false&#8221; custom_margin_phone=&#8221;|||-20px|false|false&#8221; custom_margin_last_edited=&#8221;on|phone&#8221; custom_padding_tablet=&#8221;&#8221; custom_padding_phone=&#8221;&#8221; custom_padding_last_edited=&#8221;on|phone&#8221; title_font_size_tablet=&#8221;50px&#8221; title_font_size_phone=&#8221;35px&#8221; title_font_size_last_edited=&#8221;on|phone&#8221; locked=&#8221;off&#8221; global_colors_info=&#8221;{}&#8221;][\/et_pb_heading][\/et_pb_column][\/et_pb_row][et_pb_row column_structure=&#8221;1_2,1_2&#8243; _builder_version=&#8221;4.21.0&#8243; _module_preset=&#8221;default&#8221; locked=&#8221;off&#8221; global_colors_info=&#8221;{}&#8221;][et_pb_column type=&#8221;1_2&#8243; _builder_version=&#8221;4.21.0&#8243; _module_preset=&#8221;default&#8221; custom_padding=&#8221;|||&#8221; global_colors_info=&#8221;%91%93&#8243;][et_pb_text _builder_version=&#8221;4.27.5&#8243; _module_preset=&#8221;default&#8221; text_font=&#8221;&#8211;et_global_body_font||||||||&#8221; hover_enabled=&#8221;0&#8243; global_colors_info=&#8221;{}&#8221; sticky_enabled=&#8221;0&#8243;]<\/p>\n<p>Unser<span> C2 Deutschkurs<\/span><span>\u00a0<\/span>(<a href=\"https:\/\/www.europaeischer-referenzrahmen.de\" target=\"_blank\" rel=\"noopener\">GER<\/a>) wird ganzj\u00e4hrig angeboten <span>\u2013 online oder in Pr\u00e4senz<\/span>. Da es sich um angewandte Sprache handelt, k\u00f6nnen Sie jederzeit einsteigen, ohne Inhalte zu verpassen. Der Kurs trainiert akademisches Schreiben, stilistisch differenziertes Sprechen, idiomatischen Ausdruck, komplexes Textverst\u00e4ndnis sowie Diskussion und Argumentation auf h\u00f6chstem Niveau.<\/p>\n<p>Sie entscheiden flexibel, wie lange Sie lernen m\u00f6chten: 1 Monat, 3 Monate, 6 Monate oder ein ganzes Jahr. Unterricht findet einmal in der Woche abends statt \u2013 ideal f\u00fcr Studium und Beruf. Das Kleingruppenformat garantiert individuelles Feedback von unseren qualifizierten Lehrkr\u00e4ften.<\/p>\n<p>Ob f\u00fcr die<span>\u00a0<\/span>C2 Pr\u00fcfung, das\u00a0Deutsch C2 Zertifikat, die Universit\u00e4t, Ihre Karriere oder aus pers\u00f6nlichem Interesse: Mit diesem Kurs erreichen Sie nahezu muttersprachliche Sprachsicherheit.<\/p>\n<p style=\"text-align: left;\">Du bekommst bei uns ein <a href=\"https:\/\/germaninstitute.com\/de\/tr\/her-sey-dahil-paket\/\">All-Inclusive-Paket<\/a>. Zum Beispiel bekommst du B\u00fccher kostenlos. Ebenfalls kannst du kostenlos an vielen Deutschkursen zur Grammatik, Aussprache, Konversation und Pr\u00fcfungen teilnehmen. Erfahre jetzt mehr zu unserem <a href=\"https:\/\/germaninstitute.com\/de\/tr\/yoentemimiz\/\">Konzept<\/a>.<\/p>\n<p>[\/et_pb_text][et_pb_button button_url=&#8221;@ET-DC@eyJkeW5hbWljIjp0cnVlLCJjb250ZW50IjoicG9zdF9saW5rX3VybF9wcm9kdWN0Iiwic2V0dGluZ3MiOnsicG9zdF9pZCI6IjY0NzgzIn19@&#8221; button_text=&#8221;Buchen&#8221; button_alignment=&#8221;center&#8221; _builder_version=&#8221;4.27.5&#8243; custom_button=&#8221;on&#8221; button_text_color=&#8221;#FFFFFF&#8221; button_bg_color=&#8221;#012243&#8243; button_font=&#8221;&#8211;et_global_body_font||||||||&#8221; custom_margin=&#8221;40px||0px|-399px|false|false&#8221; custom_margin_tablet=&#8221;|||0px|false|false&#8221; custom_margin_phone=&#8221;|||0px|false|false&#8221; custom_margin_last_edited=&#8221;on|phone&#8221; hover_enabled=&#8221;0&#8243; button_letter_spacing_hover=&#8221;1px&#8221; locked=&#8221;off&#8221; global_colors_info=&#8221;{}&#8221; button_text_size__hover_enabled=&#8221;off&#8221; button_one_text_size__hover_enabled=&#8221;off&#8221; button_two_text_size__hover_enabled=&#8221;off&#8221; button_text_color__hover_enabled=&#8221;off&#8221; button_one_text_color__hover_enabled=&#8221;off&#8221; button_two_text_color__hover_enabled=&#8221;off&#8221; button_border_width__hover_enabled=&#8221;off&#8221; button_one_border_width__hover_enabled=&#8221;off&#8221; button_two_border_width__hover_enabled=&#8221;off&#8221; button_border_color__hover_enabled=&#8221;off&#8221; button_one_border_color__hover_enabled=&#8221;off&#8221; button_two_border_color__hover_enabled=&#8221;off&#8221; button_border_radius__hover_enabled=&#8221;off&#8221; button_one_border_radius__hover_enabled=&#8221;off&#8221; button_two_border_radius__hover_enabled=&#8221;off&#8221; button_letter_spacing__hover_enabled=&#8221;on&#8221; button_letter_spacing__hover=&#8221;1px&#8221; button_one_letter_spacing__hover_enabled=&#8221;off&#8221; button_two_letter_spacing__hover_enabled=&#8221;off&#8221; button_bg_color__hover_enabled=&#8221;off&#8221; button_one_bg_color__hover_enabled=&#8221;off&#8221; button_two_bg_color__hover_enabled=&#8221;off&#8221; _dynamic_attributes=&#8221;button_url&#8221; sticky_enabled=&#8221;0&#8243;][\/et_pb_button][\/et_pb_column][et_pb_column type=&#8221;1_2&#8243; _builder_version=&#8221;4.21.0&#8243; _module_preset=&#8221;default&#8221; custom_padding=&#8221;|||&#8221; global_colors_info=&#8221;%91%93&#8243;][et_pb_image src=&#8221;https:\/\/germaninstitute.com\/de\/wp-content\/uploads\/2025\/02\/75418915_938922969814009_1137375990738059264_o.jpg&#8221; title_text=&#8221;75418915_938922969814009_1137375990738059264_o&#8221; _builder_version=&#8221;4.21.0&#8243; _module_preset=&#8221;default&#8221; border_radii=&#8221;on|20px|20px|20px|20px&#8221; global_colors_info=&#8221;{}&#8221;][\/et_pb_image][\/et_pb_column][\/et_pb_row][et_pb_row _builder_version=&#8221;4.16&#8243; _module_preset=&#8221;default&#8221; locked=&#8221;off&#8221; global_colors_info=&#8221;{}&#8221;][et_pb_column type=&#8221;4_4&#8243; _builder_version=&#8221;4.16&#8243; _module_preset=&#8221;default&#8221; custom_padding=&#8221;|||&#8221; global_colors_info=&#8221;%91%93&#8243;][et_pb_divider color=&#8221;gcid-9bb9bfe2-980a-472b-9544-d767cdb4022e&#8221; _builder_version=&#8221;4.27.4&#8243; _module_preset=&#8221;default&#8221; global_colors_info=&#8221;{%22gcid-9bb9bfe2-980a-472b-9544-d767cdb4022e%22:%91%22color%22%93}&#8221;][\/et_pb_divider][et_pb_text _builder_version=&#8221;4.27.5&#8243; _module_preset=&#8221;default&#8221; header_2_font=&#8221;Rubik||||||||&#8221; header_2_text_color=&#8221;gcid-9bb9bfe2-980a-472b-9544-d767cdb4022e&#8221; header_2_font_size=&#8221;30px&#8221; custom_padding=&#8221;3px|||||&#8221; global_colors_info=&#8221;{%22gcid-9bb9bfe2-980a-472b-9544-d767cdb4022e%22:%91%22header_2_text_color%22%93}&#8221;]<\/p>\n<h2 style=\"margin-bottom: 5px; text-align: center;\">Themenbereiche des einj\u00e4hrigen C2-Kurses<\/h2>\n<p>[\/et_pb_text][\/et_pb_column][\/et_pb_row][et_pb_row column_structure=&#8221;1_2,1_2&#8243; _builder_version=&#8221;4.27.5&#8243; _module_preset=&#8221;default&#8221; custom_margin=&#8221;-23px||||false|false&#8221; global_colors_info=&#8221;{}&#8221;][et_pb_column type=&#8221;1_2&#8243; _builder_version=&#8221;4.16&#8243; _module_preset=&#8221;default&#8221; custom_padding=&#8221;|||&#8221; global_colors_info=&#8221;%91%93&#8243;][et_pb_text _builder_version=&#8221;4.27.5&#8243; _module_preset=&#8221;default&#8221; locked=&#8221;off&#8221; global_colors_info=&#8221;{}&#8221;]<\/p>\n<ul>\n<li><strong>Theorie und Praxis der Kommunikation<\/strong>: In diesem Modul \u00fcben die Teilnehmenden anspruchsvolle Gespr\u00e4chsstrategien, rhetorische Mittel und die Feinheiten interkultureller Kommunikation. Ziel ist es, in Diskussionen, Debatten und Pr\u00e4sentationen auf h\u00f6chstem sprachlichem Niveau souver\u00e4n aufzutreten.<\/li>\n<li><strong>Medien<\/strong>: Hier werden kritische Medienanalysen, Sprachgebrauch in klassischen und digitalen Medien sowie die Rolle sozialer Netzwerke behandelt. Die Lernenden trainieren, differenziert und reflektiert Stellung zu beziehen, und erweitern dabei gezielt ihre Ausdrucks- und Analysef\u00e4higkeiten auf C2-Niveau.<\/li>\n<li><strong>Kommunikation im Arbeitsleben<\/strong>: Dieses Modul thematisiert Sprache im beruflichen Kontext: Verhandeln, Pr\u00e4sentieren, Verfassen anspruchsvoller Texte und F\u00fchren von Meetings. Dabei werden sowohl sprachliche Pr\u00e4zision als auch kommunikative Feinf\u00fchligkeit auf h\u00f6chstem Niveau ge\u00fcbt.<\/li>\n<li><strong>Politik &amp; Gesellschaft<\/strong>: Diskussions- und Argumentationsstrategien zu aktuellen gesellschaftlichen und politischen Themen sowie Wissen \u00fcber das politische System Deutschlands stehen im Mittelpunkt. Teilnehmende lernen, komplexe Zusammenh\u00e4nge sprachlich differenziert zu analysieren und \u00fcberzeugend zu pr\u00e4sentieren.<\/li>\n<li><strong>Wirtschaft:<\/strong><span>\u00a0<\/span>Hier werden \u00f6konomische Fachtexte, Finanzsprache und wirtschaftliche Diskurse bearbeitet. Die Lernenden trainieren den differenzierten Umgang mit Fachsprache und \u00fcben, komplexe wirtschaftliche Sachverhalte pr\u00e4zise und \u00fcberzeugend zu formulieren.<\/li>\n<li><strong>Tourismus und Umwelt<\/strong>: Dieses Modul verbindet interkulturelles Lernen mit sprachlichem Training. Durch die Analyse von Reiseberichten, Tourismuskonzepten und landeskundlichen Texten entwickeln die Teilnehmenden ihre F\u00e4higkeiten im schriftlichen und m\u00fcndlichen Ausdruck auf h\u00f6chstem Niveau.<\/li>\n<\/ul>\n<p>[\/et_pb_text][\/et_pb_column][et_pb_column type=&#8221;1_2&#8243; _builder_version=&#8221;4.16&#8243; _module_preset=&#8221;default&#8221; custom_padding=&#8221;|||&#8221; global_colors_info=&#8221;%91%93&#8243;][et_pb_text _builder_version=&#8221;4.27.5&#8243; _module_preset=&#8221;default&#8221; global_colors_info=&#8221;{}&#8221;]<\/p>\n<ul>\n<li><strong>Wissenschaft und Technik<\/strong>: Schwerpunkt ist die Sprache wissenschaftlicher Texte und technischer Innovationen. Teilnehmende \u00fcben, komplexe Inhalte strukturiert zusammenzufassen, kritisch zu bewerten und selbst in gehobener Sprache darzustellen.<\/li>\n<li><strong>Geschichte und Kultur:<\/strong><span>\u00a0<\/span>Hier stehen historische Ereignisse und kulturelle Entwicklungen im Fokus. Die Lernenden trainieren, komplexe historische Diskurse sprachlich differenziert nachzuvollziehen und ihre eigene Position \u00fcberzeugend zu vertreten.<\/li>\n<li><strong>Literatur und Kultur:<\/strong><span>\u00a0<\/span>Durch die Arbeit mit literarischen Texten und kulturellen Diskursen vertiefen die Teilnehmenden ihre interpretativen und sprachlich-analytischen F\u00e4higkeiten. Kreatives und kritisches Schreiben wird auf h\u00f6chstem Niveau gef\u00f6rdert.<\/li>\n<li><strong>Philosophie:<\/strong><span>\u00a0<\/span>Dieses Modul widmet sich abstrakten Denkprozessen und philosophischen Texten. Teilnehmende trainieren pr\u00e4zise Argumentation, logischen Sprachgebrauch und die F\u00e4higkeit, komplexe Ideen in gehobenem Deutsch zu formulieren.<\/li>\n<li><strong>Gesundheit und Psychologie:<\/strong><span>\u00a0<\/span>Sprachlich anspruchsvolle Texte zu Gesundheitsthemen und psychologischen Fragestellungen werden bearbeitet. Die Lernenden \u00fcben, komplexe Zusammenh\u00e4nge verst\u00e4ndlich und differenziert darzustellen und sensibel zu diskutieren.<\/li>\n<li><strong>Religion<\/strong>: In diesem Modul werden religi\u00f6se Diskurse, Texte und gesellschaftliche Debatten thematisiert. Teilnehmende entwickeln ihre F\u00e4higkeit, in diesem sensiblen Themenfeld sprachlich pr\u00e4zise, reflektiert und auf h\u00f6chstem Niveau zu argumentieren.<\/li>\n<\/ul>\n<p>[\/et_pb_text][\/et_pb_column][\/et_pb_row][et_pb_row _builder_version=&#8221;4.16&#8243; _module_preset=&#8221;default&#8221; global_colors_info=&#8221;{}&#8221;][et_pb_column type=&#8221;4_4&#8243; _builder_version=&#8221;4.16&#8243; _module_preset=&#8221;default&#8221; custom_padding=&#8221;|||&#8221; global_colors_info=&#8221;%91%93&#8243;][et_pb_testimonial author=&#8221;ALEXANDRA GROSU&#8221; portrait_url=&#8221;data:image\/svg+xml;base64,PHN2ZyB3aWR0aD0iNTAwIiBoZWlnaHQ9IjUwMCIgdmlld0JveD0iMCAwIDUwMCA1MDAiIHhtbG5zPSJodHRwOi8vd3d3LnczLm9yZy8yMDAwL3N2ZyI+CiAgICA8ZyBmaWxsPSJub25lIiBmaWxsLXJ1bGU9ImV2ZW5vZGQiPgogICAgICAgIDxwYXRoIGZpbGw9IiNFQkVCRUIiIGQ9Ik0wIDBoNTAwdjUwMEgweiIvPgogICAgICAgIDxyZWN0IGZpbGwtb3BhY2l0eT0iLjEiIGZpbGw9IiMwMDAiIHg9IjY4IiB5PSIzMDUiIHdpZHRoPSIzNjQiIGhlaWdodD0iNTY4IiByeD0iMTgyIi8+CiAgICAgICAgPGNpcmNsZSBmaWxsLW9wYWNpdHk9Ii4xIiBmaWxsPSIjMDAwIiBjeD0iMjQ5IiBjeT0iMTcyIiByPSIxMDAiLz4KICAgIDwvZz4KPC9zdmc+Cg==&#8221; _builder_version=&#8221;4.16&#8243; _module_preset=&#8221;default&#8221; global_colors_info=&#8221;{}&#8221;]<\/p>\n<div class=\"n2-ss-layer n2-ow\" data-pm=\"normal\" data-desktopportraitmargin=\"30|*|0|*|30|*|0|*|px+\" data-desktopportraitheight=\"0\" data-has-maxwidth=\"0\" data-desktopportraitmaxwidth=\"0\" data-cssselfalign=\"inherit\" data-desktopportraitselfalign=\"inherit\" data-sstype=\"layer\" data-rotation=\"0\" data-animv2=\"{\"specialZero\":0,\"transformOrigin\":\"50|*|50|*|0\",\"basic\":{\"in\":{\"keyFrames\":[{\"ease\":\"easeOutQuad\",\"opacity\":0,\"x\":\"-50\"}]}}}\" data-desktopportrait=\"1\" data-desktoplandscape=\"1\" data-tabletportrait=\"1\" data-tabletlandscape=\"1\" data-mobileportrait=\"1\" data-mobilelandscape=\"1\" data-adaptivefont=\"0\" data-desktopportraitfontsize=\"100\" data-tabletportraitfontsize=\"80\" data-mobileportraitfontsize=\"80\" data-plugin=\"rendered\">\n<div class=\"n2-ss-item-content n2-ow\">\n<div class=\" n2-ow n2-ow-all\"><ss-p class=\"n2-font-8f3ff80f0af4cf32bfd7718e57b8fae5-paragraph   n2-ow\">Dil kursuyla \u00e7ok memnunum, kesinlikle tavsiye ederim. \u00d6\u011fretmenleri \u00e7ok yetkin ve arkada\u015f canl\u0131s\u0131 buldum ve t\u00fcm \u00e7al\u0131\u015fanlar bu mesle\u011fi tutkuyla yap\u0131yor ve her \u015feyin iyi \u00e7al\u0131\u015fmas\u0131 i\u00e7in \u00e7aba g\u00f6steriyorlar. <\/ss-p><\/div>\n<\/div>\n<\/div>\n<div class=\"n2-ss-layer n2-ow\" data-pm=\"normal\" data-desktopportraitmargin=\"0|*|0|*|0|*|0|*|px+\" data-desktopportraitheight=\"0\" data-has-maxwidth=\"0\" data-desktopportraitmaxwidth=\"0\" data-cssselfalign=\"inherit\" data-desktopportraitselfalign=\"inherit\" data-sstype=\"layer\" data-rotation=\"0\" data-animv2=\"{\"specialZero\":0,\"transformOrigin\":\"50|*|50|*|0\",\"basic\":{\"in\":{\"keyFrames\":[{\"delay\":0.200000000000000011102230246251565404236316680908203125,\"ease\":\"easeOutQuad\",\"opacity\":0,\"x\":\"-50\"}]}}}\" data-desktopportrait=\"1\" data-desktoplandscape=\"1\" data-tabletportrait=\"1\" data-tabletlandscape=\"1\" data-mobileportrait=\"1\" data-mobilelandscape=\"1\" data-adaptivefont=\"0\" data-desktopportraitfontsize=\"100\" data-plugin=\"rendered\"><\/div>\n<p>[\/et_pb_testimonial][\/et_pb_column][\/et_pb_row][\/et_pb_section]<\/p>\n","protected":false},"excerpt":{"rendered":"<p>C2 Deutschkurse Unser&#8230;<\/p>\n","protected":false},"author":3,"featured_media":0,"parent":0,"menu_order":0,"comment_status":"closed","ping_status":"closed","template":"","meta":{"_et_pb_use_builder":"on","_et_pb_old_content":"","_et_gb_content_width":"","footnotes":""},"class_list":["post-44244","page","type-page","status-publish","hentry"],"jetpack_sharing_enabled":true,"_links":{"self":[{"href":"https:\/\/germaninstitute.com\/de\/tr\/wp-json\/wp\/v2\/pages\/44244","targetHints":{"allow":["GET"]}}],"collection":[{"href":"https:\/\/germaninstitute.com\/de\/tr\/wp-json\/wp\/v2\/pages"}],"about":[{"href":"https:\/\/germaninstitute.com\/de\/tr\/wp-json\/wp\/v2\/types\/page"}],"author":[{"embeddable":true,"href":"https:\/\/germaninstitute.com\/de\/tr\/wp-json\/wp\/v2\/users\/3"}],"replies":[{"embeddable":true,"href":"https:\/\/germaninstitute.com\/de\/tr\/wp-json\/wp\/v2\/comments?post=44244"}],"version-history":[{"count":7,"href":"https:\/\/germaninstitute.com\/de\/tr\/wp-json\/wp\/v2\/pages\/44244\/revisions"}],"predecessor-version":[{"id":65017,"href":"https:\/\/germaninstitute.com\/de\/tr\/wp-json\/wp\/v2\/pages\/44244\/revisions\/65017"}],"wp:attachment":[{"href":"https:\/\/germaninstitute.com\/de\/tr\/wp-json\/wp\/v2\/media?parent=44244"}],"curies":[{"name":"wp","href":"https:\/\/api.w.org\/{rel}","templated":true}]}}