{"id":44142,"date":"2025-02-10T10:09:15","date_gmt":"2025-02-10T09:09:15","guid":{"rendered":"https:\/\/germaninstitute.com\/de\/iletisim\/"},"modified":"2026-02-19T15:52:35","modified_gmt":"2026-02-19T14:52:35","slug":"iletisim","status":"publish","type":"page","link":"https:\/\/germaninstitute.com\/de\/tr\/iletisim\/","title":{"rendered":"\u0130leti\u015fim"},"content":{"rendered":"<p>[et_pb_section fb_built=&#8221;1&#8243; admin_label=&#8221;Contact&#8221; _builder_version=&#8221;4.27.4&#8243; _module_preset=&#8221;8363d3a1-7f13-4aae-8984-26124f93e21c&#8221; background_enable_color=&#8221;off&#8221; background_color_gradient_start=&#8221;gcid-36fd78a7-34bc-404d-873c-dafa34efaae5&#8243; background_color_gradient_start_position=&#8221;80%&#8221; background_color_gradient_end=&#8221;#ffffff&#8221; background_color_gradient_end_position=&#8221;80%&#8221; background_image=&#8221;https:\/\/germaninstitute.com\/de\/wp-content\/uploads\/2025\/06\/DSCF1880-scaled.jpg&#8221; parallax=&#8221;on&#8221; background_blend=&#8221;lighten&#8221; background_enable_mask_style=&#8221;on&#8221; background_mask_color=&#8221;RGBA(255,255,255,0)&#8221; height=&#8221;887px&#8221; custom_margin=&#8221;-65px||||false|false&#8221; custom_padding=&#8221;||80px|||&#8221; locked=&#8221;off&#8221; collapsed=&#8221;on&#8221; global_colors_info=&#8221;{%22gcid-36fd78a7-34bc-404d-873c-dafa34efaae5%22:%91%22colorStart%22,%22colorStart%22%93,%22#03045e%22:%91%22background_color_gradient_stops%22,%22background_color%22%93}&#8221;][et_pb_row _builder_version=&#8221;4.18.0&#8243; _module_preset=&#8221;5138c454-be54-4233-bd3b-f8e6a8747976&#8243; max_width=&#8221;800px&#8221; locked=&#8221;off&#8221; global_colors_info=&#8221;{}&#8221;][et_pb_column type=&#8221;4_4&#8243; _builder_version=&#8221;4.16&#8243; _module_preset=&#8221;73121f80-a3ef-4484-8763-c3f18e3c56d2&#8243; global_colors_info=&#8221;{}&#8221;][et_pb_heading title=&#8221;Ki\u015fisel Almanca kursun. Bizimle ileti\u015fime ge\u00e7!&#8221; _builder_version=&#8221;4.27.4&#8243; _module_preset=&#8221;ddeb8c09-9078-4424-bc15-2efb6572e28e&#8221; title_level=&#8221;h2&#8243; title_font=&#8221;&#8211;et_global_heading_font|Cormorant Garamond_weight|||||||&#8221; title_text_align=&#8221;center&#8221; title_text_color=&#8221;#000000&#8243; title_font_size=&#8221;51px&#8221; title_line_height=&#8221;1.15em&#8221; title_font_size_tablet=&#8221;40px&#8221; title_font_size_phone=&#8221;24px&#8221; title_font_size_last_edited=&#8221;on|phone&#8221; locked=&#8221;off&#8221; global_colors_info=&#8221;{}&#8221;][\/et_pb_heading][et_pb_text quote_border_color=&#8221;#FFFFFF&#8221; _builder_version=&#8221;4.27.4&#8243; _module_preset=&#8221;0504de1e-f5ff-4281-ba60-cbbe4edf98bc&#8221; text_font=&#8221;&#8211;et_global_body_font|Proza Libre_weight|||||||&#8221; text_text_color=&#8221;#000000&#8243; text_font_size=&#8221;18px&#8221; text_line_height=&#8221;1.75em&#8221; link_font=&#8221;||||on||||&#8221; link_text_color=&#8221;#FFFFFF&#8221; quote_font=&#8221;Cormorant Garamond|Cormorant Garamond_weight|||||||&#8221; quote_text_color=&#8221;#FFFFFF&#8221; header_font=&#8221;Cormorant Garamond|Cormorant Garamond_weight|||||||&#8221; header_text_color=&#8221;#FFFFFF&#8221; header_font_size=&#8221;72px&#8221; header_line_height=&#8221;1.15em&#8221; header_2_font=&#8221;Cormorant Garamond|Cormorant Garamond_weight|||||||&#8221; header_2_text_color=&#8221;#FFFFFF&#8221; header_2_font_size=&#8221;50px&#8221; header_2_line_height=&#8221;1.2em&#8221; header_3_font=&#8221;Cormorant Garamond|Cormorant Garamond_weight|||||||&#8221; header_3_text_color=&#8221;#FFFFFF&#8221; header_3_font_size=&#8221;32px&#8221; header_3_line_height=&#8221;1.3em&#8221; header_4_font=&#8221;Cormorant Garamond|Cormorant Garamond_weight|||||||&#8221; header_4_text_color=&#8221;#FFFFFF&#8221; header_4_font_size=&#8221;24px&#8221; header_4_line_height=&#8221;1.4em&#8221; header_5_font=&#8221;Cormorant Garamond|Cormorant Garamond_weight|||||||&#8221; header_5_text_color=&#8221;#FFFFFF&#8221; header_5_font_size=&#8221;18px&#8221; header_5_line_height=&#8221;1.4em&#8221; header_6_font=&#8221;Cormorant Garamond|Cormorant Garamond_weight|||||||&#8221; header_6_text_color=&#8221;#FFFFFF&#8221; header_6_line_height=&#8221;1.5em&#8221; text_orientation=&#8221;center&#8221; module_alignment=&#8221;center&#8221; custom_margin=&#8221;||||false|false&#8221; text_font_size_tablet=&#8221;15px&#8221; text_font_size_phone=&#8221;14px&#8221; text_font_size_last_edited=&#8221;on|phone&#8221; header_font_size_tablet=&#8221;40px&#8221; header_font_size_phone=&#8221;24px&#8221; header_font_size_last_edited=&#8221;on|desktop&#8221; header_2_font_size_tablet=&#8221;28px&#8221; header_2_font_size_phone=&#8221;20px&#8221; header_2_font_size_last_edited=&#8221;on|phone&#8221; header_3_font_size_tablet=&#8221;22px&#8221; header_3_font_size_phone=&#8221;17px&#8221; header_3_font_size_last_edited=&#8221;on|phone&#8221; header_4_font_size_tablet=&#8221;18px&#8221; header_4_font_size_phone=&#8221;15px&#8221; header_4_font_size_last_edited=&#8221;on|tablet&#8221; header_5_font_size_tablet=&#8221;15px&#8221; header_5_font_size_phone=&#8221;14px&#8221; header_5_font_size_last_edited=&#8221;on|desktop&#8221; header_6_font_size_tablet=&#8221;13px&#8221; header_6_font_size_phone=&#8221;13px&#8221; header_6_font_size_last_edited=&#8221;on|desktop&#8221; locked=&#8221;off&#8221; global_colors_info=&#8221;{}&#8221;]<\/p>\n<p>Mesleki gelece\u011fini iyile\u015ftirmek, bir Alman \u00fcniversitesinde okumak veya sadece g\u00fcnl\u00fck hayatta g\u00fcvenle ileti\u015fim kurmak m\u0131 istiyorsun? Stuttgart&#8217;ta yabanc\u0131 dil olarak Almanca \u00f6\u011fretimi konusunda lider dil okulu olarak, bireysel hedeflerine ula\u015fmana yard\u0131mc\u0131 oluyoruz. Hemen bizimle ileti\u015fime ge\u00e7 ve ba\u015far\u0131 hikayeni ba\u015flat! <\/p>\n<p>[\/et_pb_text][\/et_pb_column][\/et_pb_row][\/et_pb_section][et_pb_section fb_built=&#8221;1&#8243; theme_builder_area=&#8221;post_content&#8221; _builder_version=&#8221;4.27.5&#8243; _module_preset=&#8221;default&#8221;][et_pb_row _builder_version=&#8221;4.27.5&#8243; _module_preset=&#8221;default&#8221; theme_builder_area=&#8221;post_content&#8221;][et_pb_column _builder_version=&#8221;4.27.5&#8243; _module_preset=&#8221;default&#8221; type=&#8221;4_4&#8243; theme_builder_area=&#8221;post_content&#8221;][et_pb_code _builder_version=&#8221;4.27.5&#8243; _module_preset=&#8221;default&#8221; theme_builder_area=&#8221;post_content&#8221; hover_enabled=&#8221;0&#8243; sticky_enabled=&#8221;0&#8243;]<!-- Google Calendar Appointment Scheduling begin --><!-- [et_pb_line_break_holder] --><iframe loading=\"lazy\" src=\"https:\/\/calendar.google.com\/calendar\/appointments\/schedules\/AcZssZ3BTK-auEbC75efkifJmu-bMmQHtclvJkjzv7oJz1FeGVgMs9Wtz_h0MEiWLW2rgPQzzegpsjUP?gv=true\" style=\"border: 0\" width=\"100%\" height=\"600\" frameborder=\"0\"><\/iframe><!-- [et_pb_line_break_holder] --><!-- end Google Calendar Appointment Scheduling --><!-- [et_pb_line_break_holder] -->[\/et_pb_code][\/et_pb_column][\/et_pb_row][et_pb_row _builder_version=&#8221;4.27.5&#8243; _module_preset=&#8221;default&#8221; theme_builder_area=&#8221;post_content&#8221;][et_pb_column _builder_version=&#8221;4.27.5&#8243; _module_preset=&#8221;default&#8221; type=&#8221;4_4&#8243; theme_builder_area=&#8221;post_content&#8221;][et_pb_code _builder_version=&#8221;4.27.5&#8243; _module_preset=&#8221;default&#8221; theme_builder_area=&#8221;post_content&#8221; hover_enabled=&#8221;0&#8243; sticky_enabled=&#8221;0&#8243;]<!-- Google Calendar Appointment Scheduling begin --><!-- [et_pb_line_break_holder] --><iframe loading=\"lazy\" src=\"https:\/\/calendar.google.com\/calendar\/appointments\/schedules\/AcZssZ2ft0V4yazz7R0vVOZDMn3gBbHeAKD1K02WzYEFYMUtqiO6XZG77fL7VIlT6qJrR3wU1EDw1Zwr?gv=true\" style=\"border: 0\" width=\"100%\" height=\"600\" frameborder=\"0\"><\/iframe><!-- [et_pb_line_break_holder] --><!-- end Google Calendar Appointment Scheduling -->[\/et_pb_code][\/et_pb_column][\/et_pb_row][\/et_pb_section][et_pb_section fb_built=&#8221;1&#8243; admin_label=&#8221;Contact Info&#8221; _builder_version=&#8221;4.27.4&#8243; _module_preset=&#8221;default&#8221; custom_margin=&#8221;-2px||||false|false&#8221; collapsed=&#8221;on&#8221; global_colors_info=&#8221;{}&#8221;][et_pb_row column_structure=&#8221;1_2,1_2&#8243; make_equal=&#8221;on&#8221; _builder_version=&#8221;4.27.4&#8243; _module_preset=&#8221;default&#8221; background_color=&#8221;#eff1f2&#8243; max_width=&#8221;1350px&#8221; border_style_all=&#8221;ridge&#8221; global_colors_info=&#8221;{}&#8221;][et_pb_column type=&#8221;1_2&#8243; _builder_version=&#8221;4.27.4&#8243; _module_preset=&#8221;default&#8221; global_colors_info=&#8221;{}&#8221;][et_pb_blurb title=&#8221;Stuttgart&#8217;ta konum ve ki\u015fisel dan\u0131\u015fmanl\u0131k&#8221; use_icon=&#8221;on&#8221; font_icon=&#8221;&#xf500;||fa||900&#8243; icon_color=&#8221;#012243&#8243; image_icon_width=&#8221;55px&#8221; content_max_width=&#8221;100%&#8221; module_class=&#8221;ai_ignore_all&#8221; _builder_version=&#8221;4.27.4&#8243; _module_preset=&#8221;203c76fc-aee0-4484-9be1-f0e2ebd81a8f&#8221; header_font=&#8221;&#8211;et_global_body_font|Cormorant Garamond_weight|||||||&#8221; header_text_align=&#8221;center&#8221; header_text_color=&#8221;#0e0c19&#8243; header_font_size=&#8221;24px&#8221; header_line_height=&#8221;1.7em&#8221; body_font=&#8221;&#8211;et_global_body_font|700|||||||&#8221; body_text_align=&#8221;center&#8221; body_text_color=&#8221;#012243&#8243; body_font_size=&#8221;23px&#8221; body_line_height=&#8221;0.5em&#8221; body_link_text_align=&#8221;center&#8221; body_link_text_color=&#8221;#012243&#8243; background_color=&#8221;#b6c9f1&#8243; image_icon_custom_margin=&#8221;||||false|false&#8221; image_icon_custom_padding=&#8221;||||false|false&#8221; max_width=&#8221;80%&#8221; module_alignment=&#8221;center&#8221; custom_margin=&#8221;||||false|false&#8221; custom_padding=&#8221;35px||||false|false&#8221; animation=&#8221;off&#8221; header_font_size_tablet=&#8221;15px&#8221; header_font_size_phone=&#8221;13px&#8221; header_font_size_last_edited=&#8221;on|phone&#8221; body_font_size_tablet=&#8221;15px&#8221; body_font_size_phone=&#8221;14px&#8221; body_font_size_last_edited=&#8221;on|tablet&#8221; border_radii_image=&#8221;on|6px|6px|6px|6px&#8221; global_colors_info=&#8221;{}&#8221;][\/et_pb_blurb][et_pb_text _builder_version=&#8221;4.27.4&#8243; _module_preset=&#8221;default&#8221; text_font=&#8221;&#8211;et_global_body_font||||||||&#8221; global_colors_info=&#8221;{}&#8221;]<\/p>\n<p style=\"text-align: center;\">Stuttgart \u015fehir merkezindeki dil okulumuzu ziyaret edin. Almanca kursunuzla ilgili t\u00fcm sorular\u0131n\u0131zda size ki\u015fisel olarak dan\u0131\u015fmanl\u0131k hizmeti sunuyor ve \u00f6\u011frenme ba\u015far\u0131n\u0131z i\u00e7in en uygun yolu buluyoruz. <\/p>\n<p>[\/et_pb_text][et_pb_text _builder_version=&#8221;4.27.4&#8243; _module_preset=&#8221;default&#8221; text_font=&#8221;&#8211;et_global_body_font|700|||||||&#8221; text_font_size=&#8221;18px&#8221; text_orientation=&#8221;center&#8221; global_colors_info=&#8221;{}&#8221;]<\/p>\n<p>German Institute<\/p>\n<p><a href=\"https:\/\/maps.google.com\/?q=T%C3%BCbinger%20Stra%C3%9Fe%2027%2070178%20Stuttgart\" target=\"_blank\" rel=\"noopener\">T\u00fcbinger Stra\u00dfe 27<\/a><\/p>\n<p>70178 Stuttgart<\/p>\n<p>[\/et_pb_text][\/et_pb_column][et_pb_column type=&#8221;1_2&#8243; _builder_version=&#8221;4.25.1&#8243; _module_preset=&#8221;default&#8221; global_colors_info=&#8221;{}&#8221;][et_pb_blurb title=&#8221;Telefon&#8221; use_icon=&#8221;on&#8221; font_icon=&#8221;&#xf095;||fa||900&#8243; icon_color=&#8221;#012243&#8243; image_icon_width=&#8221;55px&#8221; content_max_width=&#8221;165%&#8221; module_class=&#8221;ai_ignore_all&#8221; _builder_version=&#8221;4.27.4&#8243; _module_preset=&#8221;203c76fc-aee0-4484-9be1-f0e2ebd81a8f&#8221; header_font=&#8221;&#8211;et_global_body_font|Cormorant Garamond_weight|||||||&#8221; header_text_align=&#8221;center&#8221; header_text_color=&#8221;#0e0c19&#8243; header_font_size=&#8221;24px&#8221; header_line_height=&#8221;1.7em&#8221; body_font=&#8221;&#8211;et_global_body_font|700|||||||&#8221; body_text_align=&#8221;center&#8221; body_text_color=&#8221;#012243&#8243; body_font_size=&#8221;23px&#8221; body_line_height=&#8221;0.5em&#8221; body_link_text_align=&#8221;center&#8221; body_link_text_color=&#8221;#012243&#8243; background_color=&#8221;#b6c9f1&#8243; image_icon_custom_margin=&#8221;||||false|false&#8221; image_icon_custom_padding=&#8221;||||false|false&#8221; max_width=&#8221;80%&#8221; module_alignment=&#8221;center&#8221; min_height=&#8221;214px&#8221; max_height=&#8221;1000px&#8221; custom_margin=&#8221;||||false|false&#8221; custom_padding=&#8221;35px||||false|false&#8221; animation=&#8221;off&#8221; header_font_size_tablet=&#8221;15px&#8221; header_font_size_phone=&#8221;13px&#8221; header_font_size_last_edited=&#8221;on|phone&#8221; body_font_size_tablet=&#8221;15px&#8221; body_font_size_phone=&#8221;14px&#8221; body_font_size_last_edited=&#8221;on|tablet&#8221; border_radii_image=&#8221;on|6px|6px|6px|6px&#8221; global_colors_info=&#8221;{}&#8221;][\/et_pb_blurb][et_pb_text _builder_version=&#8221;4.27.4&#8243; _module_preset=&#8221;default&#8221; text_font=&#8221;&#8211;et_global_body_font||||||||&#8221; global_colors_info=&#8221;{}&#8221;]<\/p>\n<p style=\"text-align: center;\">Bizi aray\u0131n \u2013 Almanca kurslar\u0131m\u0131zla ilgili t\u00fcm sorular\u0131n\u0131z\u0131 memnuniyetle yan\u0131tlayaca\u011f\u0131z.<\/p>\n<p>[\/et_pb_text][et_pb_text _builder_version=&#8221;4.27.4&#8243; _module_preset=&#8221;default&#8221; text_font=&#8221;&#8211;et_global_body_font|700|||||||&#8221; text_font_size=&#8221;18px&#8221; text_orientation=&#8221;center&#8221; global_colors_info=&#8221;{}&#8221;]<\/p>\n<p><a href=\"tel:+4971121950920\">+49 711 21950920<\/a><\/p>\n<p>[\/et_pb_text][\/et_pb_column][\/et_pb_row][et_pb_row _builder_version=&#8221;4.27.4&#8243; _module_preset=&#8221;default&#8221; max_width=&#8221;1335px&#8221; custom_padding=&#8221;42px||42px||false|false&#8221; border_width_all=&#8221;1px&#8221; border_color_all=&#8221;#000000&#8243; border_style_all=&#8221;groove&#8221; global_colors_info=&#8221;{}&#8221;][et_pb_column type=&#8221;4_4&#8243; _builder_version=&#8221;4.27.4&#8243; _module_preset=&#8221;default&#8221; global_colors_info=&#8221;{}&#8221;][et_pb_text _builder_version=&#8221;4.27.4&#8243; _module_preset=&#8221;default&#8221; text_font_size=&#8221;22px&#8221; text_orientation=&#8221;center&#8221; global_colors_info=&#8221;{}&#8221;]<\/p>\n<p><strong>\u00c7al\u0131\u015fma saatleri<\/strong><\/p>\n<p><strong>Pazartesi:<\/strong> 8:00 &#8211; 16:00<\/p>\n<p><strong>Sal\u0131 &#8211; Cuma:<\/strong> 8:00 &#8211; 19:00<\/p>\n<p>[\/et_pb_text][\/et_pb_column][\/et_pb_row][et_pb_row column_structure=&#8221;1_2,1_2&#8243; make_equal=&#8221;on&#8221; _builder_version=&#8221;4.27.4&#8243; _module_preset=&#8221;default&#8221; background_color=&#8221;#eff1f2&#8243; width=&#8221;76%&#8221; max_width=&#8221;1270px&#8221; global_colors_info=&#8221;{}&#8221;][et_pb_column type=&#8221;1_2&#8243; _builder_version=&#8221;4.25.1&#8243; _module_preset=&#8221;default&#8221; global_colors_info=&#8221;{}&#8221;][et_pb_blurb title=&#8221;Bireysel \u00e7evrimi\u00e7i dan\u0131\u015fmanl\u0131k&#8221; use_icon=&#8221;on&#8221; font_icon=&#8221;&#xf073;||fa||400&#8243; icon_color=&#8221;#012243&#8243; image_icon_width=&#8221;55px&#8221; content_max_width=&#8221;100%&#8221; module_class=&#8221;ai_ignore_all&#8221; _builder_version=&#8221;4.27.4&#8243; _module_preset=&#8221;203c76fc-aee0-4484-9be1-f0e2ebd81a8f&#8221; header_font=&#8221;&#8211;et_global_body_font|Cormorant Garamond_weight|||||||&#8221; header_text_align=&#8221;center&#8221; header_text_color=&#8221;#0e0c19&#8243; header_font_size=&#8221;24px&#8221; header_line_height=&#8221;1.7em&#8221; body_font=&#8221;&#8211;et_global_body_font|700|||||||&#8221; body_text_align=&#8221;center&#8221; body_text_color=&#8221;#012243&#8243; body_font_size=&#8221;23px&#8221; body_line_height=&#8221;0.5em&#8221; body_link_text_align=&#8221;center&#8221; body_link_text_color=&#8221;#012243&#8243; background_color=&#8221;#b6c9f1&#8243; image_icon_custom_margin=&#8221;||||false|false&#8221; image_icon_custom_padding=&#8221;||||false|false&#8221; max_width=&#8221;80%&#8221; module_alignment=&#8221;center&#8221; min_height=&#8221;214px&#8221; custom_margin=&#8221;||||false|false&#8221; custom_padding=&#8221;35px||||false|false&#8221; animation=&#8221;off&#8221; header_font_size_tablet=&#8221;15px&#8221; header_font_size_phone=&#8221;13px&#8221; header_font_size_last_edited=&#8221;on|phone&#8221; body_font_size_tablet=&#8221;15px&#8221; body_font_size_phone=&#8221;14px&#8221; body_font_size_last_edited=&#8221;on|tablet&#8221; border_radii_image=&#8221;on|6px|6px|6px|6px&#8221; global_colors_info=&#8221;{}&#8221;][\/et_pb_blurb][et_pb_blurb image_icon_width=&#8221;55px&#8221; content_max_width=&#8221;100%&#8221; module_class=&#8221;ai_ignore_all&#8221; _builder_version=&#8221;4.27.4&#8243; _module_preset=&#8221;203c76fc-aee0-4484-9be1-f0e2ebd81a8f&#8221; header_font=&#8221;&#8211;et_global_body_font|Cormorant Garamond_weight|||||||&#8221; header_text_align=&#8221;center&#8221; header_text_color=&#8221;#0e0c19&#8243; header_font_size=&#8221;24px&#8221; header_line_height=&#8221;1.4em&#8221; body_font=&#8221;&#8211;et_global_body_font||||||||&#8221; body_text_align=&#8221;center&#8221; body_text_color=&#8221;#012243&#8243; body_line_height=&#8221;1.6em&#8221; body_link_text_align=&#8221;center&#8221; body_link_text_color=&#8221;#012243&#8243; image_icon_custom_margin=&#8221;||||false|false&#8221; image_icon_custom_padding=&#8221;||||false|false&#8221; animation=&#8221;off&#8221; header_font_size_tablet=&#8221;15px&#8221; header_font_size_phone=&#8221;13px&#8221; header_font_size_last_edited=&#8221;on|phone&#8221; body_font_size_tablet=&#8221;15px&#8221; body_font_size_phone=&#8221;14px&#8221; body_font_size_last_edited=&#8221;on|tablet&#8221; border_radii_image=&#8221;on|6px|6px|6px|6px&#8221; global_colors_info=&#8221;{}&#8221;]<\/p>\n<p>Hedeflerinize uygun m\u00fckemmel Almanca kursunu bulun. Ki\u015fisel ve \u00fccretsiz \u00e7evrimi\u00e7i dan\u0131\u015fmanl\u0131k hizmetimizle t\u00fcm sorular\u0131n\u0131z\u0131 yan\u0131tl\u0131yor ve birlikte size \u00f6zel \u00f6\u011frenim plan\u0131n\u0131z\u0131 geli\u015ftiriyoruz. <\/p>\n<p>[\/et_pb_blurb][et_pb_button button_url=&#8221;@ET-DC@eyJkeW5hbWljIjp0cnVlLCJjb250ZW50IjoicG9zdF9saW5rX3VybF9wYWdlIiwic2V0dGluZ3MiOnsicG9zdF9pZCI6IjEzMzA2IiwiZW5hYmxlX2h0bWwiOiJvZmYifX0=@&#8221; button_text=&#8221;Randevu al&#8221; button_alignment=&#8221;center&#8221; _builder_version=&#8221;4.27.4&#8243; _dynamic_attributes=&#8221;button_url&#8221; _module_preset=&#8221;default&#8221; custom_button=&#8221;on&#8221; button_text_color=&#8221;#FFFFFF&#8221; button_bg_color=&#8221;#012243&#8243; button_border_radius=&#8221;0px&#8221; button_icon=&#8221;&#x41;||divi||400&#8243; button_icon_color=&#8221;#FFFFFF&#8221; global_colors_info=&#8221;{}&#8221;][\/et_pb_button][\/et_pb_column][et_pb_column type=&#8221;1_2&#8243; _builder_version=&#8221;4.25.1&#8243; _module_preset=&#8221;default&#8221; global_colors_info=&#8221;{}&#8221;][et_pb_blurb title=&#8221;E-posta&#8221; use_icon=&#8221;on&#8221; font_icon=&#8221;&#xf2b6;||fa||900&#8243; icon_color=&#8221;#012243&#8243; image_icon_width=&#8221;55px&#8221; content_max_width=&#8221;100%&#8221; module_class=&#8221;ai_ignore_all&#8221; _builder_version=&#8221;4.27.4&#8243; _module_preset=&#8221;203c76fc-aee0-4484-9be1-f0e2ebd81a8f&#8221; header_font=&#8221;&#8211;et_global_body_font|Cormorant Garamond_weight|||||||&#8221; header_text_align=&#8221;center&#8221; header_text_color=&#8221;#0e0c19&#8243; header_font_size=&#8221;24px&#8221; header_line_height=&#8221;1.7em&#8221; body_font=&#8221;&#8211;et_global_body_font|700|||||||&#8221; body_text_align=&#8221;center&#8221; body_text_color=&#8221;#012243&#8243; body_font_size=&#8221;23px&#8221; body_line_height=&#8221;0.5em&#8221; body_link_text_align=&#8221;center&#8221; body_link_text_color=&#8221;#012243&#8243; background_color=&#8221;#b6c9f1&#8243; image_icon_custom_margin=&#8221;||||false|false&#8221; image_icon_custom_padding=&#8221;||||false|false&#8221; max_width=&#8221;80%&#8221; module_alignment=&#8221;center&#8221; min_height=&#8221;214px&#8221; custom_margin=&#8221;||||false|false&#8221; custom_padding=&#8221;35px||||false|false&#8221; animation=&#8221;off&#8221; header_font_size_tablet=&#8221;15px&#8221; header_font_size_phone=&#8221;13px&#8221; header_font_size_last_edited=&#8221;on|phone&#8221; body_font_size_tablet=&#8221;15px&#8221; body_font_size_phone=&#8221;14px&#8221; body_font_size_last_edited=&#8221;on|tablet&#8221; border_radii_image=&#8221;on|6px|6px|6px|6px&#8221; global_colors_info=&#8221;{}&#8221;][\/et_pb_blurb][et_pb_text _builder_version=&#8221;4.27.4&#8243; _module_preset=&#8221;default&#8221; text_font=&#8221;&#8211;et_global_body_font||||||||&#8221; global_colors_info=&#8221;{}&#8221;]<\/p>\n<p style=\"text-align: center;\">Sorular\u0131n\u0131z m\u0131 var veya bizimle do\u011frudan ileti\u015fime ge\u00e7mek mi istiyorsunuz? Bize e-posta g\u00f6nderin, size en k\u0131sa s\u00fcrede geri d\u00f6n\u00fc\u015f yapaca\u011f\u0131z. <\/p>\n<p>[\/et_pb_text][et_pb_text _builder_version=&#8221;4.27.4&#8243; _module_preset=&#8221;default&#8221; text_font=&#8221;&#8211;et_global_body_font||||||||&#8221; text_font_size=&#8221;18px&#8221; text_orientation=&#8221;center&#8221; global_colors_info=&#8221;{}&#8221;]<\/p>\n<p><a href=\"mailto:info@germaninstitute.de\">info@germaninstitute.de<\/a><\/p>\n<p>[\/et_pb_text][\/et_pb_column][\/et_pb_row][\/et_pb_section][et_pb_section fb_built=&#8221;1&#8243; fullwidth=&#8221;on&#8221; disabled_on=&#8221;off|off|off&#8221; _builder_version=&#8221;4.27.4&#8243; _module_preset=&#8221;default&#8221; background_color=&#8221;#b6c9f1&#8243; custom_margin=&#8221;-47px||||false|false&#8221; custom_padding=&#8221;22px||||false|false&#8221; global_colors_info=&#8221;{}&#8221;][et_pb_fullwidth_code _builder_version=&#8221;4.27.4&#8243; _module_preset=&#8221;default&#8221; text_orientation=&#8221;center&#8221; global_colors_info=&#8221;{}&#8221;]<iframe loading=\"lazy\" src=\"https:\/\/www.superform.spot-nik.com\/form\/67f4f3a569b302b8092826b7\" width=\"100%\" height=\"800px\" style=\"border:0;\" title=\"Destek Talebiniz\"><\/iframe>[\/et_pb_fullwidth_code][\/et_pb_section][et_pb_section fb_built=&#8221;1&#8243; fullwidth=&#8221;on&#8221; _builder_version=&#8221;4.27.4&#8243; _module_preset=&#8221;default&#8221; global_colors_info=&#8221;{}&#8221;][et_pb_fullwidth_code _builder_version=&#8221;4.27.5&#8243; _module_preset=&#8221;default&#8221; global_colors_info=&#8221;{}&#8221;][\/et_pb_fullwidth_code][\/et_pb_section]<\/p>\n","protected":false},"excerpt":{"rendered":"<p>Ki\u015fisel Almanca kursun&#8230;.<\/p>\n","protected":false},"author":3,"featured_media":0,"parent":0,"menu_order":0,"comment_status":"closed","ping_status":"closed","template":"","meta":{"_et_pb_use_builder":"on","_et_pb_old_content":"","_et_gb_content_width":"","footnotes":""},"class_list":["post-44142","page","type-page","status-publish","hentry"],"jetpack_sharing_enabled":true,"_links":{"self":[{"href":"https:\/\/germaninstitute.com\/de\/tr\/wp-json\/wp\/v2\/pages\/44142","targetHints":{"allow":["GET"]}}],"collection":[{"href":"https:\/\/germaninstitute.com\/de\/tr\/wp-json\/wp\/v2\/pages"}],"about":[{"href":"https:\/\/germaninstitute.com\/de\/tr\/wp-json\/wp\/v2\/types\/page"}],"author":[{"embeddable":true,"href":"https:\/\/germaninstitute.com\/de\/tr\/wp-json\/wp\/v2\/users\/3"}],"replies":[{"embeddable":true,"href":"https:\/\/germaninstitute.com\/de\/tr\/wp-json\/wp\/v2\/comments?post=44142"}],"version-history":[{"count":23,"href":"https:\/\/germaninstitute.com\/de\/tr\/wp-json\/wp\/v2\/pages\/44142\/revisions"}],"predecessor-version":[{"id":65969,"href":"https:\/\/germaninstitute.com\/de\/tr\/wp-json\/wp\/v2\/pages\/44142\/revisions\/65969"}],"wp:attachment":[{"href":"https:\/\/germaninstitute.com\/de\/tr\/wp-json\/wp\/v2\/media?parent=44142"}],"curies":[{"name":"wp","href":"https:\/\/api.w.org\/{rel}","templated":true}]}}