{"id":44067,"date":"2025-02-10T09:47:34","date_gmt":"2025-02-10T08:47:34","guid":{"rendered":"https:\/\/germaninstitute.com\/de\/uecretsiz-kurslar\/"},"modified":"2026-01-23T15:14:20","modified_gmt":"2026-01-23T14:14:20","slug":"uecretsiz-kurslar","status":"publish","type":"page","link":"https:\/\/germaninstitute.com\/de\/tr\/uecretsiz-kurslar\/","title":{"rendered":"\u00dccretsiz Kurslar"},"content":{"rendered":"<p>[et_pb_section fb_built=&#8221;1&#8243; fullwidth=&#8221;on&#8221; module_id=&#8221;Ekstra Teklifler&#8221; _builder_version=&#8221;4.27.4&#8243; _module_preset=&#8221;default&#8221; global_colors_info=&#8221;{}&#8221;][\/et_pb_section][et_pb_section fb_built=&#8221;1&#8243; fullwidth=&#8221;on&#8221; _builder_version=&#8221;4.27.4&#8243; _module_preset=&#8221;default&#8221; custom_margin=&#8221;-65px||0px||false|false&#8221; custom_padding=&#8221;0px||0px||false|false&#8221; global_colors_info=&#8221;{}&#8221;][et_pb_fullwidth_code _builder_version=&#8221;4.27.5&#8243; _module_preset=&#8221;default&#8221; hover_enabled=&#8221;0&#8243; global_colors_info=&#8221;{}&#8221; sticky_enabled=&#8221;0&#8243;][\/et_pb_fullwidth_code][\/et_pb_section][et_pb_section fb_built=&#8221;1&#8243; fullwidth=&#8221;on&#8221; _builder_version=&#8221;4.27.4&#8243; _module_preset=&#8221;default&#8221; global_colors_info=&#8221;{}&#8221;][et_pb_fullwidth_code _builder_version=&#8221;4.27.5&#8243; _module_preset=&#8221;default&#8221; hover_enabled=&#8221;0&#8243; global_colors_info=&#8221;{}&#8221; sticky_enabled=&#8221;0&#8243;][\/et_pb_fullwidth_code][\/et_pb_section][et_pb_section fb_built=&#8221;1&#8243; fullwidth=&#8221;on&#8221; _builder_version=&#8221;4.27.4&#8243; _module_preset=&#8221;default&#8221; background_color=&#8221;#012243&#8243; custom_margin=&#8221;31px||||false|false&#8221; global_colors_info=&#8221;{}&#8221;][et_pb_fullwidth_header title=&#8221;\u015eimdi German Institute&#8217;un bir par\u00e7as\u0131 olun!&#8221; button_one_text=&#8221;Kay\u0131t Olmak \u0130\u00e7in&#8221; button_one_url=&#8221;@ET-DC@eyJkeW5hbWljIjp0cnVlLCJjb250ZW50IjoicG9zdF9saW5rX3VybF9wYWdlIiwic2V0dGluZ3MiOnsicG9zdF9pZCI6IjM5MTY4In19@&#8221; _builder_version=&#8221;4.27.5&#8243; _module_preset=&#8221;default&#8221; title_font=&#8221;&#8211;et_global_heading_font||||||||&#8221; content_font=&#8221;&#8211;et_global_body_font||||||||&#8221; background_color=&#8221;rgba(1,34,67,0.88)&#8221; custom_button_one=&#8221;on&#8221; button_one_border_radius=&#8221;0px&#8221; button_one_letter_spacing=&#8221;1px&#8221; button_one_font=&#8221;&#8211;et_global_heading_font||||||||&#8221; hover_enabled=&#8221;0&#8243; global_colors_info=&#8221;{}&#8221; _dynamic_attributes=&#8221;button_one_url&#8221; sticky_enabled=&#8221;0&#8243;]<\/p>\n<p data-start=\"108\" data-end=\"252\" class=\"\"><br data-start=\"144\" data-end=\"147\" \/>Kaydolun ve <strong>konu\u015fma, gramer ve geziler<\/strong> gibi \u00fccretsiz ek tekliflerden yararlan\u0131n.<\/p>\n<p data-start=\"254\" data-end=\"292\" class=\"\"><strong data-start=\"254\" data-end=\"292\"><\/strong><\/p>\n<p data-start=\"254\" data-end=\"292\" class=\"\"><strong data-start=\"254\" data-end=\"292\"><\/strong><\/p>\n<p data-start=\"254\" data-end=\"292\" class=\"\"><strong data-start=\"254\" data-end=\"292\">Kaydol. Kat\u0131l. Ba\u015fla. <\/strong><\/p>\n<p>[\/et_pb_fullwidth_header][\/et_pb_section]<\/p>\n","protected":false},"excerpt":{"rendered":"<p>\u015eimdi German&#8230;<\/p>\n","protected":false},"author":3,"featured_media":0,"parent":0,"menu_order":0,"comment_status":"closed","ping_status":"closed","template":"","meta":{"_et_pb_use_builder":"on","_et_pb_old_content":"","_et_gb_content_width":"","footnotes":""},"class_list":["post-44067","page","type-page","status-publish","hentry"],"jetpack_sharing_enabled":true,"_links":{"self":[{"href":"https:\/\/germaninstitute.com\/de\/tr\/wp-json\/wp\/v2\/pages\/44067","targetHints":{"allow":["GET"]}}],"collection":[{"href":"https:\/\/germaninstitute.com\/de\/tr\/wp-json\/wp\/v2\/pages"}],"about":[{"href":"https:\/\/germaninstitute.com\/de\/tr\/wp-json\/wp\/v2\/types\/page"}],"author":[{"embeddable":true,"href":"https:\/\/germaninstitute.com\/de\/tr\/wp-json\/wp\/v2\/users\/3"}],"replies":[{"embeddable":true,"href":"https:\/\/germaninstitute.com\/de\/tr\/wp-json\/wp\/v2\/comments?post=44067"}],"version-history":[{"count":8,"href":"https:\/\/germaninstitute.com\/de\/tr\/wp-json\/wp\/v2\/pages\/44067\/revisions"}],"predecessor-version":[{"id":65750,"href":"https:\/\/germaninstitute.com\/de\/tr\/wp-json\/wp\/v2\/pages\/44067\/revisions\/65750"}],"wp:attachment":[{"href":"https:\/\/germaninstitute.com\/de\/tr\/wp-json\/wp\/v2\/media?parent=44067"}],"curies":[{"name":"wp","href":"https:\/\/api.w.org\/{rel}","templated":true}]}}