{"id":43839,"date":"2025-02-10T09:29:18","date_gmt":"2025-02-10T08:29:18","guid":{"rendered":"https:\/\/germaninstitute.com\/de\/yoenetici\/"},"modified":"2025-09-12T15:25:52","modified_gmt":"2025-09-12T13:25:52","slug":"yoenetici","status":"publish","type":"page","link":"https:\/\/germaninstitute.com\/de\/tr\/yoenetici\/","title":{"rendered":"Y\u00f6netici"},"content":{"rendered":"<p>[et_pb_section fb_built=&#8221;1&#8243; admin_label=&#8221;Header&#8221; _builder_version=&#8221;4.16&#8243; _module_preset=&#8221;default&#8221; custom_padding=&#8221;1px||1px|||&#8221; locked=&#8221;off&#8221; global_colors_info=&#8221;{}&#8221; theme_builder_area=&#8221;post_content&#8221;][et_pb_row _builder_version=&#8221;4.16&#8243; _module_preset=&#8221;default&#8221; global_colors_info=&#8221;{}&#8221; theme_builder_area=&#8221;post_content&#8221;][et_pb_column type=&#8221;4_4&#8243; _builder_version=&#8221;4.16&#8243; _module_preset=&#8221;default&#8221; custom_padding=&#8221;|||&#8221; global_colors_info=&#8221;%91%93&#8243; theme_builder_area=&#8221;post_content&#8221;][et_pb_image src=&#8221;https:\/\/germaninstitute.com\/de\/wp-content\/uploads\/2025\/02\/Kopie-von-Kopie-von-Anzeige-Trainee-scaled-1.jpg&#8221; title_text=&#8221;Stajyer \u0130lan\u0131n\u0131n Kopyas\u0131n\u0131n Kopyas\u0131&#8221; _builder_version=&#8221;4.21.0&#8243; _module_preset=&#8221;default&#8221; border_radii=&#8221;on|30px|30px|30px|30px&#8221; global_colors_info=&#8221;{}&#8221; theme_builder_area=&#8221;post_content&#8221;][\/et_pb_image][\/et_pb_column][\/et_pb_row][\/et_pb_section][et_pb_section fb_built=&#8221;1&#8243; admin_label=&#8221;Services&#8221; _builder_version=&#8221;4.16&#8243; _module_preset=&#8221;default&#8221; global_colors_info=&#8221;{}&#8221; theme_builder_area=&#8221;post_content&#8221;][et_pb_row column_structure=&#8221;3_5,2_5&#8243; _builder_version=&#8221;4.21.0&#8243; _module_preset=&#8221;default&#8221; global_colors_info=&#8221;{}&#8221; theme_builder_area=&#8221;post_content&#8221;][et_pb_column type=&#8221;3_5&#8243; _builder_version=&#8221;4.16&#8243; _module_preset=&#8221;default&#8221; custom_padding=&#8221;|||&#8221; global_colors_info=&#8221;%91%93&#8243; theme_builder_area=&#8221;post_content&#8221;][et_pb_accordion open_toggle_background_color=&#8221;RGBA(255,255,255,0)&#8221; closed_toggle_background_color=&#8221;RGBA(255,255,255,0)&#8221; toggle_icon=&#8221;&#x22;||divi||400&#8243; icon_color=&#8221;#ddb87c&#8221; use_icon_font_size=&#8221;on&#8221; icon_font_size=&#8221;32px&#8221; _builder_version=&#8221;4.21.0&#8243; _module_preset=&#8221;default&#8221; toggle_text_color=&#8221;#000000&#8243; toggle_font=&#8221;Jost|700|||||||&#8221; toggle_line_height=&#8221;1.3em&#8221; toggle_font_size_tablet=&#8221;&#8221; toggle_font_size_phone=&#8221;14px&#8221; toggle_font_size_last_edited=&#8221;on|tablet&#8221; border_radii=&#8221;on|30px|30px|30px|30px&#8221; border_width_all=&#8221;2px&#8221; border_color_all=&#8221;#c9d4da&#8221; global_colors_info=&#8221;{}&#8221; theme_builder_area=&#8221;post_content&#8221;][et_pb_accordion_item title=&#8221;Sana sunduklar\u0131m\u0131z&#8221; open=&#8221;on&#8221; _builder_version=&#8221;4.21.0&#8243; _module_preset=&#8221;default&#8221; global_colors_info=&#8221;{}&#8221; theme_builder_area=&#8221;post_content&#8221;]<\/p>\n<ul>\n<li><span class=\"WdYUQQ text-decoration-none text-strikethrough-none\">Tam zamanl\u0131 (haftada 40 saat) \u00e7al\u0131\u015fma i\u00e7in br\u00fct maa\u015f: 3500 \u2013 4000 Euro.<\/span><\/li>\n<li><span class=\"WdYUQQ text-decoration-none text-strikethrough-none\">Yenilik\u00e7i ve h\u0131zla b\u00fcy\u00fcyen bir \u015firkette istekli bir ekipte yer alma f\u0131rsat\u0131<\/span><span class=\"WdYUQQ text-decoration-none text-strikethrough-none white-space-prewrap\"><\/span><\/li>\n<li><span class=\"WdYUQQ text-decoration-none text-strikethrough-none\">D\u00fcz hiyerar\u015fi<\/span><\/li>\n<li><span class=\"WdYUQQ text-decoration-none text-strikethrough-none\">K\u0131demli Y\u00f6netici pozisyonuna y\u00fckselme imkan\u0131<\/span><\/li>\n<li><span class=\"WdYUQQ text-decoration-none text-strikethrough-none\">Yarat\u0131c\u0131l\u0131\u011f\u0131n i\u00e7in bol alan<\/span><\/li>\n<\/ul>\n<p>[\/et_pb_accordion_item][et_pb_accordion_item title=&#8221;G\u00f6revin&#8221; _builder_version=&#8221;4.21.0&#8243; _module_preset=&#8221;default&#8221; global_colors_info=&#8221;{}&#8221; theme_builder_area=&#8221;post_content&#8221; open=&#8221;off&#8221;]<\/p>\n<ul>\n<li>S\u00fcre\u00e7 optimizasyonu<\/li>\n<li>Dil kurslar\u0131 ve di\u011fer hizmetlerin koordinasyonu<\/li>\n<li>Dil kurslar\u0131n\u0131n planlanmas\u0131 (g\u00f6rev planlamas\u0131, tarih ve mekan koordinasyonu)<\/li>\n<li>\u00d6\u011fretmenlerin, kat\u0131l\u0131mc\u0131lar\u0131n ve kurumsal m\u00fc\u015fterilerin desteklenmesi<\/li>\n<li>Ekip e\u011fitimi<\/li>\n<li>Kalite g\u00fcvencesi ve \u015fikayet y\u00f6netimi<\/li>\n<li>Kurs ve kat\u0131l\u0131mc\u0131 belgelerinin y\u00f6netimi<\/li>\n<li>Temel performans g\u00f6stergelerinin (KPI) analizi ve de\u011ferlendirilmesi<\/li>\n<\/ul>\n<p>[\/et_pb_accordion_item][et_pb_accordion_item title=&#8221;Profilin&#8221; _builder_version=&#8221;4.21.0&#8243; _module_preset=&#8221;default&#8221; global_colors_info=&#8221;{}&#8221; theme_builder_area=&#8221;post_content&#8221; open=&#8221;off&#8221;]<\/p>\n<ul>\n<li><span class=\"WdYUQQ text-decoration-none text-strikethrough-none\">MS-Office \u00fcr\u00fcn yelpazesini kullanmada yetkin ve teknoloji merakl\u0131s\u0131<\/span><\/li>\n<li><span class=\"WdYUQQ text-decoration-none text-strikethrough-none\">Y\u00fcksek d\u00fczeyde inisiyatif ve yenilik\u00e7ilik yetene\u011fi<\/span><\/li>\n<li>Ekonomi odakl\u0131 bir \u00fcniversite mezuniyeti veya benzeri bir mesleki e\u011fitim tercih sebebidir, ancak farkl\u0131 alanlardan ba\u015fvurular da kabul edilmektedir.<span class=\"WdYUQQ text-decoration-none text-strikethrough-none\"><\/span><\/li>\n<li><span class=\"WdYUQQ text-decoration-none text-strikethrough-none\">Karar verme yetene\u011fi<\/span><\/li>\n<li><span class=\"WdYUQQ text-decoration-none text-strikethrough-none\">G\u00fc\u00e7l\u00fc empati yetene\u011fi<\/span><\/li>\n<li><span class=\"WdYUQQ text-decoration-none text-strikethrough-none\">Ak\u0131c\u0131 Almanca bilgisi<\/span><\/li>\n<li><span class=\"WdYUQQ text-decoration-none text-strikethrough-none\">\u00c7ok iyi \u0130ngilizce bilgisi<\/span><span class=\"WdYUQQ text-decoration-none text-strikethrough-none\"><\/span><\/li>\n<\/ul>\n<p class=\"_04xlpA direction-ltr align-start para-style-body\"><span class=\"WdYUQQ text-decoration-none text-strikethrough-none\">M\u00fc\u015fterilerimizin k\u00fclt\u00fcrleraras\u0131 \u00e7e\u015fitlili\u011fine ayn\u0131 derecede hayran ve onlar\u0131n y\u00fczlerinde bir g\u00fcl\u00fcmseme yaratmay\u0131 seviyorsun. <\/span><span class=\"WdYUQQ text-decoration-none text-strikethrough-none\">Y\u00f6netim alan\u0131nda i\u015f deneyimine sahipsin.<\/span><\/p>\n<p>[\/et_pb_accordion_item][\/et_pb_accordion][\/et_pb_column][et_pb_column type=&#8221;2_5&#8243; _builder_version=&#8221;4.21.0&#8243; _module_preset=&#8221;default&#8221; background_color=&#8221;#ebf3fe&#8221; custom_padding=&#8221;40px|30px|40px|30px|true|true&#8221; custom_padding_tablet=&#8221;40px|30px|40px|30px|true|true&#8221; custom_padding_phone=&#8221;|20px||20px|true|true&#8221; custom_padding_last_edited=&#8221;on|phone&#8221; border_radii=&#8221;on|30px|30px|30px|30px&#8221; global_colors_info=&#8221;%91%93&#8243; theme_builder_area=&#8221;post_content&#8221;][et_pb_code _builder_version=&#8221;4.21.0&#8243; _module_preset=&#8221;default&#8221; global_colors_info=&#8221;{}&#8221; theme_builder_area=&#8221;post_content&#8221;]<\/p>\n<div style=\"position: relative; width: 100%; height: 0; padding-top: 140.9524%; padding-bottom: 0; box-shadow: 0 2px 8px 0 rgba(63,69,81,0.16); margin-top: 1.6em; margin-bottom: 0.9em; overflow: hidden; border-radius: 8px; will-change: transform;\"><!-- [et_pb_line_break_holder] -->  <iframe loading=\"lazy\" style=\"position: absolute; width: 100%; height: 100%; top: 0; left: 0; border: none; padding: 0;margin: 0;\" src=\"https:\/\/www.canva.com\/design\/DAFIRn_5ngI\/view?embed\" allowfullscreen=\"allowfullscreen\" allow=\"fullscreen\"><!-- [et_pb_line_break_holder] -->  <\/iframe><!-- [et_pb_line_break_holder] --><\/div>\n<p><!-- [et_pb_line_break_holder] --><a href=\"https:\/\/www.canva.com\/design\/DAFIRn_5ngI\/view?utm_content=DAFIRn_5ngI&amp;utm_campaign=designshare&amp;utm_medium=embeds&amp;utm_source=link\" target=\"_blank\" rel=\"noopener\"><\/a>[\/et_pb_code][et_pb_divider color=&#8221;#FFFFFF&#8221; _builder_version=&#8221;4.21.0&#8243; _module_preset=&#8221;default&#8221; global_colors_info=&#8221;{}&#8221; theme_builder_area=&#8221;post_content&#8221;][\/et_pb_divider][et_pb_image src=&#8221;https:\/\/germaninstitute.com\/de\/wp-content\/uploads\/2025\/02\/IMG_6881-1-e1690583648112.jpg&#8221; title_text=&#8221;IMG_6881&#8243; _builder_version=&#8221;4.21.0&#8243; _module_preset=&#8221;default&#8221; width=&#8221;130px&#8221; module_alignment=&#8221;center&#8221; border_radii=&#8221;on|100px|100px|100px|100px&#8221; border_width_all=&#8221;8px&#8221; border_color_all=&#8221;#FFFFFF&#8221; global_colors_info=&#8221;{}&#8221; theme_builder_area=&#8221;post_content&#8221;][\/et_pb_image][et_pb_text _builder_version=&#8221;4.16&#8243; _module_preset=&#8221;0c6bc8be-1265-496d-a8dc-bc5e9a9a9edf&#8221; header_font=&#8221;||||||||&#8221; header_3_font=&#8221;Jost|700|||||||&#8221; header_3_text_color=&#8221;#000000&#8243; header_3_font_size=&#8221;30px&#8221; header_3_line_height=&#8221;1.2em&#8221; header_4_text_align=&#8221;center&#8221; text_orientation=&#8221;center&#8221; custom_margin=&#8221;||0px||false|false&#8221; header_3_font_size_tablet=&#8221;20px&#8221; header_3_font_size_phone=&#8221;16px&#8221; header_3_font_size_last_edited=&#8221;on|phone&#8221; locked=&#8221;off&#8221; global_colors_info=&#8221;{}&#8221; theme_builder_area=&#8221;post_content&#8221;]<\/p>\n<h3>Yetkili Ki\u015fi<\/h3>\n<p>[\/et_pb_text][et_pb_text _builder_version=&#8221;4.21.0&#8243; _module_preset=&#8221;22d0da71-6393-430b-a0cd-b77dd565e85c&#8221; text_text_color=&#8221;#000000&#8243; text_font_size=&#8221;16px&#8221; text_line_height=&#8221;1.8em&#8221; text_orientation=&#8221;center&#8221; text_font_size_tablet=&#8221;15px&#8221; text_font_size_phone=&#8221;14px&#8221; text_font_size_last_edited=&#8221;on|phone&#8221; header_font_size_tablet=&#8221;55px&#8221; header_font_size_last_edited=&#8221;off|desktop&#8221; locked=&#8221;off&#8221; global_colors_info=&#8221;{}&#8221; theme_builder_area=&#8221;post_content&#8221;]<\/p>\n<p class=\"_04xlpA direction-ltr align-start para-style-body\">\n<p class=\"_04xlpA direction-ltr align-start para-style-body\">Ifigenia Theodoridou<span class=\"WdYUQQ text-decoration-none text-strikethrough-none\"><\/span><\/p>\n<p class=\"_04xlpA direction-ltr align-start para-style-body\"><span class=\"WdYUQQ text-decoration-none text-strikethrough-none\">Tel.: +49 711 219 50921<\/span><\/p>\n<p class=\"_04xlpA direction-ltr align-start para-style-body\">hr@germaninstitute.de<\/p>\n<p>[\/et_pb_text][\/et_pb_column][\/et_pb_row][\/et_pb_section]<\/p>\n","protected":false},"excerpt":{"rendered":"<p>Sana sunduklar\u0131m\u0131z Tam&#8230;<\/p>\n","protected":false},"author":3,"featured_media":0,"parent":0,"menu_order":0,"comment_status":"closed","ping_status":"closed","template":"","meta":{"_et_pb_use_builder":"on","_et_pb_old_content":"","_et_gb_content_width":"","footnotes":""},"class_list":["post-43839","page","type-page","status-publish","hentry"],"jetpack_sharing_enabled":true,"_links":{"self":[{"href":"https:\/\/germaninstitute.com\/de\/tr\/wp-json\/wp\/v2\/pages\/43839","targetHints":{"allow":["GET"]}}],"collection":[{"href":"https:\/\/germaninstitute.com\/de\/tr\/wp-json\/wp\/v2\/pages"}],"about":[{"href":"https:\/\/germaninstitute.com\/de\/tr\/wp-json\/wp\/v2\/types\/page"}],"author":[{"embeddable":true,"href":"https:\/\/germaninstitute.com\/de\/tr\/wp-json\/wp\/v2\/users\/3"}],"replies":[{"embeddable":true,"href":"https:\/\/germaninstitute.com\/de\/tr\/wp-json\/wp\/v2\/comments?post=43839"}],"version-history":[{"count":5,"href":"https:\/\/germaninstitute.com\/de\/tr\/wp-json\/wp\/v2\/pages\/43839\/revisions"}],"predecessor-version":[{"id":49695,"href":"https:\/\/germaninstitute.com\/de\/tr\/wp-json\/wp\/v2\/pages\/43839\/revisions\/49695"}],"wp:attachment":[{"href":"https:\/\/germaninstitute.com\/de\/tr\/wp-json\/wp\/v2\/media?parent=43839"}],"curies":[{"name":"wp","href":"https:\/\/api.w.org\/{rel}","templated":true}]}}