{"id":43583,"date":"2025-02-07T14:57:03","date_gmt":"2025-02-07T13:57:03","guid":{"rendered":"https:\/\/germaninstitute.com\/de\/oegrenci-asistan\/"},"modified":"2025-09-12T13:27:38","modified_gmt":"2025-09-12T11:27:38","slug":"oegrenci-asistan","status":"publish","type":"page","link":"https:\/\/germaninstitute.com\/de\/tr\/oegrenci-asistan\/","title":{"rendered":"Yar\u0131 zamanl\u0131 i\u015f"},"content":{"rendered":"\n[et_pb_section fb_built=&#8221;1&#8243; admin_label=&#8221;Header&#8221; _builder_version=&#8221;4.16&#8243; _module_preset=&#8221;default&#8221; custom_padding=&#8221;1px||1px|||&#8221; locked=&#8221;off&#8221; global_colors_info=&#8221;{}&#8221; theme_builder_area=&#8221;post_content&#8221;][et_pb_row _builder_version=&#8221;4.16&#8243; _module_preset=&#8221;default&#8221; global_colors_info=&#8221;{}&#8221; theme_builder_area=&#8221;post_content&#8221;][et_pb_column type=&#8221;4_4&#8243; _builder_version=&#8221;4.16&#8243; _module_preset=&#8221;default&#8221; custom_padding=&#8221;|||&#8221; global_colors_info=&#8221;%91%93&#8243; theme_builder_area=&#8221;post_content&#8221;][et_pb_image src=&#8221;https:\/\/germaninstitute.com\/de\/wp-content\/uploads\/2025\/02\/Anzeige-Werkstudent-4-scaled-1.jpg&#8221; title_text=&#8221;Yar\u0131 zamanl\u0131 i\u015f ilani&#8221; _builder_version=&#8221;4.21.0&#8243; _module_preset=&#8221;default&#8221; border_radii=&#8221;on|30px|30px|30px|30px&#8221; global_colors_info=&#8221;{}&#8221; theme_builder_area=&#8221;post_content&#8221;][\/et_pb_image][\/et_pb_column][\/et_pb_row][\/et_pb_section][et_pb_section fb_built=&#8221;1&#8243; admin_label=&#8221;Services&#8221; _builder_version=&#8221;4.16&#8243; _module_preset=&#8221;default&#8221; global_colors_info=&#8221;{}&#8221; theme_builder_area=&#8221;post_content&#8221;][et_pb_row column_structure=&#8221;3_5,2_5&#8243; _builder_version=&#8221;4.21.0&#8243; _module_preset=&#8221;default&#8221; global_colors_info=&#8221;{}&#8221; theme_builder_area=&#8221;post_content&#8221;][et_pb_column type=&#8221;3_5&#8243; _builder_version=&#8221;4.16&#8243; _module_preset=&#8221;default&#8221; custom_padding=&#8221;|||&#8221; global_colors_info=&#8221;%91%93&#8243; theme_builder_area=&#8221;post_content&#8221;][et_pb_accordion open_toggle_background_color=&#8221;RGBA(255,255,255,0)&#8221; closed_toggle_background_color=&#8221;RGBA(255,255,255,0)&#8221; toggle_icon=&#8221;&#x22;||divi||400&#8243; icon_color=&#8221;#ddb87c&#8221; use_icon_font_size=&#8221;on&#8221; icon_font_size=&#8221;32px&#8221; _builder_version=&#8221;4.21.0&#8243; _module_preset=&#8221;default&#8221; toggle_text_color=&#8221;#000000&#8243; toggle_font=&#8221;Jost|700|||||||&#8221; toggle_line_height=&#8221;1.3em&#8221; toggle_font_size_tablet=&#8221;&#8221; toggle_font_size_phone=&#8221;14px&#8221; toggle_font_size_last_edited=&#8221;on|tablet&#8221; border_radii=&#8221;on|30px|30px|30px|30px&#8221; border_width_all=&#8221;2px&#8221; border_color_all=&#8221;#c9d4da&#8221; global_colors_info=&#8221;{}&#8221; theme_builder_area=&#8221;post_content&#8221;][et_pb_accordion_item title=&#8221;Sana sunduklar\u0131m\u0131z&#8221; open=&#8221;on&#8221; _builder_version=&#8221;4.21.0&#8243; _module_preset=&#8221;default&#8221; global_colors_info=&#8221;{}&#8221; theme_builder_area=&#8221;post_content&#8221;]<ul>\n<li><span class=\"WdYUQQ text-decoration-none text-strikethrough-none\">Saatlik \u00fccret: 15 &#8211; 20 Euro<\/span><\/li>\n<li><span class=\"WdYUQQ text-decoration-none text-strikethrough-none\">Yenilik\u00e7i ve h\u0131zla b\u00fcy\u00fcyen bir \u015firkette, istekli bir ekibin i\u00e7inde bir pozisyon.<\/span><span class=\"WdYUQQ text-decoration-none text-strikethrough-none white-space-prewrap\"><\/span><\/li>\n<li><span class=\"WdYUQQ text-decoration-none text-strikethrough-none\">Yard\u0131mc\u0131 M\u00fcd\u00fcrl\u00fck pozisyonuna y\u00fckselme imk\u00e2n\u0131<\/span><\/li>\n<li><span class=\"WdYUQQ text-decoration-none text-strikethrough-none\">Yarat\u0131c\u0131l\u0131\u011f\u0131n\u0131 g\u00f6sterebilece\u011fin geni\u015f bir alan<\/span><\/li>\n<li><span class=\"WdYUQQ text-decoration-none text-strikethrough-none\">Yenilik\u00e7i m\u00fc\u015fteri hizmetleri sistemlerini \u00f6\u011frenme ve geli\u015ftirilmesine katk\u0131 sa\u011flama f\u0131rsat\u0131<\/span><\/li>\n<li><span class=\"WdYUQQ text-decoration-none text-strikethrough-none\">\u201cCRM Y\u00f6netimi\u201d, Proje Y\u00f6netimi, CMS ve SEO alanlar\u0131nda kendini geli\u015ftirme f\u0131rsatlar\u0131<\/span><\/li>\n<\/ul>\n[\/et_pb_accordion_item][et_pb_accordion_item title=&#8221;G\u00f6revin&#8221; _builder_version=&#8221;4.21.0&#8243; _module_preset=&#8221;default&#8221; global_colors_info=&#8221;{}&#8221; theme_builder_area=&#8221;post_content&#8221; open=&#8221;off&#8221;]<p><span class=\"WdYUQQ text-decoration-none text-strikethrough-none\">Bizde Almanca \u00f6\u011frenen y\u00fczlerce gencin ba\u015far\u0131 hikayesinin ilk b\u00f6l\u00fcmlerinde kilit bir fig\u00fcr olacaks\u0131n. M\u00fc\u015fteriye bulundu\u011fu yerden ula\u015facaks\u0131n &#8211; telefonda, sohbette, e-posta yoluyla ve yerinde. G\u00f6rev alan\u0131n pazarlama, idare ve finans alanlar\u0131na da uzan\u0131yor.  <\/span><\/p>\n[\/et_pb_accordion_item][et_pb_accordion_item title=&#8221;Profilin&#8221; _builder_version=&#8221;4.21.0&#8243; _module_preset=&#8221;default&#8221; global_colors_info=&#8221;{}&#8221; theme_builder_area=&#8221;post_content&#8221; open=&#8221;off&#8221;]<ul>\n<li><span class=\"WdYUQQ text-decoration-none text-strikethrough-none\">Sosyal, arkada\u015f canl\u0131s\u0131, teknoloji merakl\u0131s\u0131<\/span><\/li>\n<li><span class=\"WdYUQQ text-decoration-none text-strikethrough-none\">K\u00fclt\u00fcrleraras\u0131 yetkinlik<\/span><\/li>\n<li><span class=\"WdYUQQ text-decoration-none text-strikethrough-none\">\u0130yi d\u00fczeyde \u0130ngilizce bilgisi<\/span><\/li>\n<li><span class=\"WdYUQQ text-decoration-none text-strikethrough-none\">Anadil seviyesinde Almanca bilgisi<\/span><\/li>\n<li><span class=\"WdYUQQ text-decoration-none text-strikethrough-none\">Aktif \u00f6\u011frenci olman<\/span><\/li>\n<li><span class=\"WdYUQQ text-decoration-none text-strikethrough-none\">Y\u00fcksek d\u00fczeyde inisiyatif alma, yenilik\u00e7ilik yetene\u011fi<\/span><\/li>\n<li><span class=\"WdYUQQ text-decoration-none text-strikethrough-none\">Karar verme yetene\u011fi<\/span><\/li>\n<li><span class=\"WdYUQQ text-decoration-none text-strikethrough-none\">G\u00fc\u00e7l\u00fc empati yetene\u011fi<\/span><\/li>\n<li><span class=\"WdYUQQ text-decoration-none text-strikethrough-none\">M\u00fc\u015fterilerimizin k\u00fclt\u00fcrel \u00e7e\u015fitlili\u011fine ayn\u0131 heyecanla yakla\u015fman ve onlar\u0131n y\u00fcz\u00fcnde bir g\u00fcl\u00fcmseme olu\u015fturman.<\/span><\/li>\n<\/ul>\n[\/et_pb_accordion_item][et_pb_accordion_item title=&#8221;Olas\u0131 \u00c7al\u0131\u015fma Alanlar\u0131&#8221; _builder_version=&#8221;4.21.0&#8243; _module_preset=&#8221;default&#8221; global_colors_info=&#8221;{}&#8221; theme_builder_area=&#8221;post_content&#8221; open=&#8221;off&#8221;]<ul>\n<li>Ofis Y\u00f6netimi<\/li>\n<li>Pazarlama<\/li>\n<li>Dan\u0131\u015fmanl\u0131k<\/li>\n<li>Gezi Rehberli\u011fi<\/li>\n<li>S\u0131nav G\u00f6zetmenli\u011fi<\/li>\n<li>Proje \u00c7al\u0131\u015fmas\u0131<\/li>\n<li>Finans<\/li>\n<li>\u00d6\u011frenme Platformu<\/li>\n<\/ul>\n[\/et_pb_accordion_item][\/et_pb_accordion][\/et_pb_column][et_pb_column type=&#8221;2_5&#8243; _builder_version=&#8221;4.21.0&#8243; _module_preset=&#8221;default&#8221; background_color=&#8221;#fed562&#8243; custom_padding=&#8221;40px|30px|40px|30px|true|true&#8221; custom_padding_tablet=&#8221;40px|30px|40px|30px|true|true&#8221; custom_padding_phone=&#8221;|20px||20px|true|true&#8221; custom_padding_last_edited=&#8221;on|phone&#8221; border_radii=&#8221;on|30px|30px|30px|30px&#8221; global_colors_info=&#8221;%91%93&#8243; theme_builder_area=&#8221;post_content&#8221;][et_pb_code _builder_version=&#8221;4.21.0&#8243; _module_preset=&#8221;default&#8221; global_colors_info=&#8221;{}&#8221; theme_builder_area=&#8221;post_content&#8221;]<div style=\"position: relative; width: 100%; height: 0; padding-top: 140.9524%; padding-bottom: 0; box-shadow: 0 2px 8px 0 rgba(63,69,81,0.16); margin-top: 1.6em; margin-bottom: 0.9em; overflow: hidden; border-radius: 8px; will-change: transform;\"><!-- [et_pb_line_break_holder] -->  <iframe loading=\"lazy\" style=\"position: absolute; width: 100%; height: 100%; top: 0; left: 0; border: none; padding: 0;margin: 0;\" src=\"https:\/\/www.canva.com\/design\/DAFpFuR-Pwk\/view?embed\" allowfullscreen=\"allowfullscreen\" allow=\"fullscreen\"><!-- [et_pb_line_break_holder] -->  <\/iframe><!-- [et_pb_line_break_holder] --><\/div><!-- [et_pb_line_break_holder] --><a href=\"https:\/\/www.canva.com\/design\/DAFpFuR-Pwk\/view?utm_content=DAFpFuR-Pwk&amp;utm_campaign=designshare&amp;utm_medium=embeds&amp;utm_source=link\" target=\"_blank\" rel=\"noopener\"><\/a>[\/et_pb_code][et_pb_divider color=&#8221;#FFFFFF&#8221; _builder_version=&#8221;4.21.0&#8243; _module_preset=&#8221;default&#8221; global_colors_info=&#8221;{}&#8221; theme_builder_area=&#8221;post_content&#8221;][\/et_pb_divider][et_pb_image src=&#8221;https:\/\/germaninstitute.com\/de\/wp-content\/uploads\/2025\/02\/IMG_6881-1-e1690583648112.jpg&#8221; title_text=&#8221;IMG_6881&#8243; _builder_version=&#8221;4.21.0&#8243; _module_preset=&#8221;default&#8221; width=&#8221;130px&#8221; module_alignment=&#8221;center&#8221; border_radii=&#8221;on|100px|100px|100px|100px&#8221; border_width_all=&#8221;8px&#8221; border_color_all=&#8221;#FFFFFF&#8221; global_colors_info=&#8221;{}&#8221; theme_builder_area=&#8221;post_content&#8221;][\/et_pb_image][et_pb_text _builder_version=&#8221;4.16&#8243; _module_preset=&#8221;0c6bc8be-1265-496d-a8dc-bc5e9a9a9edf&#8221; header_font=&#8221;||||||||&#8221; header_3_font=&#8221;Jost|700|||||||&#8221; header_3_text_color=&#8221;#000000&#8243; header_3_font_size=&#8221;30px&#8221; header_3_line_height=&#8221;1.2em&#8221; header_4_text_align=&#8221;center&#8221; text_orientation=&#8221;center&#8221; custom_margin=&#8221;||0px||false|false&#8221; header_3_font_size_tablet=&#8221;20px&#8221; header_3_font_size_phone=&#8221;16px&#8221; header_3_font_size_last_edited=&#8221;on|phone&#8221; locked=&#8221;off&#8221; global_colors_info=&#8221;{}&#8221; theme_builder_area=&#8221;post_content&#8221;]<h3>Yetkili ki\u015fi<\/h3>\n[\/et_pb_text][et_pb_text _builder_version=&#8221;4.21.0&#8243; _module_preset=&#8221;22d0da71-6393-430b-a0cd-b77dd565e85c&#8221; text_text_color=&#8221;#000000&#8243; text_font_size=&#8221;16px&#8221; text_line_height=&#8221;1.8em&#8221; text_orientation=&#8221;center&#8221; text_font_size_tablet=&#8221;15px&#8221; text_font_size_phone=&#8221;14px&#8221; text_font_size_last_edited=&#8221;on|phone&#8221; header_font_size_tablet=&#8221;55px&#8221; header_font_size_last_edited=&#8221;off|desktop&#8221; locked=&#8221;off&#8221; global_colors_info=&#8221;{}&#8221; theme_builder_area=&#8221;post_content&#8221;]<p class=\"_04xlpA direction-ltr align-start para-style-body\">\n<p class=\"_04xlpA direction-ltr align-start para-style-body\">Ifigenia Theodoridou<span class=\"WdYUQQ text-decoration-none text-strikethrough-none\"><\/span><\/p>\n<p class=\"_04xlpA direction-ltr align-start para-style-body\"><span class=\"WdYUQQ text-decoration-none text-strikethrough-none\">Tel.: +49 711 219 50921<\/span><\/p>\n<p class=\"_04xlpA direction-ltr align-start para-style-body\">hr@germaninstitute.de<\/p>\n[\/et_pb_text][\/et_pb_column][\/et_pb_row][\/et_pb_section][et_pb_section fb_built=&#8221;1&#8243; custom_padding_last_edited=&#8221;on|phone&#8221; admin_label=&#8221;Footer&#8221; _builder_version=&#8221;4.21.0&#8243; _module_preset=&#8221;default&#8221; background_color=&#8221;#000000&#8243; use_background_color_gradient=&#8221;on&#8221; background_color_gradient_direction=&#8221;200deg&#8221; background_color_gradient_stops=&#8221;rgba(255,255,255,0) 0%|rgba(0,0,0,0.32) 100%&#8221; background_color_gradient_overlays_image=&#8221;on&#8221; background_color_gradient_start=&#8221;rgba(255,255,255,0)&#8221; background_color_gradient_end=&#8221;rgba(0,0,0,0.32)&#8221; background_image=&#8221;https:\/\/germaninstitute.com\/de\/wp-content\/uploads\/2025\/02\/shutterstock_522554425.jpg&#8221; z_index=&#8221;374&#8243; custom_padding=&#8221;80px||||false|false&#8221; custom_padding_tablet=&#8221;50px||50px||true|false&#8221; custom_padding_phone=&#8221;30px||30px||true|false&#8221; border_radii=&#8221;off|||20px|20px&#8221; saved_tabs=&#8221;all&#8221; locked=&#8221;off&#8221; global_colors_info=&#8221;{}&#8221; theme_builder_area=&#8221;post_content&#8221;][et_pb_row column_structure=&#8221;1_2,1_2&#8243; _builder_version=&#8221;4.21.0&#8243; _module_preset=&#8221;default&#8221; custom_padding=&#8221;0px||||false|false&#8221; global_colors_info=&#8221;{}&#8221; theme_builder_area=&#8221;post_content&#8221;][et_pb_column type=&#8221;1_2&#8243; _builder_version=&#8221;4.21.0&#8243; _module_preset=&#8221;default&#8221; background_color=&#8221;#FFFFFF&#8221; z_index=&#8221;500&#8243; custom_padding=&#8221;40px|40px|40px|40px|true|true&#8221; custom_padding_tablet=&#8221;30px|30px|30px|30px|true|true&#8221; custom_padding_phone=&#8221;20px|20px|20px|20px|true|true&#8221; custom_padding_last_edited=&#8221;on|phone&#8221; border_radii=&#8221;on|30px|30px|30px|30px&#8221; border_radii_tablet=&#8221;off|0px|0px|30px|30px&#8221; border_radii_phone=&#8221;off|0px|0px|30px|30px&#8221; border_radii_last_edited=&#8221;off|tablet&#8221; box_shadow_style=&#8221;preset2&#8243; box_shadow_horizontal=&#8221;0px&#8221; box_shadow_vertical=&#8221;40px&#8221; box_shadow_blur=&#8221;40px&#8221; box_shadow_color=&#8221;rgba(20,18,40,0.05)&#8221; global_colors_info=&#8221;%91%93&#8243; theme_builder_area=&#8221;post_content&#8221;][et_pb_code _builder_version=&#8221;4.21.0&#8243; _module_preset=&#8221;default&#8221; global_colors_info=&#8221;{}&#8221; theme_builder_area=&#8221;post_content&#8221;]<iframe loading=\"lazy\" src=\"https:\/\/www.videoask.com\/f9ya8nopy\" allow=\"camera *; microphone *; autoplay *; encrypted-media *; fullscreen *; display-capture *;\" width=\"100%\" height=\"600px\" style=\"border: none; border-radius: 24px\"><\/iframe>[\/et_pb_code][\/et_pb_column][et_pb_column type=&#8221;1_2&#8243; _builder_version=&#8221;4.21.0&#8243; _module_preset=&#8221;default&#8221; background_color=&#8221;#fed562&#8243; transform_scale_tablet=&#8221;&#8221; transform_scale_phone=&#8221;&#8221; transform_scale_last_edited=&#8221;on|tablet&#8221; transform_translate=&#8221;0px|-80px&#8221; transform_translate_tablet=&#8221;0px|0px&#8221; transform_translate_phone=&#8221;&#8221; transform_translate_last_edited=&#8221;on|tablet&#8221; transform_translate_linked=&#8221;off&#8221; transform_rotate_tablet=&#8221;&#8221; transform_rotate_phone=&#8221;&#8221; transform_rotate_last_edited=&#8221;on|tablet&#8221; transform_skew_tablet=&#8221;&#8221; transform_skew_phone=&#8221;&#8221; transform_skew_last_edited=&#8221;on|tablet&#8221; transform_origin_tablet=&#8221;&#8221; transform_origin_phone=&#8221;&#8221; transform_origin_last_edited=&#8221;on|tablet&#8221; transform_styles_last_edited=&#8221;on|tablet&#8221; z_index=&#8221;500&#8243; custom_padding=&#8221;40px|40px|40px|40px|true|true&#8221; custom_padding_tablet=&#8221;30px|30px|30px|30px|true|true&#8221; custom_padding_phone=&#8221;20px|20px|20px|20px|true|true&#8221; custom_padding_last_edited=&#8221;on|phone&#8221; transform_styles_tablet=&#8221;&#8221; transform_styles_phone=&#8221;&#8221; border_radii=&#8221;off|||30px|30px&#8221; border_radii_tablet=&#8221;off|30px|30px|30px|30px&#8221; border_radii_phone=&#8221;off|30px|30px|30px|30px&#8221; border_radii_last_edited=&#8221;on|phone&#8221; global_colors_info=&#8221;%91%93&#8243; theme_builder_area=&#8221;post_content&#8221;][et_pb_text _builder_version=&#8221;4.21.0&#8243; _module_preset=&#8221;0c6bc8be-1265-496d-a8dc-bc5e9a9a9edf&#8221; text_text_color=&#8221;#000000&#8243; header_font=&#8221;||||||||&#8221; header_text_color=&#8221;#000000&#8243; header_3_font=&#8221;Jost|700|||||||&#8221; header_3_text_color=&#8221;#FFFFFF&#8221; header_3_font_size=&#8221;40px&#8221; header_3_line_height=&#8221;1.2em&#8221; header_3_font_size_tablet=&#8221;20px&#8221; header_3_font_size_phone=&#8221;16px&#8221; header_3_font_size_last_edited=&#8221;on|phone&#8221; global_colors_info=&#8221;{}&#8221; theme_builder_area=&#8221;post_content&#8221;]<h3><span style=\"color: #000000;\">Ba\u015fvuru<\/span><\/h3>\n[\/et_pb_text][et_pb_text _builder_version=&#8221;4.21.0&#8243; _module_preset=&#8221;22d0da71-6393-430b-a0cd-b77dd565e85c&#8221; text_text_color=&#8221;#000000&#8243; text_font_size=&#8221;16px&#8221; text_line_height=&#8221;1.8em&#8221; text_font_size_tablet=&#8221;15px&#8221; text_font_size_phone=&#8221;14px&#8221; text_font_size_last_edited=&#8221;on|phone&#8221; header_font_size_tablet=&#8221;55px&#8221; header_font_size_last_edited=&#8221;off|desktop&#8221; global_colors_info=&#8221;{}&#8221; theme_builder_area=&#8221;post_content&#8221;]<p><span>German Institute yetene\u011fini geli\u015ftirme f\u0131rsat\u0131 sunuyor. Birlikte kendimizi a\u015fabilir ve yenilik\u00e7i bir \u00f6\u011frenme d\u00fcnyas\u0131 yaratabiliriz. <\/span><\/p>\n[\/et_pb_text][et_pb_text _builder_version=&#8221;4.21.0&#8243; _module_preset=&#8221;6f94a78a-34ba-48b9-9cfd-4ae76e78336e&#8221; text_font=&#8221;Jost|700|||||||&#8221; text_text_color=&#8221;#000000&#8243; text_font_size=&#8221;27px&#8221; header_4_text_color=&#8221;#C9D4DA&#8221; header_4_line_height=&#8221;1.5em&#8221; text_font_size_tablet=&#8221;16px&#8221; text_font_size_phone=&#8221;14px&#8221; text_font_size_last_edited=&#8221;on|phone&#8221; header_font_size_tablet=&#8221;55px&#8221; header_font_size_last_edited=&#8221;off|desktop&#8221; header_4_font_size_tablet=&#8221;&#8221; header_4_font_size_phone=&#8221;15px&#8221; header_4_font_size_last_edited=&#8221;on|tablet&#8221; locked=&#8221;off&#8221; global_colors_info=&#8221;{}&#8221; text_line_height__hover_enabled=&#8221;off|desktop&#8221; theme_builder_area=&#8221;post_content&#8221;]<p>hr@germaninstitute.de<\/p>\n[\/et_pb_text][\/et_pb_column][\/et_pb_row][et_pb_row column_structure=&#8221;1_4,1_4,1_4,1_4&#8243; _builder_version=&#8221;4.16&#8243; _module_preset=&#8221;default&#8221; global_colors_info=&#8221;{}&#8221; theme_builder_area=&#8221;post_content&#8221;][et_pb_column type=&#8221;1_4&#8243; _builder_version=&#8221;4.16&#8243; _module_preset=&#8221;default&#8221; custom_padding=&#8221;|||&#8221; global_colors_info=&#8221;%91%93&#8243; theme_builder_area=&#8221;post_content&#8221;][et_pb_text _builder_version=&#8221;4.21.0&#8243; _module_preset=&#8221;38128ce4-78a8-4c45-b3ff-f4fb37f074f0&#8243; header_font=&#8221;||||||||&#8221; header_4_font=&#8221;Jost|700|||||||&#8221; header_4_text_color=&#8221;#FFFFFF&#8221; header_4_line_height=&#8221;1.3em&#8221; custom_margin=&#8221;||10px||false|false&#8221; header_4_font_size_tablet=&#8221;16px&#8221; header_4_font_size_phone=&#8221;14px&#8221; header_4_font_size_last_edited=&#8221;on|tablet&#8221; locked=&#8221;off&#8221; global_colors_info=&#8221;{}&#8221; theme_builder_area=&#8221;post_content&#8221;]<h4>Telefon<\/h4>\n[\/et_pb_text][et_pb_text _builder_version=&#8221;4.21.0&#8243; _module_preset=&#8221;22d0da71-6393-430b-a0cd-b77dd565e85c&#8221; text_text_color=&#8221;#C9D4DA&#8221; text_font_size=&#8221;16px&#8221; text_line_height=&#8221;1.8em&#8221; text_font_size_tablet=&#8221;15px&#8221; text_font_size_phone=&#8221;14px&#8221; text_font_size_last_edited=&#8221;on|phone&#8221; header_font_size_tablet=&#8221;55px&#8221; header_font_size_last_edited=&#8221;off|desktop&#8221; locked=&#8221;off&#8221; global_colors_info=&#8221;{}&#8221; theme_builder_area=&#8221;post_content&#8221;]<p>(0711) 219 509 21<\/p>\n[\/et_pb_text][\/et_pb_column][et_pb_column type=&#8221;1_4&#8243; _builder_version=&#8221;4.16&#8243; _module_preset=&#8221;default&#8221; custom_padding=&#8221;|||&#8221; global_colors_info=&#8221;%91%93&#8243; theme_builder_area=&#8221;post_content&#8221;][et_pb_text _builder_version=&#8221;4.21.0&#8243; _module_preset=&#8221;38128ce4-78a8-4c45-b3ff-f4fb37f074f0&#8243; header_font=&#8221;||||||||&#8221; header_4_font=&#8221;Jost|700|||||||&#8221; header_4_text_color=&#8221;#FFFFFF&#8221; header_4_line_height=&#8221;1.3em&#8221; custom_margin=&#8221;||10px||false|false&#8221; header_4_font_size_tablet=&#8221;16px&#8221; header_4_font_size_phone=&#8221;14px&#8221; header_4_font_size_last_edited=&#8221;on|tablet&#8221; locked=&#8221;off&#8221; global_colors_info=&#8221;{}&#8221; theme_builder_area=&#8221;post_content&#8221;]<h4>Adres<\/h4>\n[\/et_pb_text][et_pb_text _builder_version=&#8221;4.21.0&#8243; _module_preset=&#8221;22d0da71-6393-430b-a0cd-b77dd565e85c&#8221; text_text_color=&#8221;#C9D4DA&#8221; text_font_size=&#8221;16px&#8221; text_line_height=&#8221;1.8em&#8221; text_font_size_tablet=&#8221;15px&#8221; text_font_size_phone=&#8221;14px&#8221; text_font_size_last_edited=&#8221;on|phone&#8221; header_font_size_tablet=&#8221;55px&#8221; header_font_size_last_edited=&#8221;off|desktop&#8221; locked=&#8221;off&#8221; global_colors_info=&#8221;{}&#8221; theme_builder_area=&#8221;post_content&#8221;]<p>T\u00fcbinger Stra\u00dfe 27,<br>70178 Stuttgart<\/p>\n[\/et_pb_text][\/et_pb_column][et_pb_column type=&#8221;1_4&#8243; _builder_version=&#8221;4.16&#8243; _module_preset=&#8221;default&#8221; custom_padding=&#8221;|||&#8221; global_colors_info=&#8221;%91%93&#8243; theme_builder_area=&#8221;post_content&#8221;][et_pb_text _builder_version=&#8221;4.21.0&#8243; _module_preset=&#8221;38128ce4-78a8-4c45-b3ff-f4fb37f074f0&#8243; header_font=&#8221;||||||||&#8221; header_4_font=&#8221;Jost|700|||||||&#8221; header_4_text_color=&#8221;#FFFFFF&#8221; header_4_line_height=&#8221;1.3em&#8221; custom_margin=&#8221;||10px||false|false&#8221; header_4_font_size_tablet=&#8221;16px&#8221; header_4_font_size_phone=&#8221;14px&#8221; header_4_font_size_last_edited=&#8221;on|tablet&#8221; locked=&#8221;off&#8221; global_colors_info=&#8221;{}&#8221; theme_builder_area=&#8221;post_content&#8221;]<h4>E-posta<\/h4>\n[\/et_pb_text][et_pb_text _builder_version=&#8221;4.21.0&#8243; _module_preset=&#8221;22d0da71-6393-430b-a0cd-b77dd565e85c&#8221; text_text_color=&#8221;#C9D4DA&#8221; text_font_size=&#8221;16px&#8221; text_line_height=&#8221;1.8em&#8221; link_text_color=&#8221;#C9D4DA&#8221; link_font_size=&#8221;16px&#8221; text_font_size_tablet=&#8221;15px&#8221; text_font_size_phone=&#8221;14px&#8221; text_font_size_last_edited=&#8221;on|phone&#8221; link_font_size_tablet=&#8221;15px&#8221; link_font_size_phone=&#8221;14px&#8221; link_font_size_last_edited=&#8221;on|desktop&#8221; header_font_size_tablet=&#8221;55px&#8221; header_font_size_last_edited=&#8221;off|desktop&#8221; locked=&#8221;off&#8221; global_colors_info=&#8221;{}&#8221; theme_builder_area=&#8221;post_content&#8221;]<p>info@germaninstitute.de<\/p>\n[\/et_pb_text][\/et_pb_column][et_pb_column type=&#8221;1_4&#8243; _builder_version=&#8221;4.16&#8243; _module_preset=&#8221;default&#8221; custom_padding=&#8221;|||&#8221; global_colors_info=&#8221;%91%93&#8243; theme_builder_area=&#8221;post_content&#8221;][\/et_pb_column][\/et_pb_row][\/et_pb_section]\n","protected":false},"excerpt":{"rendered":"<p>Sana sunduklar\u0131m\u0131z&#8230;<\/p>\n","protected":false},"author":3,"featured_media":0,"parent":0,"menu_order":0,"comment_status":"closed","ping_status":"closed","template":"","meta":{"_et_pb_use_builder":"on","_et_pb_old_content":"","_et_gb_content_width":"","footnotes":""},"class_list":["post-43583","page","type-page","status-publish","hentry"],"jetpack_sharing_enabled":true,"_links":{"self":[{"href":"https:\/\/germaninstitute.com\/de\/tr\/wp-json\/wp\/v2\/pages\/43583","targetHints":{"allow":["GET"]}}],"collection":[{"href":"https:\/\/germaninstitute.com\/de\/tr\/wp-json\/wp\/v2\/pages"}],"about":[{"href":"https:\/\/germaninstitute.com\/de\/tr\/wp-json\/wp\/v2\/types\/page"}],"author":[{"embeddable":true,"href":"https:\/\/germaninstitute.com\/de\/tr\/wp-json\/wp\/v2\/users\/3"}],"replies":[{"embeddable":true,"href":"https:\/\/germaninstitute.com\/de\/tr\/wp-json\/wp\/v2\/comments?post=43583"}],"version-history":[{"count":6,"href":"https:\/\/germaninstitute.com\/de\/tr\/wp-json\/wp\/v2\/pages\/43583\/revisions"}],"predecessor-version":[{"id":49665,"href":"https:\/\/germaninstitute.com\/de\/tr\/wp-json\/wp\/v2\/pages\/43583\/revisions\/49665"}],"wp:attachment":[{"href":"https:\/\/germaninstitute.com\/de\/tr\/wp-json\/wp\/v2\/media?parent=43583"}],"curies":[{"name":"wp","href":"https:\/\/api.w.org\/{rel}","templated":true}]}}