{"id":39079,"date":"2025-02-10T11:04:32","date_gmt":"2025-02-10T10:04:32","guid":{"rendered":"https:\/\/germaninstitute.com\/de\/dilbilgisi-a1\/"},"modified":"2026-01-22T11:11:01","modified_gmt":"2026-01-22T10:11:01","slug":"dilbilgisi-a1","status":"publish","type":"page","link":"https:\/\/germaninstitute.com\/de\/tr\/dilbilgisi-a1\/","title":{"rendered":"Dilbilgisi A1"},"content":{"rendered":"<p>[et_pb_section fb_built=&#8221;1&#8243; _builder_version=&#8221;4.16&#8243; _module_preset=&#8221;default&#8221; custom_margin=&#8221;0px||||false|false&#8221; custom_padding=&#8221;0px||||false|false&#8221; locked=&#8221;off&#8221; global_colors_info=&#8221;{}&#8221;][et_pb_row _builder_version=&#8221;4.27.4&#8243; _module_preset=&#8221;default&#8221; custom_margin=&#8221;|||35px|false|false&#8221; custom_padding=&#8221;38px||0px||false|false&#8221; global_colors_info=&#8221;{}&#8221;][et_pb_column type=&#8221;4_4&#8243; _builder_version=&#8221;4.16&#8243; _module_preset=&#8221;default&#8221; custom_padding=&#8221;|||&#8221; global_colors_info=&#8221;%91%93&#8243;][et_pb_heading title=&#8221;A1 Dilbilgisi&#8221; _builder_version=&#8221;4.27.5&#8243; _module_preset=&#8221;default&#8221; title_level=&#8221;h2&#8243; title_font=&#8221;Rubik||||||||&#8221; title_text_color=&#8221;#204f8a&#8221; title_font_size=&#8221;50px&#8221; title_line_height=&#8221;1.1em&#8221; custom_margin=&#8221;|||14px|false|false&#8221; custom_margin_tablet=&#8221;|||-35px|false|false&#8221; custom_margin_phone=&#8221;|||-20px|false|false&#8221; custom_margin_last_edited=&#8221;on|phone&#8221; custom_padding_tablet=&#8221;&#8221; custom_padding_phone=&#8221;&#8221; custom_padding_last_edited=&#8221;on|phone&#8221; title_font_size_tablet=&#8221;50px&#8221; title_font_size_phone=&#8221;35px&#8221; title_font_size_last_edited=&#8221;on|phone&#8221; locked=&#8221;off&#8221; global_colors_info=&#8221;{}&#8221;][\/et_pb_heading][\/et_pb_column][\/et_pb_row][et_pb_row column_structure=&#8221;1_2,1_2&#8243; _builder_version=&#8221;4.21.0&#8243; _module_preset=&#8221;default&#8221; global_colors_info=&#8221;{}&#8221;][et_pb_column type=&#8221;1_2&#8243; _builder_version=&#8221;4.21.0&#8243; _module_preset=&#8221;default&#8221; custom_padding=&#8221;|||&#8221; global_colors_info=&#8221;%91%93&#8243;][et_pb_text _builder_version=&#8221;4.27.5&#8243; _module_preset=&#8221;default&#8221; text_font=&#8221;&#8211;et_global_body_font||||||||&#8221; hover_enabled=&#8221;0&#8243; global_colors_info=&#8221;{}&#8221; sticky_enabled=&#8221;0&#8243;]<\/p>\n<p><span>Die Grammatik in deinem A1 Deutschkurs bei German Institute ist der Schl\u00fcssel zu deinem Lernerfolg.<\/span><\/p>\n<p>In deinem A1 Deutschkurs wirst du lernen allt\u00e4gliche Ausdr\u00fccke zu verstehen und einfache S\u00e4tze zu bilden. Du konjugierst Verben und stellst einfache Fragen zu dir und anderen Personen. Du lernst au\u00dferdem \u00fcber die Vergangenheit zu sprechen.<\/p>\n<p>Mit deiner Kursbuchung erh\u00e4ltst du automatisch Zugang zu unseren <a href=\"https:\/\/germaninstitute.com\/de\/tr\/dilbilgisi-kurslari-kaydi\/\">kostenlosen Grammatikkursen<\/a>. Diese finden einmal pro Woche statt und unterst\u00fctzen dein Lernen optimal.<\/p>\n<p>[\/et_pb_text][et_pb_button button_url=&#8221;https:\/\/germaninstitute.com\/de\/tr\/a1-almanca-kursu\/#buchen&#8221; button_text=&#8221;Buchen&#8221; button_alignment=&#8221;center&#8221; _builder_version=&#8221;4.27.5&#8243; custom_button=&#8221;on&#8221; button_text_color=&#8221;#FFFFFF&#8221; button_bg_color=&#8221;#012243&#8243; button_font=&#8221;&#8211;et_global_body_font||||||||&#8221; custom_margin=&#8221;40px||0px|-400px|false|false&#8221; custom_margin_tablet=&#8221;|||0px|false|false&#8221; custom_margin_phone=&#8221;|||0px|false|false&#8221; custom_margin_last_edited=&#8221;on|phone&#8221; button_letter_spacing_hover=&#8221;1px&#8221; locked=&#8221;off&#8221; global_colors_info=&#8221;{}&#8221; button_text_size__hover_enabled=&#8221;off&#8221; button_one_text_size__hover_enabled=&#8221;off&#8221; button_two_text_size__hover_enabled=&#8221;off&#8221; button_text_color__hover_enabled=&#8221;off&#8221; button_one_text_color__hover_enabled=&#8221;off&#8221; button_two_text_color__hover_enabled=&#8221;off&#8221; button_border_width__hover_enabled=&#8221;off&#8221; button_one_border_width__hover_enabled=&#8221;off&#8221; button_two_border_width__hover_enabled=&#8221;off&#8221; button_border_color__hover_enabled=&#8221;off&#8221; button_one_border_color__hover_enabled=&#8221;off&#8221; button_two_border_color__hover_enabled=&#8221;off&#8221; button_border_radius__hover_enabled=&#8221;off&#8221; button_one_border_radius__hover_enabled=&#8221;off&#8221; button_two_border_radius__hover_enabled=&#8221;off&#8221; button_letter_spacing__hover_enabled=&#8221;on&#8221; button_letter_spacing__hover=&#8221;1px&#8221; button_one_letter_spacing__hover_enabled=&#8221;off&#8221; button_two_letter_spacing__hover_enabled=&#8221;off&#8221; button_bg_color__hover_enabled=&#8221;off&#8221; button_one_bg_color__hover_enabled=&#8221;off&#8221; button_two_bg_color__hover_enabled=&#8221;off&#8221;][\/et_pb_button][\/et_pb_column][et_pb_column type=&#8221;1_2&#8243; _builder_version=&#8221;4.21.0&#8243; _module_preset=&#8221;default&#8221; custom_padding=&#8221;|||&#8221; global_colors_info=&#8221;%91%93&#8243;][et_pb_image src=&#8221;https:\/\/germaninstitute.com\/de\/wp-content\/uploads\/2025\/02\/Grammatik-1-scaled-1.jpg&#8221; alt=&#8221;Deutschen lernen A1 Grammatik&#8221; title_text=&#8221;Deutschen lernen A1 Grammatik&#8221; _builder_version=&#8221;4.21.0&#8243; _module_preset=&#8221;default&#8221; border_radii=&#8221;on|20px|20px|20px|20px&#8221; global_colors_info=&#8221;{}&#8221;][\/et_pb_image][\/et_pb_column][\/et_pb_row][et_pb_row _builder_version=&#8221;4.21.0&#8243; _module_preset=&#8221;default&#8221; global_colors_info=&#8221;{}&#8221;][et_pb_column type=&#8221;4_4&#8243; _builder_version=&#8221;4.21.0&#8243; _module_preset=&#8221;default&#8221; custom_padding=&#8221;|||&#8221; global_colors_info=&#8221;%91%93&#8243;][et_pb_divider color=&#8221;gcid-9bb9bfe2-980a-472b-9544-d767cdb4022e&#8221; _builder_version=&#8221;4.27.4&#8243; _module_preset=&#8221;default&#8221; global_colors_info=&#8221;{%22gcid-9bb9bfe2-980a-472b-9544-d767cdb4022e%22:%91%22color%22%93}&#8221;][\/et_pb_divider][\/et_pb_column][\/et_pb_row][et_pb_row column_structure=&#8221;1_2,1_2&#8243; _builder_version=&#8221;4.16&#8243; _module_preset=&#8221;default&#8221; global_colors_info=&#8221;{}&#8221;][et_pb_column type=&#8221;1_2&#8243; _builder_version=&#8221;4.16&#8243; _module_preset=&#8221;default&#8221; custom_padding=&#8221;|||&#8221; global_colors_info=&#8221;%91%93&#8243;][et_pb_text _builder_version=&#8221;4.27.5&#8243; _module_preset=&#8221;default&#8221; header_2_font=&#8221;Rubik||||||||&#8221; header_2_text_color=&#8221;gcid-9bb9bfe2-980a-472b-9544-d767cdb4022e&#8221; header_2_font_size=&#8221;30px&#8221; global_colors_info=&#8221;{%22gcid-9bb9bfe2-980a-472b-9544-d767cdb4022e%22:%91%22header_2_text_color%22%93}&#8221;]<\/p>\n<h2>A1 Dilbilgisi (A1.1)<\/h2>\n<p>[\/et_pb_text][et_pb_text _builder_version=&#8221;4.16&#8243; _module_preset=&#8221;default&#8221; global_colors_info=&#8221;{}&#8221;]<\/p>\n<ul>\n<li><a href=\"https:\/\/kahoot.it\/challenge\/?quiz-id=888fc33c-578f-4c3f-835e-1b9944a09112&amp;single-player=true\" target=\"_blank\" rel=\"noopener noreferrer\">Verben konjugieren<\/a><\/li>\n<li>W-Fragen<\/li>\n<li>Ja\/Nein-Fragen<\/li>\n<li>Verben mit Vokalwechsel<\/li>\n<li>Bestimmte Artikel (der, die, das)<\/li>\n<li>Unbestimmte Artikel (ein, eine, ein)<\/li>\n<li>Negativartikel (kein, kein, keine)<\/li>\n<li>Plural<\/li>\n<li>Akkusativ<\/li>\n<li>Modalverb <span>\u201ek\u00f6nnen\u201c<\/span><\/li>\n<li>Satzklammer<\/li>\n<li>Verbposition im Satz<\/li>\n<li><a href=\"https:\/\/kahoot.it\/challenge\/?quiz-id=23adc56e-5437-4356-b32c-0283c7b93b63&amp;single-player=true\" target=\"_blank\" rel=\"noopener\">Temporale Pr\u00e4positionen<\/a><\/li>\n<li>Modalverb <span>\u201em\u00f6gen\u201c und \u201em\u00f6chten\u201c<\/span><\/li>\n<li>Komposita (Nomen + Nomen)<\/li>\n<li>trennbare Verben<\/li>\n<li>nicht trennbare Verben<\/li>\n<li><a href=\"https:\/\/kahoot.it\/challenge\/?quiz-id=feee2494-61a8-47ba-bdae-1c31f0c4343e&amp;single-player=true\" target=\"_blank\" rel=\"noopener\">Perfekt mit haben<\/a><\/li>\n<li>Perfekt mit sein<\/li>\n<li><a href=\"https:\/\/kahoot.it\/challenge\/?quiz-id=cb8c871c-0240-448d-95e0-8c9aa63cbc45&amp;single-player=true\" target=\"_blank\" rel=\"noopener\">Perfekt mit haben und sein<\/a><\/li>\n<\/ul>\n<p>[\/et_pb_text][\/et_pb_column][et_pb_column type=&#8221;1_2&#8243; _builder_version=&#8221;4.16&#8243; _module_preset=&#8221;default&#8221; custom_padding=&#8221;|||&#8221; global_colors_info=&#8221;%91%93&#8243;][et_pb_text _builder_version=&#8221;4.27.5&#8243; _module_preset=&#8221;default&#8221; header_2_font=&#8221;Rubik||||||||&#8221; header_2_text_color=&#8221;gcid-9bb9bfe2-980a-472b-9544-d767cdb4022e&#8221; header_2_font_size=&#8221;30px&#8221; global_colors_info=&#8221;{%22gcid-9bb9bfe2-980a-472b-9544-d767cdb4022e%22:%91%22header_2_text_color%22%93}&#8221;]<\/p>\n<h2>A1 Dilbilgisi (A1.2)<\/h2>\n<p>[\/et_pb_text][et_pb_text _builder_version=&#8221;4.16&#8243; _module_preset=&#8221;default&#8221; global_colors_info=&#8221;{}&#8221;]<\/p>\n<ul>\n<li><a href=\"https:\/\/kahoot.it\/challenge\/?quiz-id=8efd0d5c-747a-4ab5-8a4b-7d07f9713d10&amp;single-player=true\" target=\"_blank\" rel=\"noopener\">Lokale Pr\u00e4positionen<\/a><\/li>\n<li><a href=\"https:\/\/kahoot.it\/challenge\/?quiz-id=036d6ad2-fddd-40ce-9121-c409cebf7e82&amp;single-player=true\" target=\"_blank\" rel=\"noopener\">Possessivartikel<\/a><\/li>\n<li><a href=\"https:\/\/kahoot.it\/challenge\/?quiz-id=23adc56e-5437-4356-b32c-0283c7b93b63&amp;single-player=true\" target=\"_blank\" rel=\"noopener\">Temporale Pr\u00e4positionen<\/a><\/li>\n<li>Verben mit Dativ<\/li>\n<li>Personalpronomen<\/li>\n<li>Wortbildung un-<\/li>\n<li>Pr\u00e4positionen: <span>\u201e<\/span>mit<span>\u201c<\/span> und\u00a0<span>\u201e<\/span>ohne<span>\u201c<\/span><\/li>\n<li>Imperativ<\/li>\n<li>Pr\u00e4teritum war, hatte<\/li>\n<li>Perfekt nicht trennbare Verben<\/li>\n<li>Personalpronomen im Akkusativ, Dativ<\/li>\n<li><a href=\"https:\/\/kahoot.it\/challenge\/?quiz-id=3e018c25-0276-47bb-b9a9-502cea427ded&amp;single-player=true\" target=\"_blank\" rel=\"noopener\"><span>Pr\u00e4teritum\/Perfekt<\/span><\/a><\/li>\n<li>Modalverben<\/li>\n<li>Komparation<\/li>\n<li>Konjunktionen: <span>\u201e<\/span>aber<span>\u201c<\/span>, <span>\u201e<\/span>sondern<span>\u201c<\/span>, <span>\u201e<\/span>und, <span>\u201e<\/span>oder<span>\u201c<\/span><\/li>\n<li>Konjunktionen: <span>\u201e<\/span>denn<span>\u201c<\/span>, <span>\u201e<\/span>weil<span>\u201c<\/span><\/li>\n<li>Wortbildung -los<\/li>\n<li>Konjunktiv II<\/li>\n<li>Ordinalzahlen<\/li>\n<li><a href=\"https:\/\/kahoot.it\/challenge\/?quiz-id=3745bece-4762-46fb-8a2e-59177c0cbf18&amp;single-player=true\" target=\"_blank\" rel=\"noopener\">Wiederholung<\/a><\/li>\n<\/ul>\n<p>[\/et_pb_text][\/et_pb_column][\/et_pb_row][et_pb_row _builder_version=&#8221;4.21.0&#8243; _module_preset=&#8221;default&#8221; global_colors_info=&#8221;{}&#8221;][et_pb_column type=&#8221;4_4&#8243; _builder_version=&#8221;4.21.0&#8243; _module_preset=&#8221;default&#8221; custom_padding=&#8221;|||&#8221; global_colors_info=&#8221;%91%93&#8243;][et_pb_divider color=&#8221;gcid-9bb9bfe2-980a-472b-9544-d767cdb4022e&#8221; _builder_version=&#8221;4.27.4&#8243; _module_preset=&#8221;default&#8221; global_colors_info=&#8221;{%22gcid-9bb9bfe2-980a-472b-9544-d767cdb4022e%22:%91%22color%22%93}&#8221;][\/et_pb_divider][\/et_pb_column][\/et_pb_row][et_pb_row _builder_version=&#8221;4.27.4&#8243; _module_preset=&#8221;default&#8221; global_colors_info=&#8221;{}&#8221;][et_pb_column type=&#8221;4_4&#8243; _builder_version=&#8221;4.21.0&#8243; _module_preset=&#8221;default&#8221; custom_padding=&#8221;|||&#8221; global_colors_info=&#8221;%91%93&#8243;][et_pb_text _builder_version=&#8221;4.27.5&#8243; _module_preset=&#8221;default&#8221; text_font=&#8221;&#8211;et_global_body_font||||||||&#8221; header_2_font=&#8221;Rubik||||||||&#8221; header_2_text_color=&#8221;gcid-9bb9bfe2-980a-472b-9544-d767cdb4022e&#8221; header_2_font_size=&#8221;35px&#8221; locked=&#8221;off&#8221; global_colors_info=&#8221;{%22gcid-9bb9bfe2-980a-472b-9544-d767cdb4022e%22:%91%22header_2_text_color%22%93}&#8221;]<\/p>\n<h2 style=\"margin-bottom: 16px;\">A1 Kitaplar\u0131<\/h2>\n<p>A1 dilbilgisi al\u0131\u015ft\u0131rmalar\u0131 m\u0131 ar\u0131yorsun? Sana a\u015fa\u011f\u0131daki kitaplar\u0131 \u00f6neriyoruz.<\/p>\n<p>[\/et_pb_text][\/et_pb_column][\/et_pb_row][et_pb_row _builder_version=&#8221;4.21.0&#8243; _module_preset=&#8221;default&#8221; global_colors_info=&#8221;{}&#8221;][et_pb_column type=&#8221;4_4&#8243; _builder_version=&#8221;4.21.0&#8243; _module_preset=&#8221;default&#8221; custom_padding=&#8221;|||&#8221; global_colors_info=&#8221;%91%93&#8243;][et_pb_slider _builder_version=&#8221;4.21.0&#8243; _module_preset=&#8221;default&#8221; background_color=&#8221;#4458ee&#8221; saved_tabs=&#8221;all&#8221; global_colors_info=&#8221;{}&#8221;][et_pb_slide heading=&#8221;A-Grammatik&#8221; image=&#8221;https:\/\/germaninstitute.com\/de\/wp-content\/uploads\/2025\/02\/A-Grammatik.jpg&#8221; _builder_version=&#8221;4.21.0&#8243; _module_preset=&#8221;default&#8221; header_text_color=&#8221;#000000&#8243; body_text_color=&#8221;#000000&#8243; background_color=&#8221;#ebebeb&#8221; background_enable_color=&#8221;on&#8221; global_colors_info=&#8221;{}&#8221; sticky_transition=&#8221;on&#8221;]<\/p>\n<p><span id=\"productTitle\" class=\"a-size-extra-large\">\u00dcbungsgrammatik Deutsch als Fremdsprache, Sprachniveau A1\/A2 <\/span><span id=\"productSubtitle\" class=\"a-size-large a-color-secondary\">(Deutsch) Taschenbuch \u2013 1. Mai 2011<\/span><\/p>\n<p>Kosten: 19,90 Euro<\/p>\n<p>[\/et_pb_slide][et_pb_slide heading=&#8221;Grammatik aktiv&#8221; image=&#8221;https:\/\/germaninstitute.com\/de\/wp-content\/uploads\/2025\/02\/Grammatik-aktiv.jpg&#8221; _builder_version=&#8221;4.21.0&#8243; _module_preset=&#8221;default&#8221; header_text_color=&#8221;#000000&#8243; body_text_color=&#8221;#000000&#8243; background_color=&#8221;#ebebeb&#8221; background_enable_color=&#8221;on&#8221; global_colors_info=&#8221;{}&#8221; sticky_transition=&#8221;on&#8221;]<\/p>\n<p>\u00dcbungsgrammatik A1-B1 mit Audios online (Deutsch) Taschenbuch \u2013 26. Juli 2013<\/p>\n<p>Kosten: 18,25 Euro<\/p>\n<p>[\/et_pb_slide][et_pb_slide heading=&#8221;Schritt f\u00fcr Schritt ins Grammatikland 1&#8243; image=&#8221;https:\/\/germaninstitute.com\/de\/wp-content\/uploads\/2025\/02\/Grammatikland-1.jpg&#8221; _builder_version=&#8221;4.21.0&#8243; _module_preset=&#8221;default&#8221; header_text_color=&#8221;#000000&#8243; body_text_color=&#8221;#000000&#8243; background_color=&#8221;#ebebeb&#8221; background_enable_color=&#8221;on&#8221; global_colors_info=&#8221;{}&#8221; sticky_transition=&#8221;on&#8221;]<\/p>\n<p>Deutsch als Fremdsprache \/ \u00dcbungsgrammatik f\u00fcr Kinder und Jugendliche (Deutsch) Taschenbuch \u2013 1. Februar 2019<\/p>\n<p>Kosten: 21,50 Euro<\/p>\n<p>[\/et_pb_slide][\/et_pb_slider][\/et_pb_column][\/et_pb_row][et_pb_row _builder_version=&#8221;4.21.0&#8243; _module_preset=&#8221;default&#8221; global_colors_info=&#8221;{}&#8221;][et_pb_column type=&#8221;4_4&#8243; _builder_version=&#8221;4.21.0&#8243; _module_preset=&#8221;default&#8221; custom_padding=&#8221;|||&#8221; global_colors_info=&#8221;%91%93&#8243;][et_pb_divider color=&#8221;gcid-9bb9bfe2-980a-472b-9544-d767cdb4022e&#8221; _builder_version=&#8221;4.27.4&#8243; _module_preset=&#8221;default&#8221; global_colors_info=&#8221;{%22gcid-9bb9bfe2-980a-472b-9544-d767cdb4022e%22:%91%22color%22%93}&#8221;][\/et_pb_divider][\/et_pb_column][\/et_pb_row][et_pb_row column_structure=&#8221;1_2,1_2&#8243; _builder_version=&#8221;4.21.0&#8243; _module_preset=&#8221;default&#8221; global_colors_info=&#8221;{}&#8221;][et_pb_column type=&#8221;1_2&#8243; _builder_version=&#8221;4.21.0&#8243; _module_preset=&#8221;default&#8221; custom_padding=&#8221;|||&#8221; global_colors_info=&#8221;%91%93&#8243;][et_pb_text _builder_version=&#8221;4.27.5&#8243; _module_preset=&#8221;default&#8221; text_font=&#8221;&#8211;et_global_body_font||||||||&#8221; header_2_font=&#8221;Rubik||||||||&#8221; header_2_text_color=&#8221;gcid-9bb9bfe2-980a-472b-9544-d767cdb4022e&#8221; header_2_font_size=&#8221;35px&#8221; locked=&#8221;off&#8221; global_colors_info=&#8221;{%22gcid-9bb9bfe2-980a-472b-9544-d767cdb4022e%22:%91%22header_2_text_color%22%93}&#8221;]<\/p>\n<h2 style=\"margin-bottom: 16px;\">A1 Kelime Hazinesi<\/h2>\n<p>Kelime hazineni geli\u015ftirmek mi istiyorsun? German Institute sana baz\u0131 \u00fccretsiz al\u0131\u015ft\u0131rmalar sunuyor.<\/p>\n<p>[\/et_pb_text][et_pb_button button_url=&#8221;@ET-DC@eyJkeW5hbWljIjp0cnVlLCJjb250ZW50IjoicG9zdF9saW5rX3VybF9wYWdlIiwic2V0dGluZ3MiOnsicG9zdF9pZCI6IjM5MDIyIn19@&#8221; button_text=&#8221;\u00dcbungen&#8221; button_alignment=&#8221;center&#8221; _builder_version=&#8221;4.27.5&#8243; _dynamic_attributes=&#8221;button_url&#8221; custom_button=&#8221;on&#8221; button_text_color=&#8221;#FFFFFF&#8221; button_bg_color=&#8221;#012243&#8243; button_font=&#8221;&#8211;et_global_body_font||||||||&#8221; custom_margin=&#8221;35px||0px|-385px|false|false&#8221; custom_margin_tablet=&#8221;|||0px|false|false&#8221; custom_margin_phone=&#8221;|||0px|false|false&#8221; custom_margin_last_edited=&#8221;on|tablet&#8221; button_letter_spacing_hover=&#8221;1px&#8221; global_colors_info=&#8221;{}&#8221; button_text_size__hover_enabled=&#8221;off&#8221; button_one_text_size__hover_enabled=&#8221;off&#8221; button_two_text_size__hover_enabled=&#8221;off&#8221; button_text_color__hover_enabled=&#8221;off&#8221; button_one_text_color__hover_enabled=&#8221;off&#8221; button_two_text_color__hover_enabled=&#8221;off&#8221; button_border_width__hover_enabled=&#8221;off&#8221; button_one_border_width__hover_enabled=&#8221;off&#8221; button_two_border_width__hover_enabled=&#8221;off&#8221; button_border_color__hover_enabled=&#8221;off&#8221; button_one_border_color__hover_enabled=&#8221;off&#8221; button_two_border_color__hover_enabled=&#8221;off&#8221; button_border_radius__hover_enabled=&#8221;off&#8221; button_one_border_radius__hover_enabled=&#8221;off&#8221; button_two_border_radius__hover_enabled=&#8221;off&#8221; button_letter_spacing__hover_enabled=&#8221;on&#8221; button_letter_spacing__hover=&#8221;1px&#8221; button_one_letter_spacing__hover_enabled=&#8221;off&#8221; button_two_letter_spacing__hover_enabled=&#8221;off&#8221; button_bg_color__hover_enabled=&#8221;off&#8221; button_one_bg_color__hover_enabled=&#8221;off&#8221; button_two_bg_color__hover_enabled=&#8221;off&#8221;][\/et_pb_button][\/et_pb_column][et_pb_column type=&#8221;1_2&#8243; _builder_version=&#8221;4.21.0&#8243; _module_preset=&#8221;default&#8221; custom_padding=&#8221;|||&#8221; global_colors_info=&#8221;%91%93&#8243;][et_pb_image src=&#8221;https:\/\/germaninstitute.com\/de\/wp-content\/uploads\/2025\/02\/Wortschatz-scaled-1.jpg&#8221; title_text=&#8221;Wortschatz&#8221; _builder_version=&#8221;4.27.4&#8243; _module_preset=&#8221;default&#8221; custom_margin=&#8221;61px||||false|false&#8221; border_radii=&#8221;on|20px|20px|20px|20px&#8221; global_colors_info=&#8221;{}&#8221;][\/et_pb_image][\/et_pb_column][\/et_pb_row][et_pb_row _builder_version=&#8221;4.21.0&#8243; _module_preset=&#8221;default&#8221; global_colors_info=&#8221;{}&#8221;][et_pb_column type=&#8221;4_4&#8243; _builder_version=&#8221;4.21.0&#8243; _module_preset=&#8221;default&#8221; custom_padding=&#8221;|||&#8221; global_colors_info=&#8221;%91%93&#8243;][et_pb_divider color=&#8221;gcid-9bb9bfe2-980a-472b-9544-d767cdb4022e&#8221; _builder_version=&#8221;4.27.4&#8243; _module_preset=&#8221;default&#8221; global_colors_info=&#8221;{%22gcid-9bb9bfe2-980a-472b-9544-d767cdb4022e%22:%91%22color%22%93}&#8221;][\/et_pb_divider][\/et_pb_column][\/et_pb_row][et_pb_row column_structure=&#8221;1_2,1_2&#8243; _builder_version=&#8221;4.21.0&#8243; _module_preset=&#8221;default&#8221; global_colors_info=&#8221;{}&#8221;][et_pb_column type=&#8221;1_2&#8243; _builder_version=&#8221;4.21.0&#8243; _module_preset=&#8221;default&#8221; custom_padding=&#8221;|||&#8221; global_colors_info=&#8221;%91%93&#8243;][et_pb_text _builder_version=&#8221;4.27.5&#8243; _module_preset=&#8221;default&#8221; text_font=&#8221;&#8211;et_global_body_font||||||||&#8221; header_2_font=&#8221;Rubik||||||||&#8221; header_2_text_color=&#8221;gcid-9bb9bfe2-980a-472b-9544-d767cdb4022e&#8221; header_2_font_size=&#8221;35px&#8221; locked=&#8221;off&#8221; global_colors_info=&#8221;{%22gcid-9bb9bfe2-980a-472b-9544-d767cdb4022e%22:%91%22header_2_text_color%22%93}&#8221;]<\/p>\n<h2 style=\"margin-bottom: 16px;\">A1 Almanca Kursu<\/h2>\n<p>German Institute&#8217;deki A1 Almanca kursunda Alman dilbilgisini sistemli bir \u015fekilde \u00f6\u011frenirsin. Kursunu okulda veya \u00e7evrimi\u00e7i yapabilirsin. Kurslar\u0131m\u0131z ileti\u015fime dayal\u0131d\u0131r ve \u00f6ncelikle akademisyenlere y\u00f6neliktir.<\/p>\n<p>[\/et_pb_text][et_pb_button button_url=&#8221;https:\/\/germaninstitute.com\/de\/tr\/a1-almanca-kursu\/#buchen&#8221; button_text=&#8221;Buchen&#8221; button_alignment=&#8221;center&#8221; _builder_version=&#8221;4.27.5&#8243; custom_button=&#8221;on&#8221; button_text_color=&#8221;#FFFFFF&#8221; button_bg_color=&#8221;#012243&#8243; button_font=&#8221;&#8211;et_global_body_font||||||||&#8221; custom_margin=&#8221;35px||0px|-401px|false|false&#8221; custom_margin_tablet=&#8221;|||0px|false|false&#8221; custom_margin_phone=&#8221;|||0px|false|false&#8221; custom_margin_last_edited=&#8221;on|tablet&#8221; button_letter_spacing_hover=&#8221;1px&#8221; global_colors_info=&#8221;{}&#8221; button_text_size__hover_enabled=&#8221;off&#8221; button_one_text_size__hover_enabled=&#8221;off&#8221; button_two_text_size__hover_enabled=&#8221;off&#8221; button_text_color__hover_enabled=&#8221;off&#8221; button_one_text_color__hover_enabled=&#8221;off&#8221; button_two_text_color__hover_enabled=&#8221;off&#8221; button_border_width__hover_enabled=&#8221;off&#8221; button_one_border_width__hover_enabled=&#8221;off&#8221; button_two_border_width__hover_enabled=&#8221;off&#8221; button_border_color__hover_enabled=&#8221;off&#8221; button_one_border_color__hover_enabled=&#8221;off&#8221; button_two_border_color__hover_enabled=&#8221;off&#8221; button_border_radius__hover_enabled=&#8221;off&#8221; button_one_border_radius__hover_enabled=&#8221;off&#8221; button_two_border_radius__hover_enabled=&#8221;off&#8221; button_letter_spacing__hover_enabled=&#8221;on&#8221; button_letter_spacing__hover=&#8221;1px&#8221; button_one_letter_spacing__hover_enabled=&#8221;off&#8221; button_two_letter_spacing__hover_enabled=&#8221;off&#8221; button_bg_color__hover_enabled=&#8221;off&#8221; button_one_bg_color__hover_enabled=&#8221;off&#8221; button_two_bg_color__hover_enabled=&#8221;off&#8221;][\/et_pb_button][\/et_pb_column][et_pb_column type=&#8221;1_2&#8243; _builder_version=&#8221;4.21.0&#8243; _module_preset=&#8221;default&#8221; custom_padding=&#8221;|||&#8221; global_colors_info=&#8221;%91%93&#8243;][et_pb_image src=&#8221;https:\/\/germaninstitute.com\/de\/wp-content\/uploads\/2025\/02\/76705135_938923066480666_8974496978612256768_o.jpg&#8221; alt=&#8221;Deutsch lernen A1 &#8211; Deutschkurs mit Nadja&#8221; title_text=&#8221;Deutsch lernen A1 &#8211; Deutschkurs mit Nadja&#8221; _builder_version=&#8221;4.27.4&#8243; _module_preset=&#8221;default&#8221; custom_margin=&#8221;57px||||false|false&#8221; border_radii=&#8221;on|20px|20px|20px|20px&#8221; global_colors_info=&#8221;{}&#8221;][\/et_pb_image][\/et_pb_column][\/et_pb_row][\/et_pb_section]<\/p>\n","protected":false},"excerpt":{"rendered":"<p>A1 Dilbilgisi Die&#8230;<\/p>\n","protected":false},"author":3,"featured_media":0,"parent":0,"menu_order":0,"comment_status":"closed","ping_status":"closed","template":"","meta":{"_et_pb_use_builder":"on","_et_pb_old_content":"","_et_gb_content_width":"","footnotes":""},"class_list":["post-39079","page","type-page","status-publish","hentry"],"jetpack_sharing_enabled":true,"_links":{"self":[{"href":"https:\/\/germaninstitute.com\/de\/tr\/wp-json\/wp\/v2\/pages\/39079","targetHints":{"allow":["GET"]}}],"collection":[{"href":"https:\/\/germaninstitute.com\/de\/tr\/wp-json\/wp\/v2\/pages"}],"about":[{"href":"https:\/\/germaninstitute.com\/de\/tr\/wp-json\/wp\/v2\/types\/page"}],"author":[{"embeddable":true,"href":"https:\/\/germaninstitute.com\/de\/tr\/wp-json\/wp\/v2\/users\/3"}],"replies":[{"embeddable":true,"href":"https:\/\/germaninstitute.com\/de\/tr\/wp-json\/wp\/v2\/comments?post=39079"}],"version-history":[{"count":7,"href":"https:\/\/germaninstitute.com\/de\/tr\/wp-json\/wp\/v2\/pages\/39079\/revisions"}],"predecessor-version":[{"id":64959,"href":"https:\/\/germaninstitute.com\/de\/tr\/wp-json\/wp\/v2\/pages\/39079\/revisions\/64959"}],"wp:attachment":[{"href":"https:\/\/germaninstitute.com\/de\/tr\/wp-json\/wp\/v2\/media?parent=39079"}],"curies":[{"name":"wp","href":"https:\/\/api.w.org\/{rel}","templated":true}]}}