{"id":39022,"date":"2025-02-10T11:02:51","date_gmt":"2025-02-10T10:02:51","guid":{"rendered":"https:\/\/germaninstitute.com\/de\/kelime-hazinesi-a1\/"},"modified":"2026-01-22T10:32:00","modified_gmt":"2026-01-22T09:32:00","slug":"kelime-hazinesi-a1","status":"publish","type":"page","link":"https:\/\/germaninstitute.com\/de\/tr\/kelime-hazinesi-a1\/","title":{"rendered":"Kelime Hazinesi A1"},"content":{"rendered":"<p>[et_pb_section fb_built=&#8221;1&#8243; _builder_version=&#8221;4.27.4&#8243; _module_preset=&#8221;default&#8221; custom_margin=&#8221;0px||||false|false&#8221; custom_margin_tablet=&#8221;0px||||false|false&#8221; custom_margin_phone=&#8221;0px|-1px||-1px|false|false&#8221; custom_margin_last_edited=&#8221;on|phone&#8221; custom_padding=&#8221;0px||||false|false&#8221; global_colors_info=&#8221;{}&#8221; locked=&#8221;off&#8221;][et_pb_row _builder_version=&#8221;4.27.4&#8243; _module_preset=&#8221;default&#8221; custom_margin=&#8221;|||35px|false|false&#8221; custom_padding=&#8221;38px||0px||false|false&#8221; global_colors_info=&#8221;{}&#8221;][et_pb_column type=&#8221;4_4&#8243; _builder_version=&#8221;4.16&#8243; _module_preset=&#8221;default&#8221; custom_padding=&#8221;|||&#8221; global_colors_info=&#8221;%91%93&#8243;][et_pb_heading title=&#8221;A1 Kelime Hazinesi&#8221; _builder_version=&#8221;4.27.5&#8243; _module_preset=&#8221;default&#8221; title_level=&#8221;h2&#8243; title_font=&#8221;Rubik||||||||&#8221; title_text_color=&#8221;#204f8a&#8221; title_font_size=&#8221;50px&#8221; title_line_height=&#8221;1.1em&#8221; custom_margin=&#8221;|||14px|false|false&#8221; custom_margin_tablet=&#8221;|||-35px|false|false&#8221; custom_margin_phone=&#8221;|||-20px|false|false&#8221; custom_margin_last_edited=&#8221;on|phone&#8221; custom_padding_tablet=&#8221;&#8221; custom_padding_phone=&#8221;&#8221; custom_padding_last_edited=&#8221;on|phone&#8221; hover_enabled=&#8221;0&#8243; title_font_size_tablet=&#8221;50px&#8221; title_font_size_phone=&#8221;35px&#8221; title_font_size_last_edited=&#8221;on|phone&#8221; locked=&#8221;off&#8221; global_colors_info=&#8221;{}&#8221; sticky_enabled=&#8221;0&#8243;][\/et_pb_heading][\/et_pb_column][\/et_pb_row][et_pb_row column_structure=&#8221;1_2,1_2&#8243; _builder_version=&#8221;4.21.0&#8243; _module_preset=&#8221;default&#8221; global_colors_info=&#8221;{}&#8221;][et_pb_column type=&#8221;1_2&#8243; _builder_version=&#8221;4.21.0&#8243; _module_preset=&#8221;default&#8221; custom_padding=&#8221;|||&#8221; global_colors_info=&#8221;%91%93&#8243;][et_pb_text _builder_version=&#8221;4.27.5&#8243; _module_preset=&#8221;default&#8221; text_font=&#8221;&#8211;et_global_body_font||||||||&#8221; hover_enabled=&#8221;0&#8243; global_colors_info=&#8221;{}&#8221; sticky_enabled=&#8221;0&#8243;]<\/p>\n<p>A1 Almanca kursunda Almanca ileti\u015fim kurmay\u0131 \u00f6\u011frenmeye ba\u015flars\u0131n. Ba\u015flang\u0131\u00e7ta basit c\u00fcmlelerle konu\u015fursun. \u00d6rne\u011fin, A1 Almanca kursunda ba\u015fkalar\u0131n\u0131 selamlamay\u0131 ve veda etmeyi \u00f6\u011frenirsin. Nas\u0131l olduklar\u0131n\u0131 sormay\u0131 ve kendini tan\u0131tmay\u0131 \u00f6\u011frenirsin. Ayr\u0131ca mesle\u011fin ve \u00f6zel hayat\u0131n hakk\u0131nda konu\u015fmay\u0131 da \u00f6\u011frenirsin. Aile ve arkada\u015flar da A1 Almanca kursundaki \u00f6nemli konulard\u0131r. Bu nedenle onlarla bulu\u015fmay\u0131 ve fikir al\u0131\u015fveri\u015finde bulunmay\u0131 \u00f6\u011frenirsin. Ayr\u0131ca ilgi alanlar\u0131n ve hobilerin, seyahatler ve kutlamalar hakk\u0131nda konu\u015fursun. Basit telefon g\u00f6r\u00fc\u015fmeleri yapmay\u0131, yard\u0131m istemeyi ve isteklerini dile getirmeyi de \u00f6\u011frenirsin. Bu sayede Almanya&#8217;da daha iyi y\u00f6n bulabilirsin. Seni g\u00fcnl\u00fck hayattaki \u00f6nemli durumlar i\u00e7in haz\u0131rl\u0131yoruz. \u00d6rne\u011fin doktor ziyareti, al\u0131\u015fveri\u015f&#8230;<\/p>\n<p>German Institute&#8217;da A1 Almanca kursunda kelime hazinesini sistemli bir \u015fekilde \u00f6\u011frenirsin. Kursunu Stuttgart&#8217;\u0131n merkezindeki okulda veya \u00e7evrimi\u00e7i yapabilirsin. Kurslar\u0131m\u0131z ileti\u015fime dayal\u0131d\u0131r ve \u00f6ncelikle akademisyenlere y\u00f6neliktir.<\/p>\n<p>[\/et_pb_text][et_pb_button button_url=&#8221;https:\/\/germaninstitute.com\/de\/tr\/a1-almanca-kursu\/#buchen&#8221; button_text=&#8221;Buchen&#8221; button_alignment=&#8221;center&#8221; _builder_version=&#8221;4.27.5&#8243; custom_button=&#8221;on&#8221; button_text_color=&#8221;#FFFFFF&#8221; button_bg_color=&#8221;#012243&#8243; button_font=&#8221;&#8211;et_global_body_font||||||||&#8221; custom_margin=&#8221;40px||0px|-400px|false|false&#8221; custom_margin_tablet=&#8221;|||0px|false|false&#8221; custom_margin_phone=&#8221;|||0px|false|false&#8221; custom_margin_last_edited=&#8221;on|phone&#8221; hover_enabled=&#8221;0&#8243; button_letter_spacing_hover=&#8221;1px&#8221; locked=&#8221;off&#8221; global_colors_info=&#8221;{}&#8221; button_text_size__hover_enabled=&#8221;off&#8221; button_one_text_size__hover_enabled=&#8221;off&#8221; button_two_text_size__hover_enabled=&#8221;off&#8221; button_text_color__hover_enabled=&#8221;off&#8221; button_one_text_color__hover_enabled=&#8221;off&#8221; button_two_text_color__hover_enabled=&#8221;off&#8221; button_border_width__hover_enabled=&#8221;off&#8221; button_one_border_width__hover_enabled=&#8221;off&#8221; button_two_border_width__hover_enabled=&#8221;off&#8221; button_border_color__hover_enabled=&#8221;off&#8221; button_one_border_color__hover_enabled=&#8221;off&#8221; button_two_border_color__hover_enabled=&#8221;off&#8221; button_border_radius__hover_enabled=&#8221;off&#8221; button_one_border_radius__hover_enabled=&#8221;off&#8221; button_two_border_radius__hover_enabled=&#8221;off&#8221; button_letter_spacing__hover_enabled=&#8221;on&#8221; button_letter_spacing__hover=&#8221;1px&#8221; button_one_letter_spacing__hover_enabled=&#8221;off&#8221; button_two_letter_spacing__hover_enabled=&#8221;off&#8221; button_bg_color__hover_enabled=&#8221;off&#8221; button_one_bg_color__hover_enabled=&#8221;off&#8221; button_two_bg_color__hover_enabled=&#8221;off&#8221; sticky_enabled=&#8221;0&#8243;][\/et_pb_button][\/et_pb_column][et_pb_column type=&#8221;1_2&#8243; _builder_version=&#8221;4.21.0&#8243; _module_preset=&#8221;default&#8221; custom_padding=&#8221;|||&#8221; global_colors_info=&#8221;%91%93&#8243;][et_pb_image src=&#8221;https:\/\/germaninstitute.com\/de\/wp-content\/uploads\/2025\/02\/shutterstock_1443616958.jpg&#8221; title_text=&#8221;shutterstock_1443616958&#8243; _builder_version=&#8221;4.21.0&#8243; _module_preset=&#8221;default&#8221; border_radii=&#8221;on|20px|20px|20px|20px&#8221; global_colors_info=&#8221;{}&#8221;][\/et_pb_image][\/et_pb_column][\/et_pb_row][et_pb_row _builder_version=&#8221;4.21.0&#8243; _module_preset=&#8221;default&#8221; global_colors_info=&#8221;{}&#8221;][et_pb_column type=&#8221;4_4&#8243; _builder_version=&#8221;4.21.0&#8243; _module_preset=&#8221;default&#8221; custom_padding=&#8221;|||&#8221; global_colors_info=&#8221;%91%93&#8243;][et_pb_divider color=&#8221;gcid-9bb9bfe2-980a-472b-9544-d767cdb4022e&#8221; _builder_version=&#8221;4.27.4&#8243; _module_preset=&#8221;default&#8221; global_colors_info=&#8221;{%22gcid-9bb9bfe2-980a-472b-9544-d767cdb4022e%22:%91%22color%22%93}&#8221;][\/et_pb_divider][\/et_pb_column][\/et_pb_row][et_pb_row column_structure=&#8221;1_2,1_2&#8243; _builder_version=&#8221;4.16&#8243; _module_preset=&#8221;default&#8221; global_colors_info=&#8221;{}&#8221;][et_pb_column type=&#8221;1_2&#8243; _builder_version=&#8221;4.16&#8243; _module_preset=&#8221;default&#8221; custom_padding=&#8221;|||&#8221; global_colors_info=&#8221;%91%93&#8243;][et_pb_text _builder_version=&#8221;4.27.5&#8243; _module_preset=&#8221;default&#8221; header_2_font=&#8221;Rubik||||||||&#8221; header_2_text_color=&#8221;gcid-9bb9bfe2-980a-472b-9544-d767cdb4022e&#8221; header_2_font_size=&#8221;30px&#8221; hover_enabled=&#8221;0&#8243; global_colors_info=&#8221;{%22gcid-9bb9bfe2-980a-472b-9544-d767cdb4022e%22:%91%22header_2_text_color%22%93}&#8221; sticky_enabled=&#8221;0&#8243;]<\/p>\n<h2>A1 Kelime Hazinesi (A1.1)<\/h2>\n<p>[\/et_pb_text][et_pb_text _builder_version=&#8221;4.16&#8243; _module_preset=&#8221;default&#8221; global_colors_info=&#8221;{}&#8221;]<\/p>\n<ul>\n<li><a href=\"https:\/\/kahoot.it\/challenge\/?quiz-id=0ca5a23d-3c04-4912-9ad9-d1414ca8224e&amp;single-player=true\" target=\"_blank\" rel=\"noopener\">Personalien<\/a><\/li>\n<li><a href=\"https:\/\/kahoot.it\/challenge\/?quiz-id=393872df-d77d-4f52-adff-04dce88e0f2a&amp;single-player=true\" target=\"_blank\" rel=\"noopener\">Berufe<\/a><\/li>\n<li>Familie<\/li>\n<li>Sprachen<\/li>\n<li><a href=\"https:\/\/kahoot.it\/challenge\/?quiz-id=49fab8c1-10e5-4dd1-9f2d-9c8e6f1f3edf&amp;single-player=true\" target=\"_blank\" rel=\"noopener\">Verkauf<\/a><\/li>\n<li><a href=\"https:\/\/kahoot.it\/challenge\/?quiz-id=9544fd96-14ed-4e29-9e81-a144e8cefc59&amp;single-player=true\" target=\"_blank\" rel=\"noopener\">M\u00f6bel<\/a><\/li>\n<li><a href=\"https:\/\/kahoot.it\/challenge\/?quiz-id=90adaf9e-145e-4674-af55-214043a98870&amp;single-player=true\" target=\"_blank\" rel=\"noopener\">Adjektive<\/a><\/li>\n<li><a href=\"https:\/\/kahoot.it\/challenge\/?quiz-id=a965ba2c-4757-483b-a4f7-20455bcbbd47&amp;single-player=true\" target=\"_blank\" rel=\"noopener\">Zahlen<\/a><\/li>\n<li>Materialien<\/li>\n<li>Gegenst\u00e4nde<\/li>\n<li>Im B\u00fcro<\/li>\n<li>Freizeit und Hobbys<\/li>\n<li>In der Stadt<\/li>\n<li>Lebensmittel<\/li>\n<li>Verkehr und Reisen<\/li>\n<li>Mein Tag<\/li>\n<li>Jahreszeiten<\/li>\n<\/ul>\n<p>[\/et_pb_text][\/et_pb_column][et_pb_column type=&#8221;1_2&#8243; _builder_version=&#8221;4.16&#8243; _module_preset=&#8221;default&#8221; custom_padding=&#8221;|||&#8221; global_colors_info=&#8221;%91%93&#8243;][et_pb_text _builder_version=&#8221;4.27.5&#8243; _module_preset=&#8221;default&#8221; header_2_font=&#8221;Rubik||||||||&#8221; header_2_text_color=&#8221;gcid-9bb9bfe2-980a-472b-9544-d767cdb4022e&#8221; header_2_font_size=&#8221;30px&#8221; hover_enabled=&#8221;0&#8243; global_colors_info=&#8221;{%22gcid-9bb9bfe2-980a-472b-9544-d767cdb4022e%22:%91%22header_2_text_color%22%93}&#8221; sticky_enabled=&#8221;0&#8243;]<\/p>\n<h2>A1 Kelime Hazinesi (A1.2)<\/h2>\n<p>[\/et_pb_text][et_pb_text _builder_version=&#8221;4.16&#8243; _module_preset=&#8221;default&#8221; global_colors_info=&#8221;{}&#8221;]<\/p>\n<ul>\n<li>In der Stadt<\/li>\n<li><a href=\"https:\/\/kahoot.it\/challenge\/?quiz-id=4d3b5b90-aefa-4add-b4dd-240b045e0d4f&amp;single-player=true\" target=\"_blank\" rel=\"noopener\">Haus\/Wohnung<\/a><\/li>\n<li>Im Hotel<\/li>\n<li>Ausbildung<\/li>\n<li>Gesundheit und Krankheit<\/li>\n<li>K\u00f6rper<\/li>\n<li>Aussehen<\/li>\n<li>Charakter<\/li>\n<li><a href=\"https:\/\/kahoot.it\/challenge\/?quiz-id=4d3b5b90-aefa-4add-b4dd-240b045e0d4f&amp;single-player=true\" target=\"_blank\" rel=\"noopener\">Im Haushalt<\/a><\/li>\n<li>Im Stra\u00dfenverkehr<\/li>\n<li><a href=\"https:\/\/kahoot.it\/challenge\/?quiz-id=8482da3c-888d-44ee-9362-ff9d7a36b5c1&amp;single-player=true\" target=\"_blank\" rel=\"noopener\">Kleidung<\/a><\/li>\n<li>Wetter<\/li>\n<li>Feste und Feiern<\/li>\n<\/ul>\n<p>[\/et_pb_text][\/et_pb_column][\/et_pb_row][et_pb_row _builder_version=&#8221;4.16&#8243; _module_preset=&#8221;default&#8221; global_colors_info=&#8221;{}&#8221;][et_pb_column type=&#8221;4_4&#8243; _builder_version=&#8221;4.16&#8243; _module_preset=&#8221;default&#8221; custom_padding=&#8221;|||&#8221; global_colors_info=&#8221;%91%93&#8243;][et_pb_divider color=&#8221;gcid-9bb9bfe2-980a-472b-9544-d767cdb4022e&#8221; _builder_version=&#8221;4.27.4&#8243; _module_preset=&#8221;default&#8221; global_colors_info=&#8221;{%22gcid-9bb9bfe2-980a-472b-9544-d767cdb4022e%22:%91%22color%22%93}&#8221;][\/et_pb_divider][\/et_pb_column][\/et_pb_row][et_pb_row _builder_version=&#8221;4.27.4&#8243; _module_preset=&#8221;default&#8221; global_colors_info=&#8221;{}&#8221;][et_pb_column type=&#8221;4_4&#8243; _builder_version=&#8221;4.21.0&#8243; _module_preset=&#8221;default&#8221; custom_padding=&#8221;|||&#8221; global_colors_info=&#8221;%91%93&#8243;][et_pb_text _builder_version=&#8221;4.27.5&#8243; _module_preset=&#8221;default&#8221; text_font=&#8221;&#8211;et_global_body_font||||||||&#8221; header_2_font=&#8221;Rubik||||||||&#8221; header_2_text_color=&#8221;gcid-9bb9bfe2-980a-472b-9544-d767cdb4022e&#8221; header_2_font_size=&#8221;35px&#8221; hover_enabled=&#8221;0&#8243; locked=&#8221;off&#8221; global_colors_info=&#8221;{%22gcid-9bb9bfe2-980a-472b-9544-d767cdb4022e%22:%91%22header_2_text_color%22%93}&#8221; sticky_enabled=&#8221;0&#8243;]<\/p>\n<h2 style=\"margin-bottom: 16px;\">A1 Dilbilgisi<\/h2>\n<p>Dilbilgisi al\u0131\u015ft\u0131rmas\u0131 yapmak m\u0131 istiyorsun? German Institute sana \u00fccretsiz baz\u0131 al\u0131\u015ft\u0131rmalar sunuyor.<\/p>\n<p>[\/et_pb_text][et_pb_button button_url=&#8221;@ET-DC@eyJkeW5hbWljIjp0cnVlLCJjb250ZW50IjoicG9zdF9saW5rX3VybF9wYWdlIiwic2V0dGluZ3MiOnsicG9zdF9pZCI6IjM5MDc5In19@&#8221; button_text=&#8221;\u00dcbungen&#8221; button_alignment=&#8221;center&#8221; _builder_version=&#8221;4.27.5&#8243; _dynamic_attributes=&#8221;button_url&#8221; custom_button=&#8221;on&#8221; button_text_color=&#8221;#FFFFFF&#8221; button_bg_color=&#8221;#012243&#8243; button_font=&#8221;&#8211;et_global_body_font||||||||&#8221; custom_margin=&#8221;35px||0px|-953px|false|false&#8221; custom_margin_tablet=&#8221;|||0px|false|false&#8221; custom_margin_phone=&#8221;|||0px|false|false&#8221; custom_margin_last_edited=&#8221;on|tablet&#8221; hover_enabled=&#8221;0&#8243; button_letter_spacing_hover=&#8221;1px&#8221; locked=&#8221;off&#8221; global_colors_info=&#8221;{}&#8221; button_text_size__hover_enabled=&#8221;off&#8221; button_one_text_size__hover_enabled=&#8221;off&#8221; button_two_text_size__hover_enabled=&#8221;off&#8221; button_text_color__hover_enabled=&#8221;off&#8221; button_one_text_color__hover_enabled=&#8221;off&#8221; button_two_text_color__hover_enabled=&#8221;off&#8221; button_border_width__hover_enabled=&#8221;off&#8221; button_one_border_width__hover_enabled=&#8221;off&#8221; button_two_border_width__hover_enabled=&#8221;off&#8221; button_border_color__hover_enabled=&#8221;off&#8221; button_one_border_color__hover_enabled=&#8221;off&#8221; button_two_border_color__hover_enabled=&#8221;off&#8221; button_border_radius__hover_enabled=&#8221;off&#8221; button_one_border_radius__hover_enabled=&#8221;off&#8221; button_two_border_radius__hover_enabled=&#8221;off&#8221; button_letter_spacing__hover_enabled=&#8221;on&#8221; button_letter_spacing__hover=&#8221;1px&#8221; button_one_letter_spacing__hover_enabled=&#8221;off&#8221; button_two_letter_spacing__hover_enabled=&#8221;off&#8221; button_bg_color__hover_enabled=&#8221;off&#8221; button_one_bg_color__hover_enabled=&#8221;off&#8221; button_two_bg_color__hover_enabled=&#8221;off&#8221; sticky_enabled=&#8221;0&#8243;][\/et_pb_button][\/et_pb_column][\/et_pb_row][\/et_pb_section]<\/p>\n","protected":false},"excerpt":{"rendered":"<p>A1 Kelime Hazinesi A1&#8230;<\/p>\n","protected":false},"author":3,"featured_media":0,"parent":0,"menu_order":0,"comment_status":"closed","ping_status":"closed","template":"","meta":{"_et_pb_use_builder":"on","_et_pb_old_content":"","_et_gb_content_width":"","footnotes":""},"class_list":["post-39022","page","type-page","status-publish","hentry"],"jetpack_sharing_enabled":true,"_links":{"self":[{"href":"https:\/\/germaninstitute.com\/de\/tr\/wp-json\/wp\/v2\/pages\/39022","targetHints":{"allow":["GET"]}}],"collection":[{"href":"https:\/\/germaninstitute.com\/de\/tr\/wp-json\/wp\/v2\/pages"}],"about":[{"href":"https:\/\/germaninstitute.com\/de\/tr\/wp-json\/wp\/v2\/types\/page"}],"author":[{"embeddable":true,"href":"https:\/\/germaninstitute.com\/de\/tr\/wp-json\/wp\/v2\/users\/3"}],"replies":[{"embeddable":true,"href":"https:\/\/germaninstitute.com\/de\/tr\/wp-json\/wp\/v2\/comments?post=39022"}],"version-history":[{"count":13,"href":"https:\/\/germaninstitute.com\/de\/tr\/wp-json\/wp\/v2\/pages\/39022\/revisions"}],"predecessor-version":[{"id":64946,"href":"https:\/\/germaninstitute.com\/de\/tr\/wp-json\/wp\/v2\/pages\/39022\/revisions\/64946"}],"wp:attachment":[{"href":"https:\/\/germaninstitute.com\/de\/tr\/wp-json\/wp\/v2\/media?parent=39022"}],"curies":[{"name":"wp","href":"https:\/\/api.w.org\/{rel}","templated":true}]}}