{"id":38444,"date":"2025-02-10T10:35:18","date_gmt":"2025-02-10T09:35:18","guid":{"rendered":"https:\/\/germaninstitute.com\/de\/kelime-hazinesi-c1\/"},"modified":"2026-01-22T15:48:01","modified_gmt":"2026-01-22T14:48:01","slug":"kelime-hazinesi-c1","status":"publish","type":"page","link":"https:\/\/germaninstitute.com\/de\/tr\/kelime-hazinesi-c1\/","title":{"rendered":"C1 Kelime Hazinesi"},"content":{"rendered":"<p>[et_pb_section fb_built=&#8221;1&#8243; _builder_version=&#8221;4.16&#8243; _module_preset=&#8221;default&#8221; custom_margin=&#8221;0px||||false|false&#8221; custom_padding=&#8221;0px||||false|false&#8221; global_colors_info=&#8221;{}&#8221; locked=&#8221;off&#8221;][et_pb_row _builder_version=&#8221;4.27.4&#8243; _module_preset=&#8221;default&#8221; custom_margin=&#8221;|||35px|false|false&#8221; custom_padding=&#8221;38px||0px||false|false&#8221; locked=&#8221;off&#8221; global_colors_info=&#8221;{}&#8221;][et_pb_column type=&#8221;4_4&#8243; _builder_version=&#8221;4.16&#8243; _module_preset=&#8221;default&#8221; custom_padding=&#8221;|||&#8221; global_colors_info=&#8221;%91%93&#8243;][et_pb_heading title=&#8221;C1 Kelime Hazinesi&#8221; _builder_version=&#8221;4.27.5&#8243; _module_preset=&#8221;default&#8221; title_level=&#8221;h2&#8243; title_font=&#8221;Rubik||||||||&#8221; title_text_color=&#8221;#204f8a&#8221; title_font_size=&#8221;50px&#8221; title_line_height=&#8221;1.1em&#8221; custom_margin=&#8221;|||14px|false|false&#8221; custom_margin_tablet=&#8221;|||-35px|false|false&#8221; custom_margin_phone=&#8221;|||-20px|false|false&#8221; custom_margin_last_edited=&#8221;on|phone&#8221; custom_padding_tablet=&#8221;&#8221; custom_padding_phone=&#8221;&#8221; custom_padding_last_edited=&#8221;on|phone&#8221; hover_enabled=&#8221;0&#8243; title_font_size_tablet=&#8221;50px&#8221; title_font_size_phone=&#8221;35px&#8221; title_font_size_last_edited=&#8221;on|phone&#8221; locked=&#8221;off&#8221; global_colors_info=&#8221;{}&#8221; sticky_enabled=&#8221;0&#8243;][\/et_pb_heading][\/et_pb_column][\/et_pb_row][et_pb_row column_structure=&#8221;1_2,1_2&#8243; _builder_version=&#8221;4.21.0&#8243; _module_preset=&#8221;default&#8221; global_colors_info=&#8221;{}&#8221;][et_pb_column type=&#8221;1_2&#8243; _builder_version=&#8221;4.21.0&#8243; _module_preset=&#8221;default&#8221; custom_padding=&#8221;|||&#8221; global_colors_info=&#8221;%91%93&#8243;][et_pb_text _builder_version=&#8221;4.27.5&#8243; _module_preset=&#8221;default&#8221; hover_enabled=&#8221;0&#8243; global_colors_info=&#8221;{}&#8221; sticky_enabled=&#8221;0&#8243;]<\/p>\n<p>C1 Almanca kursunda, ima edilen anlamlar\u0131 anlamay\u0131 ve dilinizi duruma g\u00f6re uyarlamay\u0131 da \u00f6\u011frenirsiniz. Art\u0131k sosyal ve profesyonel ya\u015famda dil kullan\u0131m\u0131n\u0131z yeterli olup, g\u00f6r\u00fc\u015flerinizi spontane ve ak\u0131c\u0131 bir \u015fekilde ifade edebilirsiniz. Yaz\u0131l\u0131 olarak da ba\u011flant\u0131l\u0131 metinler olu\u015fturur ve metin ba\u011flant\u0131 ara\u00e7lar\u0131n\u0131 kullan\u0131rs\u0131n\u0131z. C1 Almanca kursunuzda b\u00f6ylece bir\u00e7ok karma\u015f\u0131k konuyla ilgilenecek ve kelime da\u011farc\u0131\u011f\u0131n\u0131z\u0131 geni\u015fleteceksiniz. K\u00fcreselle\u015fmenin \u00e7e\u015fitli y\u00f6nleri, ekonomi, finans ve yat\u0131r\u0131m hakk\u0131nda konu\u015facaks\u0131n\u0131z. Ayr\u0131ca genetik, ara\u015ft\u0131rma ve su\u00e7 gibi g\u00fcncel konularla da ilgileneceksiniz.<\/p>\n<p>[\/et_pb_text][et_pb_button button_url=&#8221;https:\/\/germaninstitute.com\/de\/tr\/almanca-kursu-c1\/#buchen&#8221; button_text=&#8221;Buchen&#8221; button_alignment=&#8221;center&#8221; _builder_version=&#8221;4.27.5&#8243; custom_button=&#8221;on&#8221; button_text_color=&#8221;#FFFFFF&#8221; button_bg_color=&#8221;#012243&#8243; button_font=&#8221;&#8211;et_global_body_font||||||||&#8221; custom_margin=&#8221;40px||0px|-400px|false|false&#8221; custom_margin_tablet=&#8221;|||0px|false|false&#8221; custom_margin_phone=&#8221;|||0px|false|false&#8221; custom_margin_last_edited=&#8221;on|phone&#8221; hover_enabled=&#8221;0&#8243; button_letter_spacing_hover=&#8221;1px&#8221; locked=&#8221;off&#8221; global_colors_info=&#8221;{}&#8221; button_text_size__hover_enabled=&#8221;off&#8221; button_one_text_size__hover_enabled=&#8221;off&#8221; button_two_text_size__hover_enabled=&#8221;off&#8221; button_text_color__hover_enabled=&#8221;off&#8221; button_one_text_color__hover_enabled=&#8221;off&#8221; button_two_text_color__hover_enabled=&#8221;off&#8221; button_border_width__hover_enabled=&#8221;off&#8221; button_one_border_width__hover_enabled=&#8221;off&#8221; button_two_border_width__hover_enabled=&#8221;off&#8221; button_border_color__hover_enabled=&#8221;off&#8221; button_one_border_color__hover_enabled=&#8221;off&#8221; button_two_border_color__hover_enabled=&#8221;off&#8221; button_border_radius__hover_enabled=&#8221;off&#8221; button_one_border_radius__hover_enabled=&#8221;off&#8221; button_two_border_radius__hover_enabled=&#8221;off&#8221; button_letter_spacing__hover_enabled=&#8221;on&#8221; button_letter_spacing__hover=&#8221;1px&#8221; button_one_letter_spacing__hover_enabled=&#8221;off&#8221; button_two_letter_spacing__hover_enabled=&#8221;off&#8221; button_bg_color__hover_enabled=&#8221;off&#8221; button_one_bg_color__hover_enabled=&#8221;off&#8221; button_two_bg_color__hover_enabled=&#8221;off&#8221; sticky_enabled=&#8221;0&#8243;][\/et_pb_button][\/et_pb_column][et_pb_column type=&#8221;1_2&#8243; _builder_version=&#8221;4.21.0&#8243; _module_preset=&#8221;default&#8221; custom_padding=&#8221;|||&#8221; global_colors_info=&#8221;%91%93&#8243;][et_pb_image src=&#8221;https:\/\/germaninstitute.com\/de\/wp-content\/uploads\/2025\/02\/Junior-Trainer-e1660592586718.jpg&#8221; title_text=&#8221;Junior Trainer&#8221; _builder_version=&#8221;4.21.0&#8243; _module_preset=&#8221;default&#8221; border_radii=&#8221;on|20px|20px|20px|20px&#8221; global_colors_info=&#8221;{}&#8221;][\/et_pb_image][\/et_pb_column][\/et_pb_row][et_pb_row _builder_version=&#8221;4.21.0&#8243; _module_preset=&#8221;default&#8221; global_colors_info=&#8221;{}&#8221;][et_pb_column type=&#8221;4_4&#8243; _builder_version=&#8221;4.21.0&#8243; _module_preset=&#8221;default&#8221; custom_padding=&#8221;|||&#8221; global_colors_info=&#8221;%91%93&#8243;][et_pb_divider color=&#8221;gcid-9bb9bfe2-980a-472b-9544-d767cdb4022e&#8221; _builder_version=&#8221;4.27.5&#8243; _module_preset=&#8221;default&#8221; global_colors_info=&#8221;{%22gcid-9bb9bfe2-980a-472b-9544-d767cdb4022e%22:%91%22color%22%93}&#8221;][\/et_pb_divider][\/et_pb_column][\/et_pb_row][et_pb_row column_structure=&#8221;1_2,1_2&#8243; _builder_version=&#8221;4.16&#8243; _module_preset=&#8221;default&#8221; global_colors_info=&#8221;{}&#8221;][et_pb_column type=&#8221;1_2&#8243; _builder_version=&#8221;4.16&#8243; _module_preset=&#8221;default&#8221; custom_padding=&#8221;|||&#8221; global_colors_info=&#8221;%91%93&#8243;][et_pb_text _builder_version=&#8221;4.27.5&#8243; _module_preset=&#8221;default&#8221; header_2_font=&#8221;Rubik||||||||&#8221; header_2_text_color=&#8221;gcid-9bb9bfe2-980a-472b-9544-d767cdb4022e&#8221; header_2_font_size=&#8221;30px&#8221; hover_enabled=&#8221;0&#8243; locked=&#8221;off&#8221; global_colors_info=&#8221;{%22gcid-9bb9bfe2-980a-472b-9544-d767cdb4022e%22:%91%22header_2_text_color%22%93}&#8221; sticky_enabled=&#8221;0&#8243;]<\/p>\n<h2>C1 Kelime Hazinesi (C1.1)<\/h2>\n<p>[\/et_pb_text][et_pb_text _builder_version=&#8221;4.16&#8243; _module_preset=&#8221;default&#8221; global_colors_info=&#8221;{}&#8221;]<\/p>\n<ul>\n<li>Zeit<\/li>\n<li>Verein<\/li>\n<li>Internet<\/li>\n<li>Finanzen<\/li>\n<li>Online<\/li>\n<li>Unstimmigkeit<\/li>\n<li>Sprechen lernen<\/li>\n<li>Kommunikation<\/li>\n<li>Karriere<\/li>\n<li>Wirtschaft<\/li>\n<li>Globalisierung<\/li>\n<li>Finanzierung<\/li>\n<li>Investition<\/li>\n<li>Entwicklung<\/li>\n<li>Ehrenamt<\/li>\n<\/ul>\n<p>[\/et_pb_text][et_pb_text _builder_version=&#8221;4.27.5&#8243; _module_preset=&#8221;default&#8221; header_2_font=&#8221;Rubik||||||||&#8221; header_2_text_color=&#8221;gcid-9bb9bfe2-980a-472b-9544-d767cdb4022e&#8221; header_2_font_size=&#8221;30px&#8221; hover_enabled=&#8221;0&#8243; locked=&#8221;off&#8221; global_colors_info=&#8221;{%22gcid-9bb9bfe2-980a-472b-9544-d767cdb4022e%22:%91%22header_2_text_color%22%93}&#8221; sticky_enabled=&#8221;0&#8243;]<\/p>\n<h2>C1 Ek Konular<\/h2>\n<p>[\/et_pb_text][et_pb_text _builder_version=&#8221;4.16&#8243; _module_preset=&#8221;default&#8221; global_colors_info=&#8221;{}&#8221;]<\/p>\n<ul>\n<li>Freizeit<\/li>\n<li>Sport<\/li>\n<li>Tourismus<\/li>\n<li>Stadt und Land<\/li>\n<li>Ehe und Familie<\/li>\n<li>Schule<\/li>\n<li>Wissenschaft und Zukunft<\/li>\n<li>Computer<\/li>\n<li>Medien<\/li>\n<li>Werbung<\/li>\n<li>Umweltschutz<\/li>\n<li>Rollenverteilung<\/li>\n<li>Generationen<\/li>\n<li>Medizin<\/li>\n<li>Kultur<\/li>\n<li>Migration<\/li>\n<li>Arbeit und Arbeitslosigkeit<\/li>\n<li>Suchtkrankheiten<\/li>\n<li>Kriminalit\u00e4t<\/li>\n<li>Mitmenschen<\/li>\n<li><a href=\"https:\/\/kahoot.it\/challenge\/?quiz-id=20d39c26-7a99-466a-b18b-664e5c6bfd5d&amp;single-player=true\" target=\"_blank\" rel=\"noopener\">Homeoffice<\/a><\/li>\n<\/ul>\n<p>[\/et_pb_text][\/et_pb_column][et_pb_column type=&#8221;1_2&#8243; _builder_version=&#8221;4.16&#8243; _module_preset=&#8221;default&#8221; custom_padding=&#8221;|||&#8221; global_colors_info=&#8221;%91%93&#8243;][et_pb_text _builder_version=&#8221;4.27.5&#8243; _module_preset=&#8221;default&#8221; header_2_font=&#8221;Rubik||||||||&#8221; header_2_text_color=&#8221;gcid-9bb9bfe2-980a-472b-9544-d767cdb4022e&#8221; header_2_font_size=&#8221;30px&#8221; hover_enabled=&#8221;0&#8243; locked=&#8221;off&#8221; global_colors_info=&#8221;{%22gcid-9bb9bfe2-980a-472b-9544-d767cdb4022e%22:%91%22header_2_text_color%22%93}&#8221; sticky_enabled=&#8221;0&#8243;]<\/p>\n<h2>C1 Kelime Hazinesi (C1.2)<\/h2>\n<p>[\/et_pb_text][et_pb_text _builder_version=&#8221;4.16&#8243; _module_preset=&#8221;default&#8221; global_colors_info=&#8221;{}&#8221;]<\/p>\n<ul>\n<li><a href=\"https:\/\/kahoot.it\/challenge\/?quiz-id=7ee6a44a-7a80-460d-af86-d5ad6b120058&amp;single-player=true\" target=\"_blank\" rel=\"noopener\">Medizin<\/a><\/li>\n<li><a href=\"https:\/\/kahoot.it\/challenge\/?quiz-id=499ec9a1-1386-475a-b83b-2a2cd90b384a&amp;single-player=true\" target=\"_blank\" rel=\"noopener\">Gesundheit<\/a><\/li>\n<li><a href=\"https:\/\/kahoot.it\/challenge\/?quiz-id=eb2810a9-909b-48f3-b128-4ec20b6e0994&amp;single-player=true\" target=\"_blank\" rel=\"noopener\">Ern\u00e4hrung<\/a><\/li>\n<li>Kriminalit\u00e4t<\/li>\n<li>Forschung<\/li>\n<li>Genetik<\/li>\n<li>Bildung<\/li>\n<li>Erfolg<\/li>\n<li>Misserfolg<\/li>\n<li>Gehirn<\/li>\n<\/ul>\n<p>&nbsp;<\/p>\n<p>[\/et_pb_text][\/et_pb_column][\/et_pb_row][et_pb_row _builder_version=&#8221;4.16&#8243; _module_preset=&#8221;default&#8221; global_colors_info=&#8221;{}&#8221;][et_pb_column type=&#8221;4_4&#8243; _builder_version=&#8221;4.16&#8243; _module_preset=&#8221;default&#8221; custom_padding=&#8221;|||&#8221; global_colors_info=&#8221;%91%93&#8243;][et_pb_divider color=&#8221;gcid-9bb9bfe2-980a-472b-9544-d767cdb4022e&#8221; _builder_version=&#8221;4.27.5&#8243; _module_preset=&#8221;default&#8221; global_colors_info=&#8221;{%22gcid-9bb9bfe2-980a-472b-9544-d767cdb4022e%22:%91%22color%22%93}&#8221;][\/et_pb_divider][\/et_pb_column][\/et_pb_row][et_pb_row _builder_version=&#8221;4.27.4&#8243; _module_preset=&#8221;default&#8221; locked=&#8221;off&#8221; global_colors_info=&#8221;{}&#8221;][et_pb_column type=&#8221;4_4&#8243; _builder_version=&#8221;4.21.0&#8243; _module_preset=&#8221;default&#8221; custom_padding=&#8221;|||&#8221; global_colors_info=&#8221;%91%93&#8243;][et_pb_text _builder_version=&#8221;4.27.5&#8243; _module_preset=&#8221;default&#8221; text_font=&#8221;&#8211;et_global_body_font||||||||&#8221; header_2_font=&#8221;Rubik||||||||&#8221; header_2_text_color=&#8221;gcid-9bb9bfe2-980a-472b-9544-d767cdb4022e&#8221; header_2_font_size=&#8221;35px&#8221; hover_enabled=&#8221;0&#8243; locked=&#8221;off&#8221; global_colors_info=&#8221;{%22gcid-9bb9bfe2-980a-472b-9544-d767cdb4022e%22:%91%22header_2_text_color%22%93}&#8221; sticky_enabled=&#8221;0&#8243;]<\/p>\n<h2 style=\"margin-bottom: 16px;\">C1 Dilbilgisi<\/h2>\n<p>Dilbilgisi al\u0131\u015ft\u0131rmas\u0131 yapmak m\u0131 istiyorsun? German Institute sana \u00fccretsiz baz\u0131 al\u0131\u015ft\u0131rmalar sunuyor.<\/p>\n<p>[\/et_pb_text][et_pb_button button_url=&#8221;@ET-DC@eyJkeW5hbWljIjp0cnVlLCJjb250ZW50IjoicG9zdF9saW5rX3VybF9wYWdlIiwic2V0dGluZ3MiOnsicG9zdF9pZCI6IjQ0MzQzIn19@&#8221; button_text=&#8221;\u00dcbungen&#8221; button_alignment=&#8221;center&#8221; _builder_version=&#8221;4.27.5&#8243; _dynamic_attributes=&#8221;button_url&#8221; custom_button=&#8221;on&#8221; button_text_color=&#8221;#FFFFFF&#8221; button_bg_color=&#8221;#012243&#8243; button_font=&#8221;&#8211;et_global_body_font||||||||&#8221; custom_margin=&#8221;35px||0px|-953px|false|false&#8221; custom_margin_tablet=&#8221;|||0px|false|false&#8221; custom_margin_phone=&#8221;|||0px|false|false&#8221; custom_margin_last_edited=&#8221;on|tablet&#8221; hover_enabled=&#8221;0&#8243; button_letter_spacing_hover=&#8221;1px&#8221; locked=&#8221;off&#8221; global_colors_info=&#8221;{}&#8221; button_text_size__hover_enabled=&#8221;off&#8221; button_one_text_size__hover_enabled=&#8221;off&#8221; button_two_text_size__hover_enabled=&#8221;off&#8221; button_text_color__hover_enabled=&#8221;off&#8221; button_one_text_color__hover_enabled=&#8221;off&#8221; button_two_text_color__hover_enabled=&#8221;off&#8221; button_border_width__hover_enabled=&#8221;off&#8221; button_one_border_width__hover_enabled=&#8221;off&#8221; button_two_border_width__hover_enabled=&#8221;off&#8221; button_border_color__hover_enabled=&#8221;off&#8221; button_one_border_color__hover_enabled=&#8221;off&#8221; button_two_border_color__hover_enabled=&#8221;off&#8221; button_border_radius__hover_enabled=&#8221;off&#8221; button_one_border_radius__hover_enabled=&#8221;off&#8221; button_two_border_radius__hover_enabled=&#8221;off&#8221; button_letter_spacing__hover_enabled=&#8221;on&#8221; button_letter_spacing__hover=&#8221;1px&#8221; button_one_letter_spacing__hover_enabled=&#8221;off&#8221; button_two_letter_spacing__hover_enabled=&#8221;off&#8221; button_bg_color__hover_enabled=&#8221;off&#8221; button_one_bg_color__hover_enabled=&#8221;off&#8221; button_two_bg_color__hover_enabled=&#8221;off&#8221; sticky_enabled=&#8221;0&#8243;][\/et_pb_button][\/et_pb_column][\/et_pb_row][\/et_pb_section]<\/p>\n","protected":false},"excerpt":{"rendered":"<p>C1 Kelime Hazinesi C1&#8230;<\/p>\n","protected":false},"author":3,"featured_media":0,"parent":0,"menu_order":0,"comment_status":"closed","ping_status":"closed","template":"","meta":{"_et_pb_use_builder":"on","_et_pb_old_content":"","_et_gb_content_width":"","footnotes":""},"class_list":["post-38444","page","type-page","status-publish","hentry"],"jetpack_sharing_enabled":true,"_links":{"self":[{"href":"https:\/\/germaninstitute.com\/de\/tr\/wp-json\/wp\/v2\/pages\/38444","targetHints":{"allow":["GET"]}}],"collection":[{"href":"https:\/\/germaninstitute.com\/de\/tr\/wp-json\/wp\/v2\/pages"}],"about":[{"href":"https:\/\/germaninstitute.com\/de\/tr\/wp-json\/wp\/v2\/types\/page"}],"author":[{"embeddable":true,"href":"https:\/\/germaninstitute.com\/de\/tr\/wp-json\/wp\/v2\/users\/3"}],"replies":[{"embeddable":true,"href":"https:\/\/germaninstitute.com\/de\/tr\/wp-json\/wp\/v2\/comments?post=38444"}],"version-history":[{"count":8,"href":"https:\/\/germaninstitute.com\/de\/tr\/wp-json\/wp\/v2\/pages\/38444\/revisions"}],"predecessor-version":[{"id":65005,"href":"https:\/\/germaninstitute.com\/de\/tr\/wp-json\/wp\/v2\/pages\/38444\/revisions\/65005"}],"wp:attachment":[{"href":"https:\/\/germaninstitute.com\/de\/tr\/wp-json\/wp\/v2\/media?parent=38444"}],"curies":[{"name":"wp","href":"https:\/\/api.w.org\/{rel}","templated":true}]}}