{"id":66120,"date":"2026-02-24T17:10:38","date_gmt":"2026-02-24T16:10:38","guid":{"rendered":"https:\/\/germaninstitute.com\/de\/?post_type=product&#038;p=66120"},"modified":"2026-03-09T17:40:22","modified_gmt":"2026-03-09T16:40:22","slug":"cours-de-preparation-aux-examens-b2-kopie","status":"publish","type":"product","link":"https:\/\/germaninstitute.com\/de\/fr\/produkt\/cours-de-preparation-aux-examens-b2-kopie\/","title":{"rendered":"Cours de pr\u00e9paration aux examens C1"},"content":{"rendered":"<h4 data-start=\"490\" data-end=\"519\">\u2705 <strong data-start=\"497\" data-end=\"519\">Was dich erwartet:<\/strong><\/h4>\n<ul data-start=\"521\" data-end=\"863\">\n<li data-start=\"521\" data-end=\"597\">\n<p data-start=\"523\" data-end=\"597\"><strong data-start=\"523\" data-end=\"533\">Dur\u00e9e par module<\/strong> : 3 s\u00e9ances de 2 UE chacune (modul oral et modul \u00e9couter), 4 s\u00e9ances de 2 UE chacune (modul \u00e9crit et modul lire)<\/p>\n<\/li>\n<li data-start=\"521\" data-end=\"597\"><strong>Dur\u00e9e pour un pack complet<\/strong> : 14 \u015beances de 2 UE chacune (28 UE)<\/li>\n<li data-start=\"598\" data-end=\"667\">\n<p data-start=\"600\" data-end=\"667\"><strong data-start=\"600\" data-end=\"609\">Format<\/strong> : cours en pr\u00e9sentiel et en ligne avec des enseignants exp\u00e9riment\u00e9s<\/p>\n<\/li>\n<li data-start=\"668\" data-end=\"863\">\n<p data-start=\"670\" data-end=\"682\"><strong data-start=\"670\" data-end=\"682\">Contenus:<\/strong><\/p>\n<ul data-start=\"685\" data-end=\"863\">\n<li data-start=\"685\" data-end=\"730\">\n<p data-start=\"687\" data-end=\"730\">Entra\u00eenement commun aux t\u00e2ches d\u2019examen typiques<\/p>\n<\/li>\n<li data-start=\"733\" data-end=\"781\">\n<p data-start=\"735\" data-end=\"781\">Strat\u00e9gies et conseils pour r\u00e9ussir ton examen<\/p>\n<\/li>\n<li data-start=\"784\" data-end=\"816\">\n<p data-start=\"786\" data-end=\"816\">Exemples d\u2019examens et leurs solutions<\/p>\n<\/li>\n<li data-start=\"819\" data-end=\"863\">\n<p data-start=\"821\" data-end=\"863\">Feedback personnalis\u00e9 sur tes performances<\/p>\n<\/li>\n<\/ul>\n<\/li>\n<\/ul>\n<h4 data-start=\"870\" data-end=\"901\">\ud83d\udce6 <strong data-start=\"878\" data-end=\"901\">Modules \u00e0 choisir:<\/strong><\/h4>\n<ul data-start=\"903\" data-end=\"1026\">\n<li data-start=\"903\" data-end=\"923\">\n<p data-start=\"905\" data-end=\"923\">Module oral<\/p>\n<\/li>\n<li data-start=\"924\" data-end=\"945\">\n<p data-start=\"926\" data-end=\"945\">Module \u00e9crit<\/p>\n<\/li>\n<li data-start=\"946\" data-end=\"971\">\n<p data-start=\"948\" data-end=\"971\">Modul \u00e9couter<\/p>\n<\/li>\n<li data-start=\"946\" data-end=\"971\">\n<p data-start=\"948\" data-end=\"971\">Modul lire<\/p>\n<\/li>\n<li data-start=\"972\" data-end=\"1026\">\n<p data-start=\"974\" data-end=\"1026\">Pack complet: expression orale, expression \u00e9crite, compr\u00e9hension orale, compr\u00e9hension \u00e9crite<\/p>\n<\/li>\n<\/ul>\n<h4 data-start=\"1033\" data-end=\"1052\">\ud83d\udcb0 <strong data-start=\"1041\" data-end=\"1052\">Prix: <\/strong><\/h4>\n<ul data-start=\"1054\" data-end=\"1177\">\n<li data-start=\"1054\" data-end=\"1079\">\n<p data-start=\"1056\" data-end=\"1079\"><strong data-start=\"1056\" data-end=\"1072\">Modules individuels:<\/strong> 120\u202f\u20ac \/ module (20 \u20ac de r\u00e9duction en cas d\u2019inscription simultan\u00e9e \u00e0 un cours intensif ou \u00e0 un cours du soir)<\/p>\n<\/li>\n<li data-start=\"1080\" data-end=\"1177\">\n<p data-start=\"1082\" data-end=\"1177\"><strong data-start=\"1082\" data-end=\"1116\">Pack complet <\/strong>(les 4 modules) : 480\u20ac (80 \u20ac de r\u00e9duction en cas d\u2019inscription simultan\u00e9e \u00e0 un cours intensif ou \u00e0 un cours du soir)<\/p>\n<\/li>\n<\/ul>\n<p>\u00a0 Enseignement <strong>mardi<\/strong> et <strong>jeudi<\/strong>, 17:00-18:30.\u00a0<\/p>\n","protected":false},"excerpt":{"rendered":"<p>\u2705 Was dich erwartet: Dur\u00e9e par module : 3 s\u00e9ances de 2 UE chacune (modul oral et modul \u00e9couter), 4 s\u00e9ances de 2 UE chacune&hellip;<\/p>\n","protected":false},"featured_media":18631,"comment_status":"open","ping_status":"closed","template":"","meta":{"_et_pb_use_builder":"","_et_pb_old_content":"","_et_gb_content_width":""},"product_brand":[],"product_cat":[524],"product_tag":[],"class_list":{"0":"post-66120","1":"product","2":"type-product","3":"status-publish","4":"has-post-thumbnail","6":"product_cat-preparation-aux-examens","8":"first","9":"instock","10":"purchasable","11":"product-type-variable"},"jetpack_sharing_enabled":true,"_links":{"self":[{"href":"https:\/\/germaninstitute.com\/de\/fr\/wp-json\/wp\/v2\/product\/66120","targetHints":{"allow":["GET"]}}],"collection":[{"href":"https:\/\/germaninstitute.com\/de\/fr\/wp-json\/wp\/v2\/product"}],"about":[{"href":"https:\/\/germaninstitute.com\/de\/fr\/wp-json\/wp\/v2\/types\/product"}],"replies":[{"embeddable":true,"href":"https:\/\/germaninstitute.com\/de\/fr\/wp-json\/wp\/v2\/comments?post=66120"}],"wp:featuredmedia":[{"embeddable":true,"href":"https:\/\/germaninstitute.com\/de\/fr\/wp-json\/wp\/v2\/media\/18631"}],"wp:attachment":[{"href":"https:\/\/germaninstitute.com\/de\/fr\/wp-json\/wp\/v2\/media?parent=66120"}],"wp:term":[{"taxonomy":"product_brand","embeddable":true,"href":"https:\/\/germaninstitute.com\/de\/fr\/wp-json\/wp\/v2\/product_brand?post=66120"},{"taxonomy":"product_cat","embeddable":true,"href":"https:\/\/germaninstitute.com\/de\/fr\/wp-json\/wp\/v2\/product_cat?post=66120"},{"taxonomy":"product_tag","embeddable":true,"href":"https:\/\/germaninstitute.com\/de\/fr\/wp-json\/wp\/v2\/product_tag?post=66120"}],"curies":[{"name":"wp","href":"https:\/\/api.w.org\/{rel}","templated":true}]}}