{"id":62751,"date":"2025-09-09T12:38:28","date_gmt":"2025-09-09T10:38:28","guid":{"rendered":"https:\/\/germaninstitute.com\/de\/produkt\/mini-groupe-c2\/"},"modified":"2026-01-20T08:49:33","modified_gmt":"2026-01-20T07:49:33","slug":"mini-groupe-c2","status":"publish","type":"product","link":"https:\/\/germaninstitute.com\/de\/fr\/produkt\/mini-groupe-c2\/","title":{"rendered":"C2 mini groupe"},"content":{"rendered":"<p><strong>C2 mini groupe<\/strong><\/p>\n<p>Notre <strong>cours d\u2019allemand C2<\/strong> (CECR) est propos\u00e9 toute l\u2019ann\u00e9e \u2014 en ligne ou en pr\u00e9sentiel. Comme il s\u2019agit d\u2019une langue appliqu\u00e9e, vous pouvez commencer \u00e0 tout moment sans manquer de contenu.<br \/>\nLe cours entra\u00eene l\u2019\u00e9criture acad\u00e9mique, l\u2019expression orale nuanc\u00e9e, l\u2019usage idiomatique, la compr\u00e9hension de textes complexes ainsi que la discussion et l\u2019argumentation au plus haut niveau.<\/p>\n<p>Vous d\u00e9cidez en toute flexibilit\u00e9 de la dur\u00e9e de votre apprentissage : 1 mois, 3 mois, 6 mois ou une ann\u00e9e compl\u00e8te.<br \/>\nLes cours ont lieu une fois par semaine en soir\u00e9e \u2014 id\u00e9al pour les \u00e9tudes et la vie professionnelle.<br \/>\nLe format en petit groupe garantit un retour individualis\u00e9 de la part de nos enseignants qualifi\u00e9s.<\/p>\n<p>Que ce soit pour <strong>l\u2019examen d\u2019allemand C2<\/strong>, <strong>le certificat C2,<\/strong> l\u2019universit\u00e9, votre carri\u00e8re ou par int\u00e9r\u00eat personnel : avec ce cours, vous atteignez une ma\u00eetrise de la langue proche de celle d\u2019un locuteur natif.<\/p>\n<p>&nbsp;<\/p>\n<p>Le cours C2 d\u2019un an couvre les domaines th\u00e9matiques suivants:<\/p>\n<ul>\n<li><strong>Th\u00e9orie et pratique de la communication<\/strong>: dans ce module, les participants s\u2019entra\u00eenent \u00e0 utiliser des strat\u00e9gies de communication exigeantes, des moyens rh\u00e9toriques ainsi que les subtilit\u00e9s de la communication interculturelle. L\u2019objectif est de s\u2019exprimer avec aisance lors de discussions, de d\u00e9bats et de pr\u00e9sentations, au plus haut niveau linguistique.<\/li>\n<li><strong>M\u00e9dias<\/strong> : ce module aborde l\u2019analyse critique des m\u00e9dias, l\u2019usage de la langue dans les m\u00e9dias classiques et num\u00e9riques ainsi que le r\u00f4le des r\u00e9seaux sociaux. Les apprenants s\u2019entra\u00eenent \u00e0 prendre position de mani\u00e8re nuanc\u00e9e et r\u00e9fl\u00e9chie, tout en d\u00e9veloppant de fa\u00e7on cibl\u00e9e leurs comp\u00e9tences d\u2019expression et d\u2019analyse au niveau C2.<\/li>\n<li><strong>Communication dans la vie professionnelle<\/strong> : ce module traite de l\u2019usage de la langue en contexte professionnel \u2014 n\u00e9gocier, pr\u00e9senter, r\u00e9diger des textes exigeants et animer des r\u00e9unions. Les participants y exercent \u00e0 la fois la pr\u00e9cision linguistique et la finesse communicationnelle, au plus haut niveau.<\/li>\n<li><strong>Politique &amp; soci\u00e9t\u00e9<\/strong> : ce module met l\u2019accent sur les strat\u00e9gies de discussion et d\u2019argumentation autour de th\u00e8mes sociaux et politiques actuels, ainsi que sur la connaissance du syst\u00e8me politique allemand. Les participants apprennent \u00e0 analyser des enjeux complexes avec finesse linguistique et \u00e0 les pr\u00e9senter de mani\u00e8re convaincante.<\/li>\n<li><strong>\u00c9conomie<\/strong> : ce module porte sur les textes sp\u00e9cialis\u00e9s en \u00e9conomie, le langage financier et les discours \u00e9conomiques. Les apprenants s\u2019entra\u00eenent \u00e0 manier une langue sp\u00e9cialis\u00e9e de mani\u00e8re nuanc\u00e9e et \u00e0 formuler des enjeux \u00e9conomiques complexes avec pr\u00e9cision et conviction.<\/li>\n<li><strong>Tourisme et environnement<\/strong> : ce module associe apprentissage interculturel et entra\u00eenement linguistique. \u00c0 travers l\u2019analyse de r\u00e9cits de voyage, de concepts touristiques et de textes culturels, les participants d\u00e9veloppent leurs comp\u00e9tences d\u2019expression \u00e9crite et orale au plus haut niveau.<\/li>\n<li><strong>Sciences et technologies<\/strong> : ce module met l\u2019accent sur la langue des textes scientifiques et des innovations techniques. Les participants s\u2019entra\u00eenent \u00e0 r\u00e9sumer des contenus complexes de mani\u00e8re structur\u00e9e, \u00e0 les \u00e9valuer de fa\u00e7on critique et \u00e0 les pr\u00e9senter eux-m\u00eames dans une langue soutenue.<\/li>\n<li><strong>Histoire et culture <\/strong>: ce module met l\u2019accent sur les \u00e9v\u00e9nements historiques et les \u00e9volutions culturelles. Les apprenants s\u2019entra\u00eenent \u00e0 comprendre des discours historiques complexes avec finesse linguistique et \u00e0 d\u00e9fendre leur propre position de mani\u00e8re convaincante.<\/li>\n<li><strong>Litt\u00e9rature et culture :<\/strong> \u00e0 travers l\u2019\u00e9tude de textes litt\u00e9raires et de discours culturels, les participants approfondissent leurs capacit\u00e9s d\u2019interpr\u00e9tation et d\u2019analyse linguistique. L\u2019\u00e9criture cr\u00e9ative et critique est encourag\u00e9e au plus haut niveau.<\/li>\n<li><strong>Philosophie<\/strong> : ce module est consacr\u00e9 aux processus de pens\u00e9e abstraite et aux textes philosophiques. Les participants s\u2019entra\u00eenent \u00e0 argumenter avec pr\u00e9cision, \u00e0 utiliser une langue logique et \u00e0 formuler des id\u00e9es complexes dans un allemand soutenu.<\/li>\n<li><strong>Sant\u00e9 et psychologie <\/strong>: ce module traite de textes exigeants portant sur des questions de sant\u00e9 et de psychologie. Les apprenants s\u2019exercent \u00e0 pr\u00e9senter des relations complexes de mani\u00e8re claire et nuanc\u00e9e, et \u00e0 en discuter avec sensibilit\u00e9.<\/li>\n<li><strong>Religion <\/strong>: ce module aborde les discours religieux, les textes et les d\u00e9bats soci\u00e9taux qui s\u2019y rapportent. Les participants d\u00e9veloppent leur capacit\u00e9 \u00e0 argumenter dans ce domaine sensible avec pr\u00e9cision linguistique, r\u00e9flexion et au plus haut niveau.<\/li>\n<\/ul>\n<p>Chaque module peut aussi \u00eatre r\u00e9serv\u00e9 s\u00e9par\u00e9ment.<\/p>\n<p>Chaque nouveau module commence au milieu du mois<\/p>\n<p>Horaire du cours : le mercredi, de 18h45 \u00e0 21h15<\/p>\n","protected":false},"excerpt":{"rendered":"<p>C2 mini groupe Notre cours d\u2019allemand C2 (CECR) est propos\u00e9 toute l\u2019ann\u00e9e \u2014 en ligne ou en pr\u00e9sentiel. Comme il s\u2019agit d\u2019une langue appliqu\u00e9e, vous&hellip;<\/p>\n","protected":false},"featured_media":49458,"comment_status":"open","ping_status":"closed","template":"","meta":{"_et_pb_use_builder":"","_et_pb_old_content":"","_et_gb_content_width":""},"product_brand":[],"product_cat":[190],"product_tag":[],"class_list":{"0":"post-62751","1":"product","2":"type-product","3":"status-publish","4":"has-post-thumbnail","6":"product_cat-petit-groupe","8":"first","9":"instock","10":"purchasable","11":"product-type-variable"},"jetpack_sharing_enabled":true,"_links":{"self":[{"href":"https:\/\/germaninstitute.com\/de\/fr\/wp-json\/wp\/v2\/product\/62751","targetHints":{"allow":["GET"]}}],"collection":[{"href":"https:\/\/germaninstitute.com\/de\/fr\/wp-json\/wp\/v2\/product"}],"about":[{"href":"https:\/\/germaninstitute.com\/de\/fr\/wp-json\/wp\/v2\/types\/product"}],"replies":[{"embeddable":true,"href":"https:\/\/germaninstitute.com\/de\/fr\/wp-json\/wp\/v2\/comments?post=62751"}],"wp:featuredmedia":[{"embeddable":true,"href":"https:\/\/germaninstitute.com\/de\/fr\/wp-json\/wp\/v2\/media\/49458"}],"wp:attachment":[{"href":"https:\/\/germaninstitute.com\/de\/fr\/wp-json\/wp\/v2\/media?parent=62751"}],"wp:term":[{"taxonomy":"product_brand","embeddable":true,"href":"https:\/\/germaninstitute.com\/de\/fr\/wp-json\/wp\/v2\/product_brand?post=62751"},{"taxonomy":"product_cat","embeddable":true,"href":"https:\/\/germaninstitute.com\/de\/fr\/wp-json\/wp\/v2\/product_cat?post=62751"},{"taxonomy":"product_tag","embeddable":true,"href":"https:\/\/germaninstitute.com\/de\/fr\/wp-json\/wp\/v2\/product_tag?post=62751"}],"curies":[{"name":"wp","href":"https:\/\/api.w.org\/{rel}","templated":true}]}}