{"id":45491,"date":"2025-02-17T09:02:32","date_gmt":"2025-02-17T08:02:32","guid":{"rendered":"https:\/\/germaninstitute.com\/de\/produkt\/b1-soir\/"},"modified":"2026-01-20T11:28:08","modified_gmt":"2026-01-20T10:28:08","slug":"b1-soir","status":"publish","type":"product","link":"https:\/\/germaninstitute.com\/de\/fr\/produkt\/b1-soir\/","title":{"rendered":"B1 SOIR"},"content":{"rendered":"<p><strong>B1 SOIR<\/strong><\/p>\n<p>45 unit\u00e9s d&rsquo;enseignement de 45 minutes par niveau partiel (B1+1 ou B1+2) (cours suppl\u00e9mentaires compris)<\/p>\n<p><strong>Forfait tout compris :<\/strong><\/p>\n<p>+ Cours de grammaire<\/p>\n<p>+ Cours sp\u00e9ciaux, par exemple entra\u00eenement \u00e0 la prononciation, cours de conversation, pr\u00e9paration aux examens, etc. + Plateforme en ligne<\/p>\n<p><strong>+ Livres num\u00e9riques<\/strong><\/p>\n<p>+ Mat\u00e9riel suppl\u00e9mentaire<\/p>\n<p>+ Excursions<\/p>\n<p>\ud83d\udca1 <strong>Il n&rsquo;y a aucune diff\u00e9rence entre B1+1 et B1+2 en termes de niveau de difficult\u00e9 ou d&rsquo;ordre obligatoire.<\/strong> \u00c0 partir du niveau B1, les modules (B1.1 \/ B1.2, B2.1 \/ B2.2, C1.1 \/ C1.2) ne s&rsquo;encha\u00eenent pas de mani\u00e8re lin\u00e9aire, de sorte qu&rsquo;ils peuvent \u00eatre suivis dans n&rsquo;importe quel ordre. Cela signifie que B1+1 et B1+2 constituent tous deux des points d&rsquo;entr\u00e9e appropri\u00e9s. En fonction de l&#8217;emploi du temps, il est tout \u00e0 fait possible de commencer par l&rsquo;un ou l&rsquo;autre.<\/p>\n","protected":false},"excerpt":{"rendered":"<p>B1 SOIR 45 unit\u00e9s d&rsquo;enseignement de 45 minutes par niveau partiel (B1+1 ou B1+2) (cours suppl\u00e9mentaires compris) Forfait tout compris : + Cours de grammaire&hellip;<\/p>\n","protected":false},"featured_media":64606,"comment_status":"closed","ping_status":"closed","template":"","meta":{"_et_pb_use_builder":"off","_et_pb_old_content":"","_et_gb_content_width":""},"product_brand":[],"product_cat":[176,232],"product_tag":[],"class_list":{"0":"post-45491","1":"product","2":"type-product","3":"status-publish","4":"has-post-thumbnail","6":"product_cat-cours-b1","7":"product_cat-cours-du-soir","9":"first","10":"instock","11":"purchasable","12":"product-type-variable"},"jetpack_sharing_enabled":true,"_links":{"self":[{"href":"https:\/\/germaninstitute.com\/de\/fr\/wp-json\/wp\/v2\/product\/45491","targetHints":{"allow":["GET"]}}],"collection":[{"href":"https:\/\/germaninstitute.com\/de\/fr\/wp-json\/wp\/v2\/product"}],"about":[{"href":"https:\/\/germaninstitute.com\/de\/fr\/wp-json\/wp\/v2\/types\/product"}],"replies":[{"embeddable":true,"href":"https:\/\/germaninstitute.com\/de\/fr\/wp-json\/wp\/v2\/comments?post=45491"}],"wp:featuredmedia":[{"embeddable":true,"href":"https:\/\/germaninstitute.com\/de\/fr\/wp-json\/wp\/v2\/media\/64606"}],"wp:attachment":[{"href":"https:\/\/germaninstitute.com\/de\/fr\/wp-json\/wp\/v2\/media?parent=45491"}],"wp:term":[{"taxonomy":"product_brand","embeddable":true,"href":"https:\/\/germaninstitute.com\/de\/fr\/wp-json\/wp\/v2\/product_brand?post=45491"},{"taxonomy":"product_cat","embeddable":true,"href":"https:\/\/germaninstitute.com\/de\/fr\/wp-json\/wp\/v2\/product_cat?post=45491"},{"taxonomy":"product_tag","embeddable":true,"href":"https:\/\/germaninstitute.com\/de\/fr\/wp-json\/wp\/v2\/product_tag?post=45491"}],"curies":[{"name":"wp","href":"https:\/\/api.w.org\/{rel}","templated":true}]}}