{"id":39532,"date":"2025-02-17T09:02:32","date_gmt":"2025-02-17T08:02:32","guid":{"rendered":"https:\/\/germaninstitute.com\/de\/produkt\/a2-soir\/"},"modified":"2026-01-20T09:33:32","modified_gmt":"2026-01-20T08:33:32","slug":"a2-soir","status":"publish","type":"product","link":"https:\/\/germaninstitute.com\/de\/fr\/produkt\/a2-soir\/","title":{"rendered":"A2 SOIR"},"content":{"rendered":"<p style=\"font-weight: 400;\"><strong>A2 SOIR<\/strong><\/p>\n<p style=\"font-weight: 400;\">45 unit\u00e9s d&rsquo;enseignement de 45 minutes par niveau partiel (A2.1 ou A2.2) (cours suppl\u00e9mentaires compris)<\/p>\n<p style=\"font-weight: 400;\"><strong>Forfait tout inclus :<\/strong><\/p>\n<p style=\"font-weight: 400;\">+ Cours de grammaire<\/p>\n<p style=\"font-weight: 400;\">+ Cours sp\u00e9ciaux, par exemple entra\u00eenement \u00e0 la prononciation, cours de conversation, pr\u00e9paration aux examens, etc. + Plateforme en ligne<\/p>\n<p style=\"font-weight: 400;\">+ <strong>Livres num\u00e9riques<\/strong><\/p>\n<p style=\"font-weight: 400;\">+ Mat\u00e9riel suppl\u00e9mentaire<\/p>\n<p style=\"font-weight: 400;\">+ Excursions<\/p>\n","protected":false},"excerpt":{"rendered":"<p>A2 SOIR 45 unit\u00e9s d&rsquo;enseignement de 45 minutes par niveau partiel (A2.1 ou A2.2) (cours suppl\u00e9mentaires compris) Forfait tout inclus : + Cours de grammaire&hellip;<\/p>\n","protected":false},"featured_media":16181,"comment_status":"closed","ping_status":"closed","template":"","meta":{"_et_pb_use_builder":"","_et_pb_old_content":"<p style=\"font-weight: 400;\"><strong>A2 SOIR<\/strong><\/p>\r\n<p style=\"font-weight: 400;\">45 unit\u00e9s d'enseignement de 45 minutes par niveau partiel (A2.1 ou A2.2) (cours suppl\u00e9mentaires compris)<\/p>\r\n<p style=\"font-weight: 400;\"><strong>Forfait tout inclus :<\/strong><\/p>\r\n<p style=\"font-weight: 400;\">+ Cours de grammaire<\/p>\r\n<p style=\"font-weight: 400;\">+ Cours sp\u00e9ciaux, par exemple entra\u00eenement \u00e0 la prononciation, cours de conversation, pr\u00e9paration aux examens, etc. + Plateforme en ligne<\/p>\r\n<p style=\"font-weight: 400;\">+ <strong>Livres num\u00e9riques<\/strong><\/p>\r\n<p style=\"font-weight: 400;\">+ Mat\u00e9riel suppl\u00e9mentaire<\/p>\r\n<p style=\"font-weight: 400;\">+ Excursions<\/p>","_et_gb_content_width":""},"product_brand":[],"product_cat":[179,232],"product_tag":[],"class_list":{"0":"post-39532","1":"product","2":"type-product","3":"status-publish","4":"has-post-thumbnail","6":"product_cat-cours-a2","7":"product_cat-cours-du-soir","9":"first","10":"instock","11":"purchasable","12":"product-type-variable"},"jetpack_sharing_enabled":true,"_links":{"self":[{"href":"https:\/\/germaninstitute.com\/de\/fr\/wp-json\/wp\/v2\/product\/39532","targetHints":{"allow":["GET"]}}],"collection":[{"href":"https:\/\/germaninstitute.com\/de\/fr\/wp-json\/wp\/v2\/product"}],"about":[{"href":"https:\/\/germaninstitute.com\/de\/fr\/wp-json\/wp\/v2\/types\/product"}],"replies":[{"embeddable":true,"href":"https:\/\/germaninstitute.com\/de\/fr\/wp-json\/wp\/v2\/comments?post=39532"}],"wp:featuredmedia":[{"embeddable":true,"href":"https:\/\/germaninstitute.com\/de\/fr\/wp-json\/wp\/v2\/media\/16181"}],"wp:attachment":[{"href":"https:\/\/germaninstitute.com\/de\/fr\/wp-json\/wp\/v2\/media?parent=39532"}],"wp:term":[{"taxonomy":"product_brand","embeddable":true,"href":"https:\/\/germaninstitute.com\/de\/fr\/wp-json\/wp\/v2\/product_brand?post=39532"},{"taxonomy":"product_cat","embeddable":true,"href":"https:\/\/germaninstitute.com\/de\/fr\/wp-json\/wp\/v2\/product_cat?post=39532"},{"taxonomy":"product_tag","embeddable":true,"href":"https:\/\/germaninstitute.com\/de\/fr\/wp-json\/wp\/v2\/product_tag?post=39532"}],"curies":[{"name":"wp","href":"https:\/\/api.w.org\/{rel}","templated":true}]}}