{"id":27555,"date":"2025-02-17T09:02:32","date_gmt":"2025-02-17T08:02:32","guid":{"rendered":"https:\/\/germaninstitute.com\/de\/produkt\/a1-intensif\/"},"modified":"2026-01-15T10:19:03","modified_gmt":"2026-01-15T09:19:03","slug":"a1-intensif","status":"publish","type":"product","link":"https:\/\/germaninstitute.com\/de\/fr\/produkt\/a1-intensif\/","title":{"rendered":"A1 INTENSIF"},"content":{"rendered":"<p><strong>A1 Intensif<\/strong><\/p>\n<p>80 unit\u00e9s d\u2019enseignement de 45 minutes par sous-niveau (A1.1 ou A1.2) (cours suppl\u00e9mentaires inclus)<\/p>\n<p>Forfait tout compris :<\/p>\n<p>+ cours de grammaire en ligne<\/p>\n<p>+ cours sp\u00e9cialis\u00e9s en ligne, par exemple, entra\u00eenement \u00e0 la prononciation, cours de conversation, pr\u00e9paration aux examens, etc. + plateforme en ligne<\/p>\n<p>+ Livres num\u00e9riques<\/p>\n<p>+ mat\u00e9riel suppl\u00e9mentaire<\/p>\n<p>+ excursions<\/p>\n","protected":false},"excerpt":{"rendered":"<p>A1 Intensif 80 unit\u00e9s d\u2019enseignement de 45 minutes par sous-niveau (A1.1 ou A1.2) (cours suppl\u00e9mentaires inclus) Forfait tout compris : + cours de grammaire en&hellip;<\/p>\n","protected":false},"featured_media":16171,"comment_status":"closed","ping_status":"closed","template":"","meta":{"_et_pb_use_builder":"off","_et_pb_old_content":"<p style=\"font-weight: 400\">80 unit\u00e9s d'enseignement de 45 minutes par sous-niveau (A1.1 ou A1.2) (cours suppl\u00e9mentaires inclus)<\/p>\r\n<p style=\"font-weight: 400\"><strong>Forfait tout inclus :<\/strong><\/p>\r\n<p style=\"font-weight: 400\">+ cours de grammaire en ligne<\/p>\r\n<p style=\"font-weight: 400\">+ cours sp\u00e9cialis\u00e9s en ligne, par exemple entra\u00eenement \u00e0 la prononciation, cours de conversation, pr\u00e9paration aux examens, etc. + plateforme en ligne<\/p>\r\n<p style=\"font-weight: 400\">+ <strong>Livres num\u00e9riques<\/strong><\/p>\r\n<p style=\"font-weight: 400\">+ Mat\u00e9riel suppl\u00e9mentaire<\/p>\r\n<p style=\"font-weight: 400\">+ Excursions<\/p>","_et_gb_content_width":""},"product_brand":[],"product_cat":[227],"product_tag":[],"class_list":{"0":"post-27555","1":"product","2":"type-product","3":"status-publish","4":"has-post-thumbnail","6":"product_cat-cours-a1","8":"first","9":"instock","10":"purchasable","11":"product-type-variable"},"jetpack_sharing_enabled":true,"_links":{"self":[{"href":"https:\/\/germaninstitute.com\/de\/fr\/wp-json\/wp\/v2\/product\/27555","targetHints":{"allow":["GET"]}}],"collection":[{"href":"https:\/\/germaninstitute.com\/de\/fr\/wp-json\/wp\/v2\/product"}],"about":[{"href":"https:\/\/germaninstitute.com\/de\/fr\/wp-json\/wp\/v2\/types\/product"}],"replies":[{"embeddable":true,"href":"https:\/\/germaninstitute.com\/de\/fr\/wp-json\/wp\/v2\/comments?post=27555"}],"wp:featuredmedia":[{"embeddable":true,"href":"https:\/\/germaninstitute.com\/de\/fr\/wp-json\/wp\/v2\/media\/16171"}],"wp:attachment":[{"href":"https:\/\/germaninstitute.com\/de\/fr\/wp-json\/wp\/v2\/media?parent=27555"}],"wp:term":[{"taxonomy":"product_brand","embeddable":true,"href":"https:\/\/germaninstitute.com\/de\/fr\/wp-json\/wp\/v2\/product_brand?post=27555"},{"taxonomy":"product_cat","embeddable":true,"href":"https:\/\/germaninstitute.com\/de\/fr\/wp-json\/wp\/v2\/product_cat?post=27555"},{"taxonomy":"product_tag","embeddable":true,"href":"https:\/\/germaninstitute.com\/de\/fr\/wp-json\/wp\/v2\/product_tag?post=27555"}],"curies":[{"name":"wp","href":"https:\/\/api.w.org\/{rel}","templated":true}]}}