{"id":18809,"date":"2025-07-22T13:20:39","date_gmt":"2025-07-22T11:20:39","guid":{"rendered":"https:\/\/germaninstitute.com\/de\/produkt\/cours-de-prononciation-module-1-introduction-analyse-et-diagnostic\/"},"modified":"2025-12-09T16:06:19","modified_gmt":"2025-12-09T15:06:19","slug":"cours-de-prononciation-module-1-introduction-analyse-et-diagnostic","status":"publish","type":"product","link":"https:\/\/germaninstitute.com\/de\/fr\/produkt\/cours-de-prononciation-module-1-introduction-analyse-et-diagnostic\/","title":{"rendered":"Cours de prononciation Module 1 &#8211; Introduction, analyse et diagnostic"},"content":{"rendered":"<p>D\u00e9couvrez dans le premier module (2 unit\u00e9s d&rsquo;enseignement) votre force d&rsquo;articulation dans votre analyse linguistique individuelle avec nous, et r\u00e9servez des modules individuels afin que nous puissions vous aider avec vos besoins sp\u00e9cifiques.<\/p>\n","protected":false},"excerpt":{"rendered":"<p>D\u00e9couvrez dans le premier module (2 unit\u00e9s d&rsquo;enseignement) votre force d&rsquo;articulation dans votre analyse linguistique individuelle avec nous, et r\u00e9servez des modules individuels afin que&hellip;<\/p>\n","protected":false},"featured_media":18011,"comment_status":"open","ping_status":"closed","template":"","meta":{"_et_pb_use_builder":"","_et_pb_old_content":"","_et_gb_content_width":""},"product_brand":[],"product_cat":[209],"product_tag":[],"class_list":{"0":"post-18809","1":"product","2":"type-product","3":"status-publish","4":"has-post-thumbnail","6":"product_cat-cours-de-prononciation","8":"first","9":"instock","10":"purchasable","11":"product-type-simple"},"jetpack_sharing_enabled":true,"_links":{"self":[{"href":"https:\/\/germaninstitute.com\/de\/fr\/wp-json\/wp\/v2\/product\/18809","targetHints":{"allow":["GET"]}}],"collection":[{"href":"https:\/\/germaninstitute.com\/de\/fr\/wp-json\/wp\/v2\/product"}],"about":[{"href":"https:\/\/germaninstitute.com\/de\/fr\/wp-json\/wp\/v2\/types\/product"}],"replies":[{"embeddable":true,"href":"https:\/\/germaninstitute.com\/de\/fr\/wp-json\/wp\/v2\/comments?post=18809"}],"wp:featuredmedia":[{"embeddable":true,"href":"https:\/\/germaninstitute.com\/de\/fr\/wp-json\/wp\/v2\/media\/18011"}],"wp:attachment":[{"href":"https:\/\/germaninstitute.com\/de\/fr\/wp-json\/wp\/v2\/media?parent=18809"}],"wp:term":[{"taxonomy":"product_brand","embeddable":true,"href":"https:\/\/germaninstitute.com\/de\/fr\/wp-json\/wp\/v2\/product_brand?post=18809"},{"taxonomy":"product_cat","embeddable":true,"href":"https:\/\/germaninstitute.com\/de\/fr\/wp-json\/wp\/v2\/product_cat?post=18809"},{"taxonomy":"product_tag","embeddable":true,"href":"https:\/\/germaninstitute.com\/de\/fr\/wp-json\/wp\/v2\/product_tag?post=18809"}],"curies":[{"name":"wp","href":"https:\/\/api.w.org\/{rel}","templated":true}]}}