{"id":29711,"date":"2025-02-17T13:44:40","date_gmt":"2025-02-17T12:44:40","guid":{"rendered":"https:\/\/germaninstitute.com\/de\/yhteystiedot-typeform\/"},"modified":"2025-12-09T12:27:36","modified_gmt":"2025-12-09T11:27:36","slug":"yhteystiedot-typeform","status":"publish","type":"page","link":"https:\/\/germaninstitute.com\/de\/fi\/yhteystiedot-typeform\/","title":{"rendered":"Yhteystiedot (typeform)"},"content":{"rendered":"<p>[et_pb_section fb_built=&#8221;1&#8243; fullwidth=&#8221;on&#8221; _builder_version=&#8221;4.27.4&#8243; _module_preset=&#8221;default&#8221; background_color=&#8221;rgba(1,34,67,0.55)&#8221; width=&#8221;100%&#8221; max_width=&#8221;100%&#8221; bottom_divider_height=&#8221;31px&#8221; global_colors_info=&#8221;{}&#8221;][et_pb_fullwidth_header title=&#8221;Neuvonta &#038; Yhteystiedot &#8221; button_one_text=&#8221;Varaa yksil\u00f6llinen neuvonta-aika&#8221; button_one_url=&#8221;#typeform&#8221; header_image_url=&#8221;https:\/\/germaninstitute.com\/de\/wp-content\/uploads\/2025\/06\/DSCF1880-scaled.jpg&#8221; _builder_version=&#8221;4.27.4&#8243; _module_preset=&#8221;default&#8221; title_font=&#8221;&#8211;et_global_heading_font||||||||&#8221; title_font_size=&#8221;40px&#8221; background_color=&#8221;#012243&#8243; global_colors_info=&#8221;{}&#8221;]<\/p>\n<p><strong data-start=\"542\" data-end=\"588\">Onko sinulla kysytt\u00e4v\u00e4\u00e4 saksankurssista tai viisumista?<\/strong><br \/><span>Asiantuntijamme auttavat sinua henkil\u00f6kohtaisesti. Ota meihin yhteytt\u00e4 <strong>puhelimitse<\/strong>, <strong>s\u00e4hk\u00f6postitse<\/strong> tai tule <strong>henkil\u00f6kohtaisesti<\/strong> k\u00e4ym\u00e4\u00e4n luonamme. <\/span><\/p>\n<p>[\/et_pb_fullwidth_header][\/et_pb_section][et_pb_section fb_built=&#8221;1&#8243; fullwidth=&#8221;on&#8221; _builder_version=&#8221;4.27.4&#8243; _module_preset=&#8221;default&#8221; global_colors_info=&#8221;{}&#8221;][et_pb_fullwidth_code module_id=&#8221;typeform&#8221; _builder_version=&#8221;4.27.4&#8243; _module_preset=&#8221;default&#8221; hover_enabled=&#8221;0&#8243; global_colors_info=&#8221;{}&#8221; sticky_enabled=&#8221;0&#8243;]<\/p>\n<div data-tf-live=\"01KBF7MHZHTTZ62S700XAR5Z01\"><\/div>\n<p><script src=\"\/\/embed.typeform.com\/next\/embed.js\"><\/script>[\/et_pb_fullwidth_code][\/et_pb_section][et_pb_section fb_built=&#8221;1&#8243; admin_label=&#8221;List&#8221; _builder_version=&#8221;4.25.1&#8243; _module_preset=&#8221;default&#8221; collapsed=&#8221;on&#8221; global_colors_info=&#8221;{}&#8221;][et_pb_row _builder_version=&#8221;4.25.1&#8243; _module_preset=&#8221;default&#8221; global_colors_info=&#8221;{}&#8221;][et_pb_column type=&#8221;4_4&#8243; _builder_version=&#8221;4.25.1&#8243; _module_preset=&#8221;default&#8221; global_colors_info=&#8221;{}&#8221;][et_pb_heading title=&#8221;Schon neugierig? Entdecke hier unsere Kursangebote&#8221; _builder_version=&#8221;4.27.4&#8243; _module_preset=&#8221;c33f07d9-41e0-421a-8799-5799df695cce&#8221; title_level=&#8221;h2&#8243; title_font=&#8221;&#8211;et_global_heading_font|Cormorant Garamond_weight|||||||&#8221; title_text_align=&#8221;center&#8221; title_text_color=&#8221;#204f8a&#8221; title_font_size=&#8221;40px&#8221; title_line_height=&#8221;1.2em&#8221; custom_margin=&#8221;||10px||false|false&#8221; title_font_size_tablet=&#8221;28px&#8221; title_font_size_phone=&#8221;20px&#8221; title_font_size_last_edited=&#8221;on|phone&#8221; global_colors_info=&#8221;{}&#8221;][\/et_pb_heading][et_pb_text _builder_version=&#8221;4.27.4&#8243; _module_preset=&#8221;default&#8221; text_font=&#8221;&#8211;et_global_body_font||||||||&#8221; text_orientation=&#8221;center&#8221; global_colors_info=&#8221;{}&#8221;]<\/p>\n<p><span>Haluatko aloittaa heti? Valitse jokin kursseistamme \u2013 <strong>intensiivikursseista iltakursseihin ja ammattikielikoulutukseen.<\/strong> <\/span><\/p>\n<p>[\/et_pb_text][\/et_pb_column][\/et_pb_row][et_pb_row column_structure=&#8221;1_2,1_2&#8243; _builder_version=&#8221;4.25.1&#8243; _module_preset=&#8221;default&#8221; global_colors_info=&#8221;{}&#8221;][et_pb_column type=&#8221;1_2&#8243; _builder_version=&#8221;4.25.1&#8243; _module_preset=&#8221;default&#8221; global_colors_info=&#8221;{}&#8221;][et_pb_blurb title=&#8221;Intensiivikurssit ja iltakurssit&#8221; use_icon=&#8221;on&#8221; font_icon=&#8221;&#xf058;||fa||900&#8243; icon_color=&#8221;#03045e&#8221; icon_placement=&#8221;left&#8221; image_icon_width=&#8221;40px&#8221; content_max_width=&#8221;100%&#8221; _builder_version=&#8221;4.27.4&#8243; _dynamic_attributes=&#8221;link_option_url&#8221; _module_preset=&#8221;65059203-12d3-44f6-8371-3f5cf61a0475&#8243; header_level=&#8221;h3&#8243; header_font=&#8221;&#8211;et_global_heading_font|Cormorant Garamond_weight|||||||&#8221; header_text_color=&#8221;#0e0c19&#8243; header_font_size=&#8221;18px&#8221; header_line_height=&#8221;1.4em&#8221; body_font=&#8221;&#8211;et_global_body_font|Proza Libre_weight|||||||&#8221; body_text_color=&#8221;#3c3a47&#8243; body_font_size=&#8221;16px&#8221; body_line_height=&#8221;1.75em&#8221; body_link_text_color=&#8221;#03045e&#8221; background_color=&#8221;#FFFFFF&#8221; animation=&#8221;off&#8221; link_option_url=&#8221;@ET-DC@eyJkeW5hbWljIjp0cnVlLCJjb250ZW50IjoicG9zdF9saW5rX3VybF9wYWdlIiwic2V0dGluZ3MiOnsicG9zdF9pZCI6IjEyOTY1In19@&#8221; header_font_size_tablet=&#8221;15px&#8221; header_font_size_phone=&#8221;14px&#8221; header_font_size_last_edited=&#8221;on|phone&#8221; body_font_size_tablet=&#8221;15px&#8221; body_font_size_phone=&#8221;14px&#8221; body_font_size_last_edited=&#8221;on|desktop&#8221; border_radii_image=&#8221;on|6px|6px|6px|6px&#8221; global_colors_info=&#8221;{}&#8221; background__hover_enabled=&#8221;on|hover&#8221; background_color__hover=&#8221;rgba(32,79,138,0.14)&#8221; background_enable_color__hover=&#8221;on&#8221;]<\/p>\n<p><span>Intensiivi- ja iltakurssimme sopivat ty\u00f6ss\u00e4k\u00e4yville, opiskelijoille ja harjoittelijoille. Pienryhmiss\u00e4 harjoittelet heti kaiken, mit\u00e4 tarvitset arjessa, opinnoissa tai ty\u00f6ss\u00e4. <\/span><\/p>\n<p>[\/et_pb_blurb][et_pb_blurb title=&#8221;Koekoulutus&#8221; use_icon=&#8221;on&#8221; font_icon=&#8221;&#xf058;||fa||900&#8243; icon_color=&#8221;#03045e&#8221; icon_placement=&#8221;left&#8221; image_icon_width=&#8221;40px&#8221; content_max_width=&#8221;100%&#8221; _builder_version=&#8221;4.27.4&#8243; _dynamic_attributes=&#8221;link_option_url&#8221; _module_preset=&#8221;65059203-12d3-44f6-8371-3f5cf61a0475&#8243; header_level=&#8221;h3&#8243; header_font=&#8221;&#8211;et_global_heading_font|Cormorant Garamond_weight|||||||&#8221; header_text_color=&#8221;#0e0c19&#8243; header_font_size=&#8221;18px&#8221; header_line_height=&#8221;1.4em&#8221; body_font=&#8221;&#8211;et_global_body_font|Proza Libre_weight|||||||&#8221; body_text_color=&#8221;#3c3a47&#8243; body_font_size=&#8221;16px&#8221; body_line_height=&#8221;1.75em&#8221; body_link_text_color=&#8221;#03045e&#8221; animation=&#8221;off&#8221; link_option_url=&#8221;@ET-DC@eyJkeW5hbWljIjp0cnVlLCJjb250ZW50IjoicG9zdF9saW5rX3VybF9wYWdlIiwic2V0dGluZ3MiOnsicG9zdF9pZCI6IjE0MjY1In19@&#8221; header_font_size_tablet=&#8221;15px&#8221; header_font_size_phone=&#8221;14px&#8221; header_font_size_last_edited=&#8221;on|phone&#8221; body_font_size_tablet=&#8221;15px&#8221; body_font_size_phone=&#8221;14px&#8221; body_font_size_last_edited=&#8221;on|desktop&#8221; border_radii_image=&#8221;on|6px|6px|6px|6px&#8221; global_colors_info=&#8221;{}&#8221; background__hover_enabled=&#8221;on|hover&#8221; background_color__hover=&#8221;rgba(32,79,138,0.14)&#8221; background_enable_color__hover=&#8221;on&#8221;]<\/p>\n<p><span>Valmistamme sinut kaikkiin saksan kielen kokeisiin: telc, Goethe, l\u00e4\u00e4ketieteen ja hoitoalan kokeisiin. Todellisilla koeteht\u00e4vill\u00e4 ja henkil\u00f6kohtaisella simulaatiolla. <\/span><\/p>\n<p>[\/et_pb_blurb][et_pb_blurb title=&#8221;\u00c4\u00e4nt\u00e4misharjoittelu&#8221; use_icon=&#8221;on&#8221; font_icon=&#8221;&#xf058;||fa||900&#8243; icon_color=&#8221;#03045e&#8221; icon_placement=&#8221;left&#8221; image_icon_width=&#8221;40px&#8221; content_max_width=&#8221;100%&#8221; _builder_version=&#8221;4.27.4&#8243; _dynamic_attributes=&#8221;link_option_url&#8221; _module_preset=&#8221;65059203-12d3-44f6-8371-3f5cf61a0475&#8243; header_level=&#8221;h3&#8243; header_font=&#8221;&#8211;et_global_heading_font|Cormorant Garamond_weight|||||||&#8221; header_text_color=&#8221;#0e0c19&#8243; header_font_size=&#8221;18px&#8221; header_line_height=&#8221;1.4em&#8221; body_font=&#8221;&#8211;et_global_body_font|Proza Libre_weight|||||||&#8221; body_text_color=&#8221;#3c3a47&#8243; body_font_size=&#8221;16px&#8221; body_line_height=&#8221;1.75em&#8221; body_link_text_color=&#8221;#03045e&#8221; animation=&#8221;off&#8221; link_option_url=&#8221;@ET-DC@eyJkeW5hbWljIjp0cnVlLCJjb250ZW50IjoicG9zdF9saW5rX3VybF9wYWdlIiwic2V0dGluZ3MiOnsicG9zdF9pZCI6IjE0MDU1In19@&#8221; header_font_size_tablet=&#8221;15px&#8221; header_font_size_phone=&#8221;14px&#8221; header_font_size_last_edited=&#8221;on|phone&#8221; body_font_size_tablet=&#8221;15px&#8221; body_font_size_phone=&#8221;14px&#8221; body_font_size_last_edited=&#8221;on|desktop&#8221; border_radii_image=&#8221;on|6px|6px|6px|6px&#8221; global_colors_info=&#8221;{}&#8221; background__hover_enabled=&#8221;on|hover&#8221; background_color__hover=&#8221;rgba(32,79,138,0.14)&#8221; background_enable_color__hover=&#8221;on&#8221;]<\/p>\n<p><span>Harjoittele saksan \u00e4\u00e4nt\u00e4mist\u00e4si kohdennetusti. Fonetikka-harjoitusten ja palautteen avulla puhut selke\u00e4mmin ty\u00f6ss\u00e4 ja arjessa. <\/span><\/p>\n<p>[\/et_pb_blurb][et_pb_blurb title=&#8221;Kursseja hoitoalan ammattilaisille&#8221; use_icon=&#8221;on&#8221; font_icon=&#8221;&#xf058;||fa||900&#8243; icon_color=&#8221;#03045e&#8221; icon_placement=&#8221;left&#8221; image_icon_width=&#8221;40px&#8221; content_max_width=&#8221;100%&#8221; _builder_version=&#8221;4.27.4&#8243; _dynamic_attributes=&#8221;link_option_url&#8221; _module_preset=&#8221;65059203-12d3-44f6-8371-3f5cf61a0475&#8243; header_level=&#8221;h3&#8243; header_font=&#8221;&#8211;et_global_heading_font|Cormorant Garamond_weight|||||||&#8221; header_text_color=&#8221;#0e0c19&#8243; header_font_size=&#8221;18px&#8221; header_line_height=&#8221;1.4em&#8221; body_font=&#8221;&#8211;et_global_body_font|Proza Libre_weight|||||||&#8221; body_text_color=&#8221;#3c3a47&#8243; body_font_size=&#8221;16px&#8221; body_line_height=&#8221;1.75em&#8221; body_link_text_color=&#8221;#03045e&#8221; animation=&#8221;off&#8221; link_option_url=&#8221;@ET-DC@eyJkeW5hbWljIjp0cnVlLCJjb250ZW50IjoicG9zdF9saW5rX3VybF9wYWdlIiwic2V0dGluZ3MiOnsicG9zdF9pZCI6IjE0MTE1In19@&#8221; header_font_size_tablet=&#8221;15px&#8221; header_font_size_phone=&#8221;14px&#8221; header_font_size_last_edited=&#8221;on|phone&#8221; body_font_size_tablet=&#8221;15px&#8221; body_font_size_phone=&#8221;14px&#8221; body_font_size_last_edited=&#8221;on|desktop&#8221; border_radii_image=&#8221;on|6px|6px|6px|6px&#8221; global_colors_info=&#8221;{}&#8221; background__hover_enabled=&#8221;on|hover&#8221; background_color__hover=&#8221;rgba(32,79,138,0.14)&#8221; background_enable_color__hover=&#8221;on&#8221;]<\/p>\n<p><span>T\u00e4m\u00e4 kurssi opettaa ammattisanastoa, potilaskeskusteluja ja dokumentointia. K\u00e4yt\u00e4nn\u00f6nl\u00e4heisesti ja koekoulutuksella hoitoalan arkeesi. <\/span><\/p>\n<p>[\/et_pb_blurb][\/et_pb_column][et_pb_column type=&#8221;1_2&#8243; _builder_version=&#8221;4.25.1&#8243; _module_preset=&#8221;default&#8221; global_colors_info=&#8221;{}&#8221;][et_pb_blurb title=&#8221;Ilmaiset lis\u00e4kurssit&#8221; use_icon=&#8221;on&#8221; font_icon=&#8221;&#xf058;||fa||900&#8243; icon_color=&#8221;#03045e&#8221; icon_placement=&#8221;left&#8221; image_icon_width=&#8221;40px&#8221; content_max_width=&#8221;100%&#8221; _builder_version=&#8221;4.27.4&#8243; _dynamic_attributes=&#8221;link_option_url&#8221; _module_preset=&#8221;65059203-12d3-44f6-8371-3f5cf61a0475&#8243; header_level=&#8221;h3&#8243; header_font=&#8221;&#8211;et_global_heading_font|Cormorant Garamond_weight|||||||&#8221; header_text_color=&#8221;#0e0c19&#8243; header_font_size=&#8221;18px&#8221; header_line_height=&#8221;1.4em&#8221; body_font=&#8221;&#8211;et_global_body_font|Proza Libre_weight|||||||&#8221; body_text_color=&#8221;#3c3a47&#8243; body_font_size=&#8221;16px&#8221; body_line_height=&#8221;1.75em&#8221; body_link_text_color=&#8221;#03045e&#8221; background_color=&#8221;#FFFFFF&#8221; animation=&#8221;off&#8221; link_option_url=&#8221;@ET-DC@eyJkeW5hbWljIjp0cnVlLCJjb250ZW50IjoicG9zdF9saW5rX3VybF9wYWdlIiwic2V0dGluZ3MiOnsicG9zdF9pZCI6IjEyNzc3In19@&#8221; header_font_size_tablet=&#8221;15px&#8221; header_font_size_phone=&#8221;14px&#8221; header_font_size_last_edited=&#8221;on|phone&#8221; body_font_size_tablet=&#8221;15px&#8221; body_font_size_phone=&#8221;14px&#8221; body_font_size_last_edited=&#8221;on|desktop&#8221; border_radii_image=&#8221;on|6px|6px|6px|6px&#8221; global_colors_info=&#8221;{}&#8221; background__hover_enabled=&#8221;on|hover&#8221; background_color__hover=&#8221;rgba(32,79,138,0.14)&#8221; background_enable_color__hover=&#8221;on&#8221;]<\/p>\n<p><span>Joka viikko ilmaiseksi: Kielioppi, keskustelu, kielikahvila ja retket. Puhu enemm\u00e4n \u2013 ja opi ryhm\u00e4ss\u00e4 ilman lis\u00e4kustannuksia. <\/span><\/p>\n<p>[\/et_pb_blurb][et_pb_blurb title=&#8221;All inclusive -paketti oppilaillemme&#8221; use_icon=&#8221;on&#8221; font_icon=&#8221;&#xf058;||fa||900&#8243; icon_color=&#8221;#03045e&#8221; icon_placement=&#8221;left&#8221; image_icon_width=&#8221;40px&#8221; content_max_width=&#8221;100%&#8221; _builder_version=&#8221;4.27.4&#8243; _dynamic_attributes=&#8221;link_option_url&#8221; _module_preset=&#8221;65059203-12d3-44f6-8371-3f5cf61a0475&#8243; header_font=&#8221;&#8211;et_global_heading_font|Cormorant Garamond_weight|||||||&#8221; header_text_color=&#8221;#0e0c19&#8243; header_font_size=&#8221;18px&#8221; header_line_height=&#8221;1.4em&#8221; body_font=&#8221;&#8211;et_global_body_font|Proza Libre_weight|||||||&#8221; body_text_color=&#8221;#3c3a47&#8243; body_font_size=&#8221;16px&#8221; body_line_height=&#8221;1.75em&#8221; body_link_text_color=&#8221;#03045e&#8221; animation=&#8221;off&#8221; link_option_url=&#8221;@ET-DC@eyJkeW5hbWljIjp0cnVlLCJjb250ZW50IjoicG9zdF9saW5rX3VybF9wYWdlIiwic2V0dGluZ3MiOnsicG9zdF9pZCI6IjEzNDY2In19@&#8221; header_font_size_tablet=&#8221;15px&#8221; header_font_size_phone=&#8221;14px&#8221; header_font_size_last_edited=&#8221;on|phone&#8221; body_font_size_tablet=&#8221;15px&#8221; body_font_size_phone=&#8221;14px&#8221; body_font_size_last_edited=&#8221;on|desktop&#8221; border_radii_image=&#8221;on|6px|6px|6px|6px&#8221; global_colors_info=&#8221;{}&#8221; background__hover_enabled=&#8221;on|hover&#8221; background_color__hover=&#8221;rgba(32,79,138,0.14)&#8221; background_enable_color__hover=&#8221;on&#8221;]<\/p>\n<p><span>Kaikki yhdest\u00e4 paikasta: Tasoitustesti, verkkokirja, henkil\u00f6kohtainen neuvonta ja viranomaisapu. N\u00e4in aloitat saksanopiskelusi stressitt\u00f6m\u00e4sti. <\/span><\/p>\n<p>[\/et_pb_blurb][et_pb_blurb title=&#8221;Yrityskurssit&#8221; use_icon=&#8221;on&#8221; font_icon=&#8221;&#xf058;||fa||900&#8243; icon_color=&#8221;#03045e&#8221; icon_placement=&#8221;left&#8221; image_icon_width=&#8221;40px&#8221; content_max_width=&#8221;100%&#8221; _builder_version=&#8221;4.27.4&#8243; _dynamic_attributes=&#8221;link_option_url&#8221; _module_preset=&#8221;65059203-12d3-44f6-8371-3f5cf61a0475&#8243; header_level=&#8221;h3&#8243; header_font=&#8221;&#8211;et_global_heading_font|Cormorant Garamond_weight|||||||&#8221; header_text_color=&#8221;#0e0c19&#8243; header_font_size=&#8221;18px&#8221; header_line_height=&#8221;1.4em&#8221; body_font=&#8221;&#8211;et_global_body_font|Proza Libre_weight|||||||&#8221; body_text_color=&#8221;#3c3a47&#8243; body_font_size=&#8221;16px&#8221; body_line_height=&#8221;1.75em&#8221; body_link_text_color=&#8221;#03045e&#8221; animation=&#8221;off&#8221; link_option_url=&#8221;@ET-DC@eyJkeW5hbWljIjp0cnVlLCJjb250ZW50IjoicG9zdF9saW5rX3VybF9wYWdlIiwic2V0dGluZ3MiOnsicG9zdF9pZCI6IjEzNDY2In19@&#8221; header_font_size_tablet=&#8221;15px&#8221; header_font_size_phone=&#8221;14px&#8221; header_font_size_last_edited=&#8221;on|phone&#8221; body_font_size_tablet=&#8221;15px&#8221; body_font_size_phone=&#8221;14px&#8221; body_font_size_last_edited=&#8221;on|desktop&#8221; border_radii_image=&#8221;on|6px|6px|6px|6px&#8221; global_colors_info=&#8221;{}&#8221; background__hover_enabled=&#8221;on|hover&#8221; background_color__hover=&#8221;rgba(32,79,138,0.14)&#8221; background_enable_color__hover=&#8221;on&#8221;]<\/p>\n<p><span>Kielikoulutusta jokaiselle ty\u00f6alalle: terveydenhuolto, IT, matkailu ja paljon muuta. Mukautamme sis\u00e4ll\u00f6n tarkasti alaasi.<\/span><\/p>\n<p>[\/et_pb_blurb][et_pb_blurb title=&#8221;Kursseja l\u00e4\u00e4k\u00e4reille&#8221; use_icon=&#8221;on&#8221; font_icon=&#8221;&#xf058;||fa||900&#8243; icon_color=&#8221;#03045e&#8221; icon_placement=&#8221;left&#8221; image_icon_width=&#8221;40px&#8221; content_max_width=&#8221;100%&#8221; _builder_version=&#8221;4.27.4&#8243; _dynamic_attributes=&#8221;link_option_url&#8221; _module_preset=&#8221;65059203-12d3-44f6-8371-3f5cf61a0475&#8243; header_level=&#8221;h3&#8243; header_font=&#8221;&#8211;et_global_heading_font|Cormorant Garamond_weight|||||||&#8221; header_text_color=&#8221;#0e0c19&#8243; header_font_size=&#8221;18px&#8221; header_line_height=&#8221;1.4em&#8221; body_font=&#8221;&#8211;et_global_body_font|Proza Libre_weight|||||||&#8221; body_text_color=&#8221;#3c3a47&#8243; body_font_size=&#8221;16px&#8221; body_line_height=&#8221;1.75em&#8221; body_link_text_color=&#8221;#03045e&#8221; background_color=&#8221;#FFFFFF&#8221; animation=&#8221;off&#8221; link_option_url=&#8221;@ET-DC@eyJkeW5hbWljIjp0cnVlLCJjb250ZW50IjoicG9zdF9saW5rX3VybF9wYWdlIiwic2V0dGluZ3MiOnsicG9zdF9pZCI6IjE0MzExIn19@&#8221; header_font_size_tablet=&#8221;15px&#8221; header_font_size_phone=&#8221;14px&#8221; header_font_size_last_edited=&#8221;on|phone&#8221; body_font_size_tablet=&#8221;15px&#8221; body_font_size_phone=&#8221;14px&#8221; body_font_size_last_edited=&#8221;on|desktop&#8221; border_radii_image=&#8221;on|6px|6px|6px|6px&#8221; global_colors_info=&#8221;{}&#8221; background__hover_enabled=&#8221;on|hover&#8221; background_color__hover=&#8221;rgba(32,79,138,0.14)&#8221; background_enable_color__hover=&#8221;on&#8221;]<\/p>\n<p><span>Valmistaudu ammattikielikokeisiin ja klinikka-arkeen. Harjoittele anamneesia, l\u00e4\u00e4k\u00e4rinlausuntoja ja l\u00e4\u00e4ketieteellisi\u00e4 termej\u00e4 roolipeleiss\u00e4. <\/span><\/p>\n<p>[\/et_pb_blurb][\/et_pb_column][\/et_pb_row][\/et_pb_section][et_pb_section fb_built=&#8221;1&#8243; fullwidth=&#8221;on&#8221; module_id=&#8221;typeform&#8221; _builder_version=&#8221;4.27.4&#8243; _module_preset=&#8221;default&#8221; global_colors_info=&#8221;{}&#8221;][et_pb_fullwidth_code _builder_version=&#8221;4.27.4&#8243; _module_preset=&#8221;default&#8221; global_colors_info=&#8221;{}&#8221;]<!-- [et_pb_line_break_holder] -->[\/et_pb_fullwidth_code][\/et_pb_section][et_pb_section fb_built=&#8221;1&#8243; fullwidth=&#8221;on&#8221; _builder_version=&#8221;4.27.4&#8243; _module_preset=&#8221;default&#8221; global_colors_info=&#8221;{}&#8221;][\/et_pb_section]<\/p>\n","protected":false},"excerpt":{"rendered":"<p>Neuvonta &#038; Yhteystiedot&#8230;<\/p>\n","protected":false},"author":3,"featured_media":0,"parent":0,"menu_order":0,"comment_status":"closed","ping_status":"closed","template":"","meta":{"_et_pb_use_builder":"on","_et_pb_old_content":"","_et_gb_content_width":"","footnotes":""},"class_list":["post-29711","page","type-page","status-publish","hentry"],"jetpack_sharing_enabled":true,"_links":{"self":[{"href":"https:\/\/germaninstitute.com\/de\/fi\/wp-json\/wp\/v2\/pages\/29711","targetHints":{"allow":["GET"]}}],"collection":[{"href":"https:\/\/germaninstitute.com\/de\/fi\/wp-json\/wp\/v2\/pages"}],"about":[{"href":"https:\/\/germaninstitute.com\/de\/fi\/wp-json\/wp\/v2\/types\/page"}],"author":[{"embeddable":true,"href":"https:\/\/germaninstitute.com\/de\/fi\/wp-json\/wp\/v2\/users\/3"}],"replies":[{"embeddable":true,"href":"https:\/\/germaninstitute.com\/de\/fi\/wp-json\/wp\/v2\/comments?post=29711"}],"version-history":[{"count":8,"href":"https:\/\/germaninstitute.com\/de\/fi\/wp-json\/wp\/v2\/pages\/29711\/revisions"}],"predecessor-version":[{"id":62720,"href":"https:\/\/germaninstitute.com\/de\/fi\/wp-json\/wp\/v2\/pages\/29711\/revisions\/62720"}],"wp:attachment":[{"href":"https:\/\/germaninstitute.com\/de\/fi\/wp-json\/wp\/v2\/media?parent=29711"}],"curies":[{"name":"wp","href":"https:\/\/api.w.org\/{rel}","templated":true}]}}