{"id":66126,"date":"2026-02-24T17:10:38","date_gmt":"2026-02-24T16:10:38","guid":{"rendered":"https:\/\/germaninstitute.com\/de\/?post_type=product&#038;p=66126"},"modified":"2026-03-09T17:50:13","modified_gmt":"2026-03-09T16:50:13","slug":"curso-de-preparacion-para-el-examen-b2-kopie","status":"publish","type":"product","link":"https:\/\/germaninstitute.com\/de\/es\/produkt\/curso-de-preparacion-para-el-examen-b2-kopie\/","title":{"rendered":"Curso de preparaci\u00f3n para el examen C1"},"content":{"rendered":"<h4 data-start=\"490\" data-end=\"519\">\u2705 <strong data-start=\"497\" data-end=\"519\">Qu\u00e9 te espera:<\/strong><\/h4>\n<ul data-start=\"521\" data-end=\"863\">\n<li data-start=\"521\" data-end=\"597\">\n<p data-start=\"523\" data-end=\"597\"><strong data-start=\"523\" data-end=\"533\">Duraci\u00f3n por m\u00f3dulo<\/strong>: 3 sesiones de 2 unidades did\u00e1cticas cada una (m\u00f3dulo hablar y m\u00f3dulo escuchar), 4 sesiones de 2 unidades did\u00e1cticas cada una (m\u00f3dulo escribir y m\u00f3dulo leer)<\/p>\n<\/li>\n<li data-start=\"521\" data-end=\"597\"><strong>Duraci\u00f3n del paquete completo<\/strong>: 14 sesiones de 2 unidades did\u00e1cticas (28 unidades)<\/li>\n<li data-start=\"598\" data-end=\"667\">\n<p data-start=\"600\" data-end=\"667\"><strong data-start=\"600\" data-end=\"609\">Formato<\/strong>: clases presenciales en directo y online con docentes con experiencia<\/p>\n<\/li>\n<li data-start=\"668\" data-end=\"863\">\n<p data-start=\"670\" data-end=\"682\"><strong data-start=\"670\" data-end=\"682\">Contenidos:<\/strong><\/p>\n<ul data-start=\"685\" data-end=\"863\">\n<li data-start=\"685\" data-end=\"730\">\n<p data-start=\"687\" data-end=\"730\">Pr\u00e1ctica conjunta de tareas t\u00edpicas de examen<\/p>\n<\/li>\n<li data-start=\"733\" data-end=\"781\">\n<p data-start=\"735\" data-end=\"781\">Estrategias y consejos para tu \u00e9xito en el examen<\/p>\n<\/li>\n<li data-start=\"784\" data-end=\"816\">\n<p data-start=\"786\" data-end=\"816\">Ex\u00e1menes de ejemplo y soluciones<\/p>\n<\/li>\n<li data-start=\"819\" data-end=\"863\">\n<p data-start=\"821\" data-end=\"863\">Feedback personal sobre tu rendimiento<\/p>\n<\/li>\n<\/ul>\n<\/li>\n<\/ul>\n<h4 data-start=\"870\" data-end=\"901\">\ud83d\udce6 M\u00f3dulos a seleccionar:<\/h4>\n<ul data-start=\"903\" data-end=\"1026\">\n<li data-start=\"903\" data-end=\"923\">\n<p data-start=\"905\" data-end=\"923\">M\u00f3dulo Hablar<\/p>\n<\/li>\n<li data-start=\"924\" data-end=\"945\">\n<p data-start=\"926\" data-end=\"945\">M\u00f3dulo Escribir<\/p>\n<\/li>\n<li data-start=\"946\" data-end=\"971\">\n<p data-start=\"948\" data-end=\"971\">M\u00f3dulo Escuchar<\/p>\n<\/li>\n<li data-start=\"946\" data-end=\"971\">\n<p data-start=\"948\" data-end=\"971\">M\u00f3dulo Leer<\/p>\n<\/li>\n<li data-start=\"972\" data-end=\"1026\">\n<p data-start=\"974\" data-end=\"1026\">Paquete completo: Hablar, Escribir, Escuchar y Leer<\/p>\n<\/li>\n<\/ul>\n<h4 data-start=\"1033\" data-end=\"1052\">\ud83d\udcb0 <strong data-start=\"1041\" data-end=\"1052\">Precios<\/strong>:<\/h4>\n<ul data-start=\"1054\" data-end=\"1177\">\n<li data-start=\"1054\" data-end=\"1079\">\n<p data-start=\"1056\" data-end=\"1079\"><strong data-start=\"1056\" data-end=\"1072\">M\u00f3dulos individuales<\/strong>: 120 \u20ac por m\u00f3dulo (20 \u20ac de descuento al inscribirse simult\u00e1neamente en un curso intensivo o un curso nocturno)<\/p>\n<\/li>\n<li data-start=\"1080\" data-end=\"1177\">\n<p data-start=\"1082\" data-end=\"1177\"><strong data-start=\"1082\" data-end=\"1116\">Paquete completo<\/strong> (los 4 m\u00f3dulos): 480 \u20ac (80 \u20ac de descuento al inscribirse simult\u00e1neamente en un curso intensivo o un curso nocturno.)<\/p>\n<\/li>\n<\/ul>\n<p>\u00a0 Clases <strong>los martes<\/strong> y <strong>jueves<\/strong>, de 17:00 a 18:30.\u00a0<\/p>\n","protected":false},"excerpt":{"rendered":"<p>\u2705 Qu\u00e9 te espera: Duraci\u00f3n por m\u00f3dulo: 3 sesiones de 2 unidades did\u00e1cticas cada una (m\u00f3dulo hablar y m\u00f3dulo escuchar), 4 sesiones de 2 unidades&hellip;<\/p>\n","protected":false},"featured_media":18636,"comment_status":"open","ping_status":"closed","template":"","meta":{"_et_pb_use_builder":"","_et_pb_old_content":"","_et_gb_content_width":""},"product_brand":[],"product_cat":[530],"product_tag":[],"class_list":{"0":"post-66126","1":"product","2":"type-product","3":"status-publish","4":"has-post-thumbnail","6":"product_cat-preparacion-para-el-examen","8":"first","9":"instock","10":"purchasable","11":"product-type-variable"},"jetpack_sharing_enabled":true,"_links":{"self":[{"href":"https:\/\/germaninstitute.com\/de\/es\/wp-json\/wp\/v2\/product\/66126","targetHints":{"allow":["GET"]}}],"collection":[{"href":"https:\/\/germaninstitute.com\/de\/es\/wp-json\/wp\/v2\/product"}],"about":[{"href":"https:\/\/germaninstitute.com\/de\/es\/wp-json\/wp\/v2\/types\/product"}],"replies":[{"embeddable":true,"href":"https:\/\/germaninstitute.com\/de\/es\/wp-json\/wp\/v2\/comments?post=66126"}],"wp:featuredmedia":[{"embeddable":true,"href":"https:\/\/germaninstitute.com\/de\/es\/wp-json\/wp\/v2\/media\/18636"}],"wp:attachment":[{"href":"https:\/\/germaninstitute.com\/de\/es\/wp-json\/wp\/v2\/media?parent=66126"}],"wp:term":[{"taxonomy":"product_brand","embeddable":true,"href":"https:\/\/germaninstitute.com\/de\/es\/wp-json\/wp\/v2\/product_brand?post=66126"},{"taxonomy":"product_cat","embeddable":true,"href":"https:\/\/germaninstitute.com\/de\/es\/wp-json\/wp\/v2\/product_cat?post=66126"},{"taxonomy":"product_tag","embeddable":true,"href":"https:\/\/germaninstitute.com\/de\/es\/wp-json\/wp\/v2\/product_tag?post=66126"}],"curies":[{"name":"wp","href":"https:\/\/api.w.org\/{rel}","templated":true}]}}