{"id":45422,"date":"2025-02-17T09:02:32","date_gmt":"2025-02-17T08:02:32","guid":{"rendered":"https:\/\/germaninstitute.com\/de\/produkt\/b2-intensivo\/"},"modified":"2026-01-20T11:39:21","modified_gmt":"2026-01-20T10:39:21","slug":"b2-intensivo","status":"publish","type":"product","link":"https:\/\/germaninstitute.com\/de\/es\/produkt\/b2-intensivo\/","title":{"rendered":"B2 INTENSIVO"},"content":{"rendered":"<p><strong>B2 INTENSIVO<\/strong><\/p>\n<p>80 unidades lectivas de 45 minutos por nivel parcial (B2.1 o B2.2) (incluidos cursos adicionales)<\/p>\n<p><strong>Paquete todo incluido:<\/strong><\/p>\n<p>+ Cursos de gram\u00e1tica<\/p>\n<p>+ Cursos especiales, p. ej., entrenamiento de pronunciaci\u00f3n, curso de conversaci\u00f3n, preparaci\u00f3n de ex\u00e1menes, etc. + Plataforma online<\/p>\n<p><strong>+ Libros digitales<\/strong><\/p>\n<p>+ Material adicional<\/p>\n<p>+ Excursiones<\/p>\n<p>\ud83d\udca1 <strong>No hay diferencia entre B2.1 y B2.2 en cuanto al nivel de dificultad ni hay un orden obligatorio.<\/strong> A partir del nivel B1, los m\u00f3dulos (B1.1 \/ B1.2, B2.1 \/ B2.2, C1.1 \/ C1.2) no se basan de forma lineal unos en otros, por lo que se pueden cursar en cualquier orden. Esto significa que tanto B2.1 como B2.2 son puntos de partida adecuados. Dependiendo del horario, est\u00e1 perfectamente bien comenzar con cualquiera de los dos.<\/p>\n","protected":false},"excerpt":{"rendered":"<p>B2 INTENSIVO 80 unidades lectivas de 45 minutos por nivel parcial (B2.1 o B2.2) (incluidos cursos adicionales) Paquete todo incluido: + Cursos de gram\u00e1tica +&hellip;<\/p>\n","protected":false},"featured_media":16206,"comment_status":"closed","ping_status":"closed","template":"","meta":{"_et_pb_use_builder":"","_et_pb_old_content":"","_et_gb_content_width":""},"product_brand":[],"product_cat":[300],"product_tag":[],"class_list":{"0":"post-45422","1":"product","2":"type-product","3":"status-publish","4":"has-post-thumbnail","6":"product_cat-curso-b2","8":"first","9":"instock","10":"purchasable","11":"product-type-variable"},"jetpack_sharing_enabled":true,"_links":{"self":[{"href":"https:\/\/germaninstitute.com\/de\/es\/wp-json\/wp\/v2\/product\/45422","targetHints":{"allow":["GET"]}}],"collection":[{"href":"https:\/\/germaninstitute.com\/de\/es\/wp-json\/wp\/v2\/product"}],"about":[{"href":"https:\/\/germaninstitute.com\/de\/es\/wp-json\/wp\/v2\/types\/product"}],"replies":[{"embeddable":true,"href":"https:\/\/germaninstitute.com\/de\/es\/wp-json\/wp\/v2\/comments?post=45422"}],"wp:featuredmedia":[{"embeddable":true,"href":"https:\/\/germaninstitute.com\/de\/es\/wp-json\/wp\/v2\/media\/16206"}],"wp:attachment":[{"href":"https:\/\/germaninstitute.com\/de\/es\/wp-json\/wp\/v2\/media?parent=45422"}],"wp:term":[{"taxonomy":"product_brand","embeddable":true,"href":"https:\/\/germaninstitute.com\/de\/es\/wp-json\/wp\/v2\/product_brand?post=45422"},{"taxonomy":"product_cat","embeddable":true,"href":"https:\/\/germaninstitute.com\/de\/es\/wp-json\/wp\/v2\/product_cat?post=45422"},{"taxonomy":"product_tag","embeddable":true,"href":"https:\/\/germaninstitute.com\/de\/es\/wp-json\/wp\/v2\/product_tag?post=45422"}],"curies":[{"name":"wp","href":"https:\/\/api.w.org\/{rel}","templated":true}]}}