{"id":39533,"date":"2025-02-17T09:02:31","date_gmt":"2025-02-17T08:02:31","guid":{"rendered":"https:\/\/germaninstitute.com\/de\/produkt\/a1-tarde\/"},"modified":"2026-01-20T12:06:54","modified_gmt":"2026-01-20T11:06:54","slug":"a1-tarde","status":"publish","type":"product","link":"https:\/\/germaninstitute.com\/de\/es\/produkt\/a1-tarde\/","title":{"rendered":"A1 TARDE"},"content":{"rendered":"<p><strong>A1 TARDE<\/strong><\/p>\n<p>45 unidades lectivas de 45 minutos por nivel parcial (A1.1 o A1.2) (incluidos cursos adicionales)<\/p>\n<p><strong>Paquete todo incluido:<\/strong><\/p>\n<p>+ Cursos de gram\u00e1tica<\/p>\n<p>+ Cursos especiales, p. ej., entrenamiento de pronunciaci\u00f3n, curso de conversaci\u00f3n, preparaci\u00f3n de ex\u00e1menes, etc. + Plataforma online<\/p>\n<p><strong>+ Libros digitales<\/strong><\/p>\n<p>+ Material adicional<\/p>\n<p>+ Excursiones<\/p>\n","protected":false},"excerpt":{"rendered":"<p>A1 TARDE 45 unidades lectivas de 45 minutos por nivel parcial (A1.1 o A1.2) (incluidos cursos adicionales) Paquete todo incluido: + Cursos de gram\u00e1tica +&hellip;<\/p>\n","protected":false},"featured_media":16176,"comment_status":"closed","ping_status":"closed","template":"","meta":{"_et_pb_use_builder":"off","_et_pb_old_content":"","_et_gb_content_width":""},"product_brand":[],"product_cat":[299,228],"product_tag":[],"class_list":{"0":"post-39533","1":"product","2":"type-product","3":"status-publish","4":"has-post-thumbnail","6":"product_cat-curso-de-tarde","7":"product_cat-curso-a1","9":"first","10":"instock","11":"purchasable","12":"product-type-variable"},"jetpack_sharing_enabled":true,"_links":{"self":[{"href":"https:\/\/germaninstitute.com\/de\/es\/wp-json\/wp\/v2\/product\/39533","targetHints":{"allow":["GET"]}}],"collection":[{"href":"https:\/\/germaninstitute.com\/de\/es\/wp-json\/wp\/v2\/product"}],"about":[{"href":"https:\/\/germaninstitute.com\/de\/es\/wp-json\/wp\/v2\/types\/product"}],"replies":[{"embeddable":true,"href":"https:\/\/germaninstitute.com\/de\/es\/wp-json\/wp\/v2\/comments?post=39533"}],"wp:featuredmedia":[{"embeddable":true,"href":"https:\/\/germaninstitute.com\/de\/es\/wp-json\/wp\/v2\/media\/16176"}],"wp:attachment":[{"href":"https:\/\/germaninstitute.com\/de\/es\/wp-json\/wp\/v2\/media?parent=39533"}],"wp:term":[{"taxonomy":"product_brand","embeddable":true,"href":"https:\/\/germaninstitute.com\/de\/es\/wp-json\/wp\/v2\/product_brand?post=39533"},{"taxonomy":"product_cat","embeddable":true,"href":"https:\/\/germaninstitute.com\/de\/es\/wp-json\/wp\/v2\/product_cat?post=39533"},{"taxonomy":"product_tag","embeddable":true,"href":"https:\/\/germaninstitute.com\/de\/es\/wp-json\/wp\/v2\/product_tag?post=39533"}],"curies":[{"name":"wp","href":"https:\/\/api.w.org\/{rel}","templated":true}]}}