{"id":39515,"date":"2025-02-17T09:02:32","date_gmt":"2025-02-17T08:02:32","guid":{"rendered":"https:\/\/germaninstitute.com\/de\/produkt\/b1-tarde\/"},"modified":"2026-01-20T11:17:27","modified_gmt":"2026-01-20T10:17:27","slug":"b1-tarde","status":"publish","type":"product","link":"https:\/\/germaninstitute.com\/de\/es\/produkt\/b1-tarde\/","title":{"rendered":"B1 TARDE"},"content":{"rendered":"<p><strong>B1 TARDE<\/strong><\/p>\n<p>45 unidades lectivas de 45 minutos por nivel parcial (B1+1 o B1+2) (incluidos cursos adicionales)<\/p>\n<p><strong>Paquete todo incluido:<\/strong><\/p>\n<p>+ Cursos de gram\u00e1tica<\/p>\n<p>+ Cursos especiales, p. ej., entrenamiento de pronunciaci\u00f3n, curso de conversaci\u00f3n, preparaci\u00f3n de ex\u00e1menes, etc. + Plataforma online<\/p>\n<p><strong>+ Libros digitales<\/strong><\/p>\n<p>+ Material adicional<\/p>\n<p>+ Excursiones<\/p>\n<p>\ud83d\udca1 <strong>No hay diferencia entre B1+1 y B1+2 en cuanto al nivel de dificultad ni hay un orden obligatorio.<\/strong> A partir del nivel B1, los m\u00f3dulos (B1.1 \/ B1.2, B2.1 \/ B2.2, C1.1 \/ C1.2) no se basan de forma lineal unos en otros, por lo que se pueden cursar en cualquier orden. Esto significa que tanto B1+1 como B1+2 son puntos de partida adecuados. Dependiendo del horario, est\u00e1 perfectamente bien comenzar con cualquiera de los dos.<\/p>\n","protected":false},"excerpt":{"rendered":"<p>B1 TARDE 45 unidades lectivas de 45 minutos por nivel parcial (B1+1 o B1+2) (incluidos cursos adicionales) Paquete todo incluido: + Cursos de gram\u00e1tica +&hellip;<\/p>\n","protected":false},"featured_media":64610,"comment_status":"closed","ping_status":"closed","template":"","meta":{"_et_pb_use_builder":"off","_et_pb_old_content":"","_et_gb_content_width":""},"product_brand":[],"product_cat":[180,299],"product_tag":[],"class_list":{"0":"post-39515","1":"product","2":"type-product","3":"status-publish","4":"has-post-thumbnail","6":"product_cat-curso-b1","7":"product_cat-curso-de-tarde","9":"first","10":"instock","11":"purchasable","12":"product-type-variable"},"jetpack_sharing_enabled":true,"_links":{"self":[{"href":"https:\/\/germaninstitute.com\/de\/es\/wp-json\/wp\/v2\/product\/39515","targetHints":{"allow":["GET"]}}],"collection":[{"href":"https:\/\/germaninstitute.com\/de\/es\/wp-json\/wp\/v2\/product"}],"about":[{"href":"https:\/\/germaninstitute.com\/de\/es\/wp-json\/wp\/v2\/types\/product"}],"replies":[{"embeddable":true,"href":"https:\/\/germaninstitute.com\/de\/es\/wp-json\/wp\/v2\/comments?post=39515"}],"wp:featuredmedia":[{"embeddable":true,"href":"https:\/\/germaninstitute.com\/de\/es\/wp-json\/wp\/v2\/media\/64610"}],"wp:attachment":[{"href":"https:\/\/germaninstitute.com\/de\/es\/wp-json\/wp\/v2\/media?parent=39515"}],"wp:term":[{"taxonomy":"product_brand","embeddable":true,"href":"https:\/\/germaninstitute.com\/de\/es\/wp-json\/wp\/v2\/product_brand?post=39515"},{"taxonomy":"product_cat","embeddable":true,"href":"https:\/\/germaninstitute.com\/de\/es\/wp-json\/wp\/v2\/product_cat?post=39515"},{"taxonomy":"product_tag","embeddable":true,"href":"https:\/\/germaninstitute.com\/de\/es\/wp-json\/wp\/v2\/product_tag?post=39515"}],"curies":[{"name":"wp","href":"https:\/\/api.w.org\/{rel}","templated":true}]}}