{"id":27550,"date":"2025-02-17T09:02:32","date_gmt":"2025-02-17T08:02:32","guid":{"rendered":"https:\/\/germaninstitute.com\/de\/produkt\/a2-intensivo\/"},"modified":"2026-01-20T10:58:33","modified_gmt":"2026-01-20T09:58:33","slug":"a2-intensivo","status":"publish","type":"product","link":"https:\/\/germaninstitute.com\/de\/es\/produkt\/a2-intensivo\/","title":{"rendered":"A2 INTENSIVO"},"content":{"rendered":"<p><strong>A2 INTENSIVO<\/strong><\/p>\n<p style=\"font-weight: 400;\">80 unidades lectivas de 45 minutos por subnivel (A1.1 o A1.2) (incluidos cursos adicionales)<\/p>\n<p style=\"font-weight: 400;\"><strong>Paquete todo incluido:<\/strong><\/p>\n<p style=\"font-weight: 400;\">+ cursos de gram\u00e1tica online<\/p>\n<p style=\"font-weight: 400;\">+ cursos especiales online, p. ej., entrenamiento de pronunciaci\u00f3n, curso de conversaci\u00f3n, preparaci\u00f3n de ex\u00e1menes, etc. + plataforma online<\/p>\n<p style=\"font-weight: 400;\">+ <strong>Libros digitales<\/strong><\/p>\n<p style=\"font-weight: 400;\">+ Material adicional<\/p>\n<p style=\"font-weight: 400;\">+ Excursiones<\/p>\n","protected":false},"excerpt":{"rendered":"<p>A2 INTENSIVO 80 unidades lectivas de 45 minutos por subnivel (A1.1 o A1.2) (incluidos cursos adicionales) Paquete todo incluido: + cursos de gram\u00e1tica online +&hellip;<\/p>\n","protected":false},"featured_media":16186,"comment_status":"closed","ping_status":"closed","template":"","meta":{"_et_pb_use_builder":"off","_et_pb_old_content":"","_et_gb_content_width":""},"product_brand":[],"product_cat":[226],"product_tag":[],"class_list":{"0":"post-27550","1":"product","2":"type-product","3":"status-publish","4":"has-post-thumbnail","6":"product_cat-curso-a2-es","8":"first","9":"instock","10":"purchasable","11":"product-type-variable"},"jetpack_sharing_enabled":true,"_links":{"self":[{"href":"https:\/\/germaninstitute.com\/de\/es\/wp-json\/wp\/v2\/product\/27550","targetHints":{"allow":["GET"]}}],"collection":[{"href":"https:\/\/germaninstitute.com\/de\/es\/wp-json\/wp\/v2\/product"}],"about":[{"href":"https:\/\/germaninstitute.com\/de\/es\/wp-json\/wp\/v2\/types\/product"}],"replies":[{"embeddable":true,"href":"https:\/\/germaninstitute.com\/de\/es\/wp-json\/wp\/v2\/comments?post=27550"}],"wp:featuredmedia":[{"embeddable":true,"href":"https:\/\/germaninstitute.com\/de\/es\/wp-json\/wp\/v2\/media\/16186"}],"wp:attachment":[{"href":"https:\/\/germaninstitute.com\/de\/es\/wp-json\/wp\/v2\/media?parent=27550"}],"wp:term":[{"taxonomy":"product_brand","embeddable":true,"href":"https:\/\/germaninstitute.com\/de\/es\/wp-json\/wp\/v2\/product_brand?post=27550"},{"taxonomy":"product_cat","embeddable":true,"href":"https:\/\/germaninstitute.com\/de\/es\/wp-json\/wp\/v2\/product_cat?post=27550"},{"taxonomy":"product_tag","embeddable":true,"href":"https:\/\/germaninstitute.com\/de\/es\/wp-json\/wp\/v2\/product_tag?post=27550"}],"curies":[{"name":"wp","href":"https:\/\/api.w.org\/{rel}","templated":true}]}}