{"id":18806,"date":"2025-07-22T13:20:39","date_gmt":"2025-07-22T11:20:39","guid":{"rendered":"https:\/\/germaninstitute.com\/de\/produkt\/curso-de-pronunciacion-modulo-1-introduccion-analisis-y-diagnostico\/"},"modified":"2025-12-16T11:03:25","modified_gmt":"2025-12-16T10:03:25","slug":"curso-de-pronunciacion-modulo-1-introduccion-analisis-y-diagnostico","status":"publish","type":"product","link":"https:\/\/germaninstitute.com\/de\/es\/produkt\/curso-de-pronunciacion-modulo-1-introduccion-analisis-y-diagnostico\/","title":{"rendered":"Curso de pronunciaci\u00f3n M\u00f3dulo 1: introducci\u00f3n, an\u00e1lisis y diagn\u00f3stico"},"content":{"rendered":"<p>Descubre en el primer m\u00f3dulo (2 unidades did\u00e1cticas) tu capacidad de articulaci\u00f3n en tu an\u00e1lisis ling\u00fc\u00edstico individual con nosotros, y reserva m\u00f3dulos individuales para que podamos ayudarte con tus necesidades espec\u00edficas.<\/p>\n","protected":false},"excerpt":{"rendered":"<p>Descubre en el primer m\u00f3dulo (2 unidades did\u00e1cticas) tu capacidad de articulaci\u00f3n en tu an\u00e1lisis ling\u00fc\u00edstico individual con nosotros, y reserva m\u00f3dulos individuales para que&hellip;<\/p>\n","protected":false},"featured_media":18016,"comment_status":"open","ping_status":"closed","template":"","meta":{"_et_pb_use_builder":"","_et_pb_old_content":"","_et_gb_content_width":""},"product_brand":[],"product_cat":[211],"product_tag":[],"class_list":{"0":"post-18806","1":"product","2":"type-product","3":"status-publish","4":"has-post-thumbnail","6":"product_cat-curso-de-pronunciacion","8":"first","9":"instock","10":"purchasable","11":"product-type-simple"},"jetpack_sharing_enabled":true,"_links":{"self":[{"href":"https:\/\/germaninstitute.com\/de\/es\/wp-json\/wp\/v2\/product\/18806","targetHints":{"allow":["GET"]}}],"collection":[{"href":"https:\/\/germaninstitute.com\/de\/es\/wp-json\/wp\/v2\/product"}],"about":[{"href":"https:\/\/germaninstitute.com\/de\/es\/wp-json\/wp\/v2\/types\/product"}],"replies":[{"embeddable":true,"href":"https:\/\/germaninstitute.com\/de\/es\/wp-json\/wp\/v2\/comments?post=18806"}],"wp:featuredmedia":[{"embeddable":true,"href":"https:\/\/germaninstitute.com\/de\/es\/wp-json\/wp\/v2\/media\/18016"}],"wp:attachment":[{"href":"https:\/\/germaninstitute.com\/de\/es\/wp-json\/wp\/v2\/media?parent=18806"}],"wp:term":[{"taxonomy":"product_brand","embeddable":true,"href":"https:\/\/germaninstitute.com\/de\/es\/wp-json\/wp\/v2\/product_brand?post=18806"},{"taxonomy":"product_cat","embeddable":true,"href":"https:\/\/germaninstitute.com\/de\/es\/wp-json\/wp\/v2\/product_cat?post=18806"},{"taxonomy":"product_tag","embeddable":true,"href":"https:\/\/germaninstitute.com\/de\/es\/wp-json\/wp\/v2\/product_tag?post=18806"}],"curies":[{"name":"wp","href":"https:\/\/api.w.org\/{rel}","templated":true}]}}